{"id":5318,"date":"2019-11-18T13:11:41","date_gmt":"2019-11-18T12:11:41","guid":{"rendered":"http:\/\/www.fmd-hm.com\/technology\/"},"modified":"2021-03-31T14:58:48","modified_gmt":"2021-03-31T12:58:48","slug":"technologie","status":"publish","type":"page","link":"https:\/\/www.fmd-hm.com\/de\/technologie\/","title":{"rendered":"Technologie"},"content":{"rendered":"<div class=\"wpb-content-wrapper\"><p>[vc_row full_width=&#8220;stretch_row_content_no_spaces&#8220; content_placement=&#8220;middle&#8220; match_height=&#8220;yes&#8220; center_row=&#8220;yes&#8220; bg_overlay=&#8220;yes&#8220; bg_overlay_style=&#8220;overlay-primary&#8220; typo_style=&#8220;light&#8220; css=&#8220;.vc_custom_1616489875006{padding-top: 0px !important;padding-bottom: 0px !important;background-image: url(https:\/\/www.fmd-hm.com\/wp-content\/uploads\/2021\/03\/fondo2.jpg?id=4988) !important;background-position: center !important;background-repeat: no-repeat !important;background-size: cover !important;}&#8220; el_class=&#8220;anchocompleto fondofijo&#8220;][vc_column width=&#8220;1\/3&#8243; el_class=&#8220;bloques-inicio&#8220; offset=&#8220;vc_col-xs-12&#8243; css=&#8220;.vc_custom_1573742729688{margin-top: 15px !important;}&#8220;][vc_column_text el_class=&#8220;centrar h1&#8243; css=&#8220;.vc_custom_1617094345698{padding-top: 40px !important;padding-bottom: 40px !important;}&#8220;]<\/p>\n<h1>Technologie<\/h1>\n<p>[\/vc_column_text][\/vc_column][vc_column width=&#8220;2\/3&#8243; offset=&#8220;vc_col-xs-12&#8243; css=&#8220;.vc_custom_1573744889322{padding-top: 100px !important;padding-right: 50px !important;padding-bottom: 100px !important;padding-left: 50px !important;background-color: rgba(0,0,0,0.62) !important;*background-color: rgb(0,0,0) !important;}&#8220;]<div class=\"zozo-parallax-header h225px\"><div class=\"parallax-header content-style-default\"><h2 class=\"parallax-title\" style=\"font-size:25px;\">Au\u00dfergew\u00f6hnlich hartes und sehr z\u00e4hes Material<\/h2><\/div><\/div>[vc_column_text el_class=&#8220;lead blanco&#8220;]FMD CARBIDE verf\u00fcgt \u00fcber eine eigene, gut ausgestattete Schleiferei, um alle Halbfertigbearbeitungen zur Zufriedenheit unserer Kunden durchzuf\u00fchren.[\/vc_column_text][\/vc_column][\/vc_row][vc_row el_class=&#8220;contenedor&#8220; css=&#8220;.vc_custom_1574087698380{margin-bottom: 0px !important;padding-bottom: 0px !important;}&#8220;][vc_column width=&#8220;1\/2&#8243; offset=&#8220;vc_col-lg-4 vc_col-md-4&#8243; css=&#8220;.vc_custom_1574087616941{padding-right: 20px !important;padding-left: 30px !important;}&#8220;][vc_row_inner css=&#8220;.vc_custom_1602155703091{margin-bottom: 0px !important;padding-bottom: 0px !important;}&#8220;][vc_column_inner css=&#8220;.vc_custom_1574087599494{padding-right: 25px !important;padding-bottom: 25px !important;padding-left: 25px !important;background-color: rgba(255,255,255,0.86) !important;*background-color: rgb(255,255,255) !important;}&#8220;][vc_column_text]<\/p>\n<h4>Unsere fortschrittlichen personellen Ressourcen und Techniken erm\u00f6glichen es uns, ein ausgezeichnetes Niveau an Qualit\u00e4t und Service zu bieten<\/h4>\n<p>Unsere Anlagen und Labore werden st\u00e4ndig aktualisiert, und wir verf\u00fcgen \u00fcber die modernsten Werkzeuge zur Ermittlung Ihrer Bedarfe.[\/vc_column_text][vc_single_image image=&#8220;5323&#8243; img_size=&#8220;full&#8220;][\/vc_column_inner][\/vc_row_inner][\/vc_column][vc_column width=&#8220;1\/2&#8243; offset=&#8220;vc_col-lg-4 vc_col-md-4&#8243;][\/vc_column][\/vc_row][vc_row content_placement=&#8220;top&#8220; el_class=&#8220;contenedor&#8220; css=&#8220;.vc_custom_1602155454494{margin-top: 0px !important;margin-right: 0px !important;padding-top: 0px !important;padding-right: 0px !important;padding-bottom: 100px !important;}&#8220;][vc_column width=&#8220;1\/2&#8243; css=&#8220;.vc_custom_1574087772006{margin-left: 0px !important;padding-left: 0px !important;}&#8220;][vc_row_inner el_class=&#8220;movilno&#8220; css=&#8220;.vc_custom_1602154412363{margin-top: 80px !important;margin-left: 0px !important;padding-left: 0px !important;}&#8220;][vc_column_inner width=&#8220;1\/2&#8243;][vc_single_image image=&#8220;5328&#8243; img_size=&#8220;full&#8220; alignment=&#8220;center&#8220;][vc_single_image image=&#8220;5324&#8243; img_size=&#8220;full&#8220; alignment=&#8220;center&#8220;][\/vc_column_inner][vc_column_inner width=&#8220;1\/2&#8243;][vc_single_image image=&#8220;5329&#8243; img_size=&#8220;full&#8220; alignment=&#8220;center&#8220;][vc_single_image image=&#8220;5333&#8243; img_size=&#8220;full&#8220; alignment=&#8220;center&#8220;][\/vc_column_inner][\/vc_row_inner][\/vc_column][vc_column width=&#8220;1\/2&#8243;][vc_row_inner css=&#8220;.vc_custom_1602154810325{padding-top: 0px !important;padding-bottom: 0px !important;}&#8220;][vc_column_inner]<div class=\"zozo-parallax-header\"><div class=\"parallax-header content-style-default\"><h2 class=\"parallax-title\" style=\"font-size:25px;\">Produktionsmittel<\/h2><\/div><\/div>[vc_column_text]<\/p>\n<ul>\n<li>Pressen, CIP Isostatisch und Hydraulisch, bis zu 1250 Tonnen<\/li>\n<li>CNC-Drehmaschinen und -Bearbeitungszentren<\/li>\n<li>Sinter\u00f6fen bis zu 60 bar f\u00fcr HIP<\/li>\n<li>EDM-Drahtschneid- und Funkenerosionsmaschinen<\/li>\n<li>Flachschleifmaschinen<\/li>\n<li>Innen- und Au\u00dfenrundschleifmaschinen<\/li>\n<li>CNC-Bearbeitungszentren<\/li>\n<li>Schleifmaschinen und Profiliermaschinen<\/li>\n<\/ul>\n<p>[\/vc_column_text][\/vc_column_inner][\/vc_row_inner][vc_row_inner css=&#8220;.vc_custom_1605537287964{margin-top: 88px !important;}&#8220; el_class=&#8220;movilno&#8220;][vc_column_inner width=&#8220;1\/2&#8243;][vc_single_image image=&#8220;5330&#8243; img_size=&#8220;full&#8220; alignment=&#8220;center&#8220;][\/vc_column_inner][vc_column_inner width=&#8220;1\/2&#8243;][vc_single_image image=&#8220;5334&#8243; img_size=&#8220;full&#8220; alignment=&#8220;center&#8220;][\/vc_column_inner][\/vc_row_inner][vc_row_inner el_class=&#8220;movilsi&#8220; css=&#8220;.vc_custom_1602154501149{margin-top: 80px !important;margin-left: 0px !important;padding-left: 0px !important;}&#8220;][vc_column_inner width=&#8220;1\/2&#8243;][vc_single_image image=&#8220;5328&#8243; img_size=&#8220;full&#8220; alignment=&#8220;center&#8220;][vc_single_image image=&#8220;5324&#8243; img_size=&#8220;full&#8220; alignment=&#8220;center&#8220;][vc_single_image image=&#8220;5330&#8243; img_size=&#8220;full&#8220; alignment=&#8220;center&#8220;][\/vc_column_inner][vc_column_inner width=&#8220;1\/2&#8243;][vc_single_image image=&#8220;5329&#8243; img_size=&#8220;full&#8220; alignment=&#8220;center&#8220;][vc_single_image image=&#8220;5333&#8243; img_size=&#8220;full&#8220; alignment=&#8220;center&#8220;][vc_single_image image=&#8220;5334&#8243; img_size=&#8220;full&#8220; alignment=&#8220;center&#8220;][\/vc_column_inner][\/vc_row_inner][\/vc_column][\/vc_row][vc_row content_placement=&#8220;middle&#8220; el_class=&#8220;contenedor&#8220; css=&#8220;.vc_custom_1574078841142{padding-top: 0px !important;padding-bottom: 100px !important;}&#8220;][vc_column width=&#8220;1\/2&#8243;][vc_row_inner][vc_column_inner]<div class=\"zozo-parallax-header\"><div class=\"parallax-header content-style-default\"><h2 class=\"parallax-title\" style=\"font-size:25px;\">Labor<\/h2><\/div><\/div>[vc_column_text]Unser Labor verf\u00fcgt \u00fcber die notwendige Ausr\u00fcstung f\u00fcr eine vollst\u00e4ndige metallographische Kontrolle unserer Produkte, sowie f\u00fcr die Prozesskontrolle. Desweiteren eine Versuchsanlage zur Entwicklung neuer Produkte und Sorten.<\/p>\n<p>Unter den Ger\u00e4ten, die uns zur Verf\u00fcgung stehen, m\u00f6chten wir folgende hervorheben:<\/p>\n<ul>\n<li>Ger\u00e4te zur Dichtemessung<\/li>\n<li>Rockwell- und Vickers-H\u00e4rtepr\u00fcfger\u00e4te<\/li>\n<li>Hysterograph zur Analyse der magnetischen Eigenschaften (Koerzitivfeldst\u00e4rke und magnetische S\u00e4ttigung)<\/li>\n<li>Kohlenstoff-Analysator<\/li>\n<li>Optische Mikroskope und Lupen<\/li>\n<li>Automatische Poliermaschine<\/li>\n<\/ul>\n<p>[\/vc_column_text][\/vc_column_inner][\/vc_row_inner][\/vc_column][vc_column width=&#8220;1\/2&#8243;][vc_row_inner css=&#8220;.vc_custom_1602155647797{margin-top: 60px !important;}&#8220;][vc_column_inner width=&#8220;1\/2&#8243;][vc_single_image image=&#8220;5335&#8243; img_size=&#8220;full&#8220; alignment=&#8220;center&#8220;][vc_single_image image=&#8220;5337&#8243; img_size=&#8220;full&#8220; alignment=&#8220;center&#8220;][\/vc_column_inner][vc_column_inner width=&#8220;1\/2&#8243;][vc_single_image image=&#8220;5336&#8243; img_size=&#8220;full&#8220; alignment=&#8220;center&#8220;][vc_single_image image=&#8220;5338&#8243; img_size=&#8220;full&#8220; alignment=&#8220;center&#8220;][\/vc_column_inner][\/vc_row_inner][\/vc_column][\/vc_row][vc_row content_placement=&#8220;middle&#8220; el_class=&#8220;contenedor&#8220; css=&#8220;.vc_custom_1574078841142{padding-top: 0px !important;padding-bottom: 100px !important;}&#8220;][vc_column width=&#8220;1\/2&#8243; css=&#8220;.vc_custom_1574082841604{margin-left: 0px !important;padding-left: 0px !important;}&#8220;][vc_row_inner el_class=&#8220;movilno&#8220;][vc_column_inner width=&#8220;1\/2&#8243;][vc_single_image image=&#8220;5339&#8243; img_size=&#8220;full&#8220; alignment=&#8220;center&#8220;][\/vc_column_inner][vc_column_inner width=&#8220;1\/2&#8243;][vc_single_image image=&#8220;5340&#8243; img_size=&#8220;full&#8220; alignment=&#8220;center&#8220;][\/vc_column_inner][\/vc_row_inner][\/vc_column][vc_column width=&#8220;1\/2&#8243;][vc_row_inner css=&#8220;.vc_custom_1574086920494{padding-bottom: 40px !important;}&#8220;][vc_column_inner][vc_column_text]In unserer <strong>Pilotanlage<\/strong> haben wir RTP (ready to press powder) Produktions- und Analyseger\u00e4te:<\/p>\n<ul>\n<li>Labor-Attritor-M\u00fchle<\/li>\n<li>Luft- und Vakuumtrocknungs\u00f6fen<\/li>\n<li>Siebsch\u00fcttler<\/li>\n<li>Sch\u00fcttgutmessung<\/li>\n<li>Messung der Durchflussmenge<\/li>\n<li>Pr\u00fcfmusterpresse<\/li>\n<li>Dimensionskontrolle der Pr\u00fcflinge<\/li>\n<\/ul>\n<p>[\/vc_column_text][\/vc_column_inner][\/vc_row_inner][vc_row_inner el_class=&#8220;movilsi&#8220; css=&#8220;.vc_custom_1574086865312{padding-top: 40px !important;}&#8220;][vc_column_inner width=&#8220;1\/2&#8243;][vc_single_image image=&#8220;5339&#8243; img_size=&#8220;full&#8220; alignment=&#8220;center&#8220;][\/vc_column_inner][vc_column_inner width=&#8220;1\/2&#8243;][vc_single_image image=&#8220;5340&#8243; img_size=&#8220;full&#8220; alignment=&#8220;center&#8220;][\/vc_column_inner][\/vc_row_inner][\/vc_column][\/vc_row][vc_row full_width=&#8220;stretch_row_content_no_spaces&#8220; center_row=&#8220;yes&#8220; typo_style=&#8220;light&#8220; css=&#8220;.vc_custom_1573743734136{margin-top: 0px !important;padding-top: 80px !important;background-color: #a5a5a5 !important;background-position: center !important;background-repeat: no-repeat !important;background-size: cover !important;}&#8220; el_class=&#8220;fondofijo&#8220;][vc_column typo_style=&#8220;&#8220;][vc_btn title=&#8220;Wenden Sie sich an FMD Carbide&#8220; style=&#8220;outline&#8220; shape=&#8220;square&#8220; color=&#8220;default&#8220; size=&#8220;lg&#8220; align=&#8220;center&#8220; link=&#8220;url:%2Fde%2Fkontakt&#8220;][\/vc_column][\/vc_row]<\/p>\n<\/div>","protected":false},"excerpt":{"rendered":"<p>[vc_row full_width=&#8220;stretch_row_content_no_spaces&#8220; content_placement=&#8220;middle&#8220; match_height=&#8220;yes&#8220; center_row=&#8220;yes&#8220; bg_overlay=&#8220;yes&#8220; bg_overlay_style=&#8220;overlay-primary&#8220; typo_style=&#8220;light&#8220; css=&#8220;.vc_custom_1616489875006{padding-top: 0px !important;padding-bottom: 0px !important;background-image: url(https:\/\/www.fmd-hm.com\/wp-content\/uploads\/2021\/03\/fondo2.jpg?id=4988) !important;background-position: center !important;background-repeat: no-repeat !important;background-size: cover !important;}&#8220; el_class=&#8220;anchocompleto fondofijo&#8220;][vc_column width=&#8220;1\/3&#8243; el_class=&#8220;bloques-inicio&#8220; offset=&#8220;vc_col-xs-12&#8243; css=&#8220;.vc_custom_1573742729688{margin-top: 15px !important;}&#8220;][vc_column_text el_class=&#8220;centrar&#8230;<\/p>\n","protected":false},"author":1,"featured_media":0,"parent":0,"menu_order":2,"comment_status":"closed","ping_status":"closed","template":"template-fullwidth.php","meta":{"footnotes":""},"class_list":["post-5318","page","type-page","status-publish","hentry"],"yoast_head":"<!-- This site is optimized with the Yoast SEO plugin v27.0 - https:\/\/yoast.com\/product\/yoast-seo-wordpress\/ -->\n<title>Technologie - FMD Carbide<\/title>\n<meta name=\"description\" content=\"FMD CARBIDE verf\u00fcgt \u00fcber eine eigene, gut ausgestattete Schleiferei, um alle Halbfertigbearbeitungen zur Zufriedenheit unserer Kunden durchzuf\u00fchren.\" \/>\n<meta name=\"robots\" content=\"index, follow, max-snippet:-1, max-image-preview:large, max-video-preview:-1\" \/>\n<link rel=\"canonical\" href=\"https:\/\/www.fmd-hm.com\/de\/technologie\/\" \/>\n<meta property=\"og:locale\" content=\"de_DE\" \/>\n<meta property=\"og:type\" content=\"article\" \/>\n<meta property=\"og:title\" content=\"Technologie - FMD Carbide\" \/>\n<meta property=\"og:description\" content=\"FMD CARBIDE verf\u00fcgt \u00fcber eine eigene, gut ausgestattete Schleiferei, um alle Halbfertigbearbeitungen zur Zufriedenheit unserer Kunden durchzuf\u00fchren.\" \/>\n<meta property=\"og:url\" content=\"https:\/\/www.fmd-hm.com\/de\/technologie\/\" \/>\n<meta property=\"og:site_name\" content=\"FMD Carbide\" \/>\n<meta property=\"article:modified_time\" content=\"2021-03-31T12:58:48+00:00\" \/>\n<meta name=\"twitter:card\" content=\"summary_large_image\" \/>\n<meta name=\"twitter:label1\" content=\"Gesch\u00e4tzte Lesezeit\" \/>\n\t<meta name=\"twitter:data1\" content=\"3\u00a0Minuten\" \/>\n<script type=\"application\/ld+json\" class=\"yoast-schema-graph\">{\"@context\":\"https:\/\/schema.org\",\"@graph\":[{\"@type\":\"WebPage\",\"@id\":\"https:\/\/www.fmd-hm.com\/de\/technologie\/\",\"url\":\"https:\/\/www.fmd-hm.com\/de\/technologie\/\",\"name\":\"Technologie - FMD Carbide\",\"isPartOf\":{\"@id\":\"https:\/\/www.fmd-hm.com\/de\/#website\"},\"datePublished\":\"2019-11-18T12:11:41+00:00\",\"dateModified\":\"2021-03-31T12:58:48+00:00\",\"description\":\"FMD CARBIDE verf\u00fcgt \u00fcber eine eigene, gut ausgestattete Schleiferei, um alle Halbfertigbearbeitungen zur Zufriedenheit unserer Kunden durchzuf\u00fchren.\",\"breadcrumb\":{\"@id\":\"https:\/\/www.fmd-hm.com\/de\/technologie\/#breadcrumb\"},\"inLanguage\":\"de\",\"potentialAction\":[{\"@type\":\"ReadAction\",\"target\":[\"https:\/\/www.fmd-hm.com\/de\/technologie\/\"]}]},{\"@type\":\"BreadcrumbList\",\"@id\":\"https:\/\/www.fmd-hm.com\/de\/technologie\/#breadcrumb\",\"itemListElement\":[{\"@type\":\"ListItem\",\"position\":1,\"name\":\"Inicio\",\"item\":\"https:\/\/www.fmd-hm.com\/de\/\"},{\"@type\":\"ListItem\",\"position\":2,\"name\":\"Technologie\"}]},{\"@type\":\"WebSite\",\"@id\":\"https:\/\/www.fmd-hm.com\/de\/#website\",\"url\":\"https:\/\/www.fmd-hm.com\/de\/\",\"name\":\"FMD Carbide\",\"description\":\"Fabricaci\u00f3n y sinterizaci\u00f3n de metal duro\",\"publisher\":{\"@id\":\"https:\/\/www.fmd-hm.com\/de\/#organization\"},\"potentialAction\":[{\"@type\":\"SearchAction\",\"target\":{\"@type\":\"EntryPoint\",\"urlTemplate\":\"https:\/\/www.fmd-hm.com\/de\/?s={search_term_string}\"},\"query-input\":{\"@type\":\"PropertyValueSpecification\",\"valueRequired\":true,\"valueName\":\"search_term_string\"}}],\"inLanguage\":\"de\"},{\"@type\":\"Organization\",\"@id\":\"https:\/\/www.fmd-hm.com\/de\/#organization\",\"name\":\"FMD Carbide\",\"url\":\"https:\/\/www.fmd-hm.com\/de\/\",\"logo\":{\"@type\":\"ImageObject\",\"inLanguage\":\"de\",\"@id\":\"https:\/\/www.fmd-hm.com\/de\/#\/schema\/logo\/image\/\",\"url\":\"https:\/\/www.fmd-hm.com\/wp-content\/uploads\/2021\/03\/fmd-carbide-logoc.png\",\"contentUrl\":\"https:\/\/www.fmd-hm.com\/wp-content\/uploads\/2021\/03\/fmd-carbide-logoc.png\",\"width\":326,\"height\":100,\"caption\":\"FMD Carbide\"},\"image\":{\"@id\":\"https:\/\/www.fmd-hm.com\/de\/#\/schema\/logo\/image\/\"}}]}<\/script>\n<!-- \/ Yoast SEO plugin. -->","yoast_head_json":{"title":"Technologie - FMD Carbide","description":"FMD CARBIDE verf\u00fcgt \u00fcber eine eigene, gut ausgestattete Schleiferei, um alle Halbfertigbearbeitungen zur Zufriedenheit unserer Kunden durchzuf\u00fchren.","robots":{"index":"index","follow":"follow","max-snippet":"max-snippet:-1","max-image-preview":"max-image-preview:large","max-video-preview":"max-video-preview:-1"},"canonical":"https:\/\/www.fmd-hm.com\/de\/technologie\/","og_locale":"de_DE","og_type":"article","og_title":"Technologie - FMD Carbide","og_description":"FMD CARBIDE verf\u00fcgt \u00fcber eine eigene, gut ausgestattete Schleiferei, um alle Halbfertigbearbeitungen zur Zufriedenheit unserer Kunden durchzuf\u00fchren.","og_url":"https:\/\/www.fmd-hm.com\/de\/technologie\/","og_site_name":"FMD Carbide","article_modified_time":"2021-03-31T12:58:48+00:00","twitter_card":"summary_large_image","twitter_misc":{"Gesch\u00e4tzte Lesezeit":"3\u00a0Minuten"},"schema":{"@context":"https:\/\/schema.org","@graph":[{"@type":"WebPage","@id":"https:\/\/www.fmd-hm.com\/de\/technologie\/","url":"https:\/\/www.fmd-hm.com\/de\/technologie\/","name":"Technologie - FMD Carbide","isPartOf":{"@id":"https:\/\/www.fmd-hm.com\/de\/#website"},"datePublished":"2019-11-18T12:11:41+00:00","dateModified":"2021-03-31T12:58:48+00:00","description":"FMD CARBIDE verf\u00fcgt \u00fcber eine eigene, gut ausgestattete Schleiferei, um alle Halbfertigbearbeitungen zur Zufriedenheit unserer Kunden durchzuf\u00fchren.","breadcrumb":{"@id":"https:\/\/www.fmd-hm.com\/de\/technologie\/#breadcrumb"},"inLanguage":"de","potentialAction":[{"@type":"ReadAction","target":["https:\/\/www.fmd-hm.com\/de\/technologie\/"]}]},{"@type":"BreadcrumbList","@id":"https:\/\/www.fmd-hm.com\/de\/technologie\/#breadcrumb","itemListElement":[{"@type":"ListItem","position":1,"name":"Inicio","item":"https:\/\/www.fmd-hm.com\/de\/"},{"@type":"ListItem","position":2,"name":"Technologie"}]},{"@type":"WebSite","@id":"https:\/\/www.fmd-hm.com\/de\/#website","url":"https:\/\/www.fmd-hm.com\/de\/","name":"FMD Carbide","description":"Fabricaci\u00f3n y sinterizaci\u00f3n de metal duro","publisher":{"@id":"https:\/\/www.fmd-hm.com\/de\/#organization"},"potentialAction":[{"@type":"SearchAction","target":{"@type":"EntryPoint","urlTemplate":"https:\/\/www.fmd-hm.com\/de\/?s={search_term_string}"},"query-input":{"@type":"PropertyValueSpecification","valueRequired":true,"valueName":"search_term_string"}}],"inLanguage":"de"},{"@type":"Organization","@id":"https:\/\/www.fmd-hm.com\/de\/#organization","name":"FMD Carbide","url":"https:\/\/www.fmd-hm.com\/de\/","logo":{"@type":"ImageObject","inLanguage":"de","@id":"https:\/\/www.fmd-hm.com\/de\/#\/schema\/logo\/image\/","url":"https:\/\/www.fmd-hm.com\/wp-content\/uploads\/2021\/03\/fmd-carbide-logoc.png","contentUrl":"https:\/\/www.fmd-hm.com\/wp-content\/uploads\/2021\/03\/fmd-carbide-logoc.png","width":326,"height":100,"caption":"FMD Carbide"},"image":{"@id":"https:\/\/www.fmd-hm.com\/de\/#\/schema\/logo\/image\/"}}]}},"_links":{"self":[{"href":"https:\/\/www.fmd-hm.com\/de\/wp-json\/wp\/v2\/pages\/5318","targetHints":{"allow":["GET"]}}],"collection":[{"href":"https:\/\/www.fmd-hm.com\/de\/wp-json\/wp\/v2\/pages"}],"about":[{"href":"https:\/\/www.fmd-hm.com\/de\/wp-json\/wp\/v2\/types\/page"}],"author":[{"embeddable":true,"href":"https:\/\/www.fmd-hm.com\/de\/wp-json\/wp\/v2\/users\/1"}],"replies":[{"embeddable":true,"href":"https:\/\/www.fmd-hm.com\/de\/wp-json\/wp\/v2\/comments?post=5318"}],"version-history":[{"count":0,"href":"https:\/\/www.fmd-hm.com\/de\/wp-json\/wp\/v2\/pages\/5318\/revisions"}],"wp:attachment":[{"href":"https:\/\/www.fmd-hm.com\/de\/wp-json\/wp\/v2\/media?parent=5318"}],"curies":[{"name":"wp","href":"https:\/\/api.w.org\/{rel}","templated":true}]}}