{"id":5515,"date":"2019-12-23T16:34:57","date_gmt":"2019-12-23T15:34:57","guid":{"rendered":"http:\/\/www.fmd-hm.com\/ceramics\/"},"modified":"2021-03-30T13:29:28","modified_gmt":"2021-03-30T11:29:28","slug":"keramik","status":"publish","type":"page","link":"https:\/\/www.fmd-hm.com\/de\/gesintertes-hartmetall\/keramik\/","title":{"rendered":"Keramik f\u00fcr den Bau und f\u00fcr Feuerfest Produkte"},"content":{"rendered":"<div class=\"wpb-content-wrapper\"><p>[vc_row full_width=&#8220;stretch_row_content_no_spaces&#8220; gap=&#8220;35&#8243; content_placement=&#8220;middle&#8220; match_height=&#8220;yes&#8220; center_row=&#8220;yes&#8220; bg_overlay=&#8220;yes&#8220; bg_overlay_style=&#8220;overlay-primary&#8220; typo_style=&#8220;light&#8220; css=&#8220;.vc_custom_1616490801511{padding-top: 0px !important;padding-bottom: 0px !important;background-image: url(https:\/\/www.fmd-hm.com\/wp-content\/uploads\/2021\/03\/fondo2.jpg?id=4988) !important;background-position: center !important;background-repeat: no-repeat !important;background-size: cover !important;}&#8220; el_class=&#8220;anchocompleto fondofijo contenedor&#8220;][vc_column el_class=&#8220;bloques-inicio&#8220; offset=&#8220;vc_col-xs-12&#8243; css=&#8220;.vc_custom_1573742729688{margin-top: 15px !important;}&#8220;][vc_row_inner content_placement=&#8220;top&#8220; gap=&#8220;35&#8243;][vc_column_inner css=&#8220;.vc_custom_1574693578553{padding-top: 40px !important;padding-bottom: 40px !important;}&#8220;][vc_column_text el_class=&#8220;h1 centrar&#8220; css=&#8220;.vc_custom_1617103096768{padding-bottom: 0px !important;}&#8220;]<\/p>\n<h5><a href=\"https:\/\/www.fmd-hm.com\/metal-duro-sinterizado\/\">Gesintertes Hartmetall<\/a><\/h5>\n<h1>Keramik f\u00fcr den Bau und f\u00fcr Feuerfest Produkte<\/h1>\n<p>[\/vc_column_text][vc_single_image image=&#8220;5633&#8243; img_size=&#8220;full&#8220; alignment=&#8220;center&#8220;][\/vc_column_inner][\/vc_row_inner][\/vc_column][\/vc_row][vc_row css=&#8220;.vc_custom_1577113828143{background-color: #f7f7f7 !important;}&#8220; el_class=&#8220;contenedor&#8220;][vc_column width=&#8220;1\/4&#8243;][vc_single_image image=&#8220;5628&#8243; img_size=&#8220;full&#8220; alignment=&#8220;center&#8220; onclick=&#8220;custom_link&#8220; link=&#8220;#ceramica1&#8243;][vc_column_text el_class=&#8220;centrar&#8220;]<\/p>\n<h6>Regler<\/h6>\n<p>[\/vc_column_text][\/vc_column][vc_column width=&#8220;1\/4&#8243;][vc_single_image image=&#8220;5629&#8243; img_size=&#8220;full&#8220; alignment=&#8220;center&#8220; onclick=&#8220;custom_link&#8220; link=&#8220;#ceramica2&#8243;][vc_column_text el_class=&#8220;centrar&#8220;]<\/p>\n<h6>Bl\u00f6cke<\/h6>\n<p>[\/vc_column_text][\/vc_column][vc_column width=&#8220;1\/4&#8243;][vc_single_image image=&#8220;5630&#8243; img_size=&#8220;full&#8220; alignment=&#8220;center&#8220; onclick=&#8220;custom_link&#8220; link=&#8220;#ceramica3&#8243;][vc_column_text el_class=&#8220;centrar&#8220;]<\/p>\n<h6>Dachziegel<\/h6>\n<p>[\/vc_column_text][\/vc_column][vc_column width=&#8220;1\/4&#8243;][vc_single_image image=&#8220;5631&#8243; img_size=&#8220;full&#8220; alignment=&#8220;center&#8220; onclick=&#8220;custom_link&#8220; link=&#8220;#ceramica4&#8243;][vc_column_text]<\/p>\n<h6>Plates for refractory molds with special profiles, in large dimensions, ground, ready for final assembly<\/h6>\n<p>[\/vc_column_text][\/vc_column][\/vc_row][vc_row el_class=&#8220;contenedor&#8220;][vc_column][vc_row_inner][vc_column_inner][vc_column_text el_class=&#8220;centrar&#8220;]Die gro\u00dfe Abrasionskraft, die in der Natur des Tons und des Sandes liegt, wird zur Herstellung von Bau- und Feuerfeststeinen verwendet. Hier dient das Hartmetall dank seiner hohen H\u00e4rte zum perfekten Material f\u00fcr den Bau von keramischen Pressformen.<\/p>\n<p>FMD CARBIDE verf\u00fcgt \u00fcber speziell f\u00fcr diesen Sektor entwickelte Sorten, die Ihren Formen eine optimale Leistung verleihen.<\/p>\n<p>Der Keramiksektor fordert komplexe Geometrien und enge Toleranzen, das hat im Laufe der Jahre dazu gef\u00fchrt, dass FMD CARBIDE Ihre Produktion an diese Anforderungen angepasst hat.[\/vc_column_text][vc_single_image image=&#8220;5518&#8243; img_size=&#8220;full&#8220; alignment=&#8220;center&#8220;][\/vc_column_inner][\/vc_row_inner][vc_raw_html]JTNDYSUyMGlkJTNEJTIyY2VyYW1pY2ExJTIyJTNFJTNDJTJGYSUzRQ==[\/vc_raw_html][\/vc_column][\/vc_row][vc_row css=&#8220;.vc_custom_1574695217872{padding-top: 30px !important;padding-right: 30px !important;padding-bottom: 30px !important;padding-left: 30px !important;}&#8220;][vc_column][vc_row_inner gap=&#8220;35&#8243;][vc_column_inner width=&#8220;1\/4&#8243;][vc_single_image image=&#8220;5628&#8243; img_size=&#8220;full&#8220; alignment=&#8220;right&#8220;][\/vc_column_inner][vc_column_inner width=&#8220;3\/4&#8243;][vc_column_text css=&#8220;.vc_custom_1617103205421{margin-top: 30px !important;}&#8220;]<\/p>\n<h3>Regler<\/h3>\n<p>[\/vc_column_text][\/vc_column_inner][\/vc_row_inner][vc_row_inner css=&#8220;.vc_custom_1574695134864{padding-top: 50px !important;}&#8220;][vc_column_inner width=&#8220;1\/5&#8243;][\/vc_column_inner][vc_column_inner width=&#8220;1\/5&#8243;][vc_single_image image=&#8220;5526&#8243; img_size=&#8220;full&#8220; alignment=&#8220;center&#8220; onclick=&#8220;link_image&#8220;][\/vc_column_inner][vc_column_inner width=&#8220;1\/5&#8243;][vc_single_image image=&#8220;5527&#8243; img_size=&#8220;full&#8220; alignment=&#8220;center&#8220; onclick=&#8220;link_image&#8220;][\/vc_column_inner][vc_column_inner width=&#8220;1\/5&#8243;][vc_single_image image=&#8220;5528&#8243; img_size=&#8220;full&#8220; alignment=&#8220;center&#8220; onclick=&#8220;link_image&#8220;][\/vc_column_inner][vc_column_inner width=&#8220;1\/5&#8243;][\/vc_column_inner][\/vc_row_inner][vc_row_inner css=&#8220;.vc_custom_1574695134864{padding-top: 50px !important;}&#8220;][vc_column_inner width=&#8220;1\/5&#8243;][\/vc_column_inner][vc_column_inner width=&#8220;1\/5&#8243;][vc_single_image image=&#8220;5520&#8243; img_size=&#8220;full&#8220; alignment=&#8220;center&#8220; onclick=&#8220;link_image&#8220;][\/vc_column_inner][vc_column_inner width=&#8220;1\/5&#8243;][vc_single_image image=&#8220;5521&#8243; img_size=&#8220;full&#8220; alignment=&#8220;center&#8220; onclick=&#8220;link_image&#8220;][\/vc_column_inner][vc_column_inner width=&#8220;1\/5&#8243;][vc_single_image image=&#8220;5522&#8243; img_size=&#8220;full&#8220; alignment=&#8220;center&#8220; onclick=&#8220;link_image&#8220;][\/vc_column_inner][vc_column_inner width=&#8220;1\/5&#8243;][\/vc_column_inner][\/vc_row_inner][vc_column_text]&lt;a id=&#8220;ceramica2&#8243;&gt;&lt;\/a&gt;[\/vc_column_text][\/vc_column][\/vc_row][vc_row css=&#8220;.vc_custom_1574695217872{padding-top: 30px !important;padding-right: 30px !important;padding-bottom: 30px !important;padding-left: 30px !important;}&#8220;][vc_column][vc_row_inner][vc_column_inner][vc_raw_html]JTNDYSUyMGlkJTNEJTIyY2VyYW1pY2EyJTIyJTNFJTNDJTJGYSUzRQ==[\/vc_raw_html][\/vc_column_inner][\/vc_row_inner][vc_row_inner gap=&#8220;35&#8243;][vc_column_inner width=&#8220;1\/4&#8243;][vc_single_image image=&#8220;5629&#8243; img_size=&#8220;full&#8220; alignment=&#8220;right&#8220;][\/vc_column_inner][vc_column_inner width=&#8220;3\/4&#8243;][vc_column_text css=&#8220;.vc_custom_1617103228947{margin-top: 30px !important;}&#8220;]<\/p>\n<h3>Bl\u00f6cke<\/h3>\n<p>[\/vc_column_text][\/vc_column_inner][\/vc_row_inner][vc_row_inner css=&#8220;.vc_custom_1574695134864{padding-top: 50px !important;}&#8220;][vc_column_inner width=&#8220;1\/5&#8243;][\/vc_column_inner][vc_column_inner width=&#8220;1\/5&#8243;][vc_single_image image=&#8220;5531&#8243; img_size=&#8220;full&#8220; alignment=&#8220;center&#8220; onclick=&#8220;link_image&#8220;][\/vc_column_inner][vc_column_inner width=&#8220;1\/5&#8243;][vc_single_image image=&#8220;5532&#8243; img_size=&#8220;full&#8220; alignment=&#8220;center&#8220; onclick=&#8220;link_image&#8220;][\/vc_column_inner][vc_column_inner width=&#8220;1\/5&#8243;][vc_single_image image=&#8220;5533&#8243; img_size=&#8220;full&#8220; alignment=&#8220;center&#8220; onclick=&#8220;link_image&#8220;][\/vc_column_inner][vc_column_inner width=&#8220;1\/5&#8243;][\/vc_column_inner][\/vc_row_inner][vc_row_inner css=&#8220;.vc_custom_1574695134864{padding-top: 50px !important;}&#8220;][vc_column_inner width=&#8220;1\/4&#8243;][\/vc_column_inner][vc_column_inner width=&#8220;1\/4&#8243;][vc_single_image image=&#8220;5529&#8243; img_size=&#8220;full&#8220; alignment=&#8220;center&#8220; onclick=&#8220;link_image&#8220;][\/vc_column_inner][vc_column_inner width=&#8220;1\/4&#8243;][vc_single_image image=&#8220;5523&#8243; img_size=&#8220;full&#8220; alignment=&#8220;center&#8220; onclick=&#8220;link_image&#8220;][\/vc_column_inner][vc_column_inner width=&#8220;1\/4&#8243;][\/vc_column_inner][\/vc_row_inner][vc_raw_html]JTNDYSUyMGlkJTNEJTIyY2VyYW1pY2EzJTIyJTNFJTNDJTJGYSUzRQ==[\/vc_raw_html][\/vc_column][\/vc_row][vc_row css=&#8220;.vc_custom_1574695217872{padding-top: 30px !important;padding-right: 30px !important;padding-bottom: 30px !important;padding-left: 30px !important;}&#8220;][vc_column][vc_row_inner gap=&#8220;35&#8243;][vc_column_inner width=&#8220;1\/4&#8243;][vc_single_image image=&#8220;5630&#8243; img_size=&#8220;full&#8220; alignment=&#8220;right&#8220;][\/vc_column_inner][vc_column_inner width=&#8220;3\/4&#8243;][vc_column_text css=&#8220;.vc_custom_1617103261086{margin-top: 30px !important;}&#8220;]<\/p>\n<h3>Dachziegel<\/h3>\n<p>[\/vc_column_text][\/vc_column_inner][\/vc_row_inner][vc_row_inner css=&#8220;.vc_custom_1574695134864{padding-top: 50px !important;}&#8220;][vc_column_inner width=&#8220;1\/4&#8243;][\/vc_column_inner][vc_column_inner width=&#8220;1\/4&#8243;][vc_single_image image=&#8220;5530&#8243; img_size=&#8220;full&#8220; alignment=&#8220;center&#8220; onclick=&#8220;link_image&#8220;][\/vc_column_inner][vc_column_inner width=&#8220;1\/4&#8243;][vc_single_image image=&#8220;5525&#8243; img_size=&#8220;full&#8220; alignment=&#8220;center&#8220; onclick=&#8220;link_image&#8220;][\/vc_column_inner][vc_column_inner width=&#8220;1\/4&#8243;][\/vc_column_inner][\/vc_row_inner][vc_raw_html]JTNDYSUyMGlkJTNEJTIyY2VyYW1pY2E0JTIyJTNFJTNDJTJGYSUzRQ==[\/vc_raw_html][\/vc_column][\/vc_row][vc_row css=&#8220;.vc_custom_1574695217872{padding-top: 30px !important;padding-right: 30px !important;padding-bottom: 30px !important;padding-left: 30px !important;}&#8220;][vc_column][vc_row_inner gap=&#8220;35&#8243;][vc_column_inner width=&#8220;1\/4&#8243;][vc_single_image image=&#8220;5631&#8243; img_size=&#8220;full&#8220; alignment=&#8220;right&#8220;][\/vc_column_inner][vc_column_inner width=&#8220;3\/4&#8243;][vc_column_text css=&#8220;.vc_custom_1617103289854{margin-top: 30px !important;}&#8220;]<\/p>\n<h3>Platten f\u00fcr feuerfeste Formen mit Sonderprofilen, in gro\u00dfen Abmessungen, geschliffen, fertig f\u00fcr die Endmontage<\/h3>\n<p>[\/vc_column_text][\/vc_column_inner][\/vc_row_inner][vc_row_inner css=&#8220;.vc_custom_1574695134864{padding-top: 50px !important;}&#8220;][vc_column_inner width=&#8220;1\/4&#8243;][\/vc_column_inner][vc_column_inner width=&#8220;1\/4&#8243;][vc_single_image image=&#8220;5516&#8243; img_size=&#8220;full&#8220; alignment=&#8220;center&#8220; onclick=&#8220;link_image&#8220;][\/vc_column_inner][vc_column_inner width=&#8220;1\/4&#8243;][vc_single_image image=&#8220;5519&#8243; img_size=&#8220;full&#8220; alignment=&#8220;center&#8220; onclick=&#8220;link_image&#8220;][\/vc_column_inner][vc_column_inner width=&#8220;1\/4&#8243;][\/vc_column_inner][\/vc_row_inner][\/vc_column][\/vc_row][vc_row full_width=&#8220;stretch_row_content_no_spaces&#8220; center_row=&#8220;yes&#8220; typo_style=&#8220;light&#8220; css=&#8220;.vc_custom_1573743734136{margin-top: 0px !important;padding-top: 80px !important;background-color: #a5a5a5 !important;background-position: center !important;background-repeat: no-repeat !important;background-size: cover !important;}&#8220; el_class=&#8220;fondofijo&#8220;][vc_column typo_style=&#8220;&#8220;][vc_btn title=&#8220;Wenden Sie sich an FMD Carbide&#8220; style=&#8220;outline&#8220; shape=&#8220;square&#8220; color=&#8220;default&#8220; size=&#8220;lg&#8220; align=&#8220;center&#8220; link=&#8220;url:%2Fde%2Fkontakt&#8220;][\/vc_column][\/vc_row]<\/p>\n<\/div>","protected":false},"excerpt":{"rendered":"<p>[vc_row full_width=&#8220;stretch_row_content_no_spaces&#8220; gap=&#8220;35&#8243; content_placement=&#8220;middle&#8220; match_height=&#8220;yes&#8220; center_row=&#8220;yes&#8220; bg_overlay=&#8220;yes&#8220; bg_overlay_style=&#8220;overlay-primary&#8220; typo_style=&#8220;light&#8220; css=&#8220;.vc_custom_1616490801511{padding-top: 0px !important;padding-bottom: 0px !important;background-image: url(https:\/\/www.fmd-hm.com\/wp-content\/uploads\/2021\/03\/fondo2.jpg?id=4988) !important;background-position: center !important;background-repeat: no-repeat !important;background-size: cover !important;}&#8220; el_class=&#8220;anchocompleto fondofijo contenedor&#8220;][vc_column el_class=&#8220;bloques-inicio&#8220; offset=&#8220;vc_col-xs-12&#8243; css=&#8220;.vc_custom_1573742729688{margin-top: 15px !important;}&#8220;][vc_row_inner&#8230;<\/p>\n","protected":false},"author":1,"featured_media":0,"parent":5601,"menu_order":6,"comment_status":"closed","ping_status":"closed","template":"","meta":{"footnotes":""},"class_list":["post-5515","page","type-page","status-publish","hentry"],"yoast_head":"<!-- This site is optimized with the Yoast SEO plugin v27.0 - https:\/\/yoast.com\/product\/yoast-seo-wordpress\/ -->\n<title>Sintered hard metal - Ceramics - FMD Carbide<\/title>\n<meta name=\"description\" content=\"Der Keramiksektor fordert komplexe Geometrien und enge Toleranzen, das hat im Laufe der Jahre dazu gef\u00fchrt, dass FMD CARBIDE Ihre Produktion an diese Anforderungen angepasst hat.\" \/>\n<meta name=\"robots\" content=\"index, follow, max-snippet:-1, max-image-preview:large, max-video-preview:-1\" \/>\n<link rel=\"canonical\" href=\"https:\/\/www.fmd-hm.com\/de\/gesintertes-hartmetall\/keramik\/\" \/>\n<meta property=\"og:locale\" content=\"de_DE\" \/>\n<meta property=\"og:type\" content=\"article\" \/>\n<meta property=\"og:title\" content=\"Sintered hard metal - Ceramics - FMD Carbide\" \/>\n<meta property=\"og:description\" content=\"Der Keramiksektor fordert komplexe Geometrien und enge Toleranzen, das hat im Laufe der Jahre dazu gef\u00fchrt, dass FMD CARBIDE Ihre Produktion an diese Anforderungen angepasst hat.\" \/>\n<meta property=\"og:url\" content=\"https:\/\/www.fmd-hm.com\/de\/gesintertes-hartmetall\/keramik\/\" \/>\n<meta property=\"og:site_name\" content=\"FMD Carbide\" \/>\n<meta property=\"article:modified_time\" content=\"2021-03-30T11:29:28+00:00\" \/>\n<meta name=\"twitter:card\" content=\"summary_large_image\" \/>\n<meta name=\"twitter:label1\" content=\"Gesch\u00e4tzte Lesezeit\" \/>\n\t<meta name=\"twitter:data1\" content=\"2\u00a0Minuten\" \/>\n<script type=\"application\/ld+json\" class=\"yoast-schema-graph\">{\"@context\":\"https:\/\/schema.org\",\"@graph\":[{\"@type\":\"WebPage\",\"@id\":\"https:\/\/www.fmd-hm.com\/de\/gesintertes-hartmetall\/keramik\/\",\"url\":\"https:\/\/www.fmd-hm.com\/de\/gesintertes-hartmetall\/keramik\/\",\"name\":\"Sintered hard metal - Ceramics - FMD Carbide\",\"isPartOf\":{\"@id\":\"https:\/\/www.fmd-hm.com\/de\/#website\"},\"datePublished\":\"2019-12-23T15:34:57+00:00\",\"dateModified\":\"2021-03-30T11:29:28+00:00\",\"description\":\"Der Keramiksektor fordert komplexe Geometrien und enge Toleranzen, das hat im Laufe der Jahre dazu gef\u00fchrt, dass FMD CARBIDE Ihre Produktion an diese Anforderungen angepasst hat.\",\"breadcrumb\":{\"@id\":\"https:\/\/www.fmd-hm.com\/de\/gesintertes-hartmetall\/keramik\/#breadcrumb\"},\"inLanguage\":\"de\",\"potentialAction\":[{\"@type\":\"ReadAction\",\"target\":[\"https:\/\/www.fmd-hm.com\/de\/gesintertes-hartmetall\/keramik\/\"]}]},{\"@type\":\"BreadcrumbList\",\"@id\":\"https:\/\/www.fmd-hm.com\/de\/gesintertes-hartmetall\/keramik\/#breadcrumb\",\"itemListElement\":[{\"@type\":\"ListItem\",\"position\":1,\"name\":\"Inicio\",\"item\":\"https:\/\/www.fmd-hm.com\/de\/\"},{\"@type\":\"ListItem\",\"position\":2,\"name\":\"Gesintertes Hartmetall\",\"item\":\"https:\/\/www.fmd-hm.com\/de\/gesintertes-hartmetall\/\"},{\"@type\":\"ListItem\",\"position\":3,\"name\":\"Corte\"}]},{\"@type\":\"WebSite\",\"@id\":\"https:\/\/www.fmd-hm.com\/de\/#website\",\"url\":\"https:\/\/www.fmd-hm.com\/de\/\",\"name\":\"FMD Carbide\",\"description\":\"Fabricaci\u00f3n y sinterizaci\u00f3n de metal duro\",\"publisher\":{\"@id\":\"https:\/\/www.fmd-hm.com\/de\/#organization\"},\"potentialAction\":[{\"@type\":\"SearchAction\",\"target\":{\"@type\":\"EntryPoint\",\"urlTemplate\":\"https:\/\/www.fmd-hm.com\/de\/?s={search_term_string}\"},\"query-input\":{\"@type\":\"PropertyValueSpecification\",\"valueRequired\":true,\"valueName\":\"search_term_string\"}}],\"inLanguage\":\"de\"},{\"@type\":\"Organization\",\"@id\":\"https:\/\/www.fmd-hm.com\/de\/#organization\",\"name\":\"FMD Carbide\",\"url\":\"https:\/\/www.fmd-hm.com\/de\/\",\"logo\":{\"@type\":\"ImageObject\",\"inLanguage\":\"de\",\"@id\":\"https:\/\/www.fmd-hm.com\/de\/#\/schema\/logo\/image\/\",\"url\":\"https:\/\/www.fmd-hm.com\/wp-content\/uploads\/2021\/03\/fmd-carbide-logoc.png\",\"contentUrl\":\"https:\/\/www.fmd-hm.com\/wp-content\/uploads\/2021\/03\/fmd-carbide-logoc.png\",\"width\":326,\"height\":100,\"caption\":\"FMD Carbide\"},\"image\":{\"@id\":\"https:\/\/www.fmd-hm.com\/de\/#\/schema\/logo\/image\/\"}}]}<\/script>\n<!-- \/ Yoast SEO plugin. -->","yoast_head_json":{"title":"Sintered hard metal - Ceramics - FMD Carbide","description":"Der Keramiksektor fordert komplexe Geometrien und enge Toleranzen, das hat im Laufe der Jahre dazu gef\u00fchrt, dass FMD CARBIDE Ihre Produktion an diese Anforderungen angepasst hat.","robots":{"index":"index","follow":"follow","max-snippet":"max-snippet:-1","max-image-preview":"max-image-preview:large","max-video-preview":"max-video-preview:-1"},"canonical":"https:\/\/www.fmd-hm.com\/de\/gesintertes-hartmetall\/keramik\/","og_locale":"de_DE","og_type":"article","og_title":"Sintered hard metal - Ceramics - FMD Carbide","og_description":"Der Keramiksektor fordert komplexe Geometrien und enge Toleranzen, das hat im Laufe der Jahre dazu gef\u00fchrt, dass FMD CARBIDE Ihre Produktion an diese Anforderungen angepasst hat.","og_url":"https:\/\/www.fmd-hm.com\/de\/gesintertes-hartmetall\/keramik\/","og_site_name":"FMD Carbide","article_modified_time":"2021-03-30T11:29:28+00:00","twitter_card":"summary_large_image","twitter_misc":{"Gesch\u00e4tzte Lesezeit":"2\u00a0Minuten"},"schema":{"@context":"https:\/\/schema.org","@graph":[{"@type":"WebPage","@id":"https:\/\/www.fmd-hm.com\/de\/gesintertes-hartmetall\/keramik\/","url":"https:\/\/www.fmd-hm.com\/de\/gesintertes-hartmetall\/keramik\/","name":"Sintered hard metal - Ceramics - FMD Carbide","isPartOf":{"@id":"https:\/\/www.fmd-hm.com\/de\/#website"},"datePublished":"2019-12-23T15:34:57+00:00","dateModified":"2021-03-30T11:29:28+00:00","description":"Der Keramiksektor fordert komplexe Geometrien und enge Toleranzen, das hat im Laufe der Jahre dazu gef\u00fchrt, dass FMD CARBIDE Ihre Produktion an diese Anforderungen angepasst hat.","breadcrumb":{"@id":"https:\/\/www.fmd-hm.com\/de\/gesintertes-hartmetall\/keramik\/#breadcrumb"},"inLanguage":"de","potentialAction":[{"@type":"ReadAction","target":["https:\/\/www.fmd-hm.com\/de\/gesintertes-hartmetall\/keramik\/"]}]},{"@type":"BreadcrumbList","@id":"https:\/\/www.fmd-hm.com\/de\/gesintertes-hartmetall\/keramik\/#breadcrumb","itemListElement":[{"@type":"ListItem","position":1,"name":"Inicio","item":"https:\/\/www.fmd-hm.com\/de\/"},{"@type":"ListItem","position":2,"name":"Gesintertes Hartmetall","item":"https:\/\/www.fmd-hm.com\/de\/gesintertes-hartmetall\/"},{"@type":"ListItem","position":3,"name":"Corte"}]},{"@type":"WebSite","@id":"https:\/\/www.fmd-hm.com\/de\/#website","url":"https:\/\/www.fmd-hm.com\/de\/","name":"FMD Carbide","description":"Fabricaci\u00f3n y sinterizaci\u00f3n de metal duro","publisher":{"@id":"https:\/\/www.fmd-hm.com\/de\/#organization"},"potentialAction":[{"@type":"SearchAction","target":{"@type":"EntryPoint","urlTemplate":"https:\/\/www.fmd-hm.com\/de\/?s={search_term_string}"},"query-input":{"@type":"PropertyValueSpecification","valueRequired":true,"valueName":"search_term_string"}}],"inLanguage":"de"},{"@type":"Organization","@id":"https:\/\/www.fmd-hm.com\/de\/#organization","name":"FMD Carbide","url":"https:\/\/www.fmd-hm.com\/de\/","logo":{"@type":"ImageObject","inLanguage":"de","@id":"https:\/\/www.fmd-hm.com\/de\/#\/schema\/logo\/image\/","url":"https:\/\/www.fmd-hm.com\/wp-content\/uploads\/2021\/03\/fmd-carbide-logoc.png","contentUrl":"https:\/\/www.fmd-hm.com\/wp-content\/uploads\/2021\/03\/fmd-carbide-logoc.png","width":326,"height":100,"caption":"FMD Carbide"},"image":{"@id":"https:\/\/www.fmd-hm.com\/de\/#\/schema\/logo\/image\/"}}]}},"_links":{"self":[{"href":"https:\/\/www.fmd-hm.com\/de\/wp-json\/wp\/v2\/pages\/5515","targetHints":{"allow":["GET"]}}],"collection":[{"href":"https:\/\/www.fmd-hm.com\/de\/wp-json\/wp\/v2\/pages"}],"about":[{"href":"https:\/\/www.fmd-hm.com\/de\/wp-json\/wp\/v2\/types\/page"}],"author":[{"embeddable":true,"href":"https:\/\/www.fmd-hm.com\/de\/wp-json\/wp\/v2\/users\/1"}],"replies":[{"embeddable":true,"href":"https:\/\/www.fmd-hm.com\/de\/wp-json\/wp\/v2\/comments?post=5515"}],"version-history":[{"count":0,"href":"https:\/\/www.fmd-hm.com\/de\/wp-json\/wp\/v2\/pages\/5515\/revisions"}],"up":[{"embeddable":true,"href":"https:\/\/www.fmd-hm.com\/de\/wp-json\/wp\/v2\/pages\/5601"}],"wp:attachment":[{"href":"https:\/\/www.fmd-hm.com\/de\/wp-json\/wp\/v2\/media?parent=5515"}],"curies":[{"name":"wp","href":"https:\/\/api.w.org\/{rel}","templated":true}]}}