{"id":5837,"date":"2020-10-05T12:34:05","date_gmt":"2020-10-05T10:34:05","guid":{"rendered":"http:\/\/www.fmd-hm.com\/werkzeuge-aus-hartmetall\/agriculture\/"},"modified":"2021-03-30T18:11:28","modified_gmt":"2021-03-30T16:11:28","slug":"landwirtschaft","status":"publish","type":"page","link":"https:\/\/www.fmd-hm.com\/de\/werkzeuge-aus-hartmetall\/landwirtschaft\/","title":{"rendered":"Landwirtschaft"},"content":{"rendered":"<div class=\"wpb-content-wrapper\"><p>[vc_row full_width=&#8220;stretch_row_content_no_spaces&#8220; gap=&#8220;35&#8243; content_placement=&#8220;middle&#8220; match_height=&#8220;yes&#8220; center_row=&#8220;yes&#8220; bg_overlay=&#8220;yes&#8220; bg_overlay_style=&#8220;overlay-primary&#8220; typo_style=&#8220;light&#8220; css=&#8220;.vc_custom_1574693396916{padding-top: 0px !important;padding-bottom: 0px !important;background-image: url(https:\/\/fmd-hm.com\/wp-content\/uploads\/2019\/10\/fondo2.jpg?id=2229) !important;background-position: center !important;background-repeat: no-repeat !important;background-size: cover !important;}&#8220; el_class=&#8220;anchocompleto fondofijo contenedor&#8220;][vc_column el_class=&#8220;bloques-inicio&#8220; offset=&#8220;vc_col-xs-12&#8243; css=&#8220;.vc_custom_1573742729688{margin-top: 15px !important;}&#8220;][vc_row_inner content_placement=&#8220;top&#8220; gap=&#8220;35&#8243;][vc_column_inner css=&#8220;.vc_custom_1574693578553{padding-top: 40px !important;padding-bottom: 40px !important;}&#8220;][vc_column_text el_class=&#8220;h1 centrar&#8220; css=&#8220;.vc_custom_1617120116099{padding-bottom: 0px !important;}&#8220;]<\/p>\n<h5><a href=\"https:\/\/www.fmd-hm.com\/herramientas-de-metal-duro\/\">Werkzeuge aus Hartmetall<br \/>\n<\/a><\/h5>\n<h1>Landwirtschaft<\/h1>\n<p>[\/vc_column_text][vc_single_image image=&#8220;4216&#8243; img_size=&#8220;full&#8220; alignment=&#8220;center&#8220;][\/vc_column_inner][\/vc_row_inner][\/vc_column][\/vc_row][vc_row css=&#8220;.vc_custom_1574696931278{background-color: #f7f7f7 !important;}&#8220;][vc_column][vc_single_image image=&#8220;4217&#8243; img_size=&#8220;full&#8220; alignment=&#8220;center&#8220; onclick=&#8220;custom_link&#8220; link=&#8220;#agricultura1&#8243;][vc_column_text el_class=&#8220;centrar&#8220;]<\/p>\n<h6>Fr\u00e4sen und Pfl\u00fcge, verst\u00e4rkt mit Hartmetallplatten<\/h6>\n<p>[\/vc_column_text][\/vc_column][\/vc_row][vc_row el_class=&#8220;contenedor&#8220;][vc_column][vc_row_inner][vc_column_inner][vc_column_text el_class=&#8220;centrar&#8220;]Hartmetall ist das ideale Material, um Bodenbearbeitungs- und landwirtschaftliche S\u00e4hwerkzeuge vor Verschlei\u00df zu sch\u00fctzen. Es ist wichtig, die ideale Sorte zu haben, die den m\u00f6glichen St\u00f6\u00dfen w\u00e4hrend des Einsatzes widersteht. Bei FMD CARBIDE besitzen wir viel Erfahrung in der Herstellung von Hartmetallplatten mit verschiedenen Geometrien f\u00fcr diese Zwecke.[\/vc_column_text][vc_single_image image=&#8220;5840&#8243; img_size=&#8220;full&#8220; alignment=&#8220;center&#8220;][\/vc_column_inner][\/vc_row_inner][\/vc_column][\/vc_row][vc_row css=&#8220;.vc_custom_1574695217872{padding-top: 30px !important;padding-right: 30px !important;padding-bottom: 30px !important;padding-left: 30px !important;}&#8220;][vc_column][vc_row_inner][vc_column_inner][vc_raw_html]JTNDYSUyMGlkJTNEJTIyYWdyaWN1bHR1cmExJTIyJTNFJTNDJTJGYSUzRQ==[\/vc_raw_html][\/vc_column_inner][\/vc_row_inner][vc_row_inner gap=&#8220;35&#8243;][vc_column_inner width=&#8220;1\/4&#8243;][vc_single_image image=&#8220;4217&#8243; img_size=&#8220;full&#8220; alignment=&#8220;right&#8220; css=&#8220;.vc_custom_1603266141718{margin-top: 0px !important;}&#8220;][\/vc_column_inner][vc_column_inner width=&#8220;3\/4&#8243;][vc_column_text css=&#8220;.vc_custom_1617120213737{margin-top: 30px !important;}&#8220;]<\/p>\n<h3>Fr\u00e4sen und Pfl\u00fcge, verst\u00e4rkt mit Hartmetallplatten<\/h3>\n<p>[\/vc_column_text][\/vc_column_inner][\/vc_row_inner][vc_row_inner css=&#8220;.vc_custom_1574695134864{padding-top: 50px !important;}&#8220;][vc_column_inner width=&#8220;1\/3&#8243;][\/vc_column_inner][vc_column_inner width=&#8220;1\/3&#8243;][vc_single_image image=&#8220;5838&#8243; img_size=&#8220;full&#8220; alignment=&#8220;center&#8220; onclick=&#8220;link_image&#8220;][\/vc_column_inner][vc_column_inner width=&#8220;1\/3&#8243;][\/vc_column_inner][\/vc_row_inner][\/vc_column][\/vc_row][vc_row full_width=&#8220;stretch_row_content_no_spaces&#8220; center_row=&#8220;yes&#8220; typo_style=&#8220;light&#8220; css=&#8220;.vc_custom_1573743734136{margin-top: 0px !important;padding-top: 80px !important;background-color: #a5a5a5 !important;background-position: center !important;background-repeat: no-repeat !important;background-size: cover !important;}&#8220; el_class=&#8220;fondofijo&#8220;][vc_column typo_style=&#8220;&#8220;][vc_btn title=&#8220;Wenden Sie sich an FMD Carbide&#8220; style=&#8220;outline&#8220; shape=&#8220;square&#8220; color=&#8220;default&#8220; size=&#8220;lg&#8220; align=&#8220;center&#8220; link=&#8220;url:%2Fde%2Fkontakt&#8220;][\/vc_column][\/vc_row]<\/p>\n<\/div>","protected":false},"excerpt":{"rendered":"<p>[vc_row full_width=&#8220;stretch_row_content_no_spaces&#8220; gap=&#8220;35&#8243; content_placement=&#8220;middle&#8220; match_height=&#8220;yes&#8220; center_row=&#8220;yes&#8220; bg_overlay=&#8220;yes&#8220; bg_overlay_style=&#8220;overlay-primary&#8220; typo_style=&#8220;light&#8220; css=&#8220;.vc_custom_1574693396916{padding-top: 0px !important;padding-bottom: 0px !important;background-image: url(https:\/\/fmd-hm.com\/wp-content\/uploads\/2019\/10\/fondo2.jpg?id=2229) !important;background-position: center !important;background-repeat: no-repeat !important;background-size: cover !important;}&#8220; el_class=&#8220;anchocompleto fondofijo contenedor&#8220;][vc_column el_class=&#8220;bloques-inicio&#8220; offset=&#8220;vc_col-xs-12&#8243; css=&#8220;.vc_custom_1573742729688{margin-top: 15px !important;}&#8220;][vc_row_inner&#8230;<\/p>\n","protected":false},"author":1,"featured_media":0,"parent":5726,"menu_order":4,"comment_status":"closed","ping_status":"closed","template":"","meta":{"footnotes":""},"class_list":["post-5837","page","type-page","status-publish","hentry"],"yoast_head":"<!-- This site is optimized with the Yoast SEO plugin v27.0 - https:\/\/yoast.com\/product\/yoast-seo-wordpress\/ -->\n<title>Werkzeuge aus Hartmetall - Landwirtschaft - FMD Carbide<\/title>\n<meta name=\"description\" content=\"Hartmetall ist das ideale Material, um Bodenbearbeitungs- und landwirtschaftliche S\u00e4hwerkzeuge vor Verschlei\u00df zu sch\u00fctzen.\" \/>\n<meta name=\"robots\" content=\"index, follow, max-snippet:-1, max-image-preview:large, max-video-preview:-1\" \/>\n<link rel=\"canonical\" href=\"https:\/\/www.fmd-hm.com\/de\/werkzeuge-aus-hartmetall\/landwirtschaft\/\" \/>\n<meta property=\"og:locale\" content=\"de_DE\" \/>\n<meta property=\"og:type\" content=\"article\" \/>\n<meta property=\"og:title\" content=\"Werkzeuge aus Hartmetall - Landwirtschaft - FMD Carbide\" \/>\n<meta property=\"og:description\" content=\"Hartmetall ist das ideale Material, um Bodenbearbeitungs- und landwirtschaftliche S\u00e4hwerkzeuge vor Verschlei\u00df zu sch\u00fctzen.\" \/>\n<meta property=\"og:url\" content=\"https:\/\/www.fmd-hm.com\/de\/werkzeuge-aus-hartmetall\/landwirtschaft\/\" \/>\n<meta property=\"og:site_name\" content=\"FMD Carbide\" \/>\n<meta property=\"article:modified_time\" content=\"2021-03-30T16:11:28+00:00\" \/>\n<meta name=\"twitter:card\" content=\"summary_large_image\" \/>\n<meta name=\"twitter:label1\" content=\"Gesch\u00e4tzte Lesezeit\" \/>\n\t<meta name=\"twitter:data1\" content=\"1\u00a0Minute\" \/>\n<script type=\"application\/ld+json\" class=\"yoast-schema-graph\">{\"@context\":\"https:\/\/schema.org\",\"@graph\":[{\"@type\":\"WebPage\",\"@id\":\"https:\/\/www.fmd-hm.com\/de\/werkzeuge-aus-hartmetall\/landwirtschaft\/\",\"url\":\"https:\/\/www.fmd-hm.com\/de\/werkzeuge-aus-hartmetall\/landwirtschaft\/\",\"name\":\"Werkzeuge aus Hartmetall - Landwirtschaft - FMD Carbide\",\"isPartOf\":{\"@id\":\"https:\/\/www.fmd-hm.com\/de\/#website\"},\"datePublished\":\"2020-10-05T10:34:05+00:00\",\"dateModified\":\"2021-03-30T16:11:28+00:00\",\"description\":\"Hartmetall ist das ideale Material, um Bodenbearbeitungs- und landwirtschaftliche S\u00e4hwerkzeuge vor Verschlei\u00df zu sch\u00fctzen.\",\"breadcrumb\":{\"@id\":\"https:\/\/www.fmd-hm.com\/de\/werkzeuge-aus-hartmetall\/landwirtschaft\/#breadcrumb\"},\"inLanguage\":\"de\",\"potentialAction\":[{\"@type\":\"ReadAction\",\"target\":[\"https:\/\/www.fmd-hm.com\/de\/werkzeuge-aus-hartmetall\/landwirtschaft\/\"]}]},{\"@type\":\"BreadcrumbList\",\"@id\":\"https:\/\/www.fmd-hm.com\/de\/werkzeuge-aus-hartmetall\/landwirtschaft\/#breadcrumb\",\"itemListElement\":[{\"@type\":\"ListItem\",\"position\":1,\"name\":\"Inicio\",\"item\":\"https:\/\/www.fmd-hm.com\/de\/\"},{\"@type\":\"ListItem\",\"position\":2,\"name\":\"Werkzeuge aus Hartmetall\",\"item\":\"https:\/\/www.fmd-hm.com\/de\/werkzeuge-aus-hartmetall\/\"},{\"@type\":\"ListItem\",\"position\":3,\"name\":\"Corte\"}]},{\"@type\":\"WebSite\",\"@id\":\"https:\/\/www.fmd-hm.com\/de\/#website\",\"url\":\"https:\/\/www.fmd-hm.com\/de\/\",\"name\":\"FMD Carbide\",\"description\":\"Fabricaci\u00f3n y sinterizaci\u00f3n de metal duro\",\"publisher\":{\"@id\":\"https:\/\/www.fmd-hm.com\/de\/#organization\"},\"potentialAction\":[{\"@type\":\"SearchAction\",\"target\":{\"@type\":\"EntryPoint\",\"urlTemplate\":\"https:\/\/www.fmd-hm.com\/de\/?s={search_term_string}\"},\"query-input\":{\"@type\":\"PropertyValueSpecification\",\"valueRequired\":true,\"valueName\":\"search_term_string\"}}],\"inLanguage\":\"de\"},{\"@type\":\"Organization\",\"@id\":\"https:\/\/www.fmd-hm.com\/de\/#organization\",\"name\":\"FMD Carbide\",\"url\":\"https:\/\/www.fmd-hm.com\/de\/\",\"logo\":{\"@type\":\"ImageObject\",\"inLanguage\":\"de\",\"@id\":\"https:\/\/www.fmd-hm.com\/de\/#\/schema\/logo\/image\/\",\"url\":\"https:\/\/www.fmd-hm.com\/wp-content\/uploads\/2021\/03\/fmd-carbide-logoc.png\",\"contentUrl\":\"https:\/\/www.fmd-hm.com\/wp-content\/uploads\/2021\/03\/fmd-carbide-logoc.png\",\"width\":326,\"height\":100,\"caption\":\"FMD Carbide\"},\"image\":{\"@id\":\"https:\/\/www.fmd-hm.com\/de\/#\/schema\/logo\/image\/\"}}]}<\/script>\n<!-- \/ Yoast SEO plugin. -->","yoast_head_json":{"title":"Werkzeuge aus Hartmetall - Landwirtschaft - FMD Carbide","description":"Hartmetall ist das ideale Material, um Bodenbearbeitungs- und landwirtschaftliche S\u00e4hwerkzeuge vor Verschlei\u00df zu sch\u00fctzen.","robots":{"index":"index","follow":"follow","max-snippet":"max-snippet:-1","max-image-preview":"max-image-preview:large","max-video-preview":"max-video-preview:-1"},"canonical":"https:\/\/www.fmd-hm.com\/de\/werkzeuge-aus-hartmetall\/landwirtschaft\/","og_locale":"de_DE","og_type":"article","og_title":"Werkzeuge aus Hartmetall - Landwirtschaft - FMD Carbide","og_description":"Hartmetall ist das ideale Material, um Bodenbearbeitungs- und landwirtschaftliche S\u00e4hwerkzeuge vor Verschlei\u00df zu sch\u00fctzen.","og_url":"https:\/\/www.fmd-hm.com\/de\/werkzeuge-aus-hartmetall\/landwirtschaft\/","og_site_name":"FMD Carbide","article_modified_time":"2021-03-30T16:11:28+00:00","twitter_card":"summary_large_image","twitter_misc":{"Gesch\u00e4tzte Lesezeit":"1\u00a0Minute"},"schema":{"@context":"https:\/\/schema.org","@graph":[{"@type":"WebPage","@id":"https:\/\/www.fmd-hm.com\/de\/werkzeuge-aus-hartmetall\/landwirtschaft\/","url":"https:\/\/www.fmd-hm.com\/de\/werkzeuge-aus-hartmetall\/landwirtschaft\/","name":"Werkzeuge aus Hartmetall - Landwirtschaft - FMD Carbide","isPartOf":{"@id":"https:\/\/www.fmd-hm.com\/de\/#website"},"datePublished":"2020-10-05T10:34:05+00:00","dateModified":"2021-03-30T16:11:28+00:00","description":"Hartmetall ist das ideale Material, um Bodenbearbeitungs- und landwirtschaftliche S\u00e4hwerkzeuge vor Verschlei\u00df zu sch\u00fctzen.","breadcrumb":{"@id":"https:\/\/www.fmd-hm.com\/de\/werkzeuge-aus-hartmetall\/landwirtschaft\/#breadcrumb"},"inLanguage":"de","potentialAction":[{"@type":"ReadAction","target":["https:\/\/www.fmd-hm.com\/de\/werkzeuge-aus-hartmetall\/landwirtschaft\/"]}]},{"@type":"BreadcrumbList","@id":"https:\/\/www.fmd-hm.com\/de\/werkzeuge-aus-hartmetall\/landwirtschaft\/#breadcrumb","itemListElement":[{"@type":"ListItem","position":1,"name":"Inicio","item":"https:\/\/www.fmd-hm.com\/de\/"},{"@type":"ListItem","position":2,"name":"Werkzeuge aus Hartmetall","item":"https:\/\/www.fmd-hm.com\/de\/werkzeuge-aus-hartmetall\/"},{"@type":"ListItem","position":3,"name":"Corte"}]},{"@type":"WebSite","@id":"https:\/\/www.fmd-hm.com\/de\/#website","url":"https:\/\/www.fmd-hm.com\/de\/","name":"FMD Carbide","description":"Fabricaci\u00f3n y sinterizaci\u00f3n de metal duro","publisher":{"@id":"https:\/\/www.fmd-hm.com\/de\/#organization"},"potentialAction":[{"@type":"SearchAction","target":{"@type":"EntryPoint","urlTemplate":"https:\/\/www.fmd-hm.com\/de\/?s={search_term_string}"},"query-input":{"@type":"PropertyValueSpecification","valueRequired":true,"valueName":"search_term_string"}}],"inLanguage":"de"},{"@type":"Organization","@id":"https:\/\/www.fmd-hm.com\/de\/#organization","name":"FMD Carbide","url":"https:\/\/www.fmd-hm.com\/de\/","logo":{"@type":"ImageObject","inLanguage":"de","@id":"https:\/\/www.fmd-hm.com\/de\/#\/schema\/logo\/image\/","url":"https:\/\/www.fmd-hm.com\/wp-content\/uploads\/2021\/03\/fmd-carbide-logoc.png","contentUrl":"https:\/\/www.fmd-hm.com\/wp-content\/uploads\/2021\/03\/fmd-carbide-logoc.png","width":326,"height":100,"caption":"FMD Carbide"},"image":{"@id":"https:\/\/www.fmd-hm.com\/de\/#\/schema\/logo\/image\/"}}]}},"_links":{"self":[{"href":"https:\/\/www.fmd-hm.com\/de\/wp-json\/wp\/v2\/pages\/5837","targetHints":{"allow":["GET"]}}],"collection":[{"href":"https:\/\/www.fmd-hm.com\/de\/wp-json\/wp\/v2\/pages"}],"about":[{"href":"https:\/\/www.fmd-hm.com\/de\/wp-json\/wp\/v2\/types\/page"}],"author":[{"embeddable":true,"href":"https:\/\/www.fmd-hm.com\/de\/wp-json\/wp\/v2\/users\/1"}],"replies":[{"embeddable":true,"href":"https:\/\/www.fmd-hm.com\/de\/wp-json\/wp\/v2\/comments?post=5837"}],"version-history":[{"count":0,"href":"https:\/\/www.fmd-hm.com\/de\/wp-json\/wp\/v2\/pages\/5837\/revisions"}],"up":[{"embeddable":true,"href":"https:\/\/www.fmd-hm.com\/de\/wp-json\/wp\/v2\/pages\/5726"}],"wp:attachment":[{"href":"https:\/\/www.fmd-hm.com\/de\/wp-json\/wp\/v2\/media?parent=5837"}],"curies":[{"name":"wp","href":"https:\/\/api.w.org\/{rel}","templated":true}]}}