{"id":5974,"date":"2016-02-06T11:07:24","date_gmt":"2016-02-06T10:07:24","guid":{"rendered":"http:\/\/www.fmd-hm.com\/inicio\/"},"modified":"2021-03-31T14:15:03","modified_gmt":"2021-03-31T12:15:03","slug":"inicio","status":"publish","type":"page","link":"https:\/\/www.fmd-hm.com\/de\/","title":{"rendered":"Anfang"},"content":{"rendered":"<div class=\"wpb-content-wrapper\"><p>[vc_row center_row=&#8220;yes&#8220; css=&#8220;.vc_custom_1572273704181{background-color: #a5a5a5 !important;}&#8220;][vc_column]<div class=\"zozo-parallax-header\"><div class=\"parallax-header content-style-default\"><h2 class=\"parallax-title\" style=\"color:#ffffff;\">Unser Ziel ist es, jedem Kunden das Produkt anzubieten, das er ben\u00f6tigt<\/h2><\/div><\/div>[vc_column_text el_class=&#8220;lead blanco centrar&#8220;]FMD CARBIDE sintert seit \u00fcber 60 Jahren Hartmetall. Seit Anfang der 90er Jahre liegt der Schwerpunkt unserer Produktion auf speziellen Hartmetallprodukten f\u00fcr alle Arten von Schneid-, Verformungs- und Verschlei\u00dfwerkzeugen.[\/vc_column_text][\/vc_column][\/vc_row][vc_row match_height=&#8220;yes&#8220; center_row=&#8220;yes&#8220; bg_overlay=&#8220;yes&#8220; bg_overlay_style=&#8220;overlay-primary&#8220; typo_style=&#8220;light&#8220; css=&#8220;.vc_custom_1616489627512{padding-bottom: 50px !important;background-image: url(https:\/\/www.fmd-hm.com\/wp-content\/uploads\/2021\/03\/fondo2.jpg?id=4988) !important;background-position: center !important;background-repeat: no-repeat !important;background-size: cover !important;}&#8220; el_class=&#8220;vc-row-default bloques-inicio fondofijo&#8220;][vc_column width=&#8220;1\/2&#8243; el_class=&#8220;bloques-inicio&#8220; offset=&#8220;vc_col-lg-3 vc_col-md-6 vc_col-xs-12&#8243; css=&#8220;.vc_custom_1571927474707{margin-top: 15px !important;}&#8220;]<div class=\"zozo-feature-box feature-box-style dark-transparent-box style-overlay-box style-sep-yes \" id=\"feature-box-1\"><div class=\"grid-item\"><div class=\"grid-box-inner grid-text-center grid-box-image grid-shape-none\"><a href=\"\/de\/technologie\/\" class=\"overlay-box-link\" title=\"Technologie\" target=\"_self\"><\/a><div class=\"grid-overlay-top\"><div class=\"grid-overlay-info\"><a href=\"\/de\/technologie\/\" title=\"Technologie\" target=\"_self\"><h3 class=\"grid-title-below grid-title \" style=\"font-size:20px;\">Technologie<\/h3><\/a><\/div><\/div><div class=\"grid-overlay-bottom\"><div class=\"grid-overlay-info\"><a href=\"\/de\/technologie\/\" title=\"Technologie\" target=\"_self\"><h3 class=\"grid-title-below grid-title \" style=\"font-size:20px;\">Technologie<\/h3><\/a><div class=\"grid-desc\" style=\"font-size:20px;\"><p>Au\u00dfergew\u00f6hnlich hartes und sehr z\u00e4hes Material<\/p>\n<\/div><\/div><\/div><\/div><\/div><\/div>[\/vc_column][vc_column width=&#8220;1\/2&#8243; offset=&#8220;vc_col-lg-3 vc_col-md-6 vc_col-xs-12&#8243; css=&#8220;.vc_custom_1571927479672{margin-top: 15px !important;}&#8220;]<div class=\"zozo-feature-box feature-box-style dark-transparent-box style-overlay-box style-sep-yes \" id=\"feature-box-2\"><div class=\"grid-item\"><div class=\"grid-box-inner grid-text-center grid-box-image grid-shape-none\"><a href=\"\/de\/gesintertes-hartmetall\/\" class=\"overlay-box-link\" title=\"Gesintertes Hartmetall\" target=\"_self\"><\/a><div class=\"grid-overlay-top\"><div class=\"grid-overlay-info\"><a href=\"\/de\/gesintertes-hartmetall\/\" title=\"Gesintertes Hartmetall\" target=\"_self\"><h3 class=\"grid-title-below grid-title \" style=\"font-size:20px;\">Gesintertes Hartmetall <\/h3><\/a><\/div><\/div><div class=\"grid-overlay-bottom\"><div class=\"grid-overlay-info\"><a href=\"\/de\/gesintertes-hartmetall\/\" title=\"Gesintertes Hartmetall\" target=\"_self\"><h3 class=\"grid-title-below grid-title \" style=\"font-size:20px;\">Gesintertes Hartmetall <\/h3><\/a><div class=\"grid-desc\" style=\"font-size:20px;\"><p>Schneiden, Holzbearbeitung, Bergbau und Bausektor&#8230;<\/p>\n<\/div><\/div><\/div><\/div><\/div><\/div>[\/vc_column][vc_column width=&#8220;1\/2&#8243; offset=&#8220;vc_col-lg-3 vc_col-md-6 vc_col-xs-12&#8243; css=&#8220;.vc_custom_1571927483657{margin-top: 15px !important;}&#8220;]<div class=\"zozo-feature-box feature-box-style dark-transparent-box style-overlay-box style-sep-yes \" id=\"feature-box-3\"><div class=\"grid-item\"><div class=\"grid-box-inner grid-text-center grid-box-image grid-shape-none\"><a href=\"\/de\/werkzeuge-aus-hartmetall\/\" class=\"overlay-box-link\" title=\"Werkzeuge aus Hartmetall\" target=\"_self\"><\/a><div class=\"grid-overlay-top\"><div class=\"grid-overlay-info\"><a href=\"\/de\/werkzeuge-aus-hartmetall\/\" title=\"Werkzeuge aus Hartmetall\" target=\"_self\"><h3 class=\"grid-title-below grid-title \" style=\"font-size:20px;\">Werkzeuge aus Hartmetall<\/h3><\/a><\/div><\/div><div class=\"grid-overlay-bottom\"><div class=\"grid-overlay-info\"><a href=\"\/de\/werkzeuge-aus-hartmetall\/\" title=\"Werkzeuge aus Hartmetall\" target=\"_self\"><h3 class=\"grid-title-below grid-title \" style=\"font-size:20px;\">Werkzeuge aus Hartmetall<\/h3><\/a><div class=\"grid-desc\" ><p>Verschlei\u00dfschutzl\u00f6sungen f\u00fcr alle Branchen<\/p>\n<\/div><\/div><\/div><\/div><\/div><\/div>[\/vc_column][vc_column width=&#8220;1\/2&#8243; offset=&#8220;vc_col-lg-3 vc_col-md-6 vc_col-xs-12&#8243; css=&#8220;.vc_custom_1571927488425{margin-top: 15px !important;}&#8220;]<div class=\"zozo-feature-box feature-box-style dark-transparent-box style-overlay-box style-sep-yes \" id=\"feature-box-4\"><div class=\"grid-item\"><div class=\"grid-box-inner grid-text-center grid-box-image grid-shape-none\"><a href=\"\/de\/qualitaetsbereiche\/\" class=\"overlay-box-link\" title=\"Qualitaetsbereiche\" target=\"_self\"><\/a><div class=\"grid-overlay-top\"><div class=\"grid-overlay-info\"><a href=\"\/de\/qualitaetsbereiche\/\" title=\"Qualit\u00e4tsbereiche\" target=\"_self\"><h3 class=\"grid-title-below grid-title \" style=\"font-size:20px;\">Qualitaetsbereiche<\/h3><\/a><\/div><\/div><div class=\"grid-overlay-bottom\"><div class=\"grid-overlay-info\"><a href=\"\/de\/qualitaetsbereiche\/\" title=\"Qualit\u00e4tsbereiche\" target=\"_self\"><h3 class=\"grid-title-below grid-title \" style=\"font-size:20px;\">Qualitaetsbereiche<\/h3><\/a><div class=\"grid-desc\" style=\"font-size:20px;\"><p>Wir analysieren jedes Teil im Detail, um die am besten geeignete Sorte zu empfehlen.<\/p>\n<\/div><\/div><\/div><\/div><\/div><\/div>[\/vc_column][\/vc_row][vc_row full_width=&#8220;stretch_row_content_no_spaces&#8220; center_row=&#8220;yes&#8220; bg_overlay=&#8220;yes&#8220; bg_overlay_style=&#8220;overlay-primary&#8220; css=&#8220;.vc_custom_1616491012371{margin-top: 0px !important;padding-top: 0px !important;background-image: url(https:\/\/www.fmd-hm.com\/wp-content\/uploads\/2021\/03\/fondo2.jpg?id=4988) !important;background-position: center !important;background-repeat: no-repeat !important;background-size: cover !important;}&#8220; el_class=&#8220;fondofijo&#8220;][vc_column typo_style=&#8220;&#8220;][vc_btn title=&#8220;Wenden Sie sich an FMD Carbide&#8220; style=&#8220;outline&#8220; shape=&#8220;square&#8220; color=&#8220;default&#8220; size=&#8220;lg&#8220; align=&#8220;center&#8220; link=&#8220;url:%2Fde%2Fkontakt&#8220;][\/vc_column][\/vc_row]<\/p>\n<\/div>","protected":false},"excerpt":{"rendered":"<p>[vc_row center_row=&#8220;yes&#8220; css=&#8220;.vc_custom_1572273704181{background-color: #a5a5a5 !important;}&#8220;][vc_column][vc_column_text el_class=&#8220;lead blanco centrar&#8220;]FMD CARBIDE sintert seit \u00fcber 60 Jahren Hartmetall. Seit Anfang der 90er Jahre liegt der Schwerpunkt unserer Produktion auf speziellen Hartmetallprodukten f\u00fcr alle&#8230;<\/p>\n","protected":false},"author":1,"featured_media":5976,"parent":0,"menu_order":0,"comment_status":"closed","ping_status":"closed","template":"template-fullwidth.php","meta":{"footnotes":""},"class_list":["post-5974","page","type-page","status-publish","has-post-thumbnail","hentry"],"yoast_head":"<!-- This site is optimized with the Yoast SEO plugin v27.0 - https:\/\/yoast.com\/product\/yoast-seo-wordpress\/ -->\n<title>Anfang - FMD Carbide<\/title>\n<meta name=\"description\" content=\"Seit Anfang der 90er Jahre liegt der Schwerpunkt unserer Produktion auf speziellen Hartmetallprodukten f\u00fcr alle Arten von Schneid-, Verformungs- und Verschlei\u00dfwerkzeugen.\" \/>\n<meta name=\"robots\" content=\"index, follow, max-snippet:-1, max-image-preview:large, max-video-preview:-1\" \/>\n<link rel=\"canonical\" href=\"https:\/\/www.fmd-hm.com\/de\/\" \/>\n<meta property=\"og:locale\" content=\"de_DE\" \/>\n<meta property=\"og:type\" content=\"article\" \/>\n<meta property=\"og:title\" content=\"Anfang - FMD Carbide\" \/>\n<meta property=\"og:description\" content=\"Seit Anfang der 90er Jahre liegt der Schwerpunkt unserer Produktion auf speziellen Hartmetallprodukten f\u00fcr alle Arten von Schneid-, Verformungs- und Verschlei\u00dfwerkzeugen.\" \/>\n<meta property=\"og:url\" content=\"https:\/\/www.fmd-hm.com\/de\/\" \/>\n<meta property=\"og:site_name\" content=\"FMD Carbide\" \/>\n<meta property=\"article:modified_time\" content=\"2021-03-31T12:15:03+00:00\" \/>\n<meta property=\"og:image\" content=\"https:\/\/www.fmd-hm.com\/wp-content\/uploads\/2019\/10\/3.jpg\" \/>\n\t<meta property=\"og:image:width\" content=\"1900\" \/>\n\t<meta property=\"og:image:height\" content=\"900\" \/>\n\t<meta property=\"og:image:type\" content=\"image\/jpeg\" \/>\n<meta name=\"twitter:card\" content=\"summary_large_image\" \/>\n<meta name=\"twitter:label1\" content=\"Gesch\u00e4tzte Lesezeit\" \/>\n\t<meta name=\"twitter:data1\" content=\"1\u00a0Minute\" \/>\n<script type=\"application\/ld+json\" class=\"yoast-schema-graph\">{\"@context\":\"https:\/\/schema.org\",\"@graph\":[{\"@type\":\"WebPage\",\"@id\":\"https:\/\/www.fmd-hm.com\/de\/\",\"url\":\"https:\/\/www.fmd-hm.com\/de\/\",\"name\":\"Anfang - FMD Carbide\",\"isPartOf\":{\"@id\":\"https:\/\/www.fmd-hm.com\/de\/#website\"},\"primaryImageOfPage\":{\"@id\":\"https:\/\/www.fmd-hm.com\/de\/#primaryimage\"},\"image\":{\"@id\":\"https:\/\/www.fmd-hm.com\/de\/#primaryimage\"},\"thumbnailUrl\":\"https:\/\/www.fmd-hm.com\/wp-content\/uploads\/2019\/10\/3.jpg\",\"datePublished\":\"2016-02-06T10:07:24+00:00\",\"dateModified\":\"2021-03-31T12:15:03+00:00\",\"description\":\"Seit Anfang der 90er Jahre liegt der Schwerpunkt unserer Produktion auf speziellen Hartmetallprodukten f\u00fcr alle Arten von Schneid-, Verformungs- und Verschlei\u00dfwerkzeugen.\",\"breadcrumb\":{\"@id\":\"https:\/\/www.fmd-hm.com\/de\/#breadcrumb\"},\"inLanguage\":\"de\",\"potentialAction\":[{\"@type\":\"ReadAction\",\"target\":[\"https:\/\/www.fmd-hm.com\/de\/\"]}]},{\"@type\":\"ImageObject\",\"inLanguage\":\"de\",\"@id\":\"https:\/\/www.fmd-hm.com\/de\/#primaryimage\",\"url\":\"https:\/\/www.fmd-hm.com\/wp-content\/uploads\/2019\/10\/3.jpg\",\"contentUrl\":\"https:\/\/www.fmd-hm.com\/wp-content\/uploads\/2019\/10\/3.jpg\",\"width\":1900,\"height\":900},{\"@type\":\"BreadcrumbList\",\"@id\":\"https:\/\/www.fmd-hm.com\/de\/#breadcrumb\",\"itemListElement\":[{\"@type\":\"ListItem\",\"position\":1,\"name\":\"Inicio\",\"item\":\"https:\/\/www.fmd-hm.com\/de\/\"},{\"@type\":\"ListItem\",\"position\":2,\"name\":\"Anfang\"}]},{\"@type\":\"WebSite\",\"@id\":\"https:\/\/www.fmd-hm.com\/de\/#website\",\"url\":\"https:\/\/www.fmd-hm.com\/de\/\",\"name\":\"FMD Carbide\",\"description\":\"Fabricaci\u00f3n y sinterizaci\u00f3n de metal duro\",\"publisher\":{\"@id\":\"https:\/\/www.fmd-hm.com\/de\/#organization\"},\"potentialAction\":[{\"@type\":\"SearchAction\",\"target\":{\"@type\":\"EntryPoint\",\"urlTemplate\":\"https:\/\/www.fmd-hm.com\/de\/?s={search_term_string}\"},\"query-input\":{\"@type\":\"PropertyValueSpecification\",\"valueRequired\":true,\"valueName\":\"search_term_string\"}}],\"inLanguage\":\"de\"},{\"@type\":\"Organization\",\"@id\":\"https:\/\/www.fmd-hm.com\/de\/#organization\",\"name\":\"FMD Carbide\",\"url\":\"https:\/\/www.fmd-hm.com\/de\/\",\"logo\":{\"@type\":\"ImageObject\",\"inLanguage\":\"de\",\"@id\":\"https:\/\/www.fmd-hm.com\/de\/#\/schema\/logo\/image\/\",\"url\":\"https:\/\/www.fmd-hm.com\/wp-content\/uploads\/2021\/03\/fmd-carbide-logoc.png\",\"contentUrl\":\"https:\/\/www.fmd-hm.com\/wp-content\/uploads\/2021\/03\/fmd-carbide-logoc.png\",\"width\":326,\"height\":100,\"caption\":\"FMD Carbide\"},\"image\":{\"@id\":\"https:\/\/www.fmd-hm.com\/de\/#\/schema\/logo\/image\/\"}}]}<\/script>\n<!-- \/ Yoast SEO plugin. -->","yoast_head_json":{"title":"Anfang - FMD Carbide","description":"Seit Anfang der 90er Jahre liegt der Schwerpunkt unserer Produktion auf speziellen Hartmetallprodukten f\u00fcr alle Arten von Schneid-, Verformungs- und Verschlei\u00dfwerkzeugen.","robots":{"index":"index","follow":"follow","max-snippet":"max-snippet:-1","max-image-preview":"max-image-preview:large","max-video-preview":"max-video-preview:-1"},"canonical":"https:\/\/www.fmd-hm.com\/de\/","og_locale":"de_DE","og_type":"article","og_title":"Anfang - FMD Carbide","og_description":"Seit Anfang der 90er Jahre liegt der Schwerpunkt unserer Produktion auf speziellen Hartmetallprodukten f\u00fcr alle Arten von Schneid-, Verformungs- und Verschlei\u00dfwerkzeugen.","og_url":"https:\/\/www.fmd-hm.com\/de\/","og_site_name":"FMD Carbide","article_modified_time":"2021-03-31T12:15:03+00:00","og_image":[{"width":1900,"height":900,"url":"https:\/\/www.fmd-hm.com\/wp-content\/uploads\/2019\/10\/3.jpg","type":"image\/jpeg"}],"twitter_card":"summary_large_image","twitter_misc":{"Gesch\u00e4tzte Lesezeit":"1\u00a0Minute"},"schema":{"@context":"https:\/\/schema.org","@graph":[{"@type":"WebPage","@id":"https:\/\/www.fmd-hm.com\/de\/","url":"https:\/\/www.fmd-hm.com\/de\/","name":"Anfang - FMD Carbide","isPartOf":{"@id":"https:\/\/www.fmd-hm.com\/de\/#website"},"primaryImageOfPage":{"@id":"https:\/\/www.fmd-hm.com\/de\/#primaryimage"},"image":{"@id":"https:\/\/www.fmd-hm.com\/de\/#primaryimage"},"thumbnailUrl":"https:\/\/www.fmd-hm.com\/wp-content\/uploads\/2019\/10\/3.jpg","datePublished":"2016-02-06T10:07:24+00:00","dateModified":"2021-03-31T12:15:03+00:00","description":"Seit Anfang der 90er Jahre liegt der Schwerpunkt unserer Produktion auf speziellen Hartmetallprodukten f\u00fcr alle Arten von Schneid-, Verformungs- und Verschlei\u00dfwerkzeugen.","breadcrumb":{"@id":"https:\/\/www.fmd-hm.com\/de\/#breadcrumb"},"inLanguage":"de","potentialAction":[{"@type":"ReadAction","target":["https:\/\/www.fmd-hm.com\/de\/"]}]},{"@type":"ImageObject","inLanguage":"de","@id":"https:\/\/www.fmd-hm.com\/de\/#primaryimage","url":"https:\/\/www.fmd-hm.com\/wp-content\/uploads\/2019\/10\/3.jpg","contentUrl":"https:\/\/www.fmd-hm.com\/wp-content\/uploads\/2019\/10\/3.jpg","width":1900,"height":900},{"@type":"BreadcrumbList","@id":"https:\/\/www.fmd-hm.com\/de\/#breadcrumb","itemListElement":[{"@type":"ListItem","position":1,"name":"Inicio","item":"https:\/\/www.fmd-hm.com\/de\/"},{"@type":"ListItem","position":2,"name":"Anfang"}]},{"@type":"WebSite","@id":"https:\/\/www.fmd-hm.com\/de\/#website","url":"https:\/\/www.fmd-hm.com\/de\/","name":"FMD Carbide","description":"Fabricaci\u00f3n y sinterizaci\u00f3n de metal duro","publisher":{"@id":"https:\/\/www.fmd-hm.com\/de\/#organization"},"potentialAction":[{"@type":"SearchAction","target":{"@type":"EntryPoint","urlTemplate":"https:\/\/www.fmd-hm.com\/de\/?s={search_term_string}"},"query-input":{"@type":"PropertyValueSpecification","valueRequired":true,"valueName":"search_term_string"}}],"inLanguage":"de"},{"@type":"Organization","@id":"https:\/\/www.fmd-hm.com\/de\/#organization","name":"FMD Carbide","url":"https:\/\/www.fmd-hm.com\/de\/","logo":{"@type":"ImageObject","inLanguage":"de","@id":"https:\/\/www.fmd-hm.com\/de\/#\/schema\/logo\/image\/","url":"https:\/\/www.fmd-hm.com\/wp-content\/uploads\/2021\/03\/fmd-carbide-logoc.png","contentUrl":"https:\/\/www.fmd-hm.com\/wp-content\/uploads\/2021\/03\/fmd-carbide-logoc.png","width":326,"height":100,"caption":"FMD Carbide"},"image":{"@id":"https:\/\/www.fmd-hm.com\/de\/#\/schema\/logo\/image\/"}}]}},"_links":{"self":[{"href":"https:\/\/www.fmd-hm.com\/de\/wp-json\/wp\/v2\/pages\/5974","targetHints":{"allow":["GET"]}}],"collection":[{"href":"https:\/\/www.fmd-hm.com\/de\/wp-json\/wp\/v2\/pages"}],"about":[{"href":"https:\/\/www.fmd-hm.com\/de\/wp-json\/wp\/v2\/types\/page"}],"author":[{"embeddable":true,"href":"https:\/\/www.fmd-hm.com\/de\/wp-json\/wp\/v2\/users\/1"}],"replies":[{"embeddable":true,"href":"https:\/\/www.fmd-hm.com\/de\/wp-json\/wp\/v2\/comments?post=5974"}],"version-history":[{"count":0,"href":"https:\/\/www.fmd-hm.com\/de\/wp-json\/wp\/v2\/pages\/5974\/revisions"}],"wp:featuredmedia":[{"embeddable":true,"href":"https:\/\/www.fmd-hm.com\/de\/wp-json\/wp\/v2\/media\/5976"}],"wp:attachment":[{"href":"https:\/\/www.fmd-hm.com\/de\/wp-json\/wp\/v2\/media?parent=5974"}],"curies":[{"name":"wp","href":"https:\/\/api.w.org\/{rel}","templated":true}]}}