{"id":6718,"date":"2019-11-25T10:59:37","date_gmt":"2019-11-25T09:59:37","guid":{"rendered":"http:\/\/www.fmd-hm.com\/download-certidicates-documentation\/"},"modified":"2024-12-05T11:12:09","modified_gmt":"2024-12-05T10:12:09","slug":"download-zertifikate-und-dokumentationen","status":"publish","type":"page","link":"https:\/\/www.fmd-hm.com\/de\/download-zertifikate-und-dokumentationen\/","title":{"rendered":"Download: Zertifikate und Dokumentationen"},"content":{"rendered":"<div class=\"wpb-content-wrapper\"><p>[vc_row full_width=&#8220;stretch_row_content_no_spaces&#8220; content_placement=&#8220;middle&#8220; match_height=&#8220;yes&#8220; center_row=&#8220;yes&#8220; bg_overlay=&#8220;yes&#8220; bg_overlay_style=&#8220;overlay-primary&#8220; typo_style=&#8220;light&#8220; css=&#8220;.vc_custom_1573744460846{padding-top: 0px !important;padding-bottom: 0px !important;background-image: url(https:\/\/fmd-hm.com\/wp-content\/uploads\/2019\/10\/fondo2.jpg?id=2229) !important;background-position: center !important;background-repeat: no-repeat !important;background-size: cover !important;}&#8220; el_class=&#8220;anchocompleto fondofijo&#8220;][vc_column width=&#8220;1\/3&#8243; el_class=&#8220;bloques-inicio&#8220; offset=&#8220;vc_col-xs-12&#8243; css=&#8220;.vc_custom_1573742729688{margin-top: 15px !important;}&#8220;][vc_column_text el_class=&#8220;centrar h1&#8243; css=&#8220;.vc_custom_1617805601026{padding-top: 40px !important;padding-bottom: 40px !important;}&#8220;]<\/p>\n<h1><strong>Download: Zertifikate und Dokumentationen<\/strong><\/h1>\n<p>[\/vc_column_text][\/vc_column][vc_column width=&#8220;2\/3&#8243; offset=&#8220;vc_col-xs-12&#8243; css=&#8220;.vc_custom_1573744889322{padding-top: 100px !important;padding-right: 50px !important;padding-bottom: 100px !important;padding-left: 50px !important;background-color: rgba(0,0,0,0.62) !important;*background-color: rgb(0,0,0) !important;}&#8220;]<div class=\"zozo-parallax-header h225px\"><div class=\"parallax-header content-style-default\"><h2 class=\"parallax-title\" style=\"font-size:25px;\">Die Anstrengungen zur kontinuierlichen Verbesserung und zur Sicherung der Qualit\u00e4t wurden in mehrfacher Hinsicht anerkannt<\/h2><\/div><\/div>[vc_column_text el_class=&#8220;lead blanco&#8220;]In diesem Sinne haben wir das Qualit\u00e4tszertifikat ISO 9002, seit 10 Jahren.\u00a0 Nach dem Erhalt der ISO 9001 haben wir im Jahr 2004 die EKOSCAN-Umweltzertifizierung erhalten.\u00a0 Im Jahr 2015 erhielten wir die ISO 14001-Zertifizierung.[\/vc_column_text][\/vc_column][\/vc_row][vc_row el_class=&#8220;contenedor&#8220;][vc_column width=&#8220;1\/2&#8243; offset=&#8220;vc_col-lg-4 vc_col-md-4&#8243; css=&#8220;.vc_custom_1574087616941{padding-right: 20px !important;padding-left: 30px !important;}&#8220;][vc_row_inner][vc_column_inner css=&#8220;.vc_custom_1574087599494{padding-right: 25px !important;padding-bottom: 25px !important;padding-left: 25px !important;background-color: rgba(255,255,255,0.86) !important;*background-color: rgb(255,255,255) !important;}&#8220;][vc_column_text]Gegenw\u00e4rtig arbeiten wir im Sinne unserer Corporate Social Responsibility (CSR) und ber\u00fccksichtigen dabei die Bed\u00fcrfnisse der verschiedenen Interessengruppen, die am Unternehmen beteiligt sind.[\/vc_column_text][\/vc_column_inner][\/vc_row_inner][\/vc_column][vc_column width=&#8220;1\/2&#8243; offset=&#8220;vc_col-lg-6 vc_col-md-6&#8243; css=&#8220;.vc_custom_1574765750824{padding-left: 30px !important;}&#8220;][vc_btn title=&#8220;ISO 9001&#8243; style=&#8220;custom&#8220; custom_background=&#8220;#86212e&#8220; custom_text=&#8220;#ffffff&#8220; shape=&#8220;square&#8220; size=&#8220;lg&#8220; align=&#8220;left&#8220; css=&#8220;.vc_custom_1696259434986{margin-top: 30px !important;}&#8220; link=&#8220;url:%2Fwp-content%2Fuploads%2F2023%2F10%2FFMD-ISO-9001.pdf|title:Iso%209001|target:_blank&#8220;][vc_btn title=&#8220;ISO 14001 &#8211; 2015&#8243; style=&#8220;custom&#8220; custom_background=&#8220;#86212e&#8220; custom_text=&#8220;#ffffff&#8220; shape=&#8220;square&#8220; size=&#8220;lg&#8220; align=&#8220;left&#8220; css=&#8220;.vc_custom_1696259592315{margin-top: 30px !important;}&#8220; link=&#8220;url:%2Fwp-content%2Fuploads%2F2023%2F10%2FFMD-ISO-14001.pdf|title:Iso%2014001%20-%202015|target:_blank&#8220;][vc_btn title=&#8220;Quality and Environment Policy &#8211; Pol\u00edtica de calidad y Medio Ambiente&#8220; style=&#8220;custom&#8220; custom_background=&#8220;#86212e&#8220; custom_text=&#8220;#ffffff&#8220; shape=&#8220;square&#8220; size=&#8220;lg&#8220; align=&#8220;left&#8220; css=&#8220;.vc_custom_1696259912561{margin-top: 30px !important;}&#8220; link=&#8220;url:%2Fwp-content%2Fuploads%2F2019%2F11%2FFMD-quality-and-environmental-policy.pdf|title:Quality%20and%20Environment%20Policy%20-%20Pol%C3%ADtica%20de%20calidad%20y%20Medio%20Ambiente|target:_blank&#8220;][vc_btn title=&#8220;Tabla de Calidades &#8211; Grades Chart&#8220; style=&#8220;custom&#8220; custom_background=&#8220;#86212e&#8220; custom_text=&#8220;#ffffff&#8220; shape=&#8220;square&#8220; size=&#8220;lg&#8220; align=&#8220;left&#8220; css=&#8220;.vc_custom_1696259514709{margin-top: 30px !important;}&#8220; link=&#8220;url:%2Fwp-content%2Fuploads%2F2023%2F10%2FFMD-Carbide-Grades-Chart-2023.pdf|title:Grades%20Chart%20-%20Tabla%20de%20Calidades|target:_blank&#8220;][vc_btn title=&#8220;Conflict Minerals &#8211; Minerales Conflictivos&#8220; style=&#8220;custom&#8220; custom_background=&#8220;#86212e&#8220; custom_text=&#8220;#ffffff&#8220; shape=&#8220;square&#8220; size=&#8220;lg&#8220; align=&#8220;left&#8220; css=&#8220;.vc_custom_1696259623187{margin-top: 30px !important;}&#8220; link=&#8220;url:%2Fwp-content%2Fuploads%2F2023%2F10%2FFMD-CONFLICT-MINERALS-DUE-DILIGENCE-REPORT.pdf|title:Conflict%20Minerals%20-%20Minerales%20Conflictivos|target:_blank&#8220;][vc_btn title=&#8220;General Conditions of Purchase &#8211; Condiciones Generales de Compra&#8220; style=&#8220;custom&#8220; custom_background=&#8220;#86212e&#8220; custom_text=&#8220;#ffffff&#8220; shape=&#8220;square&#8220; size=&#8220;lg&#8220; align=&#8220;left&#8220; css=&#8220;.vc_custom_1696260007786{margin-top: 30px !important;}&#8220; link=&#8220;url:%2Fwp-content%2Fuploads%2F2023%2F10%2FFMD-GENERAL-CONDITIONS-OF-PURCHASE.pdf|title:General%20Conditions%20of%20Purchase%20-%20Condiciones%20Generales%20de%20Compra|target:_blank&#8220;][vc_btn title=&#8220;General Conditions of Sale &#8211; Condiciones Generales de Venta&#8220; style=&#8220;custom&#8220; custom_background=&#8220;#86212e&#8220; custom_text=&#8220;#ffffff&#8220; shape=&#8220;square&#8220; size=&#8220;lg&#8220; align=&#8220;left&#8220; css=&#8220;.vc_custom_1696260066954{margin-top: 30px !important;}&#8220; link=&#8220;url:%2Fwp-content%2Fuploads%2F2023%2F10%2FFMD-GENERAL-CONDITIONS-OF-SALE.pdf|title:General%20Conditions%20of%20Sale%20-%20Condiciones%20Generales%20de%20Venta|target:_blank&#8220;][vc_btn title=&#8220;Supplier Quality Manual &#8211; Manual de Calidad de Proveedores&#8220; style=&#8220;custom&#8220; custom_background=&#8220;#86212e&#8220; custom_text=&#8220;#ffffff&#8220; shape=&#8220;square&#8220; size=&#8220;lg&#8220; align=&#8220;left&#8220; css=&#8220;.vc_custom_1696260176465{margin-top: 30px !important;}&#8220; link=&#8220;url:%2Fwp-content%2Fuploads%2F2023%2F10%2FFMD-SUPPLIER-QUALITY-MANUAL.pdf|title:Supplier%20Quality%20Manual%20-%20Manual%20de%20Calidad%20de%20Proveedores|target:_blank&#8220;][vc_btn title=&#8220;Ethical Code of Conduct &#8211; Manual de Codigo Etico&#8220; style=&#8220;custom&#8220; custom_background=&#8220;#86212E&#8220; custom_text=&#8220;#FFFFFF&#8220; shape=&#8220;square&#8220; size=&#8220;lg&#8220; align=&#8220;left&#8220; css=&#8220;&#8220; link=&#8220;url:https%3A%2F%2Fwww.fmd-hm.com%2Fwp-content%2Fuploads%2F2024%2F12%2FFMD-ETHICAL_CODE_OF_CONDUCT.pdf&#8220;][\/vc_column][\/vc_row][vc_row full_width=&#8220;stretch_row_content_no_spaces&#8220; center_row=&#8220;yes&#8220; typo_style=&#8220;light&#8220; css=&#8220;.vc_custom_1573743734136{margin-top: 0px !important;padding-top: 80px !important;background-color: #a5a5a5 !important;background-position: center !important;background-repeat: no-repeat !important;background-size: cover !important;}&#8220; el_class=&#8220;fondofijo&#8220;][vc_column typo_style=&#8220;&#8220;][vc_btn title=&#8220;Wenden Sie sich an FMD Carbide&#8220; style=&#8220;outline&#8220; shape=&#8220;square&#8220; color=&#8220;default&#8220; size=&#8220;lg&#8220; align=&#8220;center&#8220; link=&#8220;url:%2Fde%2Fkontakt%2F|title:Kontakt&#8220;][\/vc_column][\/vc_row]<\/p>\n<\/div>","protected":false},"excerpt":{"rendered":"<p>[vc_row full_width=&#8220;stretch_row_content_no_spaces&#8220; content_placement=&#8220;middle&#8220; match_height=&#8220;yes&#8220; center_row=&#8220;yes&#8220; bg_overlay=&#8220;yes&#8220; bg_overlay_style=&#8220;overlay-primary&#8220; typo_style=&#8220;light&#8220; css=&#8220;.vc_custom_1573744460846{padding-top: 0px !important;padding-bottom: 0px !important;background-image: url(https:\/\/fmd-hm.com\/wp-content\/uploads\/2019\/10\/fondo2.jpg?id=2229) !important;background-position: center !important;background-repeat: no-repeat !important;background-size: cover !important;}&#8220; el_class=&#8220;anchocompleto fondofijo&#8220;][vc_column width=&#8220;1\/3&#8243; el_class=&#8220;bloques-inicio&#8220; offset=&#8220;vc_col-xs-12&#8243; css=&#8220;.vc_custom_1573742729688{margin-top: 15px !important;}&#8220;][vc_column_text el_class=&#8220;centrar&#8230;<\/p>\n","protected":false},"author":1,"featured_media":0,"parent":0,"menu_order":6,"comment_status":"closed","ping_status":"closed","template":"template-fullwidth.php","meta":{"footnotes":""},"class_list":["post-6718","page","type-page","status-publish","hentry"],"yoast_head":"<!-- This site is optimized with the Yoast SEO plugin v27.0 - https:\/\/yoast.com\/product\/yoast-seo-wordpress\/ -->\n<title>Download: Zertifikate und Dokumentationen - FMD Carbide<\/title>\n<meta name=\"description\" content=\"In diesem Sinne haben wir das Qualit\u00e4tszertifikat ISO 9002, seit 10 Jahren.\u00a0 Nach dem Erhalt der ISO 9001 haben wir im Jahr 2004 die EKOSCAN-Umweltzertifizierung erhalten.\" \/>\n<meta name=\"robots\" content=\"index, follow, max-snippet:-1, max-image-preview:large, max-video-preview:-1\" \/>\n<link rel=\"canonical\" href=\"https:\/\/www.fmd-hm.com\/de\/download-zertifikate-und-dokumentationen\/\" \/>\n<meta property=\"og:locale\" content=\"de_DE\" \/>\n<meta property=\"og:type\" content=\"article\" \/>\n<meta property=\"og:title\" content=\"Download: Zertifikate und Dokumentationen - FMD Carbide\" \/>\n<meta property=\"og:description\" content=\"In diesem Sinne haben wir das Qualit\u00e4tszertifikat ISO 9002, seit 10 Jahren.\u00a0 Nach dem Erhalt der ISO 9001 haben wir im Jahr 2004 die EKOSCAN-Umweltzertifizierung erhalten.\" \/>\n<meta property=\"og:url\" content=\"https:\/\/www.fmd-hm.com\/de\/download-zertifikate-und-dokumentationen\/\" \/>\n<meta property=\"og:site_name\" content=\"FMD Carbide\" \/>\n<meta property=\"article:modified_time\" content=\"2024-12-05T10:12:09+00:00\" \/>\n<meta name=\"twitter:card\" content=\"summary_large_image\" \/>\n<meta name=\"twitter:label1\" content=\"Gesch\u00e4tzte Lesezeit\" \/>\n\t<meta name=\"twitter:data1\" content=\"2\u00a0Minuten\" \/>\n<script type=\"application\/ld+json\" class=\"yoast-schema-graph\">{\"@context\":\"https:\/\/schema.org\",\"@graph\":[{\"@type\":\"WebPage\",\"@id\":\"https:\/\/www.fmd-hm.com\/de\/download-zertifikate-und-dokumentationen\/\",\"url\":\"https:\/\/www.fmd-hm.com\/de\/download-zertifikate-und-dokumentationen\/\",\"name\":\"Download: Zertifikate und Dokumentationen - FMD Carbide\",\"isPartOf\":{\"@id\":\"https:\/\/www.fmd-hm.com\/de\/#website\"},\"datePublished\":\"2019-11-25T09:59:37+00:00\",\"dateModified\":\"2024-12-05T10:12:09+00:00\",\"description\":\"In diesem Sinne haben wir das Qualit\u00e4tszertifikat ISO 9002, seit 10 Jahren.\u00a0 Nach dem Erhalt der ISO 9001 haben wir im Jahr 2004 die EKOSCAN-Umweltzertifizierung erhalten.\",\"breadcrumb\":{\"@id\":\"https:\/\/www.fmd-hm.com\/de\/download-zertifikate-und-dokumentationen\/#breadcrumb\"},\"inLanguage\":\"de\",\"potentialAction\":[{\"@type\":\"ReadAction\",\"target\":[\"https:\/\/www.fmd-hm.com\/de\/download-zertifikate-und-dokumentationen\/\"]}]},{\"@type\":\"BreadcrumbList\",\"@id\":\"https:\/\/www.fmd-hm.com\/de\/download-zertifikate-und-dokumentationen\/#breadcrumb\",\"itemListElement\":[{\"@type\":\"ListItem\",\"position\":1,\"name\":\"Inicio\",\"item\":\"https:\/\/www.fmd-hm.com\/de\/\"},{\"@type\":\"ListItem\",\"position\":2,\"name\":\"Download: Zertifikate und Dokumentationen\"}]},{\"@type\":\"WebSite\",\"@id\":\"https:\/\/www.fmd-hm.com\/de\/#website\",\"url\":\"https:\/\/www.fmd-hm.com\/de\/\",\"name\":\"FMD Carbide\",\"description\":\"Fabricaci\u00f3n y sinterizaci\u00f3n de metal duro\",\"publisher\":{\"@id\":\"https:\/\/www.fmd-hm.com\/de\/#organization\"},\"potentialAction\":[{\"@type\":\"SearchAction\",\"target\":{\"@type\":\"EntryPoint\",\"urlTemplate\":\"https:\/\/www.fmd-hm.com\/de\/?s={search_term_string}\"},\"query-input\":{\"@type\":\"PropertyValueSpecification\",\"valueRequired\":true,\"valueName\":\"search_term_string\"}}],\"inLanguage\":\"de\"},{\"@type\":\"Organization\",\"@id\":\"https:\/\/www.fmd-hm.com\/de\/#organization\",\"name\":\"FMD Carbide\",\"url\":\"https:\/\/www.fmd-hm.com\/de\/\",\"logo\":{\"@type\":\"ImageObject\",\"inLanguage\":\"de\",\"@id\":\"https:\/\/www.fmd-hm.com\/de\/#\/schema\/logo\/image\/\",\"url\":\"https:\/\/www.fmd-hm.com\/wp-content\/uploads\/2021\/03\/fmd-carbide-logoc.png\",\"contentUrl\":\"https:\/\/www.fmd-hm.com\/wp-content\/uploads\/2021\/03\/fmd-carbide-logoc.png\",\"width\":326,\"height\":100,\"caption\":\"FMD Carbide\"},\"image\":{\"@id\":\"https:\/\/www.fmd-hm.com\/de\/#\/schema\/logo\/image\/\"}}]}<\/script>\n<!-- \/ Yoast SEO plugin. -->","yoast_head_json":{"title":"Download: Zertifikate und Dokumentationen - FMD Carbide","description":"In diesem Sinne haben wir das Qualit\u00e4tszertifikat ISO 9002, seit 10 Jahren.\u00a0 Nach dem Erhalt der ISO 9001 haben wir im Jahr 2004 die EKOSCAN-Umweltzertifizierung erhalten.","robots":{"index":"index","follow":"follow","max-snippet":"max-snippet:-1","max-image-preview":"max-image-preview:large","max-video-preview":"max-video-preview:-1"},"canonical":"https:\/\/www.fmd-hm.com\/de\/download-zertifikate-und-dokumentationen\/","og_locale":"de_DE","og_type":"article","og_title":"Download: Zertifikate und Dokumentationen - FMD Carbide","og_description":"In diesem Sinne haben wir das Qualit\u00e4tszertifikat ISO 9002, seit 10 Jahren.\u00a0 Nach dem Erhalt der ISO 9001 haben wir im Jahr 2004 die EKOSCAN-Umweltzertifizierung erhalten.","og_url":"https:\/\/www.fmd-hm.com\/de\/download-zertifikate-und-dokumentationen\/","og_site_name":"FMD Carbide","article_modified_time":"2024-12-05T10:12:09+00:00","twitter_card":"summary_large_image","twitter_misc":{"Gesch\u00e4tzte Lesezeit":"2\u00a0Minuten"},"schema":{"@context":"https:\/\/schema.org","@graph":[{"@type":"WebPage","@id":"https:\/\/www.fmd-hm.com\/de\/download-zertifikate-und-dokumentationen\/","url":"https:\/\/www.fmd-hm.com\/de\/download-zertifikate-und-dokumentationen\/","name":"Download: Zertifikate und Dokumentationen - FMD Carbide","isPartOf":{"@id":"https:\/\/www.fmd-hm.com\/de\/#website"},"datePublished":"2019-11-25T09:59:37+00:00","dateModified":"2024-12-05T10:12:09+00:00","description":"In diesem Sinne haben wir das Qualit\u00e4tszertifikat ISO 9002, seit 10 Jahren.\u00a0 Nach dem Erhalt der ISO 9001 haben wir im Jahr 2004 die EKOSCAN-Umweltzertifizierung erhalten.","breadcrumb":{"@id":"https:\/\/www.fmd-hm.com\/de\/download-zertifikate-und-dokumentationen\/#breadcrumb"},"inLanguage":"de","potentialAction":[{"@type":"ReadAction","target":["https:\/\/www.fmd-hm.com\/de\/download-zertifikate-und-dokumentationen\/"]}]},{"@type":"BreadcrumbList","@id":"https:\/\/www.fmd-hm.com\/de\/download-zertifikate-und-dokumentationen\/#breadcrumb","itemListElement":[{"@type":"ListItem","position":1,"name":"Inicio","item":"https:\/\/www.fmd-hm.com\/de\/"},{"@type":"ListItem","position":2,"name":"Download: Zertifikate und Dokumentationen"}]},{"@type":"WebSite","@id":"https:\/\/www.fmd-hm.com\/de\/#website","url":"https:\/\/www.fmd-hm.com\/de\/","name":"FMD Carbide","description":"Fabricaci\u00f3n y sinterizaci\u00f3n de metal duro","publisher":{"@id":"https:\/\/www.fmd-hm.com\/de\/#organization"},"potentialAction":[{"@type":"SearchAction","target":{"@type":"EntryPoint","urlTemplate":"https:\/\/www.fmd-hm.com\/de\/?s={search_term_string}"},"query-input":{"@type":"PropertyValueSpecification","valueRequired":true,"valueName":"search_term_string"}}],"inLanguage":"de"},{"@type":"Organization","@id":"https:\/\/www.fmd-hm.com\/de\/#organization","name":"FMD Carbide","url":"https:\/\/www.fmd-hm.com\/de\/","logo":{"@type":"ImageObject","inLanguage":"de","@id":"https:\/\/www.fmd-hm.com\/de\/#\/schema\/logo\/image\/","url":"https:\/\/www.fmd-hm.com\/wp-content\/uploads\/2021\/03\/fmd-carbide-logoc.png","contentUrl":"https:\/\/www.fmd-hm.com\/wp-content\/uploads\/2021\/03\/fmd-carbide-logoc.png","width":326,"height":100,"caption":"FMD Carbide"},"image":{"@id":"https:\/\/www.fmd-hm.com\/de\/#\/schema\/logo\/image\/"}}]}},"_links":{"self":[{"href":"https:\/\/www.fmd-hm.com\/de\/wp-json\/wp\/v2\/pages\/6718","targetHints":{"allow":["GET"]}}],"collection":[{"href":"https:\/\/www.fmd-hm.com\/de\/wp-json\/wp\/v2\/pages"}],"about":[{"href":"https:\/\/www.fmd-hm.com\/de\/wp-json\/wp\/v2\/types\/page"}],"author":[{"embeddable":true,"href":"https:\/\/www.fmd-hm.com\/de\/wp-json\/wp\/v2\/users\/1"}],"replies":[{"embeddable":true,"href":"https:\/\/www.fmd-hm.com\/de\/wp-json\/wp\/v2\/comments?post=6718"}],"version-history":[{"count":2,"href":"https:\/\/www.fmd-hm.com\/de\/wp-json\/wp\/v2\/pages\/6718\/revisions"}],"predecessor-version":[{"id":6897,"href":"https:\/\/www.fmd-hm.com\/de\/wp-json\/wp\/v2\/pages\/6718\/revisions\/6897"}],"wp:attachment":[{"href":"https:\/\/www.fmd-hm.com\/de\/wp-json\/wp\/v2\/media?parent=6718"}],"curies":[{"name":"wp","href":"https:\/\/api.w.org\/{rel}","templated":true}]}}