{"id":6049,"date":"2019-11-18T13:11:41","date_gmt":"2019-11-18T12:11:41","guid":{"rendered":"http:\/\/www.fmd-hm.com\/tecnologia\/"},"modified":"2026-02-24T15:49:17","modified_gmt":"2026-02-24T14:49:17","slug":"technologie","status":"publish","type":"page","link":"https:\/\/www.fmd-hm.com\/fr\/technologie\/","title":{"rendered":"Technologie"},"content":{"rendered":"<div class=\"wpb-content-wrapper\"><p>[vc_row full_width=\u00a0\u00bbstretch_row_content_no_spaces\u00a0\u00bb content_placement=\u00a0\u00bbmiddle\u00a0\u00bb match_height=\u00a0\u00bbyes\u00a0\u00bb center_row=\u00a0\u00bbyes\u00a0\u00bb bg_overlay=\u00a0\u00bbyes\u00a0\u00bb bg_overlay_style=\u00a0\u00bboverlay-primary\u00a0\u00bb typo_style=\u00a0\u00bblight\u00a0\u00bb css=\u00a0\u00bb.vc_custom_1616491735880{padding-top: 0px !important;padding-bottom: 0px !important;background-image: url(https:\/\/www.fmd-hm.com\/wp-content\/uploads\/2021\/03\/fondo2.jpg?id=4989) !important;background-position: center !important;background-repeat: no-repeat !important;background-size: cover !important;}\u00a0\u00bb el_class=\u00a0\u00bbanchocompleto fondofijo\u00a0\u00bb][vc_column width=\u00a0\u00bb1\/3&Prime; el_class=\u00a0\u00bbbloques-inicio\u00a0\u00bb offset=\u00a0\u00bbvc_col-xs-12&Prime; css=\u00a0\u00bb.vc_custom_1573742729688{margin-top: 15px !important;}\u00a0\u00bb][vc_column_text css=\u00a0\u00bb.vc_custom_1617194804117{padding-top: 40px !important;padding-bottom: 40px !important;}\u00a0\u00bb el_class=\u00a0\u00bbcentrar h1&Prime;]<\/p>\n<h1>Tecnolog\u00eda<\/h1>\n<p>[\/vc_column_text][\/vc_column][vc_column width=\u00a0\u00bb2\/3&Prime; offset=\u00a0\u00bbvc_col-xs-12&Prime; css=\u00a0\u00bb.vc_custom_1573744889322{padding-top: 100px !important;padding-right: 50px !important;padding-bottom: 100px !important;padding-left: 50px !important;background-color: rgba(0,0,0,0.62) !important;*background-color: rgb(0,0,0) !important;}\u00a0\u00bb]<div class=\"zozo-parallax-header h225px\"><div class=\"parallax-header content-style-default\"><h2 class=\"parallax-title\" style=\"font-size:25px;\">Material de excepcional dureza y gran tenacidad<\/h2><\/div><\/div>[vc_column_text el_class=\u00a0\u00bblead blanco\u00a0\u00bb]FMD CARBIDE cuenta con taller mec\u00e1nico propio, bien equipado, para realizar todos los trabajos de semiacabado a fin de satisfacer los requerimientos de nuestros clientes.[\/vc_column_text][\/vc_column][\/vc_row][vc_row el_class=\u00a0\u00bbcontenedor\u00a0\u00bb css=\u00a0\u00bb.vc_custom_1574087698380{margin-bottom: 0px !important;padding-bottom: 0px !important;}\u00a0\u00bb][vc_column width=\u00a0\u00bb1\/2&Prime; offset=\u00a0\u00bbvc_col-lg-4 vc_col-md-4&Prime; css=\u00a0\u00bb.vc_custom_1574087616941{padding-right: 20px !important;padding-left: 30px !important;}\u00a0\u00bb][vc_row_inner css=\u00a0\u00bb.vc_custom_1602155703091{margin-bottom: 0px !important;padding-bottom: 0px !important;}\u00a0\u00bb][vc_column_inner css=\u00a0\u00bb.vc_custom_1574087599494{padding-right: 25px !important;padding-bottom: 25px !important;padding-left: 25px !important;background-color: rgba(255,255,255,0.86) !important;*background-color: rgb(255,255,255) !important;}\u00a0\u00bb][vc_column_text]<\/p>\n<h4>Nuestros avanzados recursos humanos y t\u00e9cnicos nos permiten ofrecer los mejores niveles de calidad y servicio.<\/h4>\n<p>Contamos con unas instalaciones y laboratorios en constante renovaci\u00f3n, y herramientas modernas para la identificaci\u00f3n de las necesidades.[\/vc_column_text][vc_single_image image=\u00a0\u00bb6054&Prime; img_size=\u00a0\u00bbfull\u00a0\u00bb][\/vc_column_inner][\/vc_row_inner][\/vc_column][vc_column width=\u00a0\u00bb1\/2&Prime; offset=\u00a0\u00bbvc_col-lg-4 vc_col-md-4&Prime;][\/vc_column][\/vc_row][vc_row content_placement=\u00a0\u00bbtop\u00a0\u00bb el_class=\u00a0\u00bbcontenedor\u00a0\u00bb css=\u00a0\u00bb.vc_custom_1602155454494{margin-top: 0px !important;margin-right: 0px !important;padding-top: 0px !important;padding-right: 0px !important;padding-bottom: 100px !important;}\u00a0\u00bb][vc_column width=\u00a0\u00bb1\/2&Prime; css=\u00a0\u00bb.vc_custom_1574087772006{margin-left: 0px !important;padding-left: 0px !important;}\u00a0\u00bb][vc_row_inner el_class=\u00a0\u00bbmovilno\u00a0\u00bb css=\u00a0\u00bb.vc_custom_1602154412363{margin-top: 80px !important;margin-left: 0px !important;padding-left: 0px !important;}\u00a0\u00bb][vc_column_inner width=\u00a0\u00bb1\/2&Prime;][vc_single_image image=\u00a0\u00bb6059&Prime; img_size=\u00a0\u00bbfull\u00a0\u00bb alignment=\u00a0\u00bbcenter\u00a0\u00bb][vc_single_image image=\u00a0\u00bb6055&Prime; img_size=\u00a0\u00bbfull\u00a0\u00bb alignment=\u00a0\u00bbcenter\u00a0\u00bb][\/vc_column_inner][vc_column_inner width=\u00a0\u00bb1\/2&Prime;][vc_single_image image=\u00a0\u00bb6060&Prime; img_size=\u00a0\u00bbfull\u00a0\u00bb alignment=\u00a0\u00bbcenter\u00a0\u00bb][vc_single_image image=\u00a0\u00bb6064&Prime; img_size=\u00a0\u00bbfull\u00a0\u00bb alignment=\u00a0\u00bbcenter\u00a0\u00bb][\/vc_column_inner][\/vc_row_inner][\/vc_column][vc_column width=\u00a0\u00bb1\/2&Prime;][vc_row_inner css=\u00a0\u00bb.vc_custom_1602154810325{padding-top: 0px !important;padding-bottom: 0px !important;}\u00a0\u00bb][vc_column_inner]<div class=\"zozo-parallax-header\"><div class=\"parallax-header content-style-default\"><h2 class=\"parallax-title\" style=\"font-size:25px;\">Medios de producci\u00f3n<\/h2><\/div><\/div>[vc_column_text]<\/p>\n<ul>\n<li>Prensas, Isost\u00e1ticas CIP e Hidr\u00e1ulicas de hasta 1250 toneladas<\/li>\n<li>Tornos y Centros de mecanizado CNC<\/li>\n<li>Hornos de sinterizado de hasta 60 bares de<\/li>\n<li>Presi\u00f3n HIP<\/li>\n<li>M\u00e1quina de corte por hilo y Penetraci\u00f3n<\/li>\n<li>Planeadora rectificadora<\/li>\n<li>Rectificadoras cil\u00edndricas de exteriores e interiores<\/li>\n<li>Centro de Mecanizado CNC<\/li>\n<li>Afiladora y perfiladoras<\/li>\n<\/ul>\n<p>[\/vc_column_text][\/vc_column_inner][\/vc_row_inner][vc_row_inner css=\u00a0\u00bb.vc_custom_1605537240049{margin-top: 88px !important;}\u00a0\u00bb el_class=\u00a0\u00bbmovilno\u00a0\u00bb][vc_column_inner width=\u00a0\u00bb1\/2&Prime;][vc_single_image image=\u00a0\u00bb6061&Prime; img_size=\u00a0\u00bbfull\u00a0\u00bb alignment=\u00a0\u00bbcenter\u00a0\u00bb][\/vc_column_inner][vc_column_inner width=\u00a0\u00bb1\/2&Prime;][vc_single_image image=\u00a0\u00bb6065&Prime; img_size=\u00a0\u00bbfull\u00a0\u00bb alignment=\u00a0\u00bbcenter\u00a0\u00bb][\/vc_column_inner][\/vc_row_inner][vc_row_inner el_class=\u00a0\u00bbmovilsi\u00a0\u00bb css=\u00a0\u00bb.vc_custom_1602154501149{margin-top: 80px !important;margin-left: 0px !important;padding-left: 0px !important;}\u00a0\u00bb][vc_column_inner width=\u00a0\u00bb1\/2&Prime;][vc_single_image image=\u00a0\u00bb6059&Prime; img_size=\u00a0\u00bbfull\u00a0\u00bb alignment=\u00a0\u00bbcenter\u00a0\u00bb][vc_single_image image=\u00a0\u00bb6055&Prime; img_size=\u00a0\u00bbfull\u00a0\u00bb alignment=\u00a0\u00bbcenter\u00a0\u00bb][vc_single_image image=\u00a0\u00bb6061&Prime; img_size=\u00a0\u00bbfull\u00a0\u00bb alignment=\u00a0\u00bbcenter\u00a0\u00bb][\/vc_column_inner][vc_column_inner width=\u00a0\u00bb1\/2&Prime;][vc_single_image image=\u00a0\u00bb6060&Prime; img_size=\u00a0\u00bbfull\u00a0\u00bb alignment=\u00a0\u00bbcenter\u00a0\u00bb][vc_single_image image=\u00a0\u00bb6064&Prime; img_size=\u00a0\u00bbfull\u00a0\u00bb alignment=\u00a0\u00bbcenter\u00a0\u00bb][vc_single_image image=\u00a0\u00bb6065&Prime; img_size=\u00a0\u00bbfull\u00a0\u00bb alignment=\u00a0\u00bbcenter\u00a0\u00bb][\/vc_column_inner][\/vc_row_inner][\/vc_column][\/vc_row][vc_row content_placement=\u00a0\u00bbmiddle\u00a0\u00bb el_class=\u00a0\u00bbcontenedor\u00a0\u00bb css=\u00a0\u00bb.vc_custom_1574078841142{padding-top: 0px !important;padding-bottom: 100px !important;}\u00a0\u00bb][vc_column width=\u00a0\u00bb1\/2&Prime;][vc_row_inner][vc_column_inner]<div class=\"zozo-parallax-header\"><div class=\"parallax-header content-style-default\"><h2 class=\"parallax-title\" style=\"font-size:25px;\">Laboratorio<\/h2><\/div><\/div>[vc_column_text]Nuestro laboratorio cuenta con los equipos necesarios para un completo control metalogr\u00e1fico de nuestros productos, as\u00ed como para el control en proceso y una planta piloto para el desarrollo de nuevos productos y calidades.<\/p>\n<p>Entre los equipos de los que disponemos cabe destacar:<\/p>\n<ul>\n<li>Equipos de medida de densidad<\/li>\n<li>Dur\u00f3metros Rockwell y Vickers<\/li>\n<li>Hister\u00f3grafo, para el an\u00e1lisis de propiedades magn\u00e9ticas (coercitividad y saturaci\u00f3n magn\u00e9tica)<\/li>\n<li>Analizador de Carbono<\/li>\n<li>Lupa y microscopio \u00f3ptico<\/li>\n<li>Pulidora autom\u00e1tica<\/li>\n<\/ul>\n<p>[\/vc_column_text][\/vc_column_inner][\/vc_row_inner][\/vc_column][vc_column width=\u00a0\u00bb1\/2&Prime;][vc_row_inner css=\u00a0\u00bb.vc_custom_1602155647797{margin-top: 60px !important;}\u00a0\u00bb][vc_column_inner width=\u00a0\u00bb1\/2&Prime;][vc_single_image image=\u00a0\u00bb6066&Prime; img_size=\u00a0\u00bbfull\u00a0\u00bb alignment=\u00a0\u00bbcenter\u00a0\u00bb][vc_single_image image=\u00a0\u00bb6068&Prime; img_size=\u00a0\u00bbfull\u00a0\u00bb alignment=\u00a0\u00bbcenter\u00a0\u00bb][\/vc_column_inner][vc_column_inner width=\u00a0\u00bb1\/2&Prime;][vc_single_image image=\u00a0\u00bb6067&Prime; img_size=\u00a0\u00bbfull\u00a0\u00bb alignment=\u00a0\u00bbcenter\u00a0\u00bb][vc_single_image image=\u00a0\u00bb6069&Prime; img_size=\u00a0\u00bbfull\u00a0\u00bb alignment=\u00a0\u00bbcenter\u00a0\u00bb][\/vc_column_inner][\/vc_row_inner][\/vc_column][\/vc_row][vc_row content_placement=\u00a0\u00bbmiddle\u00a0\u00bb el_class=\u00a0\u00bbcontenedor\u00a0\u00bb css=\u00a0\u00bb.vc_custom_1574078841142{padding-top: 0px !important;padding-bottom: 100px !important;}\u00a0\u00bb][vc_column width=\u00a0\u00bb1\/2&Prime; css=\u00a0\u00bb.vc_custom_1574082841604{margin-left: 0px !important;padding-left: 0px !important;}\u00a0\u00bb][vc_row_inner el_class=\u00a0\u00bbmovilno\u00a0\u00bb][vc_column_inner width=\u00a0\u00bb1\/2&Prime;][vc_single_image image=\u00a0\u00bb6070&Prime; img_size=\u00a0\u00bbfull\u00a0\u00bb alignment=\u00a0\u00bbcenter\u00a0\u00bb][\/vc_column_inner][vc_column_inner width=\u00a0\u00bb1\/2&Prime;][vc_single_image image=\u00a0\u00bb6071&Prime; img_size=\u00a0\u00bbfull\u00a0\u00bb alignment=\u00a0\u00bbcenter\u00a0\u00bb][\/vc_column_inner][\/vc_row_inner][\/vc_column][vc_column width=\u00a0\u00bb1\/2&Prime;][vc_row_inner css=\u00a0\u00bb.vc_custom_1574086920494{padding-bottom: 40px !important;}\u00a0\u00bb][vc_column_inner][vc_column_text]Y dentro de la\u00a0<strong>planta piloto<\/strong>\u00a0contamos con los equipos de producci\u00f3n y an\u00e1lisis de materiales RTP (ready to press):<\/p>\n<ul>\n<li>Molino atritor de laboratorio<\/li>\n<li>Estufas de secado al aire y en de vac\u00edo<\/li>\n<li>Torre de tamizado<\/li>\n<li>Medida de la densidad aparente<\/li>\n<li>Medida de la velocidad de flujo (Hall)<\/li>\n<li>Prensa para probetas<\/li>\n<li>Control dimensional de probetas<\/li>\n<\/ul>\n<p>[\/vc_column_text][\/vc_column_inner][\/vc_row_inner][vc_row_inner el_class=\u00a0\u00bbmovilsi\u00a0\u00bb css=\u00a0\u00bb.vc_custom_1574086865312{padding-top: 40px !important;}\u00a0\u00bb][vc_column_inner width=\u00a0\u00bb1\/2&Prime;][vc_single_image image=\u00a0\u00bb6070&Prime; img_size=\u00a0\u00bbfull\u00a0\u00bb alignment=\u00a0\u00bbcenter\u00a0\u00bb][\/vc_column_inner][vc_column_inner width=\u00a0\u00bb1\/2&Prime;][vc_single_image image=\u00a0\u00bb6071&Prime; img_size=\u00a0\u00bbfull\u00a0\u00bb alignment=\u00a0\u00bbcenter\u00a0\u00bb][\/vc_column_inner][\/vc_row_inner][vc_single_image image=\u00a0\u00bb6952&Prime; img_size=\u00a0\u00bbfull\u00a0\u00bb alignment=\u00a0\u00bbcenter\u00a0\u00bb css=\u00a0\u00bb\u00a0\u00bb][vc_single_image image=\u00a0\u00bb6924&Prime; img_size=\u00a0\u00bbfull\u00a0\u00bb alignment=\u00a0\u00bbcenter\u00a0\u00bb css=\u00a0\u00bb\u00a0\u00bb][\/vc_column][\/vc_row][vc_row full_width=\u00a0\u00bbstretch_row_content_no_spaces\u00a0\u00bb center_row=\u00a0\u00bbyes\u00a0\u00bb typo_style=\u00a0\u00bblight\u00a0\u00bb css=\u00a0\u00bb.vc_custom_1573743734136{margin-top: 0px !important;padding-top: 80px !important;background-color: #a5a5a5 !important;background-position: center !important;background-repeat: no-repeat !important;background-size: cover !important;}\u00a0\u00bb el_class=\u00a0\u00bbfondofijo\u00a0\u00bb][vc_column typo_style=\u00a0\u00bb\u00a0\u00bb][vc_btn title=\u00a0\u00bbContacta con FMD Carbide\u00a0\u00bb style=\u00a0\u00bboutline\u00a0\u00bb shape=\u00a0\u00bbsquare\u00a0\u00bb color=\u00a0\u00bbdefault\u00a0\u00bb size=\u00a0\u00bblg\u00a0\u00bb align=\u00a0\u00bbcenter\u00a0\u00bb link=\u00a0\u00bburl:https%3A%2F%2Fwww.fmd-hm.com%2Ffr%2Fcontact%2F|title:Contacto|\u00a0\u00bb][\/vc_column][\/vc_row]<\/p>\n<\/div>","protected":false},"excerpt":{"rendered":"<p>[vc_row full_width=\u00a0\u00bbstretch_row_content_no_spaces\u00a0\u00bb content_placement=\u00a0\u00bbmiddle\u00a0\u00bb match_height=\u00a0\u00bbyes\u00a0\u00bb center_row=\u00a0\u00bbyes\u00a0\u00bb bg_overlay=\u00a0\u00bbyes\u00a0\u00bb bg_overlay_style=\u00a0\u00bboverlay-primary\u00a0\u00bb typo_style=\u00a0\u00bblight\u00a0\u00bb css=\u00a0\u00bb.vc_custom_1616491735880{padding-top: 0px !important;padding-bottom: 0px !important;background-image: url(https:\/\/www.fmd-hm.com\/wp-content\/uploads\/2021\/03\/fondo2.jpg?id=4989) !important;background-position: center !important;background-repeat: no-repeat !important;background-size: cover !important;}\u00a0\u00bb el_class=\u00a0\u00bbanchocompleto fondofijo\u00a0\u00bb][vc_column width=\u00a0\u00bb1\/3&Prime; el_class=\u00a0\u00bbbloques-inicio\u00a0\u00bb offset=\u00a0\u00bbvc_col-xs-12&Prime; css=\u00a0\u00bb.vc_custom_1573742729688{margin-top: 15px !important;}\u00a0\u00bb][vc_column_text css=\u00a0\u00bb.vc_custom_1617194804117{padding-top:&#8230;<\/p>\n","protected":false},"author":1,"featured_media":0,"parent":0,"menu_order":2,"comment_status":"closed","ping_status":"closed","template":"template-fullwidth.php","meta":{"footnotes":""},"class_list":["post-6049","page","type-page","status-publish","hentry"],"yoast_head":"<!-- This site is optimized with the Yoast SEO plugin v27.0 - https:\/\/yoast.com\/product\/yoast-seo-wordpress\/ -->\n<title>Technologie - FMD Carbide<\/title>\n<meta name=\"description\" content=\"FMD CARBIDE est \u00e9quip\u00e9 d\u2019un atelier m\u00e9canique propre, bien \u00e9quip\u00e9, pour r\u00e9aliser tous les travaux semi-finis de afin de satisfaire les revendications nos clients.\" \/>\n<meta name=\"robots\" content=\"index, follow, max-snippet:-1, max-image-preview:large, max-video-preview:-1\" \/>\n<link rel=\"canonical\" href=\"https:\/\/www.fmd-hm.com\/fr\/technologie\/\" \/>\n<meta property=\"og:locale\" content=\"fr_FR\" \/>\n<meta property=\"og:type\" content=\"article\" \/>\n<meta property=\"og:title\" content=\"Technologie - FMD Carbide\" \/>\n<meta property=\"og:description\" content=\"FMD CARBIDE est \u00e9quip\u00e9 d\u2019un atelier m\u00e9canique propre, bien \u00e9quip\u00e9, pour r\u00e9aliser tous les travaux semi-finis de afin de satisfaire les revendications nos clients.\" \/>\n<meta property=\"og:url\" content=\"https:\/\/www.fmd-hm.com\/fr\/technologie\/\" \/>\n<meta property=\"og:site_name\" content=\"FMD Carbide\" \/>\n<meta property=\"article:modified_time\" content=\"2026-02-24T14:49:17+00:00\" \/>\n<meta name=\"twitter:card\" content=\"summary_large_image\" \/>\n<meta name=\"twitter:label1\" content=\"Dur\u00e9e de lecture estim\u00e9e\" \/>\n\t<meta name=\"twitter:data1\" content=\"6 minutes\" \/>\n<script type=\"application\/ld+json\" class=\"yoast-schema-graph\">{\"@context\":\"https:\/\/schema.org\",\"@graph\":[{\"@type\":\"WebPage\",\"@id\":\"https:\/\/www.fmd-hm.com\/fr\/technologie\/\",\"url\":\"https:\/\/www.fmd-hm.com\/fr\/technologie\/\",\"name\":\"Technologie - FMD Carbide\",\"isPartOf\":{\"@id\":\"https:\/\/www.fmd-hm.com\/fr\/#website\"},\"datePublished\":\"2019-11-18T12:11:41+00:00\",\"dateModified\":\"2026-02-24T14:49:17+00:00\",\"description\":\"FMD CARBIDE est \u00e9quip\u00e9 d\u2019un atelier m\u00e9canique propre, bien \u00e9quip\u00e9, pour r\u00e9aliser tous les travaux semi-finis de afin de satisfaire les revendications nos clients.\",\"breadcrumb\":{\"@id\":\"https:\/\/www.fmd-hm.com\/fr\/technologie\/#breadcrumb\"},\"inLanguage\":\"fr-FR\",\"potentialAction\":[{\"@type\":\"ReadAction\",\"target\":[\"https:\/\/www.fmd-hm.com\/fr\/technologie\/\"]}]},{\"@type\":\"BreadcrumbList\",\"@id\":\"https:\/\/www.fmd-hm.com\/fr\/technologie\/#breadcrumb\",\"itemListElement\":[{\"@type\":\"ListItem\",\"position\":1,\"name\":\"Inicio\",\"item\":\"https:\/\/www.fmd-hm.com\/fr\/\"},{\"@type\":\"ListItem\",\"position\":2,\"name\":\"Technologie\"}]},{\"@type\":\"WebSite\",\"@id\":\"https:\/\/www.fmd-hm.com\/fr\/#website\",\"url\":\"https:\/\/www.fmd-hm.com\/fr\/\",\"name\":\"FMD Carbide\",\"description\":\"Fabricaci\u00f3n y sinterizaci\u00f3n de metal duro\",\"publisher\":{\"@id\":\"https:\/\/www.fmd-hm.com\/fr\/#organization\"},\"potentialAction\":[{\"@type\":\"SearchAction\",\"target\":{\"@type\":\"EntryPoint\",\"urlTemplate\":\"https:\/\/www.fmd-hm.com\/fr\/?s={search_term_string}\"},\"query-input\":{\"@type\":\"PropertyValueSpecification\",\"valueRequired\":true,\"valueName\":\"search_term_string\"}}],\"inLanguage\":\"fr-FR\"},{\"@type\":\"Organization\",\"@id\":\"https:\/\/www.fmd-hm.com\/fr\/#organization\",\"name\":\"FMD Carbide\",\"url\":\"https:\/\/www.fmd-hm.com\/fr\/\",\"logo\":{\"@type\":\"ImageObject\",\"inLanguage\":\"fr-FR\",\"@id\":\"https:\/\/www.fmd-hm.com\/fr\/#\/schema\/logo\/image\/\",\"url\":\"https:\/\/www.fmd-hm.com\/wp-content\/uploads\/2021\/03\/fmd-carbide-logoc.png\",\"contentUrl\":\"https:\/\/www.fmd-hm.com\/wp-content\/uploads\/2021\/03\/fmd-carbide-logoc.png\",\"width\":326,\"height\":100,\"caption\":\"FMD Carbide\"},\"image\":{\"@id\":\"https:\/\/www.fmd-hm.com\/fr\/#\/schema\/logo\/image\/\"}}]}<\/script>\n<!-- \/ Yoast SEO plugin. -->","yoast_head_json":{"title":"Technologie - FMD Carbide","description":"FMD CARBIDE est \u00e9quip\u00e9 d\u2019un atelier m\u00e9canique propre, bien \u00e9quip\u00e9, pour r\u00e9aliser tous les travaux semi-finis de afin de satisfaire les revendications nos clients.","robots":{"index":"index","follow":"follow","max-snippet":"max-snippet:-1","max-image-preview":"max-image-preview:large","max-video-preview":"max-video-preview:-1"},"canonical":"https:\/\/www.fmd-hm.com\/fr\/technologie\/","og_locale":"fr_FR","og_type":"article","og_title":"Technologie - FMD Carbide","og_description":"FMD CARBIDE est \u00e9quip\u00e9 d\u2019un atelier m\u00e9canique propre, bien \u00e9quip\u00e9, pour r\u00e9aliser tous les travaux semi-finis de afin de satisfaire les revendications nos clients.","og_url":"https:\/\/www.fmd-hm.com\/fr\/technologie\/","og_site_name":"FMD Carbide","article_modified_time":"2026-02-24T14:49:17+00:00","twitter_card":"summary_large_image","twitter_misc":{"Dur\u00e9e de lecture estim\u00e9e":"6 minutes"},"schema":{"@context":"https:\/\/schema.org","@graph":[{"@type":"WebPage","@id":"https:\/\/www.fmd-hm.com\/fr\/technologie\/","url":"https:\/\/www.fmd-hm.com\/fr\/technologie\/","name":"Technologie - FMD Carbide","isPartOf":{"@id":"https:\/\/www.fmd-hm.com\/fr\/#website"},"datePublished":"2019-11-18T12:11:41+00:00","dateModified":"2026-02-24T14:49:17+00:00","description":"FMD CARBIDE est \u00e9quip\u00e9 d\u2019un atelier m\u00e9canique propre, bien \u00e9quip\u00e9, pour r\u00e9aliser tous les travaux semi-finis de afin de satisfaire les revendications nos clients.","breadcrumb":{"@id":"https:\/\/www.fmd-hm.com\/fr\/technologie\/#breadcrumb"},"inLanguage":"fr-FR","potentialAction":[{"@type":"ReadAction","target":["https:\/\/www.fmd-hm.com\/fr\/technologie\/"]}]},{"@type":"BreadcrumbList","@id":"https:\/\/www.fmd-hm.com\/fr\/technologie\/#breadcrumb","itemListElement":[{"@type":"ListItem","position":1,"name":"Inicio","item":"https:\/\/www.fmd-hm.com\/fr\/"},{"@type":"ListItem","position":2,"name":"Technologie"}]},{"@type":"WebSite","@id":"https:\/\/www.fmd-hm.com\/fr\/#website","url":"https:\/\/www.fmd-hm.com\/fr\/","name":"FMD Carbide","description":"Fabricaci\u00f3n y sinterizaci\u00f3n de metal duro","publisher":{"@id":"https:\/\/www.fmd-hm.com\/fr\/#organization"},"potentialAction":[{"@type":"SearchAction","target":{"@type":"EntryPoint","urlTemplate":"https:\/\/www.fmd-hm.com\/fr\/?s={search_term_string}"},"query-input":{"@type":"PropertyValueSpecification","valueRequired":true,"valueName":"search_term_string"}}],"inLanguage":"fr-FR"},{"@type":"Organization","@id":"https:\/\/www.fmd-hm.com\/fr\/#organization","name":"FMD Carbide","url":"https:\/\/www.fmd-hm.com\/fr\/","logo":{"@type":"ImageObject","inLanguage":"fr-FR","@id":"https:\/\/www.fmd-hm.com\/fr\/#\/schema\/logo\/image\/","url":"https:\/\/www.fmd-hm.com\/wp-content\/uploads\/2021\/03\/fmd-carbide-logoc.png","contentUrl":"https:\/\/www.fmd-hm.com\/wp-content\/uploads\/2021\/03\/fmd-carbide-logoc.png","width":326,"height":100,"caption":"FMD Carbide"},"image":{"@id":"https:\/\/www.fmd-hm.com\/fr\/#\/schema\/logo\/image\/"}}]}},"_links":{"self":[{"href":"https:\/\/www.fmd-hm.com\/fr\/wp-json\/wp\/v2\/pages\/6049","targetHints":{"allow":["GET"]}}],"collection":[{"href":"https:\/\/www.fmd-hm.com\/fr\/wp-json\/wp\/v2\/pages"}],"about":[{"href":"https:\/\/www.fmd-hm.com\/fr\/wp-json\/wp\/v2\/types\/page"}],"author":[{"embeddable":true,"href":"https:\/\/www.fmd-hm.com\/fr\/wp-json\/wp\/v2\/users\/1"}],"replies":[{"embeddable":true,"href":"https:\/\/www.fmd-hm.com\/fr\/wp-json\/wp\/v2\/comments?post=6049"}],"version-history":[{"count":11,"href":"https:\/\/www.fmd-hm.com\/fr\/wp-json\/wp\/v2\/pages\/6049\/revisions"}],"predecessor-version":[{"id":6957,"href":"https:\/\/www.fmd-hm.com\/fr\/wp-json\/wp\/v2\/pages\/6049\/revisions\/6957"}],"wp:attachment":[{"href":"https:\/\/www.fmd-hm.com\/fr\/wp-json\/wp\/v2\/media?parent=6049"}],"curies":[{"name":"wp","href":"https:\/\/api.w.org\/{rel}","templated":true}]}}