{"id":6417,"date":"2019-12-23T16:49:39","date_gmt":"2019-12-23T15:49:39","guid":{"rendered":"http:\/\/www.fmd-hm.com\/carbure-tungstene-fritte\/prerectificados-soldadura-recargues\/"},"modified":"2021-04-07T10:00:38","modified_gmt":"2021-04-07T08:00:38","slug":"pre-rectifications-soudures-rechargements","status":"publish","type":"page","link":"https:\/\/www.fmd-hm.com\/fr\/carbure-tungstene-fritte\/pre-rectifications-soudures-rechargements\/","title":{"rendered":"Pr\u00e9-rectifications, soudures, rechargements"},"content":{"rendered":"<div class=\"wpb-content-wrapper\"><p>[vc_row full_width=\u00a0\u00bbstretch_row_content_no_spaces\u00a0\u00bb gap=\u00a0\u00bb35&Prime; content_placement=\u00a0\u00bbmiddle\u00a0\u00bb match_height=\u00a0\u00bbyes\u00a0\u00bb center_row=\u00a0\u00bbyes\u00a0\u00bb bg_overlay=\u00a0\u00bbyes\u00a0\u00bb bg_overlay_style=\u00a0\u00bboverlay-primary\u00a0\u00bb typo_style=\u00a0\u00bblight\u00a0\u00bb css=\u00a0\u00bb.vc_custom_1574693396916{padding-top: 0px !important;padding-bottom: 0px !important;background-image: url(https:\/\/fmd-hm.com\/wp-content\/uploads\/2019\/10\/fondo2.jpg?id=2229) !important;background-position: center !important;background-repeat: no-repeat !important;background-size: cover !important;}\u00a0\u00bb el_class=\u00a0\u00bbanchocompleto fondofijo contenedor\u00a0\u00bb][vc_column el_class=\u00a0\u00bbbloques-inicio\u00a0\u00bb offset=\u00a0\u00bbvc_col-xs-12&Prime; css=\u00a0\u00bb.vc_custom_1573742729688{margin-top: 15px !important;}\u00a0\u00bb][vc_row_inner content_placement=\u00a0\u00bbtop\u00a0\u00bb gap=\u00a0\u00bb35&Prime;][vc_column_inner css=\u00a0\u00bb.vc_custom_1574693578553{padding-top: 40px !important;padding-bottom: 40px !important;}\u00a0\u00bb][vc_column_text el_class=\u00a0\u00bbh1 centrar\u00a0\u00bb css=\u00a0\u00bb.vc_custom_1617781756048{padding-bottom: 0px !important;}\u00a0\u00bb]<\/p>\n<h5><a href=\"https:\/\/www.fmd-hm.com\/metal-duro-sinterizado\/\">Carbure tungstene fritt\u00e9<br \/>\n<\/a><\/h5>\n<h1>Pr\u00e9-rectifications, soudures, rechargements<\/h1>\n<p>[\/vc_column_text][vc_single_image image=\u00a0\u00bb6121&Prime; img_size=\u00a0\u00bbfull\u00a0\u00bb alignment=\u00a0\u00bbcenter\u00a0\u00bb][\/vc_column_inner][\/vc_row_inner][\/vc_column][\/vc_row][vc_row css=\u00a0\u00bb.vc_custom_1577113828143{background-color: #f7f7f7 !important;}\u00a0\u00bb el_class=\u00a0\u00bbcontenedor\u00a0\u00bb][vc_column width=\u00a0\u00bb1\/5&Prime;][vc_single_image image=\u00a0\u00bb6116&Prime; img_size=\u00a0\u00bbfull\u00a0\u00bb alignment=\u00a0\u00bbcenter\u00a0\u00bb onclick=\u00a0\u00bbcustom_link\u00a0\u00bb link=\u00a0\u00bb#prerectificados1&Prime;][vc_column_text]<\/p>\n<h6 style=\"text-align: center;\">Rectifications prismatiques<\/h6>\n<p>[\/vc_column_text][\/vc_column][vc_column width=\u00a0\u00bb1\/5&Prime;][vc_single_image image=\u00a0\u00bb6117&Prime; img_size=\u00a0\u00bbfull\u00a0\u00bb alignment=\u00a0\u00bbcenter\u00a0\u00bb onclick=\u00a0\u00bbcustom_link\u00a0\u00bb link=\u00a0\u00bb#prerectificados2&Prime;][vc_column_text]<\/p>\n<h6 style=\"text-align: center;\">Rectifications cylindriques<\/h6>\n<p>[\/vc_column_text][\/vc_column][vc_column width=\u00a0\u00bb1\/5&Prime;][vc_single_image image=\u00a0\u00bb6118&Prime; img_size=\u00a0\u00bbfull\u00a0\u00bb alignment=\u00a0\u00bbcenter\u00a0\u00bb onclick=\u00a0\u00bbcustom_link\u00a0\u00bb link=\u00a0\u00bb#prerectificados3&Prime;][vc_column_text]<\/p>\n<h6 style=\"text-align: center;\">Rectifications centerless<\/h6>\n<p>[\/vc_column_text][\/vc_column][vc_column width=\u00a0\u00bb1\/5&Prime;][vc_single_image image=\u00a0\u00bb6119&Prime; img_size=\u00a0\u00bbfull\u00a0\u00bb alignment=\u00a0\u00bbcenter\u00a0\u00bb onclick=\u00a0\u00bbcustom_link\u00a0\u00bb link=\u00a0\u00bb#prerectificados4&Prime;][vc_column_text]<\/p>\n<h6 style=\"text-align: center;\">Soudure de goujon en acier en carbure de tungst\u00e8ne<\/h6>\n<p>[\/vc_column_text][\/vc_column][vc_column width=\u00a0\u00bb1\/5&Prime;][vc_single_image image=\u00a0\u00bb6429&Prime; onclick=\u00a0\u00bbcustom_link\u00a0\u00bb link=\u00a0\u00bb#prerectificados5&Prime;][vc_column_text]<\/p>\n<h6 style=\"text-align: center;\">Soudure de plaques de m\u00e9tal dur \u00e0 corps d\u2019acier<\/h6>\n<p>[\/vc_column_text][\/vc_column][\/vc_row][vc_row el_class=\u00a0\u00bbcontenedor\u00a0\u00bb][vc_column][vc_row_inner][vc_column_inner][vc_column_text el_class=\u00a0\u00bbcentrar\u00a0\u00bb]FMD CARBIDE dispose d\u2019un atelier de rectification bien \u00e9quip\u00e9 et d\u2019une \u00e9quipe humaine poss\u00e9dant une grande exp\u00e9rience et une excellente capacit\u00e9 de r\u00e9ponse afin de proposer \u00e0 nos client un produit optimal.<\/p>\n<p>Dans ce but, apr\u00e8s le frittage de la pi\u00e8ce, si on le d\u00e9sire, il vous est propos\u00e9 diff\u00e9rentes finitions comme\u00a0: le pr\u00e9-rectification de la pi\u00e8ce, une soudure de gouyons en acier, ou sur des corps d\u2019acier du client, ainsi que des rechargements anti-usure sur acier.[\/vc_column_text][vc_single_image image=\u00a0\u00bb6418&Prime; img_size=\u00a0\u00bbfull\u00a0\u00bb alignment=\u00a0\u00bbcenter\u00a0\u00bb][\/vc_column_inner][\/vc_row_inner][vc_raw_html]JTNDYSUyMGlkJTNEJTIycHJlcmVjdGlmaWNhZG9zMSUyMiUzRSUzQyUyRmElM0U=[\/vc_raw_html][\/vc_column][\/vc_row][vc_row css=\u00a0\u00bb.vc_custom_1574695217872{padding-top: 30px !important;padding-right: 30px !important;padding-bottom: 30px !important;padding-left: 30px !important;}\u00a0\u00bb][vc_column][vc_row_inner gap=\u00a0\u00bb35&Prime;][vc_column_inner width=\u00a0\u00bb1\/4&Prime;][vc_single_image image=\u00a0\u00bb6116&Prime; img_size=\u00a0\u00bbfull\u00a0\u00bb alignment=\u00a0\u00bbright\u00a0\u00bb][\/vc_column_inner][vc_column_inner width=\u00a0\u00bb3\/4&Prime;][vc_column_text css=\u00a0\u00bb.vc_custom_1617781872643{margin-top: 30px !important;}\u00a0\u00bb]<\/p>\n<h3>Rectifications prismatiques<\/h3>\n<p>[\/vc_column_text][\/vc_column_inner][\/vc_row_inner][vc_row_inner css=\u00a0\u00bb.vc_custom_1574695134864{padding-top: 50px !important;}\u00a0\u00bb][vc_column_inner width=\u00a0\u00bb1\/5&Prime;][\/vc_column_inner][vc_column_inner width=\u00a0\u00bb1\/5&Prime;][vc_single_image image=\u00a0\u00bb6422&Prime; img_size=\u00a0\u00bbfull\u00a0\u00bb alignment=\u00a0\u00bbcenter\u00a0\u00bb onclick=\u00a0\u00bblink_image\u00a0\u00bb][\/vc_column_inner][vc_column_inner width=\u00a0\u00bb1\/5&Prime;][vc_single_image image=\u00a0\u00bb6423&Prime; img_size=\u00a0\u00bbfull\u00a0\u00bb alignment=\u00a0\u00bbcenter\u00a0\u00bb onclick=\u00a0\u00bblink_image\u00a0\u00bb][\/vc_column_inner][vc_column_inner width=\u00a0\u00bb1\/5&Prime;][vc_single_image image=\u00a0\u00bb6424&Prime; img_size=\u00a0\u00bbfull\u00a0\u00bb alignment=\u00a0\u00bbcenter\u00a0\u00bb onclick=\u00a0\u00bblink_image\u00a0\u00bb][\/vc_column_inner][vc_column_inner width=\u00a0\u00bb1\/5&Prime;][\/vc_column_inner][\/vc_row_inner][vc_raw_html]JTNDYSUyMGlkJTNEJTIycHJlcmVjdGlmaWNhZG9zMiUyMiUzRSUzQyUyRmElM0U=[\/vc_raw_html][\/vc_column][\/vc_row][vc_row css=\u00a0\u00bb.vc_custom_1574695217872{padding-top: 30px !important;padding-right: 30px !important;padding-bottom: 30px !important;padding-left: 30px !important;}\u00a0\u00bb][vc_column][vc_row_inner gap=\u00a0\u00bb35&Prime;][vc_column_inner width=\u00a0\u00bb1\/4&Prime;][vc_single_image image=\u00a0\u00bb6117&Prime; img_size=\u00a0\u00bbfull\u00a0\u00bb alignment=\u00a0\u00bbright\u00a0\u00bb][\/vc_column_inner][vc_column_inner width=\u00a0\u00bb3\/4&Prime;][vc_column_text css=\u00a0\u00bb.vc_custom_1617781897821{margin-top: 30px !important;}\u00a0\u00bb]<\/p>\n<h3>Rectifications cylindriques<\/h3>\n<p>[\/vc_column_text][\/vc_column_inner][\/vc_row_inner][vc_row_inner css=\u00a0\u00bb.vc_custom_1574695134864{padding-top: 50px !important;}\u00a0\u00bb][vc_column_inner width=\u00a0\u00bb1\/3&Prime;][\/vc_column_inner][vc_column_inner width=\u00a0\u00bb1\/3&Prime;][vc_single_image image=\u00a0\u00bb6425&Prime; img_size=\u00a0\u00bbfull\u00a0\u00bb alignment=\u00a0\u00bbcenter\u00a0\u00bb onclick=\u00a0\u00bblink_image\u00a0\u00bb][\/vc_column_inner][vc_column_inner width=\u00a0\u00bb1\/3&Prime;][\/vc_column_inner][\/vc_row_inner][vc_raw_html]JTNDYSUyMGlkJTNEJTIycHJlcmVjdGlmaWNhZG9zMyUyMiUzRSUzQyUyRmElM0U=[\/vc_raw_html][\/vc_column][\/vc_row][vc_row css=\u00a0\u00bb.vc_custom_1574695217872{padding-top: 30px !important;padding-right: 30px !important;padding-bottom: 30px !important;padding-left: 30px !important;}\u00a0\u00bb][vc_column][vc_row_inner gap=\u00a0\u00bb35&Prime;][vc_column_inner width=\u00a0\u00bb1\/4&Prime;][vc_single_image image=\u00a0\u00bb6118&Prime; img_size=\u00a0\u00bbfull\u00a0\u00bb alignment=\u00a0\u00bbright\u00a0\u00bb][\/vc_column_inner][vc_column_inner width=\u00a0\u00bb3\/4&Prime;][vc_column_text css=\u00a0\u00bb.vc_custom_1617781932122{margin-top: 30px !important;}\u00a0\u00bb]<\/p>\n<h3>Rectifications centerless<\/h3>\n<p>[\/vc_column_text][\/vc_column_inner][\/vc_row_inner][vc_row_inner css=\u00a0\u00bb.vc_custom_1574695134864{padding-top: 50px !important;}\u00a0\u00bb][vc_column_inner width=\u00a0\u00bb1\/4&Prime;][\/vc_column_inner][vc_column_inner width=\u00a0\u00bb1\/4&Prime;][vc_single_image image=\u00a0\u00bb6426&Prime; img_size=\u00a0\u00bbfull\u00a0\u00bb alignment=\u00a0\u00bbcenter\u00a0\u00bb onclick=\u00a0\u00bblink_image\u00a0\u00bb][\/vc_column_inner][vc_column_inner width=\u00a0\u00bb1\/4&Prime;][vc_single_image image=\u00a0\u00bb6427&Prime; img_size=\u00a0\u00bbfull\u00a0\u00bb alignment=\u00a0\u00bbcenter\u00a0\u00bb onclick=\u00a0\u00bblink_image\u00a0\u00bb][\/vc_column_inner][vc_column_inner width=\u00a0\u00bb1\/4&Prime;][\/vc_column_inner][\/vc_row_inner][vc_raw_html]JTNDYSUyMGlkJTNEJTIycHJlcmVjdGlmaWNhZG9zNCUyMiUzRSUzQyUyRmElM0U=[\/vc_raw_html][\/vc_column][\/vc_row][vc_row css=\u00a0\u00bb.vc_custom_1574695217872{padding-top: 30px !important;padding-right: 30px !important;padding-bottom: 30px !important;padding-left: 30px !important;}\u00a0\u00bb][vc_column][vc_row_inner gap=\u00a0\u00bb35&Prime;][vc_column_inner width=\u00a0\u00bb1\/4&Prime;][vc_single_image image=\u00a0\u00bb6119&Prime; img_size=\u00a0\u00bbfull\u00a0\u00bb alignment=\u00a0\u00bbright\u00a0\u00bb][\/vc_column_inner][vc_column_inner width=\u00a0\u00bb3\/4&Prime;][vc_column_text css=\u00a0\u00bb.vc_custom_1617781947222{margin-top: 30px !important;}\u00a0\u00bb]<\/p>\n<h3>Soudure de goujon en acier en carbure de tungst\u00e8ne<\/h3>\n<p>[\/vc_column_text][\/vc_column_inner][\/vc_row_inner][vc_row_inner css=\u00a0\u00bb.vc_custom_1574695134864{padding-top: 50px !important;}\u00a0\u00bb][vc_column_inner width=\u00a0\u00bb1\/4&Prime;][\/vc_column_inner][vc_column_inner width=\u00a0\u00bb1\/4&Prime;][vc_single_image image=\u00a0\u00bb6428&Prime; img_size=\u00a0\u00bbfull\u00a0\u00bb alignment=\u00a0\u00bbcenter\u00a0\u00bb onclick=\u00a0\u00bblink_image\u00a0\u00bb][\/vc_column_inner][vc_column_inner width=\u00a0\u00bb1\/4&Prime;][vc_single_image image=\u00a0\u00bb6420&Prime; img_size=\u00a0\u00bbfull\u00a0\u00bb alignment=\u00a0\u00bbcenter\u00a0\u00bb onclick=\u00a0\u00bblink_image\u00a0\u00bb][\/vc_column_inner][vc_column_inner width=\u00a0\u00bb1\/4&Prime;][\/vc_column_inner][\/vc_row_inner][vc_raw_html]JTNDYSUyMGlkJTNEJTIycHJlcmVjdGlmaWNhZG9zNSUyMiUzRSUzQyUyRmElM0U=[\/vc_raw_html][\/vc_column][\/vc_row][vc_row css=\u00a0\u00bb.vc_custom_1574695217872{padding-top: 30px !important;padding-right: 30px !important;padding-bottom: 30px !important;padding-left: 30px !important;}\u00a0\u00bb][vc_column][vc_row_inner gap=\u00a0\u00bb35&Prime;][vc_column_inner width=\u00a0\u00bb1\/4&Prime;][vc_single_image image=\u00a0\u00bb6429&Prime; img_size=\u00a0\u00bbfull\u00a0\u00bb alignment=\u00a0\u00bbright\u00a0\u00bb][\/vc_column_inner][vc_column_inner width=\u00a0\u00bb3\/4&Prime;][vc_column_text css=\u00a0\u00bb.vc_custom_1617781987001{margin-top: 30px !important;}\u00a0\u00bb]<\/p>\n<h3>Soudure de plaques de m\u00e9tal dur \u00e0 corps d\u2019acier<\/h3>\n<p>[\/vc_column_text][\/vc_column_inner][\/vc_row_inner][vc_row_inner css=\u00a0\u00bb.vc_custom_1574695134864{padding-top: 50px !important;}\u00a0\u00bb][vc_column_inner width=\u00a0\u00bb1\/3&Prime;][\/vc_column_inner][vc_column_inner width=\u00a0\u00bb1\/3&Prime;][vc_single_image image=\u00a0\u00bb6421&Prime; img_size=\u00a0\u00bbfull\u00a0\u00bb alignment=\u00a0\u00bbcenter\u00a0\u00bb onclick=\u00a0\u00bblink_image\u00a0\u00bb][\/vc_column_inner][vc_column_inner width=\u00a0\u00bb1\/3&Prime;][\/vc_column_inner][\/vc_row_inner][\/vc_column][\/vc_row][vc_row full_width=\u00a0\u00bbstretch_row_content_no_spaces\u00a0\u00bb center_row=\u00a0\u00bbyes\u00a0\u00bb typo_style=\u00a0\u00bblight\u00a0\u00bb css=\u00a0\u00bb.vc_custom_1602092729631{margin-top: 60px !important;padding-top: 80px !important;background-color: #a5a5a5 !important;background-position: center !important;background-repeat: no-repeat !important;background-size: cover !important;}\u00a0\u00bb el_class=\u00a0\u00bbfondofijo\u00a0\u00bb][vc_column typo_style=\u00a0\u00bb\u00a0\u00bb][vc_btn title=\u00a0\u00bbContactez FMD Carbide\u00a0\u00bb style=\u00a0\u00bboutline\u00a0\u00bb shape=\u00a0\u00bbsquare\u00a0\u00bb color=\u00a0\u00bbdefault\u00a0\u00bb size=\u00a0\u00bblg\u00a0\u00bb align=\u00a0\u00bbcenter\u00a0\u00bb link=\u00a0\u00bburl:%2Ffr%2Fcontact\u00a0\u00bb][\/vc_column][\/vc_row]<\/p>\n<\/div>","protected":false},"excerpt":{"rendered":"<p>[vc_row full_width=\u00a0\u00bbstretch_row_content_no_spaces\u00a0\u00bb gap=\u00a0\u00bb35&Prime; content_placement=\u00a0\u00bbmiddle\u00a0\u00bb match_height=\u00a0\u00bbyes\u00a0\u00bb center_row=\u00a0\u00bbyes\u00a0\u00bb bg_overlay=\u00a0\u00bbyes\u00a0\u00bb bg_overlay_style=\u00a0\u00bboverlay-primary\u00a0\u00bb typo_style=\u00a0\u00bblight\u00a0\u00bb css=\u00a0\u00bb.vc_custom_1574693396916{padding-top: 0px !important;padding-bottom: 0px !important;background-image: url(https:\/\/fmd-hm.com\/wp-content\/uploads\/2019\/10\/fondo2.jpg?id=2229) !important;background-position: center !important;background-repeat: no-repeat !important;background-size: cover !important;}\u00a0\u00bb el_class=\u00a0\u00bbanchocompleto fondofijo contenedor\u00a0\u00bb][vc_column el_class=\u00a0\u00bbbloques-inicio\u00a0\u00bb offset=\u00a0\u00bbvc_col-xs-12&Prime; css=\u00a0\u00bb.vc_custom_1573742729688{margin-top: 15px !important;}\u00a0\u00bb][vc_row_inner&#8230;<\/p>\n","protected":false},"author":1,"featured_media":0,"parent":6082,"menu_order":7,"comment_status":"closed","ping_status":"closed","template":"","meta":{"footnotes":""},"class_list":["post-6417","page","type-page","status-publish","hentry"],"yoast_head":"<!-- This site is optimized with the Yoast SEO plugin v27.0 - https:\/\/yoast.com\/product\/yoast-seo-wordpress\/ -->\n<title>Carbure tungstene fritt\u00e9 - Pr\u00e9-rectifications, soudures, rechargements - FMD Carbide<\/title>\n<meta name=\"description\" content=\"FMD CARBIDE dispose d\u2019un atelier de rectification et d\u2019une \u00e9quipe humaine poss\u00e9dant une grande exp\u00e9rience afin de proposer \u00e0 nos client un produit optimal.\" \/>\n<meta name=\"robots\" content=\"index, follow, max-snippet:-1, max-image-preview:large, max-video-preview:-1\" \/>\n<link rel=\"canonical\" href=\"https:\/\/www.fmd-hm.com\/fr\/carbure-tungstene-fritte\/pre-rectifications-soudures-rechargements\/\" \/>\n<meta property=\"og:locale\" content=\"fr_FR\" \/>\n<meta property=\"og:type\" content=\"article\" \/>\n<meta property=\"og:title\" content=\"Carbure tungstene fritt\u00e9 - Pr\u00e9-rectifications, soudures, rechargements - FMD Carbide\" \/>\n<meta property=\"og:description\" content=\"FMD CARBIDE dispose d\u2019un atelier de rectification et d\u2019une \u00e9quipe humaine poss\u00e9dant une grande exp\u00e9rience afin de proposer \u00e0 nos client un produit optimal.\" \/>\n<meta property=\"og:url\" content=\"https:\/\/www.fmd-hm.com\/fr\/carbure-tungstene-fritte\/pre-rectifications-soudures-rechargements\/\" \/>\n<meta property=\"og:site_name\" content=\"FMD Carbide\" \/>\n<meta property=\"article:modified_time\" content=\"2021-04-07T08:00:38+00:00\" \/>\n<meta name=\"twitter:card\" content=\"summary_large_image\" \/>\n<meta name=\"twitter:label1\" content=\"Dur\u00e9e de lecture estim\u00e9e\" \/>\n\t<meta name=\"twitter:data1\" content=\"2 minutes\" \/>\n<script type=\"application\/ld+json\" class=\"yoast-schema-graph\">{\"@context\":\"https:\/\/schema.org\",\"@graph\":[{\"@type\":\"WebPage\",\"@id\":\"https:\/\/www.fmd-hm.com\/fr\/carbure-tungstene-fritte\/pre-rectifications-soudures-rechargements\/\",\"url\":\"https:\/\/www.fmd-hm.com\/fr\/carbure-tungstene-fritte\/pre-rectifications-soudures-rechargements\/\",\"name\":\"Carbure tungstene fritt\u00e9 - Pr\u00e9-rectifications, soudures, rechargements - FMD Carbide\",\"isPartOf\":{\"@id\":\"https:\/\/www.fmd-hm.com\/fr\/#website\"},\"datePublished\":\"2019-12-23T15:49:39+00:00\",\"dateModified\":\"2021-04-07T08:00:38+00:00\",\"description\":\"FMD CARBIDE dispose d\u2019un atelier de rectification et d\u2019une \u00e9quipe humaine poss\u00e9dant une grande exp\u00e9rience afin de proposer \u00e0 nos client un produit optimal.\",\"breadcrumb\":{\"@id\":\"https:\/\/www.fmd-hm.com\/fr\/carbure-tungstene-fritte\/pre-rectifications-soudures-rechargements\/#breadcrumb\"},\"inLanguage\":\"fr-FR\",\"potentialAction\":[{\"@type\":\"ReadAction\",\"target\":[\"https:\/\/www.fmd-hm.com\/fr\/carbure-tungstene-fritte\/pre-rectifications-soudures-rechargements\/\"]}]},{\"@type\":\"BreadcrumbList\",\"@id\":\"https:\/\/www.fmd-hm.com\/fr\/carbure-tungstene-fritte\/pre-rectifications-soudures-rechargements\/#breadcrumb\",\"itemListElement\":[{\"@type\":\"ListItem\",\"position\":1,\"name\":\"Inicio\",\"item\":\"https:\/\/www.fmd-hm.com\/fr\/\"},{\"@type\":\"ListItem\",\"position\":2,\"name\":\"Carbure tungstene fritt\u00e9\",\"item\":\"https:\/\/www.fmd-hm.com\/fr\/carbure-tungstene-fritte\/\"},{\"@type\":\"ListItem\",\"position\":3,\"name\":\"Corte\"}]},{\"@type\":\"WebSite\",\"@id\":\"https:\/\/www.fmd-hm.com\/fr\/#website\",\"url\":\"https:\/\/www.fmd-hm.com\/fr\/\",\"name\":\"FMD Carbide\",\"description\":\"Fabricaci\u00f3n y sinterizaci\u00f3n de metal duro\",\"publisher\":{\"@id\":\"https:\/\/www.fmd-hm.com\/fr\/#organization\"},\"potentialAction\":[{\"@type\":\"SearchAction\",\"target\":{\"@type\":\"EntryPoint\",\"urlTemplate\":\"https:\/\/www.fmd-hm.com\/fr\/?s={search_term_string}\"},\"query-input\":{\"@type\":\"PropertyValueSpecification\",\"valueRequired\":true,\"valueName\":\"search_term_string\"}}],\"inLanguage\":\"fr-FR\"},{\"@type\":\"Organization\",\"@id\":\"https:\/\/www.fmd-hm.com\/fr\/#organization\",\"name\":\"FMD Carbide\",\"url\":\"https:\/\/www.fmd-hm.com\/fr\/\",\"logo\":{\"@type\":\"ImageObject\",\"inLanguage\":\"fr-FR\",\"@id\":\"https:\/\/www.fmd-hm.com\/fr\/#\/schema\/logo\/image\/\",\"url\":\"https:\/\/www.fmd-hm.com\/wp-content\/uploads\/2021\/03\/fmd-carbide-logoc.png\",\"contentUrl\":\"https:\/\/www.fmd-hm.com\/wp-content\/uploads\/2021\/03\/fmd-carbide-logoc.png\",\"width\":326,\"height\":100,\"caption\":\"FMD Carbide\"},\"image\":{\"@id\":\"https:\/\/www.fmd-hm.com\/fr\/#\/schema\/logo\/image\/\"}}]}<\/script>\n<!-- \/ Yoast SEO plugin. -->","yoast_head_json":{"title":"Carbure tungstene fritt\u00e9 - Pr\u00e9-rectifications, soudures, rechargements - FMD Carbide","description":"FMD CARBIDE dispose d\u2019un atelier de rectification et d\u2019une \u00e9quipe humaine poss\u00e9dant une grande exp\u00e9rience afin de proposer \u00e0 nos client un produit optimal.","robots":{"index":"index","follow":"follow","max-snippet":"max-snippet:-1","max-image-preview":"max-image-preview:large","max-video-preview":"max-video-preview:-1"},"canonical":"https:\/\/www.fmd-hm.com\/fr\/carbure-tungstene-fritte\/pre-rectifications-soudures-rechargements\/","og_locale":"fr_FR","og_type":"article","og_title":"Carbure tungstene fritt\u00e9 - Pr\u00e9-rectifications, soudures, rechargements - FMD Carbide","og_description":"FMD CARBIDE dispose d\u2019un atelier de rectification et d\u2019une \u00e9quipe humaine poss\u00e9dant une grande exp\u00e9rience afin de proposer \u00e0 nos client un produit optimal.","og_url":"https:\/\/www.fmd-hm.com\/fr\/carbure-tungstene-fritte\/pre-rectifications-soudures-rechargements\/","og_site_name":"FMD Carbide","article_modified_time":"2021-04-07T08:00:38+00:00","twitter_card":"summary_large_image","twitter_misc":{"Dur\u00e9e de lecture estim\u00e9e":"2 minutes"},"schema":{"@context":"https:\/\/schema.org","@graph":[{"@type":"WebPage","@id":"https:\/\/www.fmd-hm.com\/fr\/carbure-tungstene-fritte\/pre-rectifications-soudures-rechargements\/","url":"https:\/\/www.fmd-hm.com\/fr\/carbure-tungstene-fritte\/pre-rectifications-soudures-rechargements\/","name":"Carbure tungstene fritt\u00e9 - Pr\u00e9-rectifications, soudures, rechargements - FMD Carbide","isPartOf":{"@id":"https:\/\/www.fmd-hm.com\/fr\/#website"},"datePublished":"2019-12-23T15:49:39+00:00","dateModified":"2021-04-07T08:00:38+00:00","description":"FMD CARBIDE dispose d\u2019un atelier de rectification et d\u2019une \u00e9quipe humaine poss\u00e9dant une grande exp\u00e9rience afin de proposer \u00e0 nos client un produit optimal.","breadcrumb":{"@id":"https:\/\/www.fmd-hm.com\/fr\/carbure-tungstene-fritte\/pre-rectifications-soudures-rechargements\/#breadcrumb"},"inLanguage":"fr-FR","potentialAction":[{"@type":"ReadAction","target":["https:\/\/www.fmd-hm.com\/fr\/carbure-tungstene-fritte\/pre-rectifications-soudures-rechargements\/"]}]},{"@type":"BreadcrumbList","@id":"https:\/\/www.fmd-hm.com\/fr\/carbure-tungstene-fritte\/pre-rectifications-soudures-rechargements\/#breadcrumb","itemListElement":[{"@type":"ListItem","position":1,"name":"Inicio","item":"https:\/\/www.fmd-hm.com\/fr\/"},{"@type":"ListItem","position":2,"name":"Carbure tungstene fritt\u00e9","item":"https:\/\/www.fmd-hm.com\/fr\/carbure-tungstene-fritte\/"},{"@type":"ListItem","position":3,"name":"Corte"}]},{"@type":"WebSite","@id":"https:\/\/www.fmd-hm.com\/fr\/#website","url":"https:\/\/www.fmd-hm.com\/fr\/","name":"FMD Carbide","description":"Fabricaci\u00f3n y sinterizaci\u00f3n de metal duro","publisher":{"@id":"https:\/\/www.fmd-hm.com\/fr\/#organization"},"potentialAction":[{"@type":"SearchAction","target":{"@type":"EntryPoint","urlTemplate":"https:\/\/www.fmd-hm.com\/fr\/?s={search_term_string}"},"query-input":{"@type":"PropertyValueSpecification","valueRequired":true,"valueName":"search_term_string"}}],"inLanguage":"fr-FR"},{"@type":"Organization","@id":"https:\/\/www.fmd-hm.com\/fr\/#organization","name":"FMD Carbide","url":"https:\/\/www.fmd-hm.com\/fr\/","logo":{"@type":"ImageObject","inLanguage":"fr-FR","@id":"https:\/\/www.fmd-hm.com\/fr\/#\/schema\/logo\/image\/","url":"https:\/\/www.fmd-hm.com\/wp-content\/uploads\/2021\/03\/fmd-carbide-logoc.png","contentUrl":"https:\/\/www.fmd-hm.com\/wp-content\/uploads\/2021\/03\/fmd-carbide-logoc.png","width":326,"height":100,"caption":"FMD Carbide"},"image":{"@id":"https:\/\/www.fmd-hm.com\/fr\/#\/schema\/logo\/image\/"}}]}},"_links":{"self":[{"href":"https:\/\/www.fmd-hm.com\/fr\/wp-json\/wp\/v2\/pages\/6417","targetHints":{"allow":["GET"]}}],"collection":[{"href":"https:\/\/www.fmd-hm.com\/fr\/wp-json\/wp\/v2\/pages"}],"about":[{"href":"https:\/\/www.fmd-hm.com\/fr\/wp-json\/wp\/v2\/types\/page"}],"author":[{"embeddable":true,"href":"https:\/\/www.fmd-hm.com\/fr\/wp-json\/wp\/v2\/users\/1"}],"replies":[{"embeddable":true,"href":"https:\/\/www.fmd-hm.com\/fr\/wp-json\/wp\/v2\/comments?post=6417"}],"version-history":[{"count":0,"href":"https:\/\/www.fmd-hm.com\/fr\/wp-json\/wp\/v2\/pages\/6417\/revisions"}],"up":[{"embeddable":true,"href":"https:\/\/www.fmd-hm.com\/fr\/wp-json\/wp\/v2\/pages\/6082"}],"wp:attachment":[{"href":"https:\/\/www.fmd-hm.com\/fr\/wp-json\/wp\/v2\/media?parent=6417"}],"curies":[{"name":"wp","href":"https:\/\/api.w.org\/{rel}","templated":true}]}}