{"id":6505,"date":"2020-10-05T12:34:05","date_gmt":"2020-10-05T10:34:05","guid":{"rendered":"http:\/\/www.fmd-hm.com\/outillage-carbure-de-tungstene\/agricultura\/"},"modified":"2021-04-07T11:37:40","modified_gmt":"2021-04-07T09:37:40","slug":"agriculture","status":"publish","type":"page","link":"https:\/\/www.fmd-hm.com\/fr\/outillage-carbure-de-tungstene\/agriculture\/","title":{"rendered":"Agriculture"},"content":{"rendered":"<div class=\"wpb-content-wrapper\"><p>[vc_row full_width=\u00a0\u00bbstretch_row_content_no_spaces\u00a0\u00bb gap=\u00a0\u00bb35&Prime; content_placement=\u00a0\u00bbmiddle\u00a0\u00bb match_height=\u00a0\u00bbyes\u00a0\u00bb center_row=\u00a0\u00bbyes\u00a0\u00bb bg_overlay=\u00a0\u00bbyes\u00a0\u00bb bg_overlay_style=\u00a0\u00bboverlay-primary\u00a0\u00bb typo_style=\u00a0\u00bblight\u00a0\u00bb css=\u00a0\u00bb.vc_custom_1574693396916{padding-top: 0px !important;padding-bottom: 0px !important;background-image: url(https:\/\/fmd-hm.com\/wp-content\/uploads\/2019\/10\/fondo2.jpg?id=2229) !important;background-position: center !important;background-repeat: no-repeat !important;background-size: cover !important;}\u00a0\u00bb el_class=\u00a0\u00bbanchocompleto fondofijo contenedor\u00a0\u00bb][vc_column el_class=\u00a0\u00bbbloques-inicio\u00a0\u00bb offset=\u00a0\u00bbvc_col-xs-12&Prime; css=\u00a0\u00bb.vc_custom_1573742729688{margin-top: 15px !important;}\u00a0\u00bb][vc_row_inner content_placement=\u00a0\u00bbtop\u00a0\u00bb gap=\u00a0\u00bb35&Prime;][vc_column_inner css=\u00a0\u00bb.vc_custom_1574693578553{padding-top: 40px !important;padding-bottom: 40px !important;}\u00a0\u00bb][vc_column_text el_class=\u00a0\u00bbh1 centrar\u00a0\u00bb css=\u00a0\u00bb.vc_custom_1617787702152{padding-bottom: 0px !important;}\u00a0\u00bb]<\/p>\n<h5><a href=\"https:\/\/www.fmd-hm.com\/herramientas-de-metal-duro\/\">Outillage carbure de tungstene<br \/>\n<\/a><\/h5>\n<h1>Agriculture<\/h1>\n<p>[\/vc_column_text][vc_single_image image=\u00a0\u00bb3440&Prime; img_size=\u00a0\u00bbfull\u00a0\u00bb alignment=\u00a0\u00bbcenter\u00a0\u00bb][\/vc_column_inner][\/vc_row_inner][\/vc_column][\/vc_row][vc_row css=\u00a0\u00bb.vc_custom_1574696931278{background-color: #f7f7f7 !important;}\u00a0\u00bb][vc_column][vc_single_image image=\u00a0\u00bb3441&Prime; img_size=\u00a0\u00bbfull\u00a0\u00bb alignment=\u00a0\u00bbcenter\u00a0\u00bb onclick=\u00a0\u00bbcustom_link\u00a0\u00bb link=\u00a0\u00bb#agricultura1&Prime;][vc_column_text]<\/p>\n<h6 style=\"text-align: center;\">Socs, charrues et autres outils agricoles renforc\u00e9s avec des plaques de carbure de tungst\u00e8ne<\/h6>\n<p>[\/vc_column_text][\/vc_column][\/vc_row][vc_row el_class=\u00a0\u00bbcontenedor\u00a0\u00bb][vc_column][vc_row_inner][vc_column_inner][vc_column_text el_class=\u00a0\u00bbcentrar\u00a0\u00bb]Le carbure de tungst\u00e8ne est le mat\u00e9riel parfait pour prot\u00e9ger de l\u2019usure les outillages de pr\u00e9paration du sol et l\u2019ensemencement agricole. Il est important, de disposer d\u2019une qualit\u00e9 absolue qui puisse r\u00e9sister aux impacts possibles pendant leur utilisation. Chez FMD CARBIDE, nous poss\u00e9dons une grande exp\u00e9rience dans la fabrication de plaques de carbure de tungst\u00e8ne en diff\u00e9rentes g\u00e9om\u00e9tries.[\/vc_column_text][vc_single_image image=\u00a0\u00bb6508&Prime; img_size=\u00a0\u00bbfull\u00a0\u00bb alignment=\u00a0\u00bbcenter\u00a0\u00bb][\/vc_column_inner][\/vc_row_inner][\/vc_column][\/vc_row][vc_row css=\u00a0\u00bb.vc_custom_1574695217872{padding-top: 30px !important;padding-right: 30px !important;padding-bottom: 30px !important;padding-left: 30px !important;}\u00a0\u00bb][vc_column][vc_row_inner][vc_column_inner][vc_raw_html]JTNDYSUyMGlkJTNEJTIyYWdyaWN1bHR1cmExJTIyJTNFJTNDJTJGYSUzRQ==[\/vc_raw_html][\/vc_column_inner][\/vc_row_inner][vc_row_inner gap=\u00a0\u00bb35&Prime;][vc_column_inner width=\u00a0\u00bb1\/4&Prime;][vc_single_image image=\u00a0\u00bb3441&Prime; img_size=\u00a0\u00bbfull\u00a0\u00bb alignment=\u00a0\u00bbright\u00a0\u00bb css=\u00a0\u00bb.vc_custom_1603266141718{margin-top: 0px !important;}\u00a0\u00bb][\/vc_column_inner][vc_column_inner width=\u00a0\u00bb3\/4&Prime;][vc_column_text css=\u00a0\u00bb.vc_custom_1617787799599{margin-top: 30px !important;}\u00a0\u00bb]<\/p>\n<h3>Socs, charrues et autres outils agricoles renforc\u00e9s avec des plaques de carbure de tungst\u00e8ne<\/h3>\n<p>[\/vc_column_text][\/vc_column_inner][\/vc_row_inner][vc_row_inner css=\u00a0\u00bb.vc_custom_1574695134864{padding-top: 50px !important;}\u00a0\u00bb][vc_column_inner width=\u00a0\u00bb1\/3&Prime;][\/vc_column_inner][vc_column_inner width=\u00a0\u00bb1\/3&Prime;][vc_single_image image=\u00a0\u00bb6506&Prime; img_size=\u00a0\u00bbfull\u00a0\u00bb alignment=\u00a0\u00bbcenter\u00a0\u00bb onclick=\u00a0\u00bblink_image\u00a0\u00bb][\/vc_column_inner][vc_column_inner width=\u00a0\u00bb1\/3&Prime;][\/vc_column_inner][\/vc_row_inner][\/vc_column][\/vc_row][vc_row full_width=\u00a0\u00bbstretch_row_content_no_spaces\u00a0\u00bb center_row=\u00a0\u00bbyes\u00a0\u00bb typo_style=\u00a0\u00bblight\u00a0\u00bb css=\u00a0\u00bb.vc_custom_1573743734136{margin-top: 0px !important;padding-top: 80px !important;background-color: #a5a5a5 !important;background-position: center !important;background-repeat: no-repeat !important;background-size: cover !important;}\u00a0\u00bb el_class=\u00a0\u00bbfondofijo\u00a0\u00bb][vc_column typo_style=\u00a0\u00bb\u00a0\u00bb][vc_btn title=\u00a0\u00bbContactez FMD Carbide\u00a0\u00bb style=\u00a0\u00bboutline\u00a0\u00bb shape=\u00a0\u00bbsquare\u00a0\u00bb color=\u00a0\u00bbdefault\u00a0\u00bb size=\u00a0\u00bblg\u00a0\u00bb align=\u00a0\u00bbcenter\u00a0\u00bb link=\u00a0\u00bburl:%2Ffr%2Fcontact\u00a0\u00bb][\/vc_column][\/vc_row]<\/p>\n<\/div>","protected":false},"excerpt":{"rendered":"<p>[vc_row full_width=\u00a0\u00bbstretch_row_content_no_spaces\u00a0\u00bb gap=\u00a0\u00bb35&Prime; content_placement=\u00a0\u00bbmiddle\u00a0\u00bb match_height=\u00a0\u00bbyes\u00a0\u00bb center_row=\u00a0\u00bbyes\u00a0\u00bb bg_overlay=\u00a0\u00bbyes\u00a0\u00bb bg_overlay_style=\u00a0\u00bboverlay-primary\u00a0\u00bb typo_style=\u00a0\u00bblight\u00a0\u00bb css=\u00a0\u00bb.vc_custom_1574693396916{padding-top: 0px !important;padding-bottom: 0px !important;background-image: url(https:\/\/fmd-hm.com\/wp-content\/uploads\/2019\/10\/fondo2.jpg?id=2229) !important;background-position: center !important;background-repeat: no-repeat !important;background-size: cover !important;}\u00a0\u00bb el_class=\u00a0\u00bbanchocompleto fondofijo contenedor\u00a0\u00bb][vc_column el_class=\u00a0\u00bbbloques-inicio\u00a0\u00bb offset=\u00a0\u00bbvc_col-xs-12&Prime; css=\u00a0\u00bb.vc_custom_1573742729688{margin-top: 15px !important;}\u00a0\u00bb][vc_row_inner&#8230;<\/p>\n","protected":false},"author":1,"featured_media":0,"parent":6437,"menu_order":4,"comment_status":"closed","ping_status":"closed","template":"","meta":{"footnotes":""},"class_list":["post-6505","page","type-page","status-publish","hentry"],"yoast_head":"<!-- This site is optimized with the Yoast SEO plugin v27.0 - https:\/\/yoast.com\/product\/yoast-seo-wordpress\/ -->\n<title>Herramientas de metal duro - Agriculture - FMD Carbide<\/title>\n<meta name=\"description\" content=\"Le carbure de tungst\u00e8ne est le mat\u00e9riel parfait pour prot\u00e9ger de l\u2019usure les outillages de pr\u00e9paration du sol et l\u2019ensemencement agricole.\" \/>\n<meta name=\"robots\" content=\"index, follow, max-snippet:-1, max-image-preview:large, max-video-preview:-1\" \/>\n<link rel=\"canonical\" href=\"https:\/\/www.fmd-hm.com\/fr\/outillage-carbure-de-tungstene\/agriculture\/\" \/>\n<meta property=\"og:locale\" content=\"fr_FR\" \/>\n<meta property=\"og:type\" content=\"article\" \/>\n<meta property=\"og:title\" content=\"Herramientas de metal duro - Agriculture - FMD Carbide\" \/>\n<meta property=\"og:description\" content=\"Le carbure de tungst\u00e8ne est le mat\u00e9riel parfait pour prot\u00e9ger de l\u2019usure les outillages de pr\u00e9paration du sol et l\u2019ensemencement agricole.\" \/>\n<meta property=\"og:url\" content=\"https:\/\/www.fmd-hm.com\/fr\/outillage-carbure-de-tungstene\/agriculture\/\" \/>\n<meta property=\"og:site_name\" content=\"FMD Carbide\" \/>\n<meta property=\"article:modified_time\" content=\"2021-04-07T09:37:40+00:00\" \/>\n<meta name=\"twitter:card\" content=\"summary_large_image\" \/>\n<meta name=\"twitter:label1\" content=\"Dur\u00e9e de lecture estim\u00e9e\" \/>\n\t<meta name=\"twitter:data1\" content=\"1 minute\" \/>\n<script type=\"application\/ld+json\" class=\"yoast-schema-graph\">{\"@context\":\"https:\/\/schema.org\",\"@graph\":[{\"@type\":\"WebPage\",\"@id\":\"https:\/\/www.fmd-hm.com\/fr\/outillage-carbure-de-tungstene\/agriculture\/\",\"url\":\"https:\/\/www.fmd-hm.com\/fr\/outillage-carbure-de-tungstene\/agriculture\/\",\"name\":\"Herramientas de metal duro - Agriculture - FMD Carbide\",\"isPartOf\":{\"@id\":\"https:\/\/www.fmd-hm.com\/fr\/#website\"},\"datePublished\":\"2020-10-05T10:34:05+00:00\",\"dateModified\":\"2021-04-07T09:37:40+00:00\",\"description\":\"Le carbure de tungst\u00e8ne est le mat\u00e9riel parfait pour prot\u00e9ger de l\u2019usure les outillages de pr\u00e9paration du sol et l\u2019ensemencement agricole.\",\"breadcrumb\":{\"@id\":\"https:\/\/www.fmd-hm.com\/fr\/outillage-carbure-de-tungstene\/agriculture\/#breadcrumb\"},\"inLanguage\":\"fr-FR\",\"potentialAction\":[{\"@type\":\"ReadAction\",\"target\":[\"https:\/\/www.fmd-hm.com\/fr\/outillage-carbure-de-tungstene\/agriculture\/\"]}]},{\"@type\":\"BreadcrumbList\",\"@id\":\"https:\/\/www.fmd-hm.com\/fr\/outillage-carbure-de-tungstene\/agriculture\/#breadcrumb\",\"itemListElement\":[{\"@type\":\"ListItem\",\"position\":1,\"name\":\"Inicio\",\"item\":\"https:\/\/www.fmd-hm.com\/fr\/\"},{\"@type\":\"ListItem\",\"position\":2,\"name\":\"Outillage carbure de tungstene\",\"item\":\"https:\/\/www.fmd-hm.com\/fr\/outillage-carbure-de-tungstene\/\"},{\"@type\":\"ListItem\",\"position\":3,\"name\":\"Corte\"}]},{\"@type\":\"WebSite\",\"@id\":\"https:\/\/www.fmd-hm.com\/fr\/#website\",\"url\":\"https:\/\/www.fmd-hm.com\/fr\/\",\"name\":\"FMD Carbide\",\"description\":\"Fabricaci\u00f3n y sinterizaci\u00f3n de metal duro\",\"publisher\":{\"@id\":\"https:\/\/www.fmd-hm.com\/fr\/#organization\"},\"potentialAction\":[{\"@type\":\"SearchAction\",\"target\":{\"@type\":\"EntryPoint\",\"urlTemplate\":\"https:\/\/www.fmd-hm.com\/fr\/?s={search_term_string}\"},\"query-input\":{\"@type\":\"PropertyValueSpecification\",\"valueRequired\":true,\"valueName\":\"search_term_string\"}}],\"inLanguage\":\"fr-FR\"},{\"@type\":\"Organization\",\"@id\":\"https:\/\/www.fmd-hm.com\/fr\/#organization\",\"name\":\"FMD Carbide\",\"url\":\"https:\/\/www.fmd-hm.com\/fr\/\",\"logo\":{\"@type\":\"ImageObject\",\"inLanguage\":\"fr-FR\",\"@id\":\"https:\/\/www.fmd-hm.com\/fr\/#\/schema\/logo\/image\/\",\"url\":\"https:\/\/www.fmd-hm.com\/wp-content\/uploads\/2021\/03\/fmd-carbide-logoc.png\",\"contentUrl\":\"https:\/\/www.fmd-hm.com\/wp-content\/uploads\/2021\/03\/fmd-carbide-logoc.png\",\"width\":326,\"height\":100,\"caption\":\"FMD Carbide\"},\"image\":{\"@id\":\"https:\/\/www.fmd-hm.com\/fr\/#\/schema\/logo\/image\/\"}}]}<\/script>\n<!-- \/ Yoast SEO plugin. -->","yoast_head_json":{"title":"Herramientas de metal duro - Agriculture - FMD Carbide","description":"Le carbure de tungst\u00e8ne est le mat\u00e9riel parfait pour prot\u00e9ger de l\u2019usure les outillages de pr\u00e9paration du sol et l\u2019ensemencement agricole.","robots":{"index":"index","follow":"follow","max-snippet":"max-snippet:-1","max-image-preview":"max-image-preview:large","max-video-preview":"max-video-preview:-1"},"canonical":"https:\/\/www.fmd-hm.com\/fr\/outillage-carbure-de-tungstene\/agriculture\/","og_locale":"fr_FR","og_type":"article","og_title":"Herramientas de metal duro - Agriculture - FMD Carbide","og_description":"Le carbure de tungst\u00e8ne est le mat\u00e9riel parfait pour prot\u00e9ger de l\u2019usure les outillages de pr\u00e9paration du sol et l\u2019ensemencement agricole.","og_url":"https:\/\/www.fmd-hm.com\/fr\/outillage-carbure-de-tungstene\/agriculture\/","og_site_name":"FMD Carbide","article_modified_time":"2021-04-07T09:37:40+00:00","twitter_card":"summary_large_image","twitter_misc":{"Dur\u00e9e de lecture estim\u00e9e":"1 minute"},"schema":{"@context":"https:\/\/schema.org","@graph":[{"@type":"WebPage","@id":"https:\/\/www.fmd-hm.com\/fr\/outillage-carbure-de-tungstene\/agriculture\/","url":"https:\/\/www.fmd-hm.com\/fr\/outillage-carbure-de-tungstene\/agriculture\/","name":"Herramientas de metal duro - Agriculture - FMD Carbide","isPartOf":{"@id":"https:\/\/www.fmd-hm.com\/fr\/#website"},"datePublished":"2020-10-05T10:34:05+00:00","dateModified":"2021-04-07T09:37:40+00:00","description":"Le carbure de tungst\u00e8ne est le mat\u00e9riel parfait pour prot\u00e9ger de l\u2019usure les outillages de pr\u00e9paration du sol et l\u2019ensemencement agricole.","breadcrumb":{"@id":"https:\/\/www.fmd-hm.com\/fr\/outillage-carbure-de-tungstene\/agriculture\/#breadcrumb"},"inLanguage":"fr-FR","potentialAction":[{"@type":"ReadAction","target":["https:\/\/www.fmd-hm.com\/fr\/outillage-carbure-de-tungstene\/agriculture\/"]}]},{"@type":"BreadcrumbList","@id":"https:\/\/www.fmd-hm.com\/fr\/outillage-carbure-de-tungstene\/agriculture\/#breadcrumb","itemListElement":[{"@type":"ListItem","position":1,"name":"Inicio","item":"https:\/\/www.fmd-hm.com\/fr\/"},{"@type":"ListItem","position":2,"name":"Outillage carbure de tungstene","item":"https:\/\/www.fmd-hm.com\/fr\/outillage-carbure-de-tungstene\/"},{"@type":"ListItem","position":3,"name":"Corte"}]},{"@type":"WebSite","@id":"https:\/\/www.fmd-hm.com\/fr\/#website","url":"https:\/\/www.fmd-hm.com\/fr\/","name":"FMD Carbide","description":"Fabricaci\u00f3n y sinterizaci\u00f3n de metal duro","publisher":{"@id":"https:\/\/www.fmd-hm.com\/fr\/#organization"},"potentialAction":[{"@type":"SearchAction","target":{"@type":"EntryPoint","urlTemplate":"https:\/\/www.fmd-hm.com\/fr\/?s={search_term_string}"},"query-input":{"@type":"PropertyValueSpecification","valueRequired":true,"valueName":"search_term_string"}}],"inLanguage":"fr-FR"},{"@type":"Organization","@id":"https:\/\/www.fmd-hm.com\/fr\/#organization","name":"FMD Carbide","url":"https:\/\/www.fmd-hm.com\/fr\/","logo":{"@type":"ImageObject","inLanguage":"fr-FR","@id":"https:\/\/www.fmd-hm.com\/fr\/#\/schema\/logo\/image\/","url":"https:\/\/www.fmd-hm.com\/wp-content\/uploads\/2021\/03\/fmd-carbide-logoc.png","contentUrl":"https:\/\/www.fmd-hm.com\/wp-content\/uploads\/2021\/03\/fmd-carbide-logoc.png","width":326,"height":100,"caption":"FMD Carbide"},"image":{"@id":"https:\/\/www.fmd-hm.com\/fr\/#\/schema\/logo\/image\/"}}]}},"_links":{"self":[{"href":"https:\/\/www.fmd-hm.com\/fr\/wp-json\/wp\/v2\/pages\/6505","targetHints":{"allow":["GET"]}}],"collection":[{"href":"https:\/\/www.fmd-hm.com\/fr\/wp-json\/wp\/v2\/pages"}],"about":[{"href":"https:\/\/www.fmd-hm.com\/fr\/wp-json\/wp\/v2\/types\/page"}],"author":[{"embeddable":true,"href":"https:\/\/www.fmd-hm.com\/fr\/wp-json\/wp\/v2\/users\/1"}],"replies":[{"embeddable":true,"href":"https:\/\/www.fmd-hm.com\/fr\/wp-json\/wp\/v2\/comments?post=6505"}],"version-history":[{"count":0,"href":"https:\/\/www.fmd-hm.com\/fr\/wp-json\/wp\/v2\/pages\/6505\/revisions"}],"up":[{"embeddable":true,"href":"https:\/\/www.fmd-hm.com\/fr\/wp-json\/wp\/v2\/pages\/6437"}],"wp:attachment":[{"href":"https:\/\/www.fmd-hm.com\/fr\/wp-json\/wp\/v2\/media?parent=6505"}],"curies":[{"name":"wp","href":"https:\/\/api.w.org\/{rel}","templated":true}]}}