{"id":6634,"date":"2019-11-26T13:44:24","date_gmt":"2019-11-26T12:44:24","guid":{"rendered":"http:\/\/www.fmd-hm.com\/politica-de-privacidad\/"},"modified":"2021-04-07T14:18:09","modified_gmt":"2021-04-07T12:18:09","slug":"politique-de-privacite","status":"publish","type":"page","link":"https:\/\/www.fmd-hm.com\/fr\/politique-de-privacite\/","title":{"rendered":"Politique de Privacit\u00e9"},"content":{"rendered":"<div class=\"wpb-content-wrapper\"><p>[vc_row full_width=\u00a0\u00bbstretch_row_content_no_spaces\u00a0\u00bb content_placement=\u00a0\u00bbmiddle\u00a0\u00bb match_height=\u00a0\u00bbyes\u00a0\u00bb center_row=\u00a0\u00bbyes\u00a0\u00bb bg_overlay=\u00a0\u00bbyes\u00a0\u00bb bg_overlay_style=\u00a0\u00bboverlay-primary\u00a0\u00bb typo_style=\u00a0\u00bblight\u00a0\u00bb css=\u00a0\u00bb.vc_custom_1573744460846{padding-top: 0px !important;padding-bottom: 0px !important;background-image: url(https:\/\/fmd-hm.com\/wp-content\/uploads\/2019\/10\/fondo2.jpg?id=2229) !important;background-position: center !important;background-repeat: no-repeat !important;background-size: cover !important;}\u00a0\u00bb el_class=\u00a0\u00bbanchocompleto fondofijo\u00a0\u00bb][vc_column el_class=\u00a0\u00bbbloques-inicio\u00a0\u00bb offset=\u00a0\u00bbvc_col-xs-12&Prime; css=\u00a0\u00bb.vc_custom_1573742729688{margin-top: 15px !important;}\u00a0\u00bb][vc_column_text el_class=\u00a0\u00bbcentrar h1&Prime; css=\u00a0\u00bb.vc_custom_1574770371536{padding-top: 40px !important;padding-bottom: 40px !important;}\u00a0\u00bb]<\/p>\n<h1>Aviso Legal<\/h1>\n<p>[\/vc_column_text][\/vc_column][\/vc_row][vc_row el_class=\u00a0\u00bbcontenedor\u00a0\u00bb][vc_column][vc_column_text]FABRICACI\u00d3N METALES DUROS S.A.L (en adelante, FMD CARBIDE) se encuentra profundamente comprometido con el cumplimiento de la Legislaci\u00f3n Espa\u00f1ola y Europea aplicable a la protecci\u00f3n de datos de car\u00e1cter personal, y garantiza el cumplimiento \u00edntegro de las obligaciones dispuestas, as\u00ed como la implementaci\u00f3n de las disposiciones incluidas en la Ley Org\u00e1nica 3\/2018, de Protecci\u00f3n de Datos Personales y en las medidas del Reglamento General de Protecci\u00f3n de Datos (RGPD) de la uni\u00f3n Europea 2016\/679.<br \/>\nFMD CARBIDE pone a disposici\u00f3n de los usuarios la presente <strong>POLITICA DE PRIVACIDAD<\/strong> de la entidad para el tratamiento de datos personales, informando a los mismos respecto a los siguientes aspectos:<\/p>\n<ul>\n<li>Identidad y Datos de Contacto del Responsable del tratamiento.<\/li>\n<li>Datos tratados, sus fines y plazos o criterios de conservaci\u00f3n de los mismos.<\/li>\n<li>Base jur\u00eddica del tratamiento.<\/li>\n<li>Los destinatarios de sus datos personales.<\/li>\n<li>Sobre los derechos que asisten a todo usuario y el procedimiento para ejercitarlos.<\/li>\n<\/ul>\n<h2>1 &#8211; Responsable de tratamiento<\/h2>\n<p>Identidad: FABRICACI\u00d3N METALES DUROS S.A.L<br \/>\nCIF: A48570402<br \/>\nDirecci\u00f3n postal: Gudarien, 18 &#8211; 48970 Basauri (Bizkaia)<br \/>\nTel\u00e9fono de contacto: 944751800<br \/>\nCorreo electr\u00f3nico de contacto: rpd @ fmd-hm.com<\/p>\n<h2>2. Tratamiento de datos personales<\/h2>\n<h3>Tratamientos de Datos personales del colectivo de Clientes y Proveedores.<\/h3>\n<p>a) \u00bfCon qu\u00e9 finalidad tratamos sus datos personales?<\/p>\n<p>En FMD CARBIDE tratamos la informaci\u00f3n que nos facilitan sus clientes y usuarios con las siguientes finalidades:<\/p>\n<p>Los datos facilitados ser\u00e1n tratados con la finalidad de gestionar los contratos de servicios que mantienen con nosotros. Los datos proporcionados se conservar\u00e1n mientras se mantenga la relaci\u00f3n comercial o durante los a\u00f1os necesarios para cumplir con las obligaciones legales. Los datos no se ceder\u00e1n a terceros salvo en los casos en que exista una obligaci\u00f3n legal.<\/p>\n<p>b) Legitimaci\u00f3n<\/p>\n<p>La base legal para el tratamiento de sus datos es la Ejecuci\u00f3n del contrato, y el consentimiento expreso del interesado, en aquellos casos que lo haya facilitado.<\/p>\n<p>c) Destinatarios<\/p>\n<p>Sus datos se comunicar\u00e1n a Administraciones p\u00fablicas competentes y a la Agencia Tributaria necesarias para la prestaci\u00f3n del servicio.<\/p>\n<p>d) \u00bfPor cu\u00e1nto tiempo conservaremos sus datos?<\/p>\n<p>Los datos personales proporcionados se conservar\u00e1n, mientras sean necesario para la prestaci\u00f3n del servicio. A su finalizaci\u00f3n los datos ser\u00e1n conservados por obligaci\u00f3n legal.<\/p>\n<p>Por \u00faltimo, y siempre que hubiera proporcionado su consentimiento para esta finalidad, FMD CARBIDE conservar\u00e1 sus datos con el fin de mantenerle al d\u00eda de los productos, actividades y servicios que pudieran resultar de su inter\u00e9s.<\/p>\n<h3>Tratamientos de Datos personales del Registro de entrada en Fabrica.<\/h3>\n<p>a) \u00bfCon qu\u00e9 finalidad tratamos sus datos personales?<\/p>\n<p>En FMD CARBIDE tratamos la informaci\u00f3n que nos facilitan los clientes y proveedores con las siguientes finalidades: Llevar el control de accesos a las instalaciones.<\/p>\n<p>b) Legitimaci\u00f3n<\/p>\n<p>La base legal para el tratamiento de sus datos es la Ejecuci\u00f3n del contrato, y el consentimiento expreso del interesado, en aquellos casos que lo haya facilitado.<\/p>\n<p>c) Destinatarios<\/p>\n<p>Sus datos solo se comunican o tienen acceso aquellas empresas que nos gestionan la seguridad de nuestras instalaciones.<\/p>\n<p>d) \u00bfPor cu\u00e1nto tiempo conservaremos sus datos?<\/p>\n<p>Los datos ser\u00e1n conservados cuando correspondan a un contrato o prestaci\u00f3n de servicio mientras exista la obligaci\u00f3n legal de mantenerlos.<\/p>\n<h3>Tratamientos de Datos Personales Procedentes del formulario Contacto de la web.<\/h3>\n<p>a) \u00bfCon qu\u00e9 finalidad tratamos sus datos personales?<\/p>\n<p>En FMD CARBIDE tratamos la informaci\u00f3n recibida por medio de estos formularios, con el fin de atender las consultas que nos pueda plantear, gestionar su reclamaci\u00f3n, o en caso de que lo solicite, el env\u00edo de informaciones comerciales.<\/p>\n<p>b) Legitimaci\u00f3n<\/p>\n<p>La base legal para el tratamiento el consentimiento expreso del interesado.<\/p>\n<p>c) Destinatarios<\/p>\n<p>No se ceder\u00e1n datos a terceros salvo obligaci\u00f3n legal y no se prev\u00e9n trasferencias internacionales de datos.<\/p>\n<p>d) \u00bfPor cu\u00e1nto tiempo conservaremos sus datos?<\/p>\n<p>Conservaremos los datos \u00fanicamente el tiempo necesario para atender las consultas, y reclamaciones. Por \u00faltimo, y siempre que hubiera proporcionado su consentimiento para esta finalidad, FMD CARBIDE conservar\u00e1 sus datos con el fin de mantenerle al d\u00eda de los productos, actividades y servicios que pudieran resultar de su inter\u00e9s.<\/p>\n<h3>Tratamientos de Datos Personales Procedentes del formulario web Trabaja con nosotros.<\/h3>\n<p>a) \u00bfCon qu\u00e9 finalidad tratamos sus datos personales?<\/p>\n<p>En FMD CARBIDE tratamos la informaci\u00f3n recibida por medio de estos formularios, con el fin de realizar procesos de selecci\u00f3n de personal que se nos puedan plantear.<\/p>\n<p>b) Legitimaci\u00f3n<\/p>\n<p>La base legal para el tratamiento el consentimiento expreso del interesado.<\/p>\n<p>c) Destinatarios<\/p>\n<p>No se ceder\u00e1n datos a terceros salvo obligaci\u00f3n legal y no se prev\u00e9n trasferencias internacionales de datos.<\/p>\n<p>d) \u00bfPor cu\u00e1nto tiempo conservaremos sus datos?<\/p>\n<p>Conservaremos los datos y CV por un periodo m\u00e1ximo de 2 a\u00f1os. Tras este periodo FMD CARBIDE considerar\u00e1 que los datos no est\u00e1n actualizados y se deshar\u00e1 de los mismos. Si el interesado considera oportuno continuar en la base de datos de FMD CARBIDE deber\u00e1 enviar sus datos y CV actualizados.<\/p>\n<p>Por \u00faltimo, y siempre que hubiera proporcionado su consentimiento para esta finalidad, FMD CARBIDE conservar\u00e1 sus datos con el fin de mantenerle al d\u00eda de los productos, actividades y servicios que pudieran resultar de su inter\u00e9s.<\/p>\n<h3>3. \u00bfDecisiones automatizadas, perfiles y l\u00f3gica aplicada?<\/h3>\n<p>No se prev\u00e9 el tratamiento en ning\u00fan momento, basado en decisiones automatizadas.<\/p>\n<h3>4. Derechos<\/h3>\n<p>\u00bfCu\u00e1les son sus derechos cuando nos facilita sus datos?<\/p>\n<ul>\n<li>Cualquier persona tiene derecho a obtener confirmaci\u00f3n sobre si en FMD CARBIDE estamos tratando datos personales que les conciernan, o no.<br \/>\nAsimismo, tal y como prev\u00e9 el Reglamento General de Protecci\u00f3n de Datos, le informamos que usted tiene los siguientes derechos:<\/li>\n<li>Acceder a sus datos: Ud. tiene derecho a acceder a sus datos para conocer qu\u00e9 datos personales estamos tratando que le conciernen.<\/li>\n<li>Solicitar la rectificaci\u00f3n o supresi\u00f3n de sus datos: En determinadas circunstancias, Ud. tiene derecho a rectificar aquellos datos personales inexactos que le conciernen que sean objeto de tratamiento por nuestra parte o, incluso, a solicitarnos su supresi\u00f3n cuando, entre otros motivos, los datos ya no fueran necesarios para los fines que fueron recogidos.<\/li>\n<li>Solicitar la limitaci\u00f3n del tratamiento de sus datos: En determinadas circunstancias, Ud. tendr\u00e1 derecho a solicitarnos la limitaci\u00f3n del tratamiento de sus datos, en cuyo caso le informamos que \u00fanicamente los conservaremos para el ejercicio o defensa de reclamaciones tal y como prev\u00e9 el Reglamento General de Protecci\u00f3n de Datos.<\/li>\n<li>A la portabilidad de sus datos: En determinadas circunstancias, Ud. tendr\u00e1 derecho a recibir los datos personales que le incumban, y que nos haya facilitado, en un formato estructurado, de uso com\u00fan y lectura mec\u00e1nica, y a transmitirlos a otro responsable del tratamiento.<\/li>\n<li>Oponerse al tratamiento de sus datos: En determinadas circunstancias y por motivos relacionados con su situaci\u00f3n particular, Ud. tendr\u00e1 derecho a oponerse al tratamiento de sus datos en cuyo caso, dejar\u00edamos de tratarlos salvo que por motivos leg\u00edtimos imperiosos, o el ejercicio o la defensa de posibles reclamaciones.<\/li>\n<\/ul>\n<p>\u00bfCu\u00e1ndo responderemos a su solicitud?<\/p>\n<ul>\n<li>Responderemos a sus peticiones a la mayor brevedad posible y, en todo caso, en el plazo de un mes desde la recepci\u00f3n de su solicitud. Dicho plazo podr\u00e1 prorrogarse otros dos meses en caso necesario, teniendo en cuenta la complejidad y el n\u00famero de solicitudes. El responsable informar\u00e1 al interesado de la pr\u00f3rroga dentro del primer mes desde la solicitud.<\/li>\n<\/ul>\n<p>\u00bfUsted tiene derecho a retirar su consentimiento?<\/p>\n<ul>\n<li>El interesado tiene derecho a retirar el consentimiento en cualquier momento, sin que ello afecte a la licitud del tratamiento basado en el consentimiento previo a su retirada.<\/li>\n<\/ul>\n<p>\u00bfD\u00f3nde debe dirigirse para el ejercicio sus derechos?<\/p>\n<ul>\n<li>Para el ejercicio de los derechos reconocidos, el interesado podr\u00e1 ponerse en contacto a trav\u00e9s de la siguiente direcci\u00f3n de correo electr\u00f3nico: rpd @\u00a0 fmd-hm.com o dirigiendo un escrito a FMD CARBIDE en la Direcci\u00f3n indicada en el apartado primero sobre el Responsables de Tratamiento.<\/li>\n<\/ul>\n<p>\u00bfUsted tiene derecho a reclamar?<\/p>\n<ul>\n<li>S\u00ed. Usted, especialmente cuando no haya obtenido satisfacci\u00f3n en el ejercicio de sus derechos, tiene derecho a presentar reclamaci\u00f3n ante la autoridad nacional de control, a estos efectos debe dirigirse ante la Agencia Espa\u00f1ola de Protecci\u00f3n de Datos. www.agpd.es.<\/li>\n<\/ul>\n<h3>5. Categor\u00eda de datos.<\/h3>\n<ul>\n<li>Las categor\u00edas de datos que se tratan son:\n<ul>\n<li>Datos de identificaci\u00f3n<\/li>\n<li>Direcciones postales o electr\u00f3nicas<\/li>\n<li>Datos econ\u00f3micos<\/li>\n<\/ul>\n<\/li>\n<li>Datos Especialmente Protegidos: No se tratan datos especialmente protegidos<\/li>\n<\/ul>\n<p><span style=\"color: #7f7f7f;\"><span style=\"font-family: Arial, serif;\"><span style=\"font-size: xx-small;\"><span lang=\"en-GB\">\u00a9 COPYRIGHT 2021. FMD CARBIDE. ALL RIGHTS RESERVED.<\/span><\/span><\/span><\/span>[\/vc_column_text][\/vc_column][\/vc_row]<\/p>\n<\/div>","protected":false},"excerpt":{"rendered":"<p>[vc_row full_width=\u00a0\u00bbstretch_row_content_no_spaces\u00a0\u00bb content_placement=\u00a0\u00bbmiddle\u00a0\u00bb match_height=\u00a0\u00bbyes\u00a0\u00bb center_row=\u00a0\u00bbyes\u00a0\u00bb bg_overlay=\u00a0\u00bbyes\u00a0\u00bb bg_overlay_style=\u00a0\u00bboverlay-primary\u00a0\u00bb typo_style=\u00a0\u00bblight\u00a0\u00bb css=\u00a0\u00bb.vc_custom_1573744460846{padding-top: 0px !important;padding-bottom: 0px !important;background-image: url(https:\/\/fmd-hm.com\/wp-content\/uploads\/2019\/10\/fondo2.jpg?id=2229) !important;background-position: center !important;background-repeat: no-repeat !important;background-size: cover !important;}\u00a0\u00bb el_class=\u00a0\u00bbanchocompleto fondofijo\u00a0\u00bb][vc_column el_class=\u00a0\u00bbbloques-inicio\u00a0\u00bb offset=\u00a0\u00bbvc_col-xs-12&Prime; css=\u00a0\u00bb.vc_custom_1573742729688{margin-top: 15px !important;}\u00a0\u00bb][vc_column_text el_class=\u00a0\u00bbcentrar h1&Prime;&#8230;<\/p>\n","protected":false},"author":1,"featured_media":0,"parent":0,"menu_order":21,"comment_status":"closed","ping_status":"closed","template":"template-fullwidth.php","meta":{"footnotes":""},"class_list":["post-6634","page","type-page","status-publish","hentry"],"yoast_head":"<!-- This site is optimized with the Yoast SEO plugin v27.0 - https:\/\/yoast.com\/product\/yoast-seo-wordpress\/ -->\n<title>Politique de Privacit\u00e9 - FMD Carbide<\/title>\n<meta name=\"robots\" content=\"noindex, nofollow\" \/>\n<meta property=\"og:locale\" content=\"fr_FR\" \/>\n<meta property=\"og:type\" content=\"article\" \/>\n<meta property=\"og:title\" content=\"Politique de Privacit\u00e9 - FMD Carbide\" \/>\n<meta property=\"og:description\" content=\"[vc_row full_width=\u00a0\u00bbstretch_row_content_no_spaces\u00a0\u00bb content_placement=\u00a0\u00bbmiddle\u00a0\u00bb match_height=\u00a0\u00bbyes\u00a0\u00bb center_row=\u00a0\u00bbyes\u00a0\u00bb bg_overlay=\u00a0\u00bbyes\u00a0\u00bb bg_overlay_style=\u00a0\u00bboverlay-primary\u00a0\u00bb typo_style=\u00a0\u00bblight\u00a0\u00bb css=\u00a0\u00bb.vc_custom_1573744460846{padding-top: 0px !important;padding-bottom: 0px !important;background-image: url(https:\/\/fmd-hm.com\/wp-content\/uploads\/2019\/10\/fondo2.jpg?id=2229) !important;background-position: center !important;background-repeat: no-repeat !important;background-size: cover !important;}\u00a0\u00bb el_class=\u00a0\u00bbanchocompleto fondofijo\u00a0\u00bb][vc_column el_class=\u00a0\u00bbbloques-inicio\u00a0\u00bb offset=\u00a0\u00bbvc_col-xs-12&Prime; css=\u00a0\u00bb.vc_custom_1573742729688{margin-top: 15px !important;}\u00a0\u00bb][vc_column_text el_class=\u00a0\u00bbcentrar h1&Prime;...\" \/>\n<meta property=\"og:url\" content=\"https:\/\/www.fmd-hm.com\/fr\/politique-de-privacite\/\" \/>\n<meta property=\"og:site_name\" content=\"FMD Carbide\" \/>\n<meta property=\"article:modified_time\" content=\"2021-04-07T12:18:09+00:00\" \/>\n<meta name=\"twitter:card\" content=\"summary_large_image\" \/>\n<meta name=\"twitter:label1\" content=\"Dur\u00e9e de lecture estim\u00e9e\" \/>\n\t<meta name=\"twitter:data1\" content=\"7 minutes\" \/>\n<script type=\"application\/ld+json\" class=\"yoast-schema-graph\">{\"@context\":\"https:\/\/schema.org\",\"@graph\":[{\"@type\":\"WebPage\",\"@id\":\"https:\/\/www.fmd-hm.com\/fr\/politique-de-privacite\/\",\"url\":\"https:\/\/www.fmd-hm.com\/fr\/politique-de-privacite\/\",\"name\":\"Politique de Privacit\u00e9 - FMD Carbide\",\"isPartOf\":{\"@id\":\"https:\/\/www.fmd-hm.com\/fr\/#website\"},\"datePublished\":\"2019-11-26T12:44:24+00:00\",\"dateModified\":\"2021-04-07T12:18:09+00:00\",\"breadcrumb\":{\"@id\":\"https:\/\/www.fmd-hm.com\/fr\/politique-de-privacite\/#breadcrumb\"},\"inLanguage\":\"fr-FR\",\"potentialAction\":[{\"@type\":\"ReadAction\",\"target\":[\"https:\/\/www.fmd-hm.com\/fr\/politique-de-privacite\/\"]}]},{\"@type\":\"BreadcrumbList\",\"@id\":\"https:\/\/www.fmd-hm.com\/fr\/politique-de-privacite\/#breadcrumb\",\"itemListElement\":[{\"@type\":\"ListItem\",\"position\":1,\"name\":\"Inicio\",\"item\":\"https:\/\/www.fmd-hm.com\/fr\/\"},{\"@type\":\"ListItem\",\"position\":2,\"name\":\"Politique de Privacit\u00e9\"}]},{\"@type\":\"WebSite\",\"@id\":\"https:\/\/www.fmd-hm.com\/fr\/#website\",\"url\":\"https:\/\/www.fmd-hm.com\/fr\/\",\"name\":\"FMD Carbide\",\"description\":\"Fabricaci\u00f3n y sinterizaci\u00f3n de metal duro\",\"publisher\":{\"@id\":\"https:\/\/www.fmd-hm.com\/fr\/#organization\"},\"potentialAction\":[{\"@type\":\"SearchAction\",\"target\":{\"@type\":\"EntryPoint\",\"urlTemplate\":\"https:\/\/www.fmd-hm.com\/fr\/?s={search_term_string}\"},\"query-input\":{\"@type\":\"PropertyValueSpecification\",\"valueRequired\":true,\"valueName\":\"search_term_string\"}}],\"inLanguage\":\"fr-FR\"},{\"@type\":\"Organization\",\"@id\":\"https:\/\/www.fmd-hm.com\/fr\/#organization\",\"name\":\"FMD Carbide\",\"url\":\"https:\/\/www.fmd-hm.com\/fr\/\",\"logo\":{\"@type\":\"ImageObject\",\"inLanguage\":\"fr-FR\",\"@id\":\"https:\/\/www.fmd-hm.com\/fr\/#\/schema\/logo\/image\/\",\"url\":\"https:\/\/www.fmd-hm.com\/wp-content\/uploads\/2021\/03\/fmd-carbide-logoc.png\",\"contentUrl\":\"https:\/\/www.fmd-hm.com\/wp-content\/uploads\/2021\/03\/fmd-carbide-logoc.png\",\"width\":326,\"height\":100,\"caption\":\"FMD Carbide\"},\"image\":{\"@id\":\"https:\/\/www.fmd-hm.com\/fr\/#\/schema\/logo\/image\/\"}}]}<\/script>\n<!-- \/ Yoast SEO plugin. -->","yoast_head_json":{"title":"Politique de Privacit\u00e9 - FMD Carbide","robots":{"index":"noindex","follow":"nofollow"},"og_locale":"fr_FR","og_type":"article","og_title":"Politique de Privacit\u00e9 - FMD Carbide","og_description":"[vc_row full_width=\u00a0\u00bbstretch_row_content_no_spaces\u00a0\u00bb content_placement=\u00a0\u00bbmiddle\u00a0\u00bb match_height=\u00a0\u00bbyes\u00a0\u00bb center_row=\u00a0\u00bbyes\u00a0\u00bb bg_overlay=\u00a0\u00bbyes\u00a0\u00bb bg_overlay_style=\u00a0\u00bboverlay-primary\u00a0\u00bb typo_style=\u00a0\u00bblight\u00a0\u00bb css=\u00a0\u00bb.vc_custom_1573744460846{padding-top: 0px !important;padding-bottom: 0px !important;background-image: url(https:\/\/fmd-hm.com\/wp-content\/uploads\/2019\/10\/fondo2.jpg?id=2229) !important;background-position: center !important;background-repeat: no-repeat !important;background-size: cover !important;}\u00a0\u00bb el_class=\u00a0\u00bbanchocompleto fondofijo\u00a0\u00bb][vc_column el_class=\u00a0\u00bbbloques-inicio\u00a0\u00bb offset=\u00a0\u00bbvc_col-xs-12&Prime; css=\u00a0\u00bb.vc_custom_1573742729688{margin-top: 15px !important;}\u00a0\u00bb][vc_column_text el_class=\u00a0\u00bbcentrar h1&Prime;...","og_url":"https:\/\/www.fmd-hm.com\/fr\/politique-de-privacite\/","og_site_name":"FMD Carbide","article_modified_time":"2021-04-07T12:18:09+00:00","twitter_card":"summary_large_image","twitter_misc":{"Dur\u00e9e de lecture estim\u00e9e":"7 minutes"},"schema":{"@context":"https:\/\/schema.org","@graph":[{"@type":"WebPage","@id":"https:\/\/www.fmd-hm.com\/fr\/politique-de-privacite\/","url":"https:\/\/www.fmd-hm.com\/fr\/politique-de-privacite\/","name":"Politique de Privacit\u00e9 - FMD Carbide","isPartOf":{"@id":"https:\/\/www.fmd-hm.com\/fr\/#website"},"datePublished":"2019-11-26T12:44:24+00:00","dateModified":"2021-04-07T12:18:09+00:00","breadcrumb":{"@id":"https:\/\/www.fmd-hm.com\/fr\/politique-de-privacite\/#breadcrumb"},"inLanguage":"fr-FR","potentialAction":[{"@type":"ReadAction","target":["https:\/\/www.fmd-hm.com\/fr\/politique-de-privacite\/"]}]},{"@type":"BreadcrumbList","@id":"https:\/\/www.fmd-hm.com\/fr\/politique-de-privacite\/#breadcrumb","itemListElement":[{"@type":"ListItem","position":1,"name":"Inicio","item":"https:\/\/www.fmd-hm.com\/fr\/"},{"@type":"ListItem","position":2,"name":"Politique de Privacit\u00e9"}]},{"@type":"WebSite","@id":"https:\/\/www.fmd-hm.com\/fr\/#website","url":"https:\/\/www.fmd-hm.com\/fr\/","name":"FMD Carbide","description":"Fabricaci\u00f3n y sinterizaci\u00f3n de metal duro","publisher":{"@id":"https:\/\/www.fmd-hm.com\/fr\/#organization"},"potentialAction":[{"@type":"SearchAction","target":{"@type":"EntryPoint","urlTemplate":"https:\/\/www.fmd-hm.com\/fr\/?s={search_term_string}"},"query-input":{"@type":"PropertyValueSpecification","valueRequired":true,"valueName":"search_term_string"}}],"inLanguage":"fr-FR"},{"@type":"Organization","@id":"https:\/\/www.fmd-hm.com\/fr\/#organization","name":"FMD Carbide","url":"https:\/\/www.fmd-hm.com\/fr\/","logo":{"@type":"ImageObject","inLanguage":"fr-FR","@id":"https:\/\/www.fmd-hm.com\/fr\/#\/schema\/logo\/image\/","url":"https:\/\/www.fmd-hm.com\/wp-content\/uploads\/2021\/03\/fmd-carbide-logoc.png","contentUrl":"https:\/\/www.fmd-hm.com\/wp-content\/uploads\/2021\/03\/fmd-carbide-logoc.png","width":326,"height":100,"caption":"FMD Carbide"},"image":{"@id":"https:\/\/www.fmd-hm.com\/fr\/#\/schema\/logo\/image\/"}}]}},"_links":{"self":[{"href":"https:\/\/www.fmd-hm.com\/fr\/wp-json\/wp\/v2\/pages\/6634","targetHints":{"allow":["GET"]}}],"collection":[{"href":"https:\/\/www.fmd-hm.com\/fr\/wp-json\/wp\/v2\/pages"}],"about":[{"href":"https:\/\/www.fmd-hm.com\/fr\/wp-json\/wp\/v2\/types\/page"}],"author":[{"embeddable":true,"href":"https:\/\/www.fmd-hm.com\/fr\/wp-json\/wp\/v2\/users\/1"}],"replies":[{"embeddable":true,"href":"https:\/\/www.fmd-hm.com\/fr\/wp-json\/wp\/v2\/comments?post=6634"}],"version-history":[{"count":0,"href":"https:\/\/www.fmd-hm.com\/fr\/wp-json\/wp\/v2\/pages\/6634\/revisions"}],"wp:attachment":[{"href":"https:\/\/www.fmd-hm.com\/fr\/wp-json\/wp\/v2\/media?parent=6634"}],"curies":[{"name":"wp","href":"https:\/\/api.w.org\/{rel}","templated":true}]}}