{"id":6639,"date":"2019-11-22T09:47:53","date_gmt":"2019-11-22T08:47:53","guid":{"rendered":"http:\/\/www.fmd-hm.com\/contacto\/"},"modified":"2021-04-07T14:03:44","modified_gmt":"2021-04-07T12:03:44","slug":"contact","status":"publish","type":"page","link":"https:\/\/www.fmd-hm.com\/fr\/contact\/","title":{"rendered":"Contact"},"content":{"rendered":"<div class=\"wpb-content-wrapper\"><p>[vc_row full_width=\u00a0\u00bbstretch_row_content_no_spaces\u00a0\u00bb content_placement=\u00a0\u00bbmiddle\u00a0\u00bb match_height=\u00a0\u00bbyes\u00a0\u00bb center_row=\u00a0\u00bbyes\u00a0\u00bb bg_overlay=\u00a0\u00bbyes\u00a0\u00bb bg_overlay_style=\u00a0\u00bboverlay-primary\u00a0\u00bb typo_style=\u00a0\u00bblight\u00a0\u00bb css=\u00a0\u00bb.vc_custom_1573744460846{padding-top: 0px !important;padding-bottom: 0px !important;background-image: url(https:\/\/fmd-hm.com\/wp-content\/uploads\/2019\/10\/fondo2.jpg?id=2229) !important;background-position: center !important;background-repeat: no-repeat !important;background-size: cover !important;}\u00a0\u00bb el_class=\u00a0\u00bbanchocompleto fondofijo\u00a0\u00bb][vc_column el_class=\u00a0\u00bbbloques-inicio\u00a0\u00bb offset=\u00a0\u00bbvc_col-xs-12&Prime; css=\u00a0\u00bb.vc_custom_1573742729688{margin-top: 15px !important;}\u00a0\u00bb][vc_column_text el_class=\u00a0\u00bbcentrar h1&Prime; css=\u00a0\u00bb.vc_custom_1617796398264{padding-top: 40px !important;padding-bottom: 40px !important;}\u00a0\u00bb]<\/p>\n<h1>Contact<\/h1>\n<p>[\/vc_column_text][\/vc_column][\/vc_row][vc_row el_class=\u00a0\u00bbcontenedor\u00a0\u00bb css=\u00a0\u00bb.vc_custom_1574417082219{padding-bottom: 40px !important;}\u00a0\u00bb][vc_column][vc_column_text]Si vous avez quelque consultation ou suggestion, n\u2019h\u00e9sitez pas \u00e0 nous en parler. Nous mettons \u00e0 votre enti\u00e8re disposition notre emplacement, ainsi que les diff\u00e9rentes fa\u00e7ons de nous contacter.[\/vc_column_text][\/vc_column][\/vc_row][vc_row gap=\u00a0\u00bb25&Prime; el_class=\u00a0\u00bbcontenedor\u00a0\u00bb css=\u00a0\u00bb.vc_custom_1574417122247{padding-top: 0px !important;}\u00a0\u00bb][vc_column width=\u00a0\u00bb1\/6&Prime; el_class=\u00a0\u00bbnegro\u00a0\u00bb offset=\u00a0\u00bbvc_hidden-xs\u00a0\u00bb][\/vc_column][vc_column width=\u00a0\u00bb1\/3&Prime; el_class=\u00a0\u00bbnegro\u00a0\u00bb css=\u00a0\u00bb.vc_custom_1574417209153{padding-left: 20px !important;}\u00a0\u00bb]<div class=\"zozo-feature-box feature-box-style style-default-box style-sep-yes \" id=\"feature-box-1\"><div class=\"grid-item\"><div class=\"grid-box-inner grid-text-left grid-box-medium grid-box-icon-none grid-shape-none\"><div class=\"grid-icon-wrapper no-hover shape-icon-none\"><i class=\"simple-icon icon-pointer grid-icon zozo-icon icon-none icon-skin-default icon-bg pattern-1 icon-medium\"><\/i><\/div><div class=\"grid-content-wrapper\"><div class=\"grid-desc\" ><p>Gudarien, 18 &#8211; 48970 Basauri<br \/>\nBiscaye &#8211; Espagne<\/p>\n<\/div><\/div><\/div><\/div><\/div><div class=\"zozo-feature-box feature-box-style style-default-box style-sep-yes \" id=\"feature-box-2\"><div class=\"grid-item\"><div class=\"grid-box-inner grid-text-left grid-box-medium grid-box-icon-none grid-shape-none\"><div class=\"grid-icon-wrapper no-hover shape-icon-none\"><i class=\"simple-icon icon-envelope-open grid-icon zozo-icon icon-none icon-skin-default icon-bg pattern-1 icon-medium\"><\/i><\/div><div class=\"grid-content-wrapper\"><div class=\"grid-desc\" ><p><a href=\"mailto:fmd@fmd-hm.com\">fmd@fmd-hm.com <\/a><\/p>\n<\/div><\/div><\/div><\/div><\/div><div class=\"zozo-feature-box feature-box-style style-default-box style-sep-yes \" id=\"feature-box-3\"><div class=\"grid-item\"><div class=\"grid-box-inner grid-text-left grid-box-medium grid-box-icon-none grid-shape-none\"><div class=\"grid-icon-wrapper no-hover shape-icon-none\"><i class=\"simple-icon icon-call-end grid-icon zozo-icon icon-none icon-skin-default icon-bg pattern-1 icon-medium\"><\/i><\/div><div class=\"grid-content-wrapper\"><div class=\"grid-desc\" ><p><a href=\"tel:+34944751800\">+34 94 475 18 00<\/a><\/p>\n<\/div><\/div><\/div><\/div><\/div>[\/vc_column][vc_column width=\u00a0\u00bb1\/2&Prime; css=\u00a0\u00bb.vc_custom_1574417220268{padding-left: 20px !important;}\u00a0\u00bb][vc_column_text]\n<div class=\"wpcf7 no-js\" id=\"wpcf7-f6652-o1\" lang=\"fr-FR\" dir=\"ltr\" data-wpcf7-id=\"6652\">\n<div class=\"screen-reader-response\"><p role=\"status\" aria-live=\"polite\" aria-atomic=\"true\"><\/p> <ul><\/ul><\/div>\n<form action=\"\/fr\/wp-json\/wp\/v2\/pages\/6639#wpcf7-f6652-o1\" method=\"post\" class=\"wpcf7-form init\" aria-label=\"Formulaire de contact\" novalidate=\"novalidate\" data-status=\"init\">\n<fieldset class=\"hidden-fields-container\"><input type=\"hidden\" name=\"_wpcf7\" value=\"6652\" \/><input type=\"hidden\" name=\"_wpcf7_version\" value=\"6.1.5\" \/><input type=\"hidden\" name=\"_wpcf7_locale\" value=\"fr_FR\" \/><input type=\"hidden\" name=\"_wpcf7_unit_tag\" value=\"wpcf7-f6652-o1\" \/><input type=\"hidden\" name=\"_wpcf7_container_post\" value=\"0\" \/><input type=\"hidden\" name=\"_wpcf7_posted_data_hash\" value=\"\" \/><input type=\"hidden\" name=\"_wpcf7_recaptcha_response\" value=\"\" \/>\n<\/fieldset>\n<p><label> Nom*<br \/>\n<span class=\"wpcf7-form-control-wrap\" data-name=\"nombre\"><input size=\"40\" maxlength=\"400\" class=\"wpcf7-form-control wpcf7-text wpcf7-validates-as-required\" aria-required=\"true\" aria-invalid=\"false\" value=\"\" type=\"text\" name=\"nombre\" \/><\/span> <\/label>\n<\/p>\n<p><label> Adresse mail*<br \/>\n<span class=\"wpcf7-form-control-wrap\" data-name=\"email\"><input size=\"40\" maxlength=\"400\" class=\"wpcf7-form-control wpcf7-email wpcf7-validates-as-required wpcf7-text wpcf7-validates-as-email\" aria-required=\"true\" aria-invalid=\"false\" value=\"\" type=\"email\" name=\"email\" \/><\/span> <\/label>\n<\/p>\n<p><label> Soci\u00e9t\u00e9<br \/>\n<span class=\"wpcf7-form-control-wrap\" data-name=\"empresa\"><input size=\"40\" maxlength=\"400\" class=\"wpcf7-form-control wpcf7-text\" aria-invalid=\"false\" value=\"\" type=\"text\" name=\"empresa\" \/><\/span> <\/label>\n<\/p>\n<p><label> Menssage<br \/>\n<span class=\"wpcf7-form-control-wrap\" data-name=\"mensaje\"><textarea cols=\"40\" rows=\"10\" maxlength=\"2000\" class=\"wpcf7-form-control wpcf7-textarea\" aria-invalid=\"false\" name=\"mensaje\"><\/textarea><\/span> <\/label><br \/>\n<span class=\"wpcf7-form-control-wrap\" data-name=\"politica-privacidad\"><span class=\"wpcf7-form-control wpcf7-acceptance\"><span class=\"wpcf7-list-item\"><input type=\"checkbox\" name=\"politica-privacidad\" value=\"1\" aria-invalid=\"false\" \/><\/span><\/span><\/span> Lu et accept\u00e9 la <a class=\"rojo\" href=\"\/politique-de-privacite\">Politique de Privacit\u00e9<\/a>\n<\/p>\n<p><input class=\"wpcf7-form-control wpcf7-submit has-spinner\" type=\"submit\" value=\"Envoyer\" \/>\n<\/p>\n<p><small>* campo requerido<\/small>\n<\/p>\n<p><small>This site is protected by reCAPTCHA and the Google <a href=\"https:\/\/policies.google.com\/privacy\">Privacy Policy<\/a> and <a href=\"https:\/\/policies.google.com\/terms\">Terms of Service<\/a> apply.<\/small>\n<\/p>\n<div class=\"screen-reader-response\">\n\t<div role=\"status\">\n\t<\/div>\n<\/div><div class=\"wpcf7-response-output\" aria-hidden=\"true\"><\/div>\n<\/form>\n<\/div>\n[\/vc_column_text][\/vc_column][\/vc_row][vc_row el_class=\u00a0\u00bbcontenedor contacto\u00a0\u00bb css=\u00a0\u00bb.vc_custom_1574417093391{margin-top: 0px !important;padding-top: 0px !important;}\u00a0\u00bb][vc_column][vc_column_text]<iframe loading=\"lazy\" style=\"border: 0;\" src=\"https:\/\/www.google.com\/maps\/embed?pb=!1m18!1m12!1m3!1d2906.857298607142!2d-2.8738903837469114!3d43.233451479137905!2m3!1f0!2f0!3f0!3m2!1i1024!2i768!4f13.1!3m3!1m2!1s0x405a236526bae727%3A0x4f72d8e60ef75e3d!2sFmd%20Carbide!5e0!3m2!1ses!2ses!4v1574415386291!5m2!1ses!2ses\" width=\"600\" height=\"450\" frameborder=\"0\" allowfullscreen=\"allowfullscreen\"><\/iframe>[\/vc_column_text][\/vc_column][\/vc_row]<\/p>\n<\/div>","protected":false},"excerpt":{"rendered":"<p>[vc_row full_width=\u00a0\u00bbstretch_row_content_no_spaces\u00a0\u00bb content_placement=\u00a0\u00bbmiddle\u00a0\u00bb match_height=\u00a0\u00bbyes\u00a0\u00bb center_row=\u00a0\u00bbyes\u00a0\u00bb bg_overlay=\u00a0\u00bbyes\u00a0\u00bb bg_overlay_style=\u00a0\u00bboverlay-primary\u00a0\u00bb typo_style=\u00a0\u00bblight\u00a0\u00bb css=\u00a0\u00bb.vc_custom_1573744460846{padding-top: 0px !important;padding-bottom: 0px !important;background-image: url(https:\/\/fmd-hm.com\/wp-content\/uploads\/2019\/10\/fondo2.jpg?id=2229) !important;background-position: center !important;background-repeat: no-repeat !important;background-size: cover !important;}\u00a0\u00bb el_class=\u00a0\u00bbanchocompleto fondofijo\u00a0\u00bb][vc_column el_class=\u00a0\u00bbbloques-inicio\u00a0\u00bb offset=\u00a0\u00bbvc_col-xs-12&Prime; css=\u00a0\u00bb.vc_custom_1573742729688{margin-top: 15px !important;}\u00a0\u00bb][vc_column_text el_class=\u00a0\u00bbcentrar h1&Prime;&#8230;<\/p>\n","protected":false},"author":1,"featured_media":0,"parent":0,"menu_order":7,"comment_status":"closed","ping_status":"closed","template":"template-fullwidth.php","meta":{"footnotes":""},"class_list":["post-6639","page","type-page","status-publish","hentry"],"yoast_head":"<!-- This site is optimized with the Yoast SEO plugin v27.0 - https:\/\/yoast.com\/product\/yoast-seo-wordpress\/ -->\n<title>Contact - FMD Carbide<\/title>\n<meta name=\"description\" content=\"Si vous avez quelque consultation ou suggestion, n\u2019h\u00e9sitez pas \u00e0 nous en parler: fmd@fmd-hm.com \/ +34 94 475 18 00\" \/>\n<meta name=\"robots\" content=\"index, follow, max-snippet:-1, max-image-preview:large, max-video-preview:-1\" \/>\n<link rel=\"canonical\" href=\"https:\/\/www.fmd-hm.com\/fr\/contact\/\" \/>\n<meta property=\"og:locale\" content=\"fr_FR\" \/>\n<meta property=\"og:type\" content=\"article\" \/>\n<meta property=\"og:title\" content=\"Contact - FMD Carbide\" \/>\n<meta property=\"og:description\" content=\"Si vous avez quelque consultation ou suggestion, n\u2019h\u00e9sitez pas \u00e0 nous en parler: fmd@fmd-hm.com \/ +34 94 475 18 00\" \/>\n<meta property=\"og:url\" content=\"https:\/\/www.fmd-hm.com\/fr\/contact\/\" \/>\n<meta property=\"og:site_name\" content=\"FMD Carbide\" \/>\n<meta property=\"article:modified_time\" content=\"2021-04-07T12:03:44+00:00\" \/>\n<meta name=\"twitter:card\" content=\"summary_large_image\" \/>\n<meta name=\"twitter:label1\" content=\"Dur\u00e9e de lecture estim\u00e9e\" \/>\n\t<meta name=\"twitter:data1\" content=\"1 minute\" \/>\n<script type=\"application\/ld+json\" class=\"yoast-schema-graph\">{\"@context\":\"https:\/\/schema.org\",\"@graph\":[{\"@type\":\"WebPage\",\"@id\":\"https:\/\/www.fmd-hm.com\/fr\/contact\/\",\"url\":\"https:\/\/www.fmd-hm.com\/fr\/contact\/\",\"name\":\"Contact - FMD Carbide\",\"isPartOf\":{\"@id\":\"https:\/\/www.fmd-hm.com\/fr\/#website\"},\"datePublished\":\"2019-11-22T08:47:53+00:00\",\"dateModified\":\"2021-04-07T12:03:44+00:00\",\"description\":\"Si vous avez quelque consultation ou suggestion, n\u2019h\u00e9sitez pas \u00e0 nous en parler: fmd@fmd-hm.com \/ +34 94 475 18 00\",\"breadcrumb\":{\"@id\":\"https:\/\/www.fmd-hm.com\/fr\/contact\/#breadcrumb\"},\"inLanguage\":\"fr-FR\",\"potentialAction\":[{\"@type\":\"ReadAction\",\"target\":[\"https:\/\/www.fmd-hm.com\/fr\/contact\/\"]}]},{\"@type\":\"BreadcrumbList\",\"@id\":\"https:\/\/www.fmd-hm.com\/fr\/contact\/#breadcrumb\",\"itemListElement\":[{\"@type\":\"ListItem\",\"position\":1,\"name\":\"Inicio\",\"item\":\"https:\/\/www.fmd-hm.com\/fr\/\"},{\"@type\":\"ListItem\",\"position\":2,\"name\":\"Contact\"}]},{\"@type\":\"WebSite\",\"@id\":\"https:\/\/www.fmd-hm.com\/fr\/#website\",\"url\":\"https:\/\/www.fmd-hm.com\/fr\/\",\"name\":\"FMD Carbide\",\"description\":\"Fabricaci\u00f3n y sinterizaci\u00f3n de metal duro\",\"publisher\":{\"@id\":\"https:\/\/www.fmd-hm.com\/fr\/#organization\"},\"potentialAction\":[{\"@type\":\"SearchAction\",\"target\":{\"@type\":\"EntryPoint\",\"urlTemplate\":\"https:\/\/www.fmd-hm.com\/fr\/?s={search_term_string}\"},\"query-input\":{\"@type\":\"PropertyValueSpecification\",\"valueRequired\":true,\"valueName\":\"search_term_string\"}}],\"inLanguage\":\"fr-FR\"},{\"@type\":\"Organization\",\"@id\":\"https:\/\/www.fmd-hm.com\/fr\/#organization\",\"name\":\"FMD Carbide\",\"url\":\"https:\/\/www.fmd-hm.com\/fr\/\",\"logo\":{\"@type\":\"ImageObject\",\"inLanguage\":\"fr-FR\",\"@id\":\"https:\/\/www.fmd-hm.com\/fr\/#\/schema\/logo\/image\/\",\"url\":\"https:\/\/www.fmd-hm.com\/wp-content\/uploads\/2021\/03\/fmd-carbide-logoc.png\",\"contentUrl\":\"https:\/\/www.fmd-hm.com\/wp-content\/uploads\/2021\/03\/fmd-carbide-logoc.png\",\"width\":326,\"height\":100,\"caption\":\"FMD Carbide\"},\"image\":{\"@id\":\"https:\/\/www.fmd-hm.com\/fr\/#\/schema\/logo\/image\/\"}}]}<\/script>\n<!-- \/ Yoast SEO plugin. -->","yoast_head_json":{"title":"Contact - FMD Carbide","description":"Si vous avez quelque consultation ou suggestion, n\u2019h\u00e9sitez pas \u00e0 nous en parler: fmd@fmd-hm.com \/ +34 94 475 18 00","robots":{"index":"index","follow":"follow","max-snippet":"max-snippet:-1","max-image-preview":"max-image-preview:large","max-video-preview":"max-video-preview:-1"},"canonical":"https:\/\/www.fmd-hm.com\/fr\/contact\/","og_locale":"fr_FR","og_type":"article","og_title":"Contact - FMD Carbide","og_description":"Si vous avez quelque consultation ou suggestion, n\u2019h\u00e9sitez pas \u00e0 nous en parler: fmd@fmd-hm.com \/ +34 94 475 18 00","og_url":"https:\/\/www.fmd-hm.com\/fr\/contact\/","og_site_name":"FMD Carbide","article_modified_time":"2021-04-07T12:03:44+00:00","twitter_card":"summary_large_image","twitter_misc":{"Dur\u00e9e de lecture estim\u00e9e":"1 minute"},"schema":{"@context":"https:\/\/schema.org","@graph":[{"@type":"WebPage","@id":"https:\/\/www.fmd-hm.com\/fr\/contact\/","url":"https:\/\/www.fmd-hm.com\/fr\/contact\/","name":"Contact - FMD Carbide","isPartOf":{"@id":"https:\/\/www.fmd-hm.com\/fr\/#website"},"datePublished":"2019-11-22T08:47:53+00:00","dateModified":"2021-04-07T12:03:44+00:00","description":"Si vous avez quelque consultation ou suggestion, n\u2019h\u00e9sitez pas \u00e0 nous en parler: fmd@fmd-hm.com \/ +34 94 475 18 00","breadcrumb":{"@id":"https:\/\/www.fmd-hm.com\/fr\/contact\/#breadcrumb"},"inLanguage":"fr-FR","potentialAction":[{"@type":"ReadAction","target":["https:\/\/www.fmd-hm.com\/fr\/contact\/"]}]},{"@type":"BreadcrumbList","@id":"https:\/\/www.fmd-hm.com\/fr\/contact\/#breadcrumb","itemListElement":[{"@type":"ListItem","position":1,"name":"Inicio","item":"https:\/\/www.fmd-hm.com\/fr\/"},{"@type":"ListItem","position":2,"name":"Contact"}]},{"@type":"WebSite","@id":"https:\/\/www.fmd-hm.com\/fr\/#website","url":"https:\/\/www.fmd-hm.com\/fr\/","name":"FMD Carbide","description":"Fabricaci\u00f3n y sinterizaci\u00f3n de metal duro","publisher":{"@id":"https:\/\/www.fmd-hm.com\/fr\/#organization"},"potentialAction":[{"@type":"SearchAction","target":{"@type":"EntryPoint","urlTemplate":"https:\/\/www.fmd-hm.com\/fr\/?s={search_term_string}"},"query-input":{"@type":"PropertyValueSpecification","valueRequired":true,"valueName":"search_term_string"}}],"inLanguage":"fr-FR"},{"@type":"Organization","@id":"https:\/\/www.fmd-hm.com\/fr\/#organization","name":"FMD Carbide","url":"https:\/\/www.fmd-hm.com\/fr\/","logo":{"@type":"ImageObject","inLanguage":"fr-FR","@id":"https:\/\/www.fmd-hm.com\/fr\/#\/schema\/logo\/image\/","url":"https:\/\/www.fmd-hm.com\/wp-content\/uploads\/2021\/03\/fmd-carbide-logoc.png","contentUrl":"https:\/\/www.fmd-hm.com\/wp-content\/uploads\/2021\/03\/fmd-carbide-logoc.png","width":326,"height":100,"caption":"FMD Carbide"},"image":{"@id":"https:\/\/www.fmd-hm.com\/fr\/#\/schema\/logo\/image\/"}}]}},"_links":{"self":[{"href":"https:\/\/www.fmd-hm.com\/fr\/wp-json\/wp\/v2\/pages\/6639","targetHints":{"allow":["GET"]}}],"collection":[{"href":"https:\/\/www.fmd-hm.com\/fr\/wp-json\/wp\/v2\/pages"}],"about":[{"href":"https:\/\/www.fmd-hm.com\/fr\/wp-json\/wp\/v2\/types\/page"}],"author":[{"embeddable":true,"href":"https:\/\/www.fmd-hm.com\/fr\/wp-json\/wp\/v2\/users\/1"}],"replies":[{"embeddable":true,"href":"https:\/\/www.fmd-hm.com\/fr\/wp-json\/wp\/v2\/comments?post=6639"}],"version-history":[{"count":0,"href":"https:\/\/www.fmd-hm.com\/fr\/wp-json\/wp\/v2\/pages\/6639\/revisions"}],"wp:attachment":[{"href":"https:\/\/www.fmd-hm.com\/fr\/wp-json\/wp\/v2\/media?parent=6639"}],"curies":[{"name":"wp","href":"https:\/\/api.w.org\/{rel}","templated":true}]}}