{"id":6654,"date":"2016-02-06T11:07:24","date_gmt":"2016-02-06T10:07:24","guid":{"rendered":"http:\/\/www.fmd-hm.com\/inicio\/"},"modified":"2021-04-07T15:23:05","modified_gmt":"2021-04-07T13:23:05","slug":"inicio","status":"publish","type":"page","link":"https:\/\/www.fmd-hm.com\/fr\/","title":{"rendered":"Home"},"content":{"rendered":"<div class=\"wpb-content-wrapper\"><p>[vc_row center_row=\u00a0\u00bbyes\u00a0\u00bb css=\u00a0\u00bb.vc_custom_1572273704181{background-color: #a5a5a5 !important;}\u00a0\u00bb][vc_column]<div class=\"zozo-parallax-header\"><div class=\"parallax-header content-style-default\"><h2 class=\"parallax-title\" style=\"color:#ffffff;\">Notre objectif est d\u2019offrir \u00e0 chaque client le produit dont il a besoin<\/h2><\/div><\/div>[vc_column_text el_class=\u00a0\u00bblead blanco centrar\u00a0\u00bb]Depuis le d\u00e9but, cela fait d\u00e9j\u00e0 60 ans, notre activit\u00e9 s\u2019est centr\u00e9e sur la fabrication et le frittage de carbure de tungst\u00e8ne pour tout type d\u2019outils et d\u2019outillages.[\/vc_column_text][\/vc_column][\/vc_row][vc_row match_height=\u00a0\u00bbyes\u00a0\u00bb center_row=\u00a0\u00bbyes\u00a0\u00bb bg_overlay=\u00a0\u00bbyes\u00a0\u00bb bg_overlay_style=\u00a0\u00bboverlay-primary\u00a0\u00bb typo_style=\u00a0\u00bblight\u00a0\u00bb css=\u00a0\u00bb.vc_custom_1616489586320{padding-bottom: 50px !important;background-image: url(https:\/\/www.fmd-hm.com\/wp-content\/uploads\/2021\/03\/fondo2.jpg?id=4989) !important;background-position: center !important;background-repeat: no-repeat !important;background-size: cover !important;}\u00a0\u00bb el_class=\u00a0\u00bbvc-row-default bloques-inicio fondofijo\u00a0\u00bb][vc_column width=\u00a0\u00bb1\/2&Prime; el_class=\u00a0\u00bbbloques-inicio\u00a0\u00bb offset=\u00a0\u00bbvc_col-lg-3 vc_col-md-6 vc_col-xs-12&Prime; css=\u00a0\u00bb.vc_custom_1571927474707{margin-top: 15px !important;}\u00a0\u00bb]<div class=\"zozo-feature-box feature-box-style dark-transparent-box style-overlay-box style-sep-yes \" id=\"feature-box-1\"><div class=\"grid-item\"><div class=\"grid-box-inner grid-text-center grid-box-image grid-shape-none\"><a href=\"\/fr\/technologie\/\" class=\"overlay-box-link\" title=\"Technologie employ\u00e9e\" target=\"_self\"><\/a><div class=\"grid-overlay-top\"><div class=\"grid-overlay-info\"><h3 class=\"grid-title-below grid-title \" style=\"font-size:20px;\">Technologie employ\u00e9e<\/h3><\/div><\/div><div class=\"grid-overlay-bottom\"><div class=\"grid-overlay-info\"><h3 class=\"grid-title-below grid-title \" style=\"font-size:20px;\">Technologie employ\u00e9e<\/h3><div class=\"grid-desc\" ><p>Mat\u00e9riel d\u2019une duret\u00e9 exceptionnelle et de grande t\u00e9nacit\u00e9<\/p>\n<\/div><\/div><\/div><\/div><\/div><\/div>[\/vc_column][vc_column width=\u00a0\u00bb1\/2&Prime; offset=\u00a0\u00bbvc_col-lg-3 vc_col-md-6 vc_col-xs-12&Prime; css=\u00a0\u00bb.vc_custom_1571927479672{margin-top: 15px !important;}\u00a0\u00bb]<div class=\"zozo-feature-box feature-box-style dark-transparent-box style-overlay-box style-sep-yes \" id=\"feature-box-2\"><div class=\"grid-item\"><div class=\"grid-box-inner grid-text-center grid-box-image grid-shape-none\"><a href=\"\/fr\/carbure-tungstene-fritte\/\" class=\"overlay-box-link\" title=\"Carbure tungstene fritt\u00e9\" target=\"_self\"><\/a><div class=\"grid-overlay-top\"><div class=\"grid-overlay-info\"><h3 class=\"grid-title-below grid-title \" style=\"font-size:20px;\">Carbure tungstene fritt\u00e9<\/h3><\/div><\/div><div class=\"grid-overlay-bottom\"><div class=\"grid-overlay-info\"><h3 class=\"grid-title-below grid-title \" style=\"font-size:20px;\">Carbure tungstene fritt\u00e9<\/h3><div class=\"grid-desc\" ><p>Pi\u00e8ces : de coupe, pour bois, industrie mini\u00e8re et travaux publics\u2026<\/p>\n<\/div><\/div><\/div><\/div><\/div><\/div>[\/vc_column][vc_column width=\u00a0\u00bb1\/2&Prime; offset=\u00a0\u00bbvc_col-lg-3 vc_col-md-6 vc_col-xs-12&Prime; css=\u00a0\u00bb.vc_custom_1571927483657{margin-top: 15px !important;}\u00a0\u00bb]<div class=\"zozo-feature-box feature-box-style dark-transparent-box style-overlay-box style-sep-yes \" id=\"feature-box-3\"><div class=\"grid-item\"><div class=\"grid-box-inner grid-text-center grid-box-image grid-shape-none\"><a href=\"\/fr\/outillage-carbure-de-tungstene\/\" class=\"overlay-box-link\" title=\"Outillage carbure de tungstene\" target=\"_self\"><\/a><div class=\"grid-overlay-top\"><div class=\"grid-overlay-info\"><h3 class=\"grid-title-below grid-title \" style=\"font-size:20px;\">Outillage carbure de tungstene<\/h3><\/div><\/div><div class=\"grid-overlay-bottom\"><div class=\"grid-overlay-info\"><h3 class=\"grid-title-below grid-title \" style=\"font-size:20px;\">Outillage carbure de tungstene<\/h3><div class=\"grid-desc\" ><p>Solutions anti-usure pour tout type de secteurs<\/p>\n<\/div><\/div><\/div><\/div><\/div><\/div>[\/vc_column][vc_column width=\u00a0\u00bb1\/2&Prime; offset=\u00a0\u00bbvc_col-lg-3 vc_col-md-6 vc_col-xs-12&Prime; css=\u00a0\u00bb.vc_custom_1571927488425{margin-top: 15px !important;}\u00a0\u00bb]<div class=\"zozo-feature-box feature-box-style dark-transparent-box style-overlay-box style-sep-yes \" id=\"feature-box-4\"><div class=\"grid-item\"><div class=\"grid-box-inner grid-text-center grid-box-image grid-shape-none\"><a href=\"\/fr\/nuances\/\" class=\"overlay-box-link\" title=\"Gammes de qualit\u00e9s\" target=\"_self\"><\/a><div class=\"grid-overlay-top\"><div class=\"grid-overlay-info\"><h3 class=\"grid-title-below grid-title \" style=\"font-size:20px;\">Gammes de qualit\u00e9s<\/h3><\/div><\/div><div class=\"grid-overlay-bottom\"><div class=\"grid-overlay-info\"><h3 class=\"grid-title-below grid-title \" style=\"font-size:20px;\">Gammes de qualit\u00e9s<\/h3><div class=\"grid-desc\" ><p>Nous analysons chaque pi\u00e8ce en d\u00e9tail afin de recommander la qualit\u00e9 de carbure de tungst\u00e8ne appropri\u00e9e<\/p>\n<\/div><\/div><\/div><\/div><\/div><\/div>[\/vc_column][\/vc_row][vc_row full_width=\u00a0\u00bbstretch_row_content_no_spaces\u00a0\u00bb center_row=\u00a0\u00bbyes\u00a0\u00bb bg_overlay=\u00a0\u00bbyes\u00a0\u00bb bg_overlay_style=\u00a0\u00bboverlay-primary\u00a0\u00bb css=\u00a0\u00bb.vc_custom_1616491071794{margin-top: 0px !important;padding-top: 0px !important;background-image: url(https:\/\/www.fmd-hm.com\/wp-content\/uploads\/2021\/03\/fondo2.jpg?id=4989) !important;background-position: center !important;background-repeat: no-repeat !important;background-size: cover !important;}\u00a0\u00bb el_class=\u00a0\u00bbfondofijo\u00a0\u00bb][vc_column typo_style=\u00a0\u00bb\u00a0\u00bb][vc_btn title=\u00a0\u00bbContactez FMD CARBIDE\u00a0\u00bb style=\u00a0\u00bboutline\u00a0\u00bb shape=\u00a0\u00bbsquare\u00a0\u00bb color=\u00a0\u00bbdefault\u00a0\u00bb size=\u00a0\u00bblg\u00a0\u00bb align=\u00a0\u00bbcenter\u00a0\u00bb link=\u00a0\u00bburl:%2Ffr%2Fcontact%2F|title:Contact\u00a0\u00bb][\/vc_column][\/vc_row]<\/p>\n<\/div>","protected":false},"excerpt":{"rendered":"<p>[vc_row center_row=\u00a0\u00bbyes\u00a0\u00bb css=\u00a0\u00bb.vc_custom_1572273704181{background-color: #a5a5a5 !important;}\u00a0\u00bb][vc_column][vc_column_text el_class=\u00a0\u00bblead blanco centrar\u00a0\u00bb]Depuis le d\u00e9but, cela fait d\u00e9j\u00e0 60 ans, notre activit\u00e9 s\u2019est centr\u00e9e sur la fabrication et le frittage de carbure de tungst\u00e8ne pour&#8230;<\/p>\n","protected":false},"author":1,"featured_media":6656,"parent":0,"menu_order":0,"comment_status":"closed","ping_status":"closed","template":"template-fullwidth.php","meta":{"footnotes":""},"class_list":["post-6654","page","type-page","status-publish","has-post-thumbnail","hentry"],"yoast_head":"<!-- This site is optimized with the Yoast SEO plugin v27.0 - https:\/\/yoast.com\/product\/yoast-seo-wordpress\/ -->\n<title>Home - FMD Carbide<\/title>\n<meta name=\"description\" content=\"Notre activit\u00e9 s\u2019est centr\u00e9e sur la fabrication et le frittage de carbure de tungst\u00e8ne pour tout type d\u2019outils et d\u2019outillages.\" \/>\n<meta name=\"robots\" content=\"index, follow, max-snippet:-1, max-image-preview:large, max-video-preview:-1\" \/>\n<link rel=\"canonical\" href=\"https:\/\/www.fmd-hm.com\/fr\/\" \/>\n<meta property=\"og:locale\" content=\"fr_FR\" \/>\n<meta property=\"og:type\" content=\"article\" \/>\n<meta property=\"og:title\" content=\"Home - FMD Carbide\" \/>\n<meta property=\"og:description\" content=\"Notre activit\u00e9 s\u2019est centr\u00e9e sur la fabrication et le frittage de carbure de tungst\u00e8ne pour tout type d\u2019outils et d\u2019outillages.\" \/>\n<meta property=\"og:url\" content=\"https:\/\/www.fmd-hm.com\/fr\/\" \/>\n<meta property=\"og:site_name\" content=\"FMD Carbide\" \/>\n<meta property=\"article:modified_time\" content=\"2021-04-07T13:23:05+00:00\" \/>\n<meta property=\"og:image\" content=\"https:\/\/www.fmd-hm.com\/wp-content\/uploads\/2019\/10\/3.jpg\" \/>\n\t<meta property=\"og:image:width\" content=\"1900\" \/>\n\t<meta property=\"og:image:height\" content=\"900\" \/>\n\t<meta property=\"og:image:type\" content=\"image\/jpeg\" \/>\n<meta name=\"twitter:card\" content=\"summary_large_image\" \/>\n<meta name=\"twitter:label1\" content=\"Dur\u00e9e de lecture estim\u00e9e\" \/>\n\t<meta name=\"twitter:data1\" content=\"1 minute\" \/>\n<script type=\"application\/ld+json\" class=\"yoast-schema-graph\">{\"@context\":\"https:\/\/schema.org\",\"@graph\":[{\"@type\":\"WebPage\",\"@id\":\"https:\/\/www.fmd-hm.com\/fr\/\",\"url\":\"https:\/\/www.fmd-hm.com\/fr\/\",\"name\":\"Home - FMD Carbide\",\"isPartOf\":{\"@id\":\"https:\/\/www.fmd-hm.com\/fr\/#website\"},\"primaryImageOfPage\":{\"@id\":\"https:\/\/www.fmd-hm.com\/fr\/#primaryimage\"},\"image\":{\"@id\":\"https:\/\/www.fmd-hm.com\/fr\/#primaryimage\"},\"thumbnailUrl\":\"https:\/\/www.fmd-hm.com\/wp-content\/uploads\/2019\/10\/3.jpg\",\"datePublished\":\"2016-02-06T10:07:24+00:00\",\"dateModified\":\"2021-04-07T13:23:05+00:00\",\"description\":\"Notre activit\u00e9 s\u2019est centr\u00e9e sur la fabrication et le frittage de carbure de tungst\u00e8ne pour tout type d\u2019outils et d\u2019outillages.\",\"breadcrumb\":{\"@id\":\"https:\/\/www.fmd-hm.com\/fr\/#breadcrumb\"},\"inLanguage\":\"fr-FR\",\"potentialAction\":[{\"@type\":\"ReadAction\",\"target\":[\"https:\/\/www.fmd-hm.com\/fr\/\"]}]},{\"@type\":\"ImageObject\",\"inLanguage\":\"fr-FR\",\"@id\":\"https:\/\/www.fmd-hm.com\/fr\/#primaryimage\",\"url\":\"https:\/\/www.fmd-hm.com\/wp-content\/uploads\/2019\/10\/3.jpg\",\"contentUrl\":\"https:\/\/www.fmd-hm.com\/wp-content\/uploads\/2019\/10\/3.jpg\",\"width\":1900,\"height\":900},{\"@type\":\"BreadcrumbList\",\"@id\":\"https:\/\/www.fmd-hm.com\/fr\/#breadcrumb\",\"itemListElement\":[{\"@type\":\"ListItem\",\"position\":1,\"name\":\"Inicio\",\"item\":\"https:\/\/www.fmd-hm.com\/fr\/\"},{\"@type\":\"ListItem\",\"position\":2,\"name\":\"Home\"}]},{\"@type\":\"WebSite\",\"@id\":\"https:\/\/www.fmd-hm.com\/fr\/#website\",\"url\":\"https:\/\/www.fmd-hm.com\/fr\/\",\"name\":\"FMD Carbide\",\"description\":\"Fabricaci\u00f3n y sinterizaci\u00f3n de metal duro\",\"publisher\":{\"@id\":\"https:\/\/www.fmd-hm.com\/fr\/#organization\"},\"potentialAction\":[{\"@type\":\"SearchAction\",\"target\":{\"@type\":\"EntryPoint\",\"urlTemplate\":\"https:\/\/www.fmd-hm.com\/fr\/?s={search_term_string}\"},\"query-input\":{\"@type\":\"PropertyValueSpecification\",\"valueRequired\":true,\"valueName\":\"search_term_string\"}}],\"inLanguage\":\"fr-FR\"},{\"@type\":\"Organization\",\"@id\":\"https:\/\/www.fmd-hm.com\/fr\/#organization\",\"name\":\"FMD Carbide\",\"url\":\"https:\/\/www.fmd-hm.com\/fr\/\",\"logo\":{\"@type\":\"ImageObject\",\"inLanguage\":\"fr-FR\",\"@id\":\"https:\/\/www.fmd-hm.com\/fr\/#\/schema\/logo\/image\/\",\"url\":\"https:\/\/www.fmd-hm.com\/wp-content\/uploads\/2021\/03\/fmd-carbide-logoc.png\",\"contentUrl\":\"https:\/\/www.fmd-hm.com\/wp-content\/uploads\/2021\/03\/fmd-carbide-logoc.png\",\"width\":326,\"height\":100,\"caption\":\"FMD Carbide\"},\"image\":{\"@id\":\"https:\/\/www.fmd-hm.com\/fr\/#\/schema\/logo\/image\/\"}}]}<\/script>\n<!-- \/ Yoast SEO plugin. -->","yoast_head_json":{"title":"Home - FMD Carbide","description":"Notre activit\u00e9 s\u2019est centr\u00e9e sur la fabrication et le frittage de carbure de tungst\u00e8ne pour tout type d\u2019outils et d\u2019outillages.","robots":{"index":"index","follow":"follow","max-snippet":"max-snippet:-1","max-image-preview":"max-image-preview:large","max-video-preview":"max-video-preview:-1"},"canonical":"https:\/\/www.fmd-hm.com\/fr\/","og_locale":"fr_FR","og_type":"article","og_title":"Home - FMD Carbide","og_description":"Notre activit\u00e9 s\u2019est centr\u00e9e sur la fabrication et le frittage de carbure de tungst\u00e8ne pour tout type d\u2019outils et d\u2019outillages.","og_url":"https:\/\/www.fmd-hm.com\/fr\/","og_site_name":"FMD Carbide","article_modified_time":"2021-04-07T13:23:05+00:00","og_image":[{"width":1900,"height":900,"url":"https:\/\/www.fmd-hm.com\/wp-content\/uploads\/2019\/10\/3.jpg","type":"image\/jpeg"}],"twitter_card":"summary_large_image","twitter_misc":{"Dur\u00e9e de lecture estim\u00e9e":"1 minute"},"schema":{"@context":"https:\/\/schema.org","@graph":[{"@type":"WebPage","@id":"https:\/\/www.fmd-hm.com\/fr\/","url":"https:\/\/www.fmd-hm.com\/fr\/","name":"Home - FMD Carbide","isPartOf":{"@id":"https:\/\/www.fmd-hm.com\/fr\/#website"},"primaryImageOfPage":{"@id":"https:\/\/www.fmd-hm.com\/fr\/#primaryimage"},"image":{"@id":"https:\/\/www.fmd-hm.com\/fr\/#primaryimage"},"thumbnailUrl":"https:\/\/www.fmd-hm.com\/wp-content\/uploads\/2019\/10\/3.jpg","datePublished":"2016-02-06T10:07:24+00:00","dateModified":"2021-04-07T13:23:05+00:00","description":"Notre activit\u00e9 s\u2019est centr\u00e9e sur la fabrication et le frittage de carbure de tungst\u00e8ne pour tout type d\u2019outils et d\u2019outillages.","breadcrumb":{"@id":"https:\/\/www.fmd-hm.com\/fr\/#breadcrumb"},"inLanguage":"fr-FR","potentialAction":[{"@type":"ReadAction","target":["https:\/\/www.fmd-hm.com\/fr\/"]}]},{"@type":"ImageObject","inLanguage":"fr-FR","@id":"https:\/\/www.fmd-hm.com\/fr\/#primaryimage","url":"https:\/\/www.fmd-hm.com\/wp-content\/uploads\/2019\/10\/3.jpg","contentUrl":"https:\/\/www.fmd-hm.com\/wp-content\/uploads\/2019\/10\/3.jpg","width":1900,"height":900},{"@type":"BreadcrumbList","@id":"https:\/\/www.fmd-hm.com\/fr\/#breadcrumb","itemListElement":[{"@type":"ListItem","position":1,"name":"Inicio","item":"https:\/\/www.fmd-hm.com\/fr\/"},{"@type":"ListItem","position":2,"name":"Home"}]},{"@type":"WebSite","@id":"https:\/\/www.fmd-hm.com\/fr\/#website","url":"https:\/\/www.fmd-hm.com\/fr\/","name":"FMD Carbide","description":"Fabricaci\u00f3n y sinterizaci\u00f3n de metal duro","publisher":{"@id":"https:\/\/www.fmd-hm.com\/fr\/#organization"},"potentialAction":[{"@type":"SearchAction","target":{"@type":"EntryPoint","urlTemplate":"https:\/\/www.fmd-hm.com\/fr\/?s={search_term_string}"},"query-input":{"@type":"PropertyValueSpecification","valueRequired":true,"valueName":"search_term_string"}}],"inLanguage":"fr-FR"},{"@type":"Organization","@id":"https:\/\/www.fmd-hm.com\/fr\/#organization","name":"FMD Carbide","url":"https:\/\/www.fmd-hm.com\/fr\/","logo":{"@type":"ImageObject","inLanguage":"fr-FR","@id":"https:\/\/www.fmd-hm.com\/fr\/#\/schema\/logo\/image\/","url":"https:\/\/www.fmd-hm.com\/wp-content\/uploads\/2021\/03\/fmd-carbide-logoc.png","contentUrl":"https:\/\/www.fmd-hm.com\/wp-content\/uploads\/2021\/03\/fmd-carbide-logoc.png","width":326,"height":100,"caption":"FMD Carbide"},"image":{"@id":"https:\/\/www.fmd-hm.com\/fr\/#\/schema\/logo\/image\/"}}]}},"_links":{"self":[{"href":"https:\/\/www.fmd-hm.com\/fr\/wp-json\/wp\/v2\/pages\/6654","targetHints":{"allow":["GET"]}}],"collection":[{"href":"https:\/\/www.fmd-hm.com\/fr\/wp-json\/wp\/v2\/pages"}],"about":[{"href":"https:\/\/www.fmd-hm.com\/fr\/wp-json\/wp\/v2\/types\/page"}],"author":[{"embeddable":true,"href":"https:\/\/www.fmd-hm.com\/fr\/wp-json\/wp\/v2\/users\/1"}],"replies":[{"embeddable":true,"href":"https:\/\/www.fmd-hm.com\/fr\/wp-json\/wp\/v2\/comments?post=6654"}],"version-history":[{"count":0,"href":"https:\/\/www.fmd-hm.com\/fr\/wp-json\/wp\/v2\/pages\/6654\/revisions"}],"wp:featuredmedia":[{"embeddable":true,"href":"https:\/\/www.fmd-hm.com\/fr\/wp-json\/wp\/v2\/media\/6656"}],"wp:attachment":[{"href":"https:\/\/www.fmd-hm.com\/fr\/wp-json\/wp\/v2\/media?parent=6654"}],"curies":[{"name":"wp","href":"https:\/\/api.w.org\/{rel}","templated":true}]}}