{"id":4603,"date":"2019-11-14T10:04:50","date_gmt":"2019-11-14T10:04:50","guid":{"rendered":"http:\/\/www.fmd-hm.com\/company\/"},"modified":"2021-04-22T18:23:11","modified_gmt":"2021-04-22T16:23:11","slug":"firma","status":"publish","type":"page","link":"https:\/\/www.fmd-hm.com\/pl\/firma\/","title":{"rendered":"Firma"},"content":{"rendered":"<div class=\"wpb-content-wrapper\"><p>[vc_row full_width=&#8221;stretch_row_content_no_spaces&#8221; content_placement=&#8221;middle&#8221; match_height=&#8221;yes&#8221; center_row=&#8221;yes&#8221; bg_overlay=&#8221;yes&#8221; bg_overlay_style=&#8221;overlay-primary&#8221; typo_style=&#8221;light&#8221; css=&#8221;.vc_custom_1573744460846{padding-top: 0px !important;padding-bottom: 0px !important;background-image: url(https:\/\/fmd-hm.com\/wp-content\/uploads\/2019\/10\/fondo2.jpg?id=2229) !important;background-position: center !important;background-repeat: no-repeat !important;background-size: cover !important;}&#8221; el_class=&#8221;anchocompleto fondofijo&#8221;][vc_column width=&#8221;1\/3&#8243; el_class=&#8221;bloques-inicio&#8221; offset=&#8221;vc_col-xs-12&#8243; css=&#8221;.vc_custom_1573742729688{margin-top: 15px !important;}&#8221;][vc_column_text el_class=&#8221;centrar h1&#8243; css=&#8221;.vc_custom_1616411099842{padding-top: 40px !important;padding-bottom: 40px !important;}&#8221;]<\/p>\n<h1>Firma<\/h1>\n<p>[\/vc_column_text][\/vc_column][vc_column width=&#8221;2\/3&#8243; offset=&#8221;vc_col-xs-12&#8243; css=&#8221;.vc_custom_1573744889322{padding-top: 100px !important;padding-right: 50px !important;padding-bottom: 100px !important;padding-left: 50px !important;background-color: rgba(0,0,0,0.62) !important;*background-color: rgb(0,0,0) !important;}&#8221;]<div class=\"zozo-parallax-header h225px\"><div class=\"parallax-header content-style-default\"><h2 class=\"parallax-title\" style=\"font-size:25px;\">Nasz celem jest zaoferowanie ka\u017cdemu klientowi produktu, kt\u00f3rego potrzebuje<\/h2><\/div><\/div>[vc_column_text el_class=&#8221;lead blanco&#8221;]Od pocz\u0105tku naszego istnienia tj. 60 lat temu, nasza dzia\u0142alno\u015b\u0107 skupia\u0142a si\u0119 na produkcji i spiekaniu twardego metalu do wszelkiego rodzaju narz\u0119dzi i cz\u0119\u015bci zamiennych do maszyn.[\/vc_column_text][\/vc_column][\/vc_row][vc_row content_placement=&#8221;middle&#8221; el_class=&#8221;contenedor&#8221; css=&#8221;.vc_custom_1574079360958{padding-bottom: 40px !important;}&#8221;][vc_column width=&#8221;1\/2&#8243; offset=&#8221;vc_col-lg-4 vc_col-md-4&#8243;][vc_column_text]<\/p>\n<h4>W firmie FMD CARBIDE ca\u0142\u0105 nasz\u0105 produkcj\u0119 opieramy na wykonywanych na zam\u00f3wienie cz\u0119\u015bciach z twardego metalu, zgodnie z rysunkami klienta<\/h4>\n<p>Cz\u0119\u015bci te s\u0105 przeznaczone do r\u00f3\u017cnych sektor\u00f3w przemys\u0142u i do wielu zastosowa\u0144, w kt\u00f3rych z powodzeniem radz\u0105 sobie z operacjami ci\u0119cia, formowania i \/ lub zu\u017cycia. Nasza produkcja jest przygotowana do obr\u00f3bki surowych p\u00f3\u0142fabrykat\u00f3w jak najbli\u017cej ostatecznego kszta\u0142tu przed spiekaniem, aby zminimalizowa\u0107 p\u00f3\u017aniejsze czasy szlifowania.[\/vc_column_text][\/vc_column][vc_column width=&#8221;1\/2&#8243; offset=&#8221;vc_col-lg-4 vc_col-md-4&#8243;][vc_single_image image=&#8221;4607&#8243; img_size=&#8221;full&#8221; alignment=&#8221;center&#8221;][\/vc_column][vc_column width=&#8221;1\/3&#8243; offset=&#8221;vc_hidden-sm vc_hidden-xs&#8221;][vc_single_image image=&#8221;4606&#8243; img_size=&#8221;full&#8221; alignment=&#8221;center&#8221;][\/vc_column][\/vc_row][vc_row content_placement=&#8221;middle&#8221; el_class=&#8221;contenedor&#8221; css=&#8221;.vc_custom_1574078841142{padding-top: 0px !important;padding-bottom: 100px !important;}&#8221;][vc_column width=&#8221;1\/2&#8243;][vc_row_inner el_class=&#8221;movilno&#8221;][vc_column_inner width=&#8221;1\/5&#8243;][\/vc_column_inner][vc_column_inner width=&#8221;4\/5&#8243;][vc_single_image image=&#8221;4619&#8243; img_size=&#8221;full&#8221; alignment=&#8221;center&#8221;][vc_single_image image=&#8221;4620&#8243; img_size=&#8221;full&#8221; alignment=&#8221;center&#8221;][\/vc_column_inner][\/vc_row_inner][\/vc_column][vc_column width=&#8221;1\/2&#8243;][vc_row_inner][vc_column_inner]<div class=\"zozo-parallax-header\"><div class=\"parallax-header content-style-default\"><h2 class=\"parallax-title\" style=\"font-size:25px;\">Mi\u0119dzynarodowy zasi\u0119g<\/h2><\/div><\/div>[vc_column_text]<\/p>\n<h4>Nasze produkty s\u0105 obecne w ponad 15 krajach na ca\u0142ym \u015bwiecie, g\u0142\u00f3wnie w Europie i Ameryce Po\u0142udniowej<\/h4>\n<p>Nasze zaanga\u017cowanie w specjalizacj\u0119 i nasze mi\u0119dzynarodowe powo\u0142anie sprawi\u0142y, \u017ce jeste\u015bmy strategiczn\u0105 firm\u0105 w bran\u017cy nie tylko na poziomie krajowym, ale tak\u017ce mi\u0119dzynarodowym.<\/p>\n<p>Rezultatem tego zaanga\u017cowania w umi\u0119dzynarodowienie jest ci\u0105g\u0142y wzrost naszej sprzeda\u017cy eksportowej, z coraz mocniejsz\u0105 obecno\u015bci\u0105 w najbardziej zaawansowanych technologicznie krajach.<\/p>\n<p>Wszystko to, wraz z zobowi\u0105zaniem do etycznej uczciwo\u015bci i poufno\u015bci w naszych relacjach z naszymi klientami i dostawcami, pozwoli\u0142o nam wsp\u00f3lnie rozwija\u0107 ich najbardziej innowacyjne projekty.[\/vc_column_text][\/vc_column_inner][\/vc_row_inner][\/vc_column][\/vc_row][vc_row full_width=&#8221;stretch_row_content_no_spaces&#8221; center_row=&#8221;yes&#8221; typo_style=&#8221;light&#8221; css=&#8221;.vc_custom_1573743734136{margin-top: 0px !important;padding-top: 80px !important;background-color: #a5a5a5 !important;background-position: center !important;background-repeat: no-repeat !important;background-size: cover !important;}&#8221; el_class=&#8221;fondofijo&#8221;][vc_column typo_style=&#8221;&#8221;][vc_btn title=&#8221;Kontakt FMD Carbide&#8221; style=&#8221;outline&#8221; shape=&#8221;square&#8221; color=&#8221;default&#8221; size=&#8221;lg&#8221; align=&#8221;center&#8221; link=&#8221;url:%2Fpl%2Fkontakt&#8221;][\/vc_column][\/vc_row]<\/p>\n<\/div>","protected":false},"excerpt":{"rendered":"<p>[vc_row full_width=&#8221;stretch_row_content_no_spaces&#8221; content_placement=&#8221;middle&#8221; match_height=&#8221;yes&#8221; center_row=&#8221;yes&#8221; bg_overlay=&#8221;yes&#8221; bg_overlay_style=&#8221;overlay-primary&#8221; typo_style=&#8221;light&#8221; css=&#8221;.vc_custom_1573744460846{padding-top: 0px !important;padding-bottom: 0px !important;background-image: url(https:\/\/fmd-hm.com\/wp-content\/uploads\/2019\/10\/fondo2.jpg?id=2229) !important;background-position: center !important;background-repeat: no-repeat !important;background-size: cover !important;}&#8221; el_class=&#8221;anchocompleto fondofijo&#8221;][vc_column width=&#8221;1\/3&#8243; el_class=&#8221;bloques-inicio&#8221; offset=&#8221;vc_col-xs-12&#8243; css=&#8221;.vc_custom_1573742729688{margin-top: 15px !important;}&#8221;][vc_column_text el_class=&#8221;centrar&#8230;<\/p>\n","protected":false},"author":1,"featured_media":0,"parent":0,"menu_order":1,"comment_status":"closed","ping_status":"closed","template":"template-fullwidth.php","meta":{"footnotes":""},"class_list":["post-4603","page","type-page","status-publish","hentry"],"yoast_head":"<!-- This site is optimized with the Yoast SEO plugin v27.0 - https:\/\/yoast.com\/product\/yoast-seo-wordpress\/ -->\n<title>Firma - FMD Carbide<\/title>\n<meta name=\"description\" content=\"Od pocz\u0105tku naszego istnienia tj. 60 lat temu, nasza dzia\u0142alno\u015b\u0107 skupia\u0142a si\u0119 na produkcji i spiekaniu twardego metalu do wszelkiego rodzaju narz\u0119dzi i cz\u0119\u015bci zamiennych do maszyn.\" \/>\n<meta name=\"robots\" content=\"index, follow, max-snippet:-1, max-image-preview:large, max-video-preview:-1\" \/>\n<link rel=\"canonical\" href=\"https:\/\/www.fmd-hm.com\/pl\/firma\/\" \/>\n<meta property=\"og:locale\" content=\"pl_PL\" \/>\n<meta property=\"og:type\" content=\"article\" \/>\n<meta property=\"og:title\" content=\"Firma - FMD Carbide\" \/>\n<meta property=\"og:description\" content=\"Od pocz\u0105tku naszego istnienia tj. 60 lat temu, nasza dzia\u0142alno\u015b\u0107 skupia\u0142a si\u0119 na produkcji i spiekaniu twardego metalu do wszelkiego rodzaju narz\u0119dzi i cz\u0119\u015bci zamiennych do maszyn.\" \/>\n<meta property=\"og:url\" content=\"https:\/\/www.fmd-hm.com\/pl\/firma\/\" \/>\n<meta property=\"og:site_name\" content=\"FMD Carbide\" \/>\n<meta property=\"article:modified_time\" content=\"2021-04-22T16:23:11+00:00\" \/>\n<meta name=\"twitter:card\" content=\"summary_large_image\" \/>\n<meta name=\"twitter:label1\" content=\"Szacowany czas czytania\" \/>\n\t<meta name=\"twitter:data1\" content=\"2 minuty\" \/>\n<script type=\"application\/ld+json\" class=\"yoast-schema-graph\">{\"@context\":\"https:\/\/schema.org\",\"@graph\":[{\"@type\":\"WebPage\",\"@id\":\"https:\/\/www.fmd-hm.com\/pl\/firma\/\",\"url\":\"https:\/\/www.fmd-hm.com\/pl\/firma\/\",\"name\":\"Firma - FMD Carbide\",\"isPartOf\":{\"@id\":\"https:\/\/www.fmd-hm.com\/pl\/#website\"},\"datePublished\":\"2019-11-14T10:04:50+00:00\",\"dateModified\":\"2021-04-22T16:23:11+00:00\",\"description\":\"Od pocz\u0105tku naszego istnienia tj. 60 lat temu, nasza dzia\u0142alno\u015b\u0107 skupia\u0142a si\u0119 na produkcji i spiekaniu twardego metalu do wszelkiego rodzaju narz\u0119dzi i cz\u0119\u015bci zamiennych do maszyn.\",\"breadcrumb\":{\"@id\":\"https:\/\/www.fmd-hm.com\/pl\/firma\/#breadcrumb\"},\"inLanguage\":\"pl-PL\",\"potentialAction\":[{\"@type\":\"ReadAction\",\"target\":[\"https:\/\/www.fmd-hm.com\/pl\/firma\/\"]}]},{\"@type\":\"BreadcrumbList\",\"@id\":\"https:\/\/www.fmd-hm.com\/pl\/firma\/#breadcrumb\",\"itemListElement\":[{\"@type\":\"ListItem\",\"position\":1,\"name\":\"Inicio\",\"item\":\"https:\/\/www.fmd-hm.com\/pl\/\"},{\"@type\":\"ListItem\",\"position\":2,\"name\":\"Firma\"}]},{\"@type\":\"WebSite\",\"@id\":\"https:\/\/www.fmd-hm.com\/pl\/#website\",\"url\":\"https:\/\/www.fmd-hm.com\/pl\/\",\"name\":\"FMD Carbide\",\"description\":\"Fabricaci\u00f3n y sinterizaci\u00f3n de metal duro\",\"publisher\":{\"@id\":\"https:\/\/www.fmd-hm.com\/pl\/#organization\"},\"potentialAction\":[{\"@type\":\"SearchAction\",\"target\":{\"@type\":\"EntryPoint\",\"urlTemplate\":\"https:\/\/www.fmd-hm.com\/pl\/?s={search_term_string}\"},\"query-input\":{\"@type\":\"PropertyValueSpecification\",\"valueRequired\":true,\"valueName\":\"search_term_string\"}}],\"inLanguage\":\"pl-PL\"},{\"@type\":\"Organization\",\"@id\":\"https:\/\/www.fmd-hm.com\/pl\/#organization\",\"name\":\"FMD Carbide\",\"url\":\"https:\/\/www.fmd-hm.com\/pl\/\",\"logo\":{\"@type\":\"ImageObject\",\"inLanguage\":\"pl-PL\",\"@id\":\"https:\/\/www.fmd-hm.com\/pl\/#\/schema\/logo\/image\/\",\"url\":\"https:\/\/www.fmd-hm.com\/wp-content\/uploads\/2021\/03\/fmd-carbide-logoc.png\",\"contentUrl\":\"https:\/\/www.fmd-hm.com\/wp-content\/uploads\/2021\/03\/fmd-carbide-logoc.png\",\"width\":326,\"height\":100,\"caption\":\"FMD Carbide\"},\"image\":{\"@id\":\"https:\/\/www.fmd-hm.com\/pl\/#\/schema\/logo\/image\/\"}}]}<\/script>\n<!-- \/ Yoast SEO plugin. -->","yoast_head_json":{"title":"Firma - FMD Carbide","description":"Od pocz\u0105tku naszego istnienia tj. 60 lat temu, nasza dzia\u0142alno\u015b\u0107 skupia\u0142a si\u0119 na produkcji i spiekaniu twardego metalu do wszelkiego rodzaju narz\u0119dzi i cz\u0119\u015bci zamiennych do maszyn.","robots":{"index":"index","follow":"follow","max-snippet":"max-snippet:-1","max-image-preview":"max-image-preview:large","max-video-preview":"max-video-preview:-1"},"canonical":"https:\/\/www.fmd-hm.com\/pl\/firma\/","og_locale":"pl_PL","og_type":"article","og_title":"Firma - FMD Carbide","og_description":"Od pocz\u0105tku naszego istnienia tj. 60 lat temu, nasza dzia\u0142alno\u015b\u0107 skupia\u0142a si\u0119 na produkcji i spiekaniu twardego metalu do wszelkiego rodzaju narz\u0119dzi i cz\u0119\u015bci zamiennych do maszyn.","og_url":"https:\/\/www.fmd-hm.com\/pl\/firma\/","og_site_name":"FMD Carbide","article_modified_time":"2021-04-22T16:23:11+00:00","twitter_card":"summary_large_image","twitter_misc":{"Szacowany czas czytania":"2 minuty"},"schema":{"@context":"https:\/\/schema.org","@graph":[{"@type":"WebPage","@id":"https:\/\/www.fmd-hm.com\/pl\/firma\/","url":"https:\/\/www.fmd-hm.com\/pl\/firma\/","name":"Firma - FMD Carbide","isPartOf":{"@id":"https:\/\/www.fmd-hm.com\/pl\/#website"},"datePublished":"2019-11-14T10:04:50+00:00","dateModified":"2021-04-22T16:23:11+00:00","description":"Od pocz\u0105tku naszego istnienia tj. 60 lat temu, nasza dzia\u0142alno\u015b\u0107 skupia\u0142a si\u0119 na produkcji i spiekaniu twardego metalu do wszelkiego rodzaju narz\u0119dzi i cz\u0119\u015bci zamiennych do maszyn.","breadcrumb":{"@id":"https:\/\/www.fmd-hm.com\/pl\/firma\/#breadcrumb"},"inLanguage":"pl-PL","potentialAction":[{"@type":"ReadAction","target":["https:\/\/www.fmd-hm.com\/pl\/firma\/"]}]},{"@type":"BreadcrumbList","@id":"https:\/\/www.fmd-hm.com\/pl\/firma\/#breadcrumb","itemListElement":[{"@type":"ListItem","position":1,"name":"Inicio","item":"https:\/\/www.fmd-hm.com\/pl\/"},{"@type":"ListItem","position":2,"name":"Firma"}]},{"@type":"WebSite","@id":"https:\/\/www.fmd-hm.com\/pl\/#website","url":"https:\/\/www.fmd-hm.com\/pl\/","name":"FMD Carbide","description":"Fabricaci\u00f3n y sinterizaci\u00f3n de metal duro","publisher":{"@id":"https:\/\/www.fmd-hm.com\/pl\/#organization"},"potentialAction":[{"@type":"SearchAction","target":{"@type":"EntryPoint","urlTemplate":"https:\/\/www.fmd-hm.com\/pl\/?s={search_term_string}"},"query-input":{"@type":"PropertyValueSpecification","valueRequired":true,"valueName":"search_term_string"}}],"inLanguage":"pl-PL"},{"@type":"Organization","@id":"https:\/\/www.fmd-hm.com\/pl\/#organization","name":"FMD Carbide","url":"https:\/\/www.fmd-hm.com\/pl\/","logo":{"@type":"ImageObject","inLanguage":"pl-PL","@id":"https:\/\/www.fmd-hm.com\/pl\/#\/schema\/logo\/image\/","url":"https:\/\/www.fmd-hm.com\/wp-content\/uploads\/2021\/03\/fmd-carbide-logoc.png","contentUrl":"https:\/\/www.fmd-hm.com\/wp-content\/uploads\/2021\/03\/fmd-carbide-logoc.png","width":326,"height":100,"caption":"FMD Carbide"},"image":{"@id":"https:\/\/www.fmd-hm.com\/pl\/#\/schema\/logo\/image\/"}}]}},"_links":{"self":[{"href":"https:\/\/www.fmd-hm.com\/pl\/wp-json\/wp\/v2\/pages\/4603","targetHints":{"allow":["GET"]}}],"collection":[{"href":"https:\/\/www.fmd-hm.com\/pl\/wp-json\/wp\/v2\/pages"}],"about":[{"href":"https:\/\/www.fmd-hm.com\/pl\/wp-json\/wp\/v2\/types\/page"}],"author":[{"embeddable":true,"href":"https:\/\/www.fmd-hm.com\/pl\/wp-json\/wp\/v2\/users\/1"}],"replies":[{"embeddable":true,"href":"https:\/\/www.fmd-hm.com\/pl\/wp-json\/wp\/v2\/comments?post=4603"}],"version-history":[{"count":0,"href":"https:\/\/www.fmd-hm.com\/pl\/wp-json\/wp\/v2\/pages\/4603\/revisions"}],"wp:attachment":[{"href":"https:\/\/www.fmd-hm.com\/pl\/wp-json\/wp\/v2\/media?parent=4603"}],"curies":[{"name":"wp","href":"https:\/\/api.w.org\/{rel}","templated":true}]}}