{"id":4626,"date":"2019-11-18T13:11:41","date_gmt":"2019-11-18T12:11:41","guid":{"rendered":"http:\/\/www.fmd-hm.com\/technology\/"},"modified":"2021-04-22T18:06:06","modified_gmt":"2021-04-22T16:06:06","slug":"technologia","status":"publish","type":"page","link":"https:\/\/www.fmd-hm.com\/pl\/technologia\/","title":{"rendered":"Technologia"},"content":{"rendered":"<div class=\"wpb-content-wrapper\"><p>[vc_row full_width=&#8221;stretch_row_content_no_spaces&#8221; content_placement=&#8221;middle&#8221; match_height=&#8221;yes&#8221; center_row=&#8221;yes&#8221; bg_overlay=&#8221;yes&#8221; bg_overlay_style=&#8221;overlay-primary&#8221; typo_style=&#8221;light&#8221; css=&#8221;.vc_custom_1573744460846{padding-top: 0px !important;padding-bottom: 0px !important;background-image: url(https:\/\/fmd-hm.com\/wp-content\/uploads\/2019\/10\/fondo2.jpg?id=2229) !important;background-position: center !important;background-repeat: no-repeat !important;background-size: cover !important;}&#8221; el_class=&#8221;anchocompleto fondofijo&#8221;][vc_column width=&#8221;1\/3&#8243; el_class=&#8221;bloques-inicio&#8221; offset=&#8221;vc_col-xs-12&#8243; css=&#8221;.vc_custom_1573742729688{margin-top: 15px !important;}&#8221;][vc_column_text el_class=&#8221;centrar h1&#8243; css=&#8221;.vc_custom_1616411654363{padding-top: 40px !important;padding-bottom: 40px !important;}&#8221;]<\/p>\n<h1>Technologia<\/h1>\n<p>[\/vc_column_text][\/vc_column][vc_column width=&#8221;2\/3&#8243; offset=&#8221;vc_col-xs-12&#8243; css=&#8221;.vc_custom_1573744889322{padding-top: 100px !important;padding-right: 50px !important;padding-bottom: 100px !important;padding-left: 50px !important;background-color: rgba(0,0,0,0.62) !important;*background-color: rgb(0,0,0) !important;}&#8221;]<div class=\"zozo-parallax-header h225px\"><div class=\"parallax-header content-style-default\"><h2 class=\"parallax-title\" style=\"font-size:25px;\">Materia\u0142 o wyj\u0105tkowej twardo\u015bci i du\u017cej wytrzyma\u0142o\u015bci<\/h2><\/div><\/div>[vc_column_text el_class=&#8221;lead blanco&#8221;]FMD CARBIDE posiada w\u0142asny, dobrze wyposa\u017cony warsztat szlifierski, kt\u00f3ry wykonuje wszystkie p\u00f3\u0142produkty, aby spe\u0142ni\u0107 wymagania naszych klient\u00f3w.[\/vc_column_text][\/vc_column][\/vc_row][vc_row el_class=&#8221;contenedor&#8221; css=&#8221;.vc_custom_1574087698380{margin-bottom: 0px !important;padding-bottom: 0px !important;}&#8221;][vc_column width=&#8221;1\/2&#8243; offset=&#8221;vc_col-lg-4 vc_col-md-4&#8243; css=&#8221;.vc_custom_1574087616941{padding-right: 20px !important;padding-left: 30px !important;}&#8221;][vc_row_inner css=&#8221;.vc_custom_1602155703091{margin-bottom: 0px !important;padding-bottom: 0px !important;}&#8221;][vc_column_inner css=&#8221;.vc_custom_1574087599494{padding-right: 25px !important;padding-bottom: 25px !important;padding-left: 25px !important;background-color: rgba(255,255,255,0.86) !important;*background-color: rgb(255,255,255) !important;}&#8221;][vc_column_text]<\/p>\n<h4>Nasze zaawansowane zasoby ludzkie pozwalaj\u0105 nam oferowa\u0107 doskona\u0142y poziom jako\u015bci i us\u0142ug.<\/h4>\n<p>Nasze obiekty i laboratoria s\u0105 ci\u0105gle udoskonalane, a my dysponujemy najnowocze\u015bniejszymi narz\u0119dziami do identyfikacji potrzeb.[\/vc_column_text][vc_single_image image=&#8221;4631&#8243; img_size=&#8221;full&#8221;][\/vc_column_inner][\/vc_row_inner][\/vc_column][vc_column width=&#8221;1\/2&#8243; offset=&#8221;vc_col-lg-4 vc_col-md-4&#8243;][\/vc_column][\/vc_row][vc_row content_placement=&#8221;top&#8221; el_class=&#8221;contenedor&#8221; css=&#8221;.vc_custom_1602155454494{margin-top: 0px !important;margin-right: 0px !important;padding-top: 0px !important;padding-right: 0px !important;padding-bottom: 100px !important;}&#8221;][vc_column width=&#8221;1\/2&#8243; css=&#8221;.vc_custom_1574087772006{margin-left: 0px !important;padding-left: 0px !important;}&#8221;][vc_row_inner el_class=&#8221;movilno&#8221; css=&#8221;.vc_custom_1602154412363{margin-top: 80px !important;margin-left: 0px !important;padding-left: 0px !important;}&#8221;][vc_column_inner width=&#8221;1\/2&#8243;][vc_single_image image=&#8221;4636&#8243; img_size=&#8221;full&#8221; alignment=&#8221;center&#8221;][vc_single_image image=&#8221;4632&#8243; img_size=&#8221;full&#8221; alignment=&#8221;center&#8221;][\/vc_column_inner][vc_column_inner width=&#8221;1\/2&#8243;][vc_single_image image=&#8221;4637&#8243; img_size=&#8221;full&#8221; alignment=&#8221;center&#8221;][vc_single_image image=&#8221;4641&#8243; img_size=&#8221;full&#8221; alignment=&#8221;center&#8221;][\/vc_column_inner][\/vc_row_inner][\/vc_column][vc_column width=&#8221;1\/2&#8243;][vc_row_inner css=&#8221;.vc_custom_1602154810325{padding-top: 0px !important;padding-bottom: 0px !important;}&#8221;][vc_column_inner]<div class=\"zozo-parallax-header\"><div class=\"parallax-header content-style-default\"><h2 class=\"parallax-title\" style=\"font-size:25px;\">\u015arodki produkcji<\/h2><\/div><\/div>[vc_column_text]<\/p>\n<ul>\n<li>Prasy, CIP Izostatyczne i Hydrauliczne do 1250 ton<\/li>\n<li>Tokarki CNC i centra obr\u00f3bcze<\/li>\n<li>Piec do spiekania do 60 bar\u00f3w dla HIP<\/li>\n<li>Maszyny do ci\u0119cia drutu elektroerozyjnego i elektrodr\u0105\u017cenia<\/li>\n<li>Szlifierki p\u0142askie<\/li>\n<li>Szlifierki do wa\u0142k\u00f3w i otwor\u00f3w<\/li>\n<li>Centra obr\u00f3bcze CNC<\/li>\n<li>Ostrza\u0142ki i profilery<\/li>\n<\/ul>\n<p>[\/vc_column_text][\/vc_column_inner][\/vc_row_inner][vc_row_inner css=&#8221;.vc_custom_1605537287964{margin-top: 88px !important;}&#8221; el_class=&#8221;movilno&#8221;][vc_column_inner width=&#8221;1\/2&#8243;][vc_single_image image=&#8221;4638&#8243; img_size=&#8221;full&#8221; alignment=&#8221;center&#8221;][\/vc_column_inner][vc_column_inner width=&#8221;1\/2&#8243;][vc_single_image image=&#8221;4642&#8243; img_size=&#8221;full&#8221; alignment=&#8221;center&#8221;][\/vc_column_inner][\/vc_row_inner][vc_row_inner el_class=&#8221;movilsi&#8221; css=&#8221;.vc_custom_1602154501149{margin-top: 80px !important;margin-left: 0px !important;padding-left: 0px !important;}&#8221;][vc_column_inner width=&#8221;1\/2&#8243;][vc_single_image image=&#8221;4636&#8243; img_size=&#8221;full&#8221; alignment=&#8221;center&#8221;][vc_single_image image=&#8221;4632&#8243; img_size=&#8221;full&#8221; alignment=&#8221;center&#8221;][vc_single_image image=&#8221;4638&#8243; img_size=&#8221;full&#8221; alignment=&#8221;center&#8221;][\/vc_column_inner][vc_column_inner width=&#8221;1\/2&#8243;][vc_single_image image=&#8221;4637&#8243; img_size=&#8221;full&#8221; alignment=&#8221;center&#8221;][vc_single_image image=&#8221;4641&#8243; img_size=&#8221;full&#8221; alignment=&#8221;center&#8221;][vc_single_image image=&#8221;4642&#8243; img_size=&#8221;full&#8221; alignment=&#8221;center&#8221;][\/vc_column_inner][\/vc_row_inner][\/vc_column][\/vc_row][vc_row content_placement=&#8221;middle&#8221; el_class=&#8221;contenedor&#8221; css=&#8221;.vc_custom_1574078841142{padding-top: 0px !important;padding-bottom: 100px !important;}&#8221;][vc_column width=&#8221;1\/2&#8243;][vc_row_inner][vc_column_inner]<div class=\"zozo-parallax-header\"><div class=\"parallax-header content-style-default\"><h2 class=\"parallax-title\" style=\"font-size:25px;\">Laboratrium<\/h2><\/div><\/div>[vc_column_text]Nasze laboratorium posiada niezb\u0119dny sprz\u0119t do pe\u0142nej kontroli metalograficznej naszych produkt\u00f3w, do kontroli proces\u00f3w, a tak\u017ce pilota\u017cow\u0105 instalacj\u0119 do opracowywania nowych produkt\u00f3w i klas.<\/p>\n<p>Spo\u015br\u00f3d sprz\u0119tu, jakim dysponujemy, chcieliby\u015bmy podkre\u015bli\u0107 poni\u017csze:<\/p>\n<ul>\n<li>Sprz\u0119t do pomiaru g\u0119sto\u015bci<\/li>\n<li>Testery uprz\u0119\u017cy Rockwell i Vickers<\/li>\n<li>Histerograf do analizy w\u0142a\u015bciwo\u015bci magnetycznych (koercja i nasycenie magnetyczne)<\/li>\n<li>Analizator w\u0119gla<\/li>\n<li>Mikroskop optyczny i lupy<\/li>\n<li>Automatyczna polerka<\/li>\n<\/ul>\n<p>[\/vc_column_text][\/vc_column_inner][\/vc_row_inner][\/vc_column][vc_column width=&#8221;1\/2&#8243;][vc_row_inner css=&#8221;.vc_custom_1602155647797{margin-top: 60px !important;}&#8221;][vc_column_inner width=&#8221;1\/2&#8243;][vc_single_image image=&#8221;4643&#8243; img_size=&#8221;full&#8221; alignment=&#8221;center&#8221;][vc_single_image image=&#8221;4645&#8243; img_size=&#8221;full&#8221; alignment=&#8221;center&#8221;][\/vc_column_inner][vc_column_inner width=&#8221;1\/2&#8243;][vc_single_image image=&#8221;4644&#8243; img_size=&#8221;full&#8221; alignment=&#8221;center&#8221;][vc_single_image image=&#8221;4646&#8243; img_size=&#8221;full&#8221; alignment=&#8221;center&#8221;][\/vc_column_inner][\/vc_row_inner][\/vc_column][\/vc_row][vc_row content_placement=&#8221;middle&#8221; el_class=&#8221;contenedor&#8221; css=&#8221;.vc_custom_1574078841142{padding-top: 0px !important;padding-bottom: 100px !important;}&#8221;][vc_column width=&#8221;1\/2&#8243; css=&#8221;.vc_custom_1574082841604{margin-left: 0px !important;padding-left: 0px !important;}&#8221;][vc_row_inner el_class=&#8221;movilno&#8221;][vc_column_inner width=&#8221;1\/2&#8243;][vc_single_image image=&#8221;4647&#8243; img_size=&#8221;full&#8221; alignment=&#8221;center&#8221;][\/vc_column_inner][vc_column_inner width=&#8221;1\/2&#8243;][vc_single_image image=&#8221;4648&#8243; img_size=&#8221;full&#8221; alignment=&#8221;center&#8221;][\/vc_column_inner][\/vc_row_inner][\/vc_column][vc_column width=&#8221;1\/2&#8243;][vc_row_inner css=&#8221;.vc_custom_1574086920494{padding-bottom: 40px !important;}&#8221;][vc_column_inner][vc_column_text]W oddziale badawczym posiadamy sprz\u0119t do produkcji i analizy RTP (do prasowania proszku):<\/p>\n<ul>\n<li>M\u0142yn laboratoryjny Attritor<\/li>\n<li>Piece do suszenia powietrzem i pr\u00f3\u017cniowo<\/li>\n<li>Wytrz\u0105sarki sitowe<\/li>\n<li>Urz\u0105dzenie do pomiar g\u0119sto\u015bci pozornej<\/li>\n<li>Urz\u0105dzenie do pomiaru przep\u0142ywu (Hall)<\/li>\n<li>Urz\u0105dzenie do przygotowania prasowanych pr\u00f3bek<\/li>\n<li>Urz\u0105dzenie do kontroli wymiarowej pr\u00f3bek do bada\u0144<\/li>\n<\/ul>\n<p>[\/vc_column_text][\/vc_column_inner][\/vc_row_inner][vc_row_inner el_class=&#8221;movilsi&#8221; css=&#8221;.vc_custom_1574086865312{padding-top: 40px !important;}&#8221;][vc_column_inner width=&#8221;1\/2&#8243;][vc_single_image image=&#8221;4647&#8243; img_size=&#8221;full&#8221; alignment=&#8221;center&#8221;][\/vc_column_inner][vc_column_inner width=&#8221;1\/2&#8243;][vc_single_image image=&#8221;4648&#8243; img_size=&#8221;full&#8221; alignment=&#8221;center&#8221;][\/vc_column_inner][\/vc_row_inner][\/vc_column][\/vc_row][vc_row full_width=&#8221;stretch_row_content_no_spaces&#8221; center_row=&#8221;yes&#8221; typo_style=&#8221;light&#8221; css=&#8221;.vc_custom_1573743734136{margin-top: 0px !important;padding-top: 80px !important;background-color: #a5a5a5 !important;background-position: center !important;background-repeat: no-repeat !important;background-size: cover !important;}&#8221; el_class=&#8221;fondofijo&#8221;][vc_column typo_style=&#8221;&#8221;][vc_btn title=&#8221;Kontakt FMD Carbide&#8221; style=&#8221;outline&#8221; shape=&#8221;square&#8221; color=&#8221;default&#8221; size=&#8221;lg&#8221; align=&#8221;center&#8221; link=&#8221;url:%2Fpl%2Fkontakt&#8221;][\/vc_column][\/vc_row]<\/p>\n<\/div>","protected":false},"excerpt":{"rendered":"<p>[vc_row full_width=&#8221;stretch_row_content_no_spaces&#8221; content_placement=&#8221;middle&#8221; match_height=&#8221;yes&#8221; center_row=&#8221;yes&#8221; bg_overlay=&#8221;yes&#8221; bg_overlay_style=&#8221;overlay-primary&#8221; typo_style=&#8221;light&#8221; css=&#8221;.vc_custom_1573744460846{padding-top: 0px !important;padding-bottom: 0px !important;background-image: url(https:\/\/fmd-hm.com\/wp-content\/uploads\/2019\/10\/fondo2.jpg?id=2229) !important;background-position: center !important;background-repeat: no-repeat !important;background-size: cover !important;}&#8221; el_class=&#8221;anchocompleto fondofijo&#8221;][vc_column width=&#8221;1\/3&#8243; el_class=&#8221;bloques-inicio&#8221; offset=&#8221;vc_col-xs-12&#8243; css=&#8221;.vc_custom_1573742729688{margin-top: 15px !important;}&#8221;][vc_column_text el_class=&#8221;centrar&#8230;<\/p>\n","protected":false},"author":1,"featured_media":0,"parent":0,"menu_order":2,"comment_status":"closed","ping_status":"closed","template":"template-fullwidth.php","meta":{"footnotes":""},"class_list":["post-4626","page","type-page","status-publish","hentry"],"yoast_head":"<!-- This site is optimized with the Yoast SEO plugin v27.0 - https:\/\/yoast.com\/product\/yoast-seo-wordpress\/ -->\n<title>Technologia - FMD Carbide<\/title>\n<meta name=\"description\" content=\"FMD CARBIDE posiada w\u0142asny, dobrze wyposa\u017cony warsztat szlifierski, kt\u00f3ry wykonuje wszystkie p\u00f3\u0142produkty, aby spe\u0142ni\u0107 wymagania naszych klient\u00f3w.\" \/>\n<meta name=\"robots\" content=\"index, follow, max-snippet:-1, max-image-preview:large, max-video-preview:-1\" \/>\n<link rel=\"canonical\" href=\"https:\/\/www.fmd-hm.com\/pl\/technologia\/\" \/>\n<meta property=\"og:locale\" content=\"pl_PL\" \/>\n<meta property=\"og:type\" content=\"article\" \/>\n<meta property=\"og:title\" content=\"Technologia - FMD Carbide\" \/>\n<meta property=\"og:description\" content=\"FMD CARBIDE posiada w\u0142asny, dobrze wyposa\u017cony warsztat szlifierski, kt\u00f3ry wykonuje wszystkie p\u00f3\u0142produkty, aby spe\u0142ni\u0107 wymagania naszych klient\u00f3w.\" \/>\n<meta property=\"og:url\" content=\"https:\/\/www.fmd-hm.com\/pl\/technologia\/\" \/>\n<meta property=\"og:site_name\" content=\"FMD Carbide\" \/>\n<meta property=\"article:modified_time\" content=\"2021-04-22T16:06:06+00:00\" \/>\n<meta name=\"twitter:card\" content=\"summary_large_image\" \/>\n<meta name=\"twitter:label1\" content=\"Szacowany czas czytania\" \/>\n\t<meta name=\"twitter:data1\" content=\"3 minuty\" \/>\n<script type=\"application\/ld+json\" class=\"yoast-schema-graph\">{\"@context\":\"https:\/\/schema.org\",\"@graph\":[{\"@type\":\"WebPage\",\"@id\":\"https:\/\/www.fmd-hm.com\/pl\/technologia\/\",\"url\":\"https:\/\/www.fmd-hm.com\/pl\/technologia\/\",\"name\":\"Technologia - FMD Carbide\",\"isPartOf\":{\"@id\":\"https:\/\/www.fmd-hm.com\/pl\/#website\"},\"datePublished\":\"2019-11-18T12:11:41+00:00\",\"dateModified\":\"2021-04-22T16:06:06+00:00\",\"description\":\"FMD CARBIDE posiada w\u0142asny, dobrze wyposa\u017cony warsztat szlifierski, kt\u00f3ry wykonuje wszystkie p\u00f3\u0142produkty, aby spe\u0142ni\u0107 wymagania naszych klient\u00f3w.\",\"breadcrumb\":{\"@id\":\"https:\/\/www.fmd-hm.com\/pl\/technologia\/#breadcrumb\"},\"inLanguage\":\"pl-PL\",\"potentialAction\":[{\"@type\":\"ReadAction\",\"target\":[\"https:\/\/www.fmd-hm.com\/pl\/technologia\/\"]}]},{\"@type\":\"BreadcrumbList\",\"@id\":\"https:\/\/www.fmd-hm.com\/pl\/technologia\/#breadcrumb\",\"itemListElement\":[{\"@type\":\"ListItem\",\"position\":1,\"name\":\"Inicio\",\"item\":\"https:\/\/www.fmd-hm.com\/pl\/\"},{\"@type\":\"ListItem\",\"position\":2,\"name\":\"Technologia\"}]},{\"@type\":\"WebSite\",\"@id\":\"https:\/\/www.fmd-hm.com\/pl\/#website\",\"url\":\"https:\/\/www.fmd-hm.com\/pl\/\",\"name\":\"FMD Carbide\",\"description\":\"Fabricaci\u00f3n y sinterizaci\u00f3n de metal duro\",\"publisher\":{\"@id\":\"https:\/\/www.fmd-hm.com\/pl\/#organization\"},\"potentialAction\":[{\"@type\":\"SearchAction\",\"target\":{\"@type\":\"EntryPoint\",\"urlTemplate\":\"https:\/\/www.fmd-hm.com\/pl\/?s={search_term_string}\"},\"query-input\":{\"@type\":\"PropertyValueSpecification\",\"valueRequired\":true,\"valueName\":\"search_term_string\"}}],\"inLanguage\":\"pl-PL\"},{\"@type\":\"Organization\",\"@id\":\"https:\/\/www.fmd-hm.com\/pl\/#organization\",\"name\":\"FMD Carbide\",\"url\":\"https:\/\/www.fmd-hm.com\/pl\/\",\"logo\":{\"@type\":\"ImageObject\",\"inLanguage\":\"pl-PL\",\"@id\":\"https:\/\/www.fmd-hm.com\/pl\/#\/schema\/logo\/image\/\",\"url\":\"https:\/\/www.fmd-hm.com\/wp-content\/uploads\/2021\/03\/fmd-carbide-logoc.png\",\"contentUrl\":\"https:\/\/www.fmd-hm.com\/wp-content\/uploads\/2021\/03\/fmd-carbide-logoc.png\",\"width\":326,\"height\":100,\"caption\":\"FMD Carbide\"},\"image\":{\"@id\":\"https:\/\/www.fmd-hm.com\/pl\/#\/schema\/logo\/image\/\"}}]}<\/script>\n<!-- \/ Yoast SEO plugin. -->","yoast_head_json":{"title":"Technologia - FMD Carbide","description":"FMD CARBIDE posiada w\u0142asny, dobrze wyposa\u017cony warsztat szlifierski, kt\u00f3ry wykonuje wszystkie p\u00f3\u0142produkty, aby spe\u0142ni\u0107 wymagania naszych klient\u00f3w.","robots":{"index":"index","follow":"follow","max-snippet":"max-snippet:-1","max-image-preview":"max-image-preview:large","max-video-preview":"max-video-preview:-1"},"canonical":"https:\/\/www.fmd-hm.com\/pl\/technologia\/","og_locale":"pl_PL","og_type":"article","og_title":"Technologia - FMD Carbide","og_description":"FMD CARBIDE posiada w\u0142asny, dobrze wyposa\u017cony warsztat szlifierski, kt\u00f3ry wykonuje wszystkie p\u00f3\u0142produkty, aby spe\u0142ni\u0107 wymagania naszych klient\u00f3w.","og_url":"https:\/\/www.fmd-hm.com\/pl\/technologia\/","og_site_name":"FMD Carbide","article_modified_time":"2021-04-22T16:06:06+00:00","twitter_card":"summary_large_image","twitter_misc":{"Szacowany czas czytania":"3 minuty"},"schema":{"@context":"https:\/\/schema.org","@graph":[{"@type":"WebPage","@id":"https:\/\/www.fmd-hm.com\/pl\/technologia\/","url":"https:\/\/www.fmd-hm.com\/pl\/technologia\/","name":"Technologia - FMD Carbide","isPartOf":{"@id":"https:\/\/www.fmd-hm.com\/pl\/#website"},"datePublished":"2019-11-18T12:11:41+00:00","dateModified":"2021-04-22T16:06:06+00:00","description":"FMD CARBIDE posiada w\u0142asny, dobrze wyposa\u017cony warsztat szlifierski, kt\u00f3ry wykonuje wszystkie p\u00f3\u0142produkty, aby spe\u0142ni\u0107 wymagania naszych klient\u00f3w.","breadcrumb":{"@id":"https:\/\/www.fmd-hm.com\/pl\/technologia\/#breadcrumb"},"inLanguage":"pl-PL","potentialAction":[{"@type":"ReadAction","target":["https:\/\/www.fmd-hm.com\/pl\/technologia\/"]}]},{"@type":"BreadcrumbList","@id":"https:\/\/www.fmd-hm.com\/pl\/technologia\/#breadcrumb","itemListElement":[{"@type":"ListItem","position":1,"name":"Inicio","item":"https:\/\/www.fmd-hm.com\/pl\/"},{"@type":"ListItem","position":2,"name":"Technologia"}]},{"@type":"WebSite","@id":"https:\/\/www.fmd-hm.com\/pl\/#website","url":"https:\/\/www.fmd-hm.com\/pl\/","name":"FMD Carbide","description":"Fabricaci\u00f3n y sinterizaci\u00f3n de metal duro","publisher":{"@id":"https:\/\/www.fmd-hm.com\/pl\/#organization"},"potentialAction":[{"@type":"SearchAction","target":{"@type":"EntryPoint","urlTemplate":"https:\/\/www.fmd-hm.com\/pl\/?s={search_term_string}"},"query-input":{"@type":"PropertyValueSpecification","valueRequired":true,"valueName":"search_term_string"}}],"inLanguage":"pl-PL"},{"@type":"Organization","@id":"https:\/\/www.fmd-hm.com\/pl\/#organization","name":"FMD Carbide","url":"https:\/\/www.fmd-hm.com\/pl\/","logo":{"@type":"ImageObject","inLanguage":"pl-PL","@id":"https:\/\/www.fmd-hm.com\/pl\/#\/schema\/logo\/image\/","url":"https:\/\/www.fmd-hm.com\/wp-content\/uploads\/2021\/03\/fmd-carbide-logoc.png","contentUrl":"https:\/\/www.fmd-hm.com\/wp-content\/uploads\/2021\/03\/fmd-carbide-logoc.png","width":326,"height":100,"caption":"FMD Carbide"},"image":{"@id":"https:\/\/www.fmd-hm.com\/pl\/#\/schema\/logo\/image\/"}}]}},"_links":{"self":[{"href":"https:\/\/www.fmd-hm.com\/pl\/wp-json\/wp\/v2\/pages\/4626","targetHints":{"allow":["GET"]}}],"collection":[{"href":"https:\/\/www.fmd-hm.com\/pl\/wp-json\/wp\/v2\/pages"}],"about":[{"href":"https:\/\/www.fmd-hm.com\/pl\/wp-json\/wp\/v2\/types\/page"}],"author":[{"embeddable":true,"href":"https:\/\/www.fmd-hm.com\/pl\/wp-json\/wp\/v2\/users\/1"}],"replies":[{"embeddable":true,"href":"https:\/\/www.fmd-hm.com\/pl\/wp-json\/wp\/v2\/comments?post=4626"}],"version-history":[{"count":0,"href":"https:\/\/www.fmd-hm.com\/pl\/wp-json\/wp\/v2\/pages\/4626\/revisions"}],"wp:attachment":[{"href":"https:\/\/www.fmd-hm.com\/pl\/wp-json\/wp\/v2\/media?parent=4626"}],"curies":[{"name":"wp","href":"https:\/\/api.w.org\/{rel}","templated":true}]}}