{"id":4766,"date":"2019-12-23T12:11:20","date_gmt":"2019-12-23T11:11:20","guid":{"rendered":"http:\/\/www.fmd-hm.com\/sintered-hard-metal\/mining-and-public-works\/"},"modified":"2021-03-30T12:32:24","modified_gmt":"2021-03-30T10:32:24","slug":"sektor-gorniczy-i-publiczny","status":"publish","type":"page","link":"https:\/\/www.fmd-hm.com\/pl\/prefabrykat\/sektor-gorniczy-i-publiczny\/","title":{"rendered":"Sektor g\u00f3rniczy i publiczny"},"content":{"rendered":"<div class=\"wpb-content-wrapper\"><p>[vc_row full_width=&#8221;stretch_row_content_no_spaces&#8221; gap=&#8221;35&#8243; content_placement=&#8221;middle&#8221; match_height=&#8221;yes&#8221; center_row=&#8221;yes&#8221; bg_overlay=&#8221;yes&#8221; bg_overlay_style=&#8221;overlay-primary&#8221; typo_style=&#8221;light&#8221; css=&#8221;.vc_custom_1616426971257{padding-top: 0px !important;padding-bottom: 0px !important;background-image: url(https:\/\/www.fmd-hm.com\/wp-content\/uploads\/2021\/03\/fondo2.jpg?id=4987) !important;background-position: center !important;background-repeat: no-repeat !important;background-size: cover !important;}&#8221; el_class=&#8221;anchocompleto fondofijo contenedor&#8221;][vc_column el_class=&#8221;bloques-inicio&#8221; offset=&#8221;vc_col-xs-12&#8243; css=&#8221;.vc_custom_1573742729688{margin-top: 15px !important;}&#8221;][vc_row_inner content_placement=&#8221;top&#8221; gap=&#8221;35&#8243;][vc_column_inner css=&#8221;.vc_custom_1574693578553{padding-top: 40px !important;padding-bottom: 40px !important;}&#8221;][vc_column_text el_class=&#8221;h1 centrar&#8221; css=&#8221;.vc_custom_1616427026232{padding-bottom: 0px !important;}&#8221;]<\/p>\n<h5><a href=\"https:\/\/www.fmd-hm.com\/metal-duro-sinterizado\/\">Prefabrykat<\/a><\/h5>\n<h1>Sektor g\u00f3rniczy i publiczny<\/h1>\n<p>[\/vc_column_text][vc_single_image image=&#8221;4827&#8243; img_size=&#8221;full&#8221; alignment=&#8221;center&#8221;][\/vc_column_inner][\/vc_row_inner][\/vc_column][\/vc_row][vc_row css=&#8221;.vc_custom_1577100378061{background-color: #f7f7f7 !important;}&#8221; el_class=&#8221;contenedor&#8221;][vc_column width=&#8221;1\/4&#8243;][vc_single_image image=&#8221;4798&#8243; img_size=&#8221;full&#8221; alignment=&#8221;center&#8221; onclick=&#8221;custom_link&#8221; link=&#8221;#mineria1&#8243;][vc_column_text css=&#8221;.vc_custom_1616426579756{margin-top: 0px !important;margin-bottom: 0px !important;padding-top: 0px !important;padding-bottom: 0px !important;}&#8221; el_class=&#8221;centrar&#8221;]<\/p>\n<h6>Narz\u0119dzia do wiercenia rdzeniowego<\/h6>\n<p>[\/vc_column_text][\/vc_column][vc_column width=&#8221;1\/4&#8243;][vc_single_image image=&#8221;4810&#8243; img_size=&#8221;full&#8221; alignment=&#8221;center&#8221; onclick=&#8221;custom_link&#8221; link=&#8221;#mineria2&#8243;][vc_column_text css=&#8221;.vc_custom_1616426639617{margin-top: 0px !important;margin-bottom: 0px !important;padding-top: 0px !important;padding-bottom: 0px !important;}&#8221; el_class=&#8221;centrar&#8221;]<\/p>\n<h6>Guziki<\/h6>\n<p>[\/vc_column_text][\/vc_column][vc_column width=&#8221;1\/4&#8243;][vc_single_image image=&#8221;4814&#8243; img_size=&#8221;full&#8221; alignment=&#8221;center&#8221; onclick=&#8221;custom_link&#8221; link=&#8221;#mineria3&#8243;][vc_column_text css=&#8221;.vc_custom_1616426719246{margin-top: 0px !important;margin-bottom: 0px !important;padding-top: 0px !important;padding-bottom: 0px !important;}&#8221; el_class=&#8221;centrar&#8221;]<\/p>\n<h6>P\u0142ytki do rozdrabniaczy<\/h6>\n<p>[\/vc_column_text][\/vc_column][vc_column width=&#8221;1\/4&#8243;][vc_single_image image=&#8221;4816&#8243; img_size=&#8221;full&#8221; alignment=&#8221;center&#8221; onclick=&#8221;custom_link&#8221; link=&#8221;#mineria4&#8243;][vc_column_text css=&#8221;.vc_custom_1616426755720{margin-top: 0px !important;margin-bottom: 0px !important;padding-top: 0px !important;padding-bottom: 0px !important;}&#8221; el_class=&#8221;centrar&#8221;]<\/p>\n<h6>Szcz\u0119ki<\/h6>\n<p>[\/vc_column_text][\/vc_column][\/vc_row][vc_row css=&#8221;.vc_custom_1577100395870{margin-top: 0px !important;padding-top: 0px !important;background-color: #f7f7f7 !important;}&#8221; el_class=&#8221;contenedor&#8221;][vc_column width=&#8221;1\/6&#8243;][\/vc_column][vc_column width=&#8221;1\/4&#8243;][vc_single_image image=&#8221;4818&#8243; img_size=&#8221;full&#8221; alignment=&#8221;center&#8221; onclick=&#8221;custom_link&#8221; link=&#8221;#mineria5&#8243;][vc_column_text css=&#8221;.vc_custom_1616426809564{margin-top: 0px !important;margin-bottom: 0px !important;padding-top: 0px !important;padding-bottom: 0px !important;}&#8221; el_class=&#8221;centrar&#8221;]<\/p>\n<h6>Kliny<\/h6>\n<p>[\/vc_column_text][\/vc_column][vc_column width=&#8221;1\/4&#8243;][vc_single_image image=&#8221;4821&#8243; img_size=&#8221;full&#8221; alignment=&#8221;center&#8221; onclick=&#8221;custom_link&#8221; link=&#8221;#mineria6&#8243;][vc_column_text css=&#8221;.vc_custom_1616426824356{margin-top: 0px !important;margin-bottom: 0px !important;padding-top: 0px !important;padding-bottom: 0px !important;}&#8221; el_class=&#8221;centrar&#8221;]<\/p>\n<h6>Z\u0119by<\/h6>\n<p>[\/vc_column_text][\/vc_column][vc_column width=&#8221;1\/4&#8243;][vc_single_image image=&#8221;4824&#8243; img_size=&#8221;full&#8221; alignment=&#8221;center&#8221; onclick=&#8221;custom_link&#8221; link=&#8221;#mineria7&#8243;][vc_column_text css=&#8221;.vc_custom_1616426876818{margin-top: 0px !important;margin-bottom: 0px !important;padding-top: 0px !important;padding-bottom: 0px !important;}&#8221; el_class=&#8221;centrar&#8221;]<\/p>\n<h6>P\u0142ytki do kruszarek pionowych<\/h6>\n<p>[\/vc_column_text][\/vc_column][\/vc_row][vc_row el_class=&#8221;contenedor&#8221;][vc_column][vc_row_inner][vc_column_inner][vc_column_text el_class=&#8221;centrar&#8221;]Sektor rob\u00f3t publicznych jest jednym z tradycyjnych sektor\u00f3w w FMD CARBIDE. Produkujemy nie tylko klasyczne standardowe produkty w bran\u017cy, ale mo\u017cemy r\u00f3wnie\u017c dostosowa\u0107 wymiary i geometrie do indywidualnych projekt\u00f3w naszych klient\u00f3w.[\/vc_column_text][vc_single_image image=&#8221;4808&#8243; img_size=&#8221;full&#8221; alignment=&#8221;center&#8221;][\/vc_column_inner][\/vc_row_inner][vc_raw_html]JTNDYSUyMGlkJTNEJTIybWluZXJpYTElMjIlM0UlM0MlMkZhJTNF[\/vc_raw_html][\/vc_column][\/vc_row][vc_row css=&#8221;.vc_custom_1574695217872{padding-top: 30px !important;padding-right: 30px !important;padding-bottom: 30px !important;padding-left: 30px !important;}&#8221;][vc_column][vc_row_inner gap=&#8221;35&#8243;][vc_column_inner width=&#8221;1\/4&#8243;][vc_single_image image=&#8221;4798&#8243; img_size=&#8221;full&#8221; alignment=&#8221;right&#8221;][\/vc_column_inner][vc_column_inner width=&#8221;3\/4&#8243;][vc_column_text css=&#8221;.vc_custom_1616426606307{margin-top: 30px !important;}&#8221;]<\/p>\n<h3>Narz\u0119dzia do wiercenia rdzeniowego<\/h3>\n<p>[\/vc_column_text][\/vc_column_inner][\/vc_row_inner][vc_row_inner css=&#8221;.vc_custom_1574695134864{padding-top: 50px !important;}&#8221;][vc_column_inner width=&#8221;1\/3&#8243;][\/vc_column_inner][vc_column_inner width=&#8221;1\/3&#8243;][vc_single_image image=&#8221;4863&#8243; img_size=&#8221;full&#8221; alignment=&#8221;center&#8221; onclick=&#8221;link_image&#8221;][\/vc_column_inner][vc_column_inner width=&#8221;1\/3&#8243;][\/vc_column_inner][\/vc_row_inner][vc_raw_html]JTNDYSUyMGlkJTNEJTIybWluZXJpYTIlMjIlM0UlM0MlMkZhJTNF[\/vc_raw_html][\/vc_column][\/vc_row][vc_row css=&#8221;.vc_custom_1574695217872{padding-top: 30px !important;padding-right: 30px !important;padding-bottom: 30px !important;padding-left: 30px !important;}&#8221;][vc_column][vc_row_inner gap=&#8221;35&#8243;][vc_column_inner width=&#8221;1\/4&#8243;][vc_single_image image=&#8221;4810&#8243; img_size=&#8221;full&#8221; alignment=&#8221;right&#8221;][\/vc_column_inner][vc_column_inner width=&#8221;3\/4&#8243;][vc_column_text css=&#8221;.vc_custom_1616426678104{margin-top: 30px !important;}&#8221;]<\/p>\n<h3>Guziki<\/h3>\n<p>[\/vc_column_text][\/vc_column_inner][\/vc_row_inner][vc_row_inner css=&#8221;.vc_custom_1574695134864{padding-top: 50px !important;}&#8221;][vc_column_inner width=&#8221;1\/4&#8243;][\/vc_column_inner][vc_column_inner width=&#8221;1\/4&#8243;][vc_single_image image=&#8221;4866&#8243; img_size=&#8221;full&#8221; alignment=&#8221;center&#8221; onclick=&#8221;link_image&#8221;][\/vc_column_inner][vc_column_inner width=&#8221;1\/4&#8243;][vc_single_image image=&#8221;4867&#8243; img_size=&#8221;full&#8221; alignment=&#8221;center&#8221; onclick=&#8221;link_image&#8221;][\/vc_column_inner][vc_column_inner width=&#8221;1\/4&#8243;][\/vc_column_inner][\/vc_row_inner][vc_raw_html]JTNDYSUyMGlkJTNEJTIybWluZXJpYTMlMjIlM0UlM0MlMkZhJTNF[\/vc_raw_html][\/vc_column][\/vc_row][vc_row css=&#8221;.vc_custom_1574695217872{padding-top: 30px !important;padding-right: 30px !important;padding-bottom: 30px !important;padding-left: 30px !important;}&#8221;][vc_column][vc_row_inner gap=&#8221;35&#8243;][vc_column_inner width=&#8221;1\/4&#8243;][vc_single_image image=&#8221;4814&#8243; img_size=&#8221;full&#8221; alignment=&#8221;right&#8221;][\/vc_column_inner][vc_column_inner width=&#8221;3\/4&#8243;][vc_column_text css=&#8221;.vc_custom_1616426733602{margin-top: 30px !important;}&#8221;]<\/p>\n<h3>P\u0142ytki do rozdrabniaczy<\/h3>\n<p>[\/vc_column_text][\/vc_column_inner][\/vc_row_inner][vc_row_inner css=&#8221;.vc_custom_1574695134864{padding-top: 50px !important;}&#8221;][vc_column_inner width=&#8221;1\/4&#8243;][\/vc_column_inner][vc_column_inner width=&#8221;1\/4&#8243;][vc_single_image image=&#8221;4848&#8243; img_size=&#8221;full&#8221; alignment=&#8221;center&#8221; onclick=&#8221;link_image&#8221;][\/vc_column_inner][vc_column_inner width=&#8221;1\/4&#8243;][vc_single_image image=&#8221;4850&#8243; img_size=&#8221;full&#8221; alignment=&#8221;center&#8221; onclick=&#8221;link_image&#8221;][\/vc_column_inner][vc_column_inner width=&#8221;1\/4&#8243;][\/vc_column_inner][\/vc_row_inner][vc_row_inner css=&#8221;.vc_custom_1574695134864{padding-top: 50px !important;}&#8221;][vc_column_inner width=&#8221;1\/4&#8243;][\/vc_column_inner][vc_column_inner width=&#8221;1\/4&#8243;][vc_single_image image=&#8221;4864&#8243; img_size=&#8221;full&#8221; alignment=&#8221;center&#8221; onclick=&#8221;link_image&#8221;][\/vc_column_inner][vc_column_inner width=&#8221;1\/4&#8243;][vc_single_image image=&#8221;4865&#8243; img_size=&#8221;full&#8221; alignment=&#8221;center&#8221; onclick=&#8221;link_image&#8221;][\/vc_column_inner][vc_column_inner width=&#8221;1\/4&#8243;][\/vc_column_inner][\/vc_row_inner][vc_raw_html]JTNDYSUyMGlkJTNEJTIybWluZXJpYTQlMjIlM0UlM0MlMkZhJTNF[\/vc_raw_html][\/vc_column][\/vc_row][vc_row css=&#8221;.vc_custom_1574695217872{padding-top: 30px !important;padding-right: 30px !important;padding-bottom: 30px !important;padding-left: 30px !important;}&#8221;][vc_column][vc_row_inner gap=&#8221;35&#8243;][vc_column_inner width=&#8221;1\/4&#8243;][vc_single_image image=&#8221;4816&#8243; img_size=&#8221;full&#8221; alignment=&#8221;right&#8221;][\/vc_column_inner][vc_column_inner width=&#8221;3\/4&#8243;][vc_column_text css=&#8221;.vc_custom_1616426775846{margin-top: 30px !important;}&#8221;]<\/p>\n<h3>Szcz\u0119ki<\/h3>\n<p>[\/vc_column_text][\/vc_column_inner][\/vc_row_inner][vc_row_inner css=&#8221;.vc_custom_1574695134864{padding-top: 50px !important;}&#8221;][vc_column_inner width=&#8221;1\/4&#8243;][\/vc_column_inner][vc_column_inner width=&#8221;1\/4&#8243;][vc_single_image image=&#8221;4869&#8243; img_size=&#8221;full&#8221; alignment=&#8221;center&#8221; onclick=&#8221;link_image&#8221;][\/vc_column_inner][vc_column_inner width=&#8221;1\/4&#8243;][vc_single_image image=&#8221;4870&#8243; img_size=&#8221;full&#8221; alignment=&#8221;center&#8221; onclick=&#8221;link_image&#8221;][\/vc_column_inner][vc_column_inner width=&#8221;1\/4&#8243;][\/vc_column_inner][\/vc_row_inner][vc_raw_html]JTNDYSUyMGlkJTNEJTIybWluZXJpYTUlMjIlM0UlM0MlMkZhJTNF[\/vc_raw_html][\/vc_column][\/vc_row][vc_row css=&#8221;.vc_custom_1574695217872{padding-top: 30px !important;padding-right: 30px !important;padding-bottom: 30px !important;padding-left: 30px !important;}&#8221;][vc_column][vc_row_inner gap=&#8221;35&#8243;][vc_column_inner width=&#8221;1\/4&#8243;][vc_single_image image=&#8221;4818&#8243; img_size=&#8221;full&#8221; alignment=&#8221;right&#8221;][\/vc_column_inner][vc_column_inner width=&#8221;3\/4&#8243;][vc_column_text css=&#8221;.vc_custom_1616426794273{margin-top: 30px !important;}&#8221;]<\/p>\n<h3>Kliny<\/h3>\n<p>[\/vc_column_text][\/vc_column_inner][\/vc_row_inner][vc_row_inner css=&#8221;.vc_custom_1574695134864{padding-top: 50px !important;}&#8221;][vc_column_inner width=&#8221;1\/3&#8243;][\/vc_column_inner][vc_column_inner width=&#8221;1\/3&#8243;][vc_single_image image=&#8221;4868&#8243; img_size=&#8221;full&#8221; alignment=&#8221;center&#8221; onclick=&#8221;link_image&#8221;][\/vc_column_inner][vc_column_inner width=&#8221;1\/3&#8243;][\/vc_column_inner][\/vc_row_inner][vc_raw_html]JTNDYSUyMGlkJTNEJTIybWluZXJpYTYlMjIlM0UlM0MlMkZhJTNF[\/vc_raw_html][\/vc_column][\/vc_row][vc_row css=&#8221;.vc_custom_1574695217872{padding-top: 30px !important;padding-right: 30px !important;padding-bottom: 30px !important;padding-left: 30px !important;}&#8221;][vc_column][vc_row_inner gap=&#8221;35&#8243;][vc_column_inner width=&#8221;1\/4&#8243;][vc_single_image image=&#8221;4821&#8243; img_size=&#8221;full&#8221; alignment=&#8221;right&#8221;][\/vc_column_inner][vc_column_inner width=&#8221;3\/4&#8243;][vc_column_text css=&#8221;.vc_custom_1616426838778{margin-top: 30px !important;}&#8221;]<\/p>\n<h3>Z\u0119by<\/h3>\n<p>[\/vc_column_text][\/vc_column_inner][\/vc_row_inner][vc_row_inner css=&#8221;.vc_custom_1574695134864{padding-top: 50px !important;}&#8221;][vc_column_inner width=&#8221;1\/5&#8243;][\/vc_column_inner][vc_column_inner width=&#8221;1\/5&#8243;][vc_single_image image=&#8221;4856&#8243; img_size=&#8221;full&#8221; alignment=&#8221;center&#8221; onclick=&#8221;link_image&#8221;][\/vc_column_inner][vc_column_inner width=&#8221;1\/5&#8243;][vc_single_image image=&#8221;4858&#8243; img_size=&#8221;full&#8221; alignment=&#8221;center&#8221; onclick=&#8221;link_image&#8221;][\/vc_column_inner][vc_column_inner width=&#8221;1\/5&#8243;][vc_single_image image=&#8221;4860&#8243; img_size=&#8221;full&#8221; alignment=&#8221;center&#8221;][\/vc_column_inner][vc_column_inner width=&#8221;1\/5&#8243;][\/vc_column_inner][\/vc_row_inner][vc_row_inner css=&#8221;.vc_custom_1574695134864{padding-top: 50px !important;}&#8221;][vc_column_inner width=&#8221;1\/5&#8243;][\/vc_column_inner][vc_column_inner width=&#8221;1\/5&#8243;][vc_single_image image=&#8221;4861&#8243; img_size=&#8221;full&#8221; alignment=&#8221;center&#8221; onclick=&#8221;link_image&#8221;][\/vc_column_inner][vc_column_inner width=&#8221;1\/5&#8243;][vc_single_image image=&#8221;4862&#8243; img_size=&#8221;full&#8221; alignment=&#8221;center&#8221; onclick=&#8221;link_image&#8221;][\/vc_column_inner][vc_column_inner width=&#8221;1\/5&#8243;][vc_single_image image=&#8221;4832&#8243; img_size=&#8221;full&#8221; alignment=&#8221;center&#8221; onclick=&#8221;link_image&#8221;][\/vc_column_inner][vc_column_inner width=&#8221;1\/5&#8243;][\/vc_column_inner][\/vc_row_inner][vc_row_inner css=&#8221;.vc_custom_1574695134864{padding-top: 50px !important;}&#8221;][vc_column_inner width=&#8221;1\/4&#8243;][\/vc_column_inner][vc_column_inner width=&#8221;1\/4&#8243;][vc_single_image image=&#8221;4835&#8243; img_size=&#8221;full&#8221; alignment=&#8221;center&#8221; onclick=&#8221;link_image&#8221;][\/vc_column_inner][vc_column_inner width=&#8221;1\/4&#8243;][vc_single_image image=&#8221;4839&#8243; img_size=&#8221;full&#8221; alignment=&#8221;center&#8221; onclick=&#8221;link_image&#8221;][\/vc_column_inner][vc_column_inner width=&#8221;1\/4&#8243;][\/vc_column_inner][\/vc_row_inner][vc_raw_html]JTNDYSUyMGlkJTNEJTIybWluZXJpYTclMjIlM0UlM0MlMkZhJTNF[\/vc_raw_html][\/vc_column][\/vc_row][vc_row css=&#8221;.vc_custom_1574695217872{padding-top: 30px !important;padding-right: 30px !important;padding-bottom: 30px !important;padding-left: 30px !important;}&#8221;][vc_column][vc_row_inner gap=&#8221;35&#8243;][vc_column_inner width=&#8221;1\/4&#8243;][vc_single_image image=&#8221;4824&#8243; img_size=&#8221;full&#8221; alignment=&#8221;right&#8221;][\/vc_column_inner][vc_column_inner width=&#8221;3\/4&#8243;][vc_column_text css=&#8221;.vc_custom_1616426859816{margin-top: 30px !important;}&#8221;]<\/p>\n<h3>P\u0142ytki do kruszarek pionowych<\/h3>\n<p>[\/vc_column_text][\/vc_column_inner][\/vc_row_inner][vc_row_inner css=&#8221;.vc_custom_1574695134864{padding-top: 50px !important;}&#8221;][vc_column_inner width=&#8221;1\/4&#8243;][\/vc_column_inner][vc_column_inner width=&#8221;1\/4&#8243;][vc_single_image image=&#8221;4841&#8243; img_size=&#8221;full&#8221; alignment=&#8221;center&#8221; onclick=&#8221;link_image&#8221;][\/vc_column_inner][vc_column_inner width=&#8221;1\/4&#8243;][vc_single_image image=&#8221;4843&#8243; img_size=&#8221;full&#8221; alignment=&#8221;center&#8221; onclick=&#8221;link_image&#8221;][\/vc_column_inner][vc_column_inner width=&#8221;1\/4&#8243;][\/vc_column_inner][\/vc_row_inner][\/vc_column][\/vc_row][vc_row full_width=&#8221;stretch_row_content_no_spaces&#8221; center_row=&#8221;yes&#8221; typo_style=&#8221;light&#8221; css=&#8221;.vc_custom_1602084032849{margin-top: 0px !important;margin-bottom: 0px !important;padding-top: 80px !important;background-color: #a5a5a5 !important;background-position: center !important;background-repeat: no-repeat !important;background-size: cover !important;}&#8221; el_class=&#8221;fondofijo&#8221;][vc_column typo_style=&#8221;&#8221;][vc_btn title=&#8221;Kontakt FMD Carbide&#8221; style=&#8221;outline&#8221; shape=&#8221;square&#8221; color=&#8221;default&#8221; size=&#8221;lg&#8221; align=&#8221;center&#8221; link=&#8221;url:%2Fpl%2Fkontakt&#8221;][\/vc_column][\/vc_row]<\/p>\n<\/div>","protected":false},"excerpt":{"rendered":"<p>[vc_row full_width=&#8221;stretch_row_content_no_spaces&#8221; gap=&#8221;35&#8243; content_placement=&#8221;middle&#8221; match_height=&#8221;yes&#8221; center_row=&#8221;yes&#8221; bg_overlay=&#8221;yes&#8221; bg_overlay_style=&#8221;overlay-primary&#8221; typo_style=&#8221;light&#8221; css=&#8221;.vc_custom_1616426971257{padding-top: 0px !important;padding-bottom: 0px !important;background-image: url(https:\/\/www.fmd-hm.com\/wp-content\/uploads\/2021\/03\/fondo2.jpg?id=4987) !important;background-position: center !important;background-repeat: no-repeat !important;background-size: cover !important;}&#8221; el_class=&#8221;anchocompleto fondofijo contenedor&#8221;][vc_column el_class=&#8221;bloques-inicio&#8221; offset=&#8221;vc_col-xs-12&#8243; css=&#8221;.vc_custom_1573742729688{margin-top: 15px !important;}&#8221;][vc_row_inner&#8230;<\/p>\n","protected":false},"author":1,"featured_media":0,"parent":4654,"menu_order":2,"comment_status":"closed","ping_status":"closed","template":"","meta":{"footnotes":""},"class_list":["post-4766","page","type-page","status-publish","hentry"],"yoast_head":"<!-- This site is optimized with the Yoast SEO plugin v27.0 - https:\/\/yoast.com\/product\/yoast-seo-wordpress\/ -->\n<title>Prefabrykat - Sektor g\u00f3rniczy i publiczny - FMD Carbide<\/title>\n<meta name=\"description\" content=\"Produkujemy nie tylko klasyczne standardowe produkty w bran\u017cy, ale mo\u017cemy r\u00f3wnie\u017c dostosowa\u0107 wymiary i geometrie do indywidualnych projekt\u00f3w naszych klient\u00f3w.\" \/>\n<meta name=\"robots\" content=\"index, follow, max-snippet:-1, max-image-preview:large, max-video-preview:-1\" \/>\n<link rel=\"canonical\" href=\"https:\/\/www.fmd-hm.com\/pl\/prefabrykat\/sektor-gorniczy-i-publiczny\/\" \/>\n<meta property=\"og:locale\" content=\"pl_PL\" \/>\n<meta property=\"og:type\" content=\"article\" \/>\n<meta property=\"og:title\" content=\"Prefabrykat - Sektor g\u00f3rniczy i publiczny - FMD Carbide\" \/>\n<meta property=\"og:description\" content=\"Produkujemy nie tylko klasyczne standardowe produkty w bran\u017cy, ale mo\u017cemy r\u00f3wnie\u017c dostosowa\u0107 wymiary i geometrie do indywidualnych projekt\u00f3w naszych klient\u00f3w.\" \/>\n<meta property=\"og:url\" content=\"https:\/\/www.fmd-hm.com\/pl\/prefabrykat\/sektor-gorniczy-i-publiczny\/\" \/>\n<meta property=\"og:site_name\" content=\"FMD Carbide\" \/>\n<meta property=\"article:modified_time\" content=\"2021-03-30T10:32:24+00:00\" \/>\n<meta name=\"twitter:card\" content=\"summary_large_image\" \/>\n<meta name=\"twitter:label1\" content=\"Szacowany czas czytania\" \/>\n\t<meta name=\"twitter:data1\" content=\"3 minuty\" \/>\n<script type=\"application\/ld+json\" class=\"yoast-schema-graph\">{\"@context\":\"https:\/\/schema.org\",\"@graph\":[{\"@type\":\"WebPage\",\"@id\":\"https:\/\/www.fmd-hm.com\/pl\/prefabrykat\/sektor-gorniczy-i-publiczny\/\",\"url\":\"https:\/\/www.fmd-hm.com\/pl\/prefabrykat\/sektor-gorniczy-i-publiczny\/\",\"name\":\"Prefabrykat - Sektor g\u00f3rniczy i publiczny - FMD Carbide\",\"isPartOf\":{\"@id\":\"https:\/\/www.fmd-hm.com\/pl\/#website\"},\"datePublished\":\"2019-12-23T11:11:20+00:00\",\"dateModified\":\"2021-03-30T10:32:24+00:00\",\"description\":\"Produkujemy nie tylko klasyczne standardowe produkty w bran\u017cy, ale mo\u017cemy r\u00f3wnie\u017c dostosowa\u0107 wymiary i geometrie do indywidualnych projekt\u00f3w naszych klient\u00f3w.\",\"breadcrumb\":{\"@id\":\"https:\/\/www.fmd-hm.com\/pl\/prefabrykat\/sektor-gorniczy-i-publiczny\/#breadcrumb\"},\"inLanguage\":\"pl-PL\",\"potentialAction\":[{\"@type\":\"ReadAction\",\"target\":[\"https:\/\/www.fmd-hm.com\/pl\/prefabrykat\/sektor-gorniczy-i-publiczny\/\"]}]},{\"@type\":\"BreadcrumbList\",\"@id\":\"https:\/\/www.fmd-hm.com\/pl\/prefabrykat\/sektor-gorniczy-i-publiczny\/#breadcrumb\",\"itemListElement\":[{\"@type\":\"ListItem\",\"position\":1,\"name\":\"Inicio\",\"item\":\"https:\/\/www.fmd-hm.com\/pl\/\"},{\"@type\":\"ListItem\",\"position\":2,\"name\":\"Prefabrykat\",\"item\":\"https:\/\/www.fmd-hm.com\/pl\/prefabrykat\/\"},{\"@type\":\"ListItem\",\"position\":3,\"name\":\"Corte\"}]},{\"@type\":\"WebSite\",\"@id\":\"https:\/\/www.fmd-hm.com\/pl\/#website\",\"url\":\"https:\/\/www.fmd-hm.com\/pl\/\",\"name\":\"FMD Carbide\",\"description\":\"Fabricaci\u00f3n y sinterizaci\u00f3n de metal duro\",\"publisher\":{\"@id\":\"https:\/\/www.fmd-hm.com\/pl\/#organization\"},\"potentialAction\":[{\"@type\":\"SearchAction\",\"target\":{\"@type\":\"EntryPoint\",\"urlTemplate\":\"https:\/\/www.fmd-hm.com\/pl\/?s={search_term_string}\"},\"query-input\":{\"@type\":\"PropertyValueSpecification\",\"valueRequired\":true,\"valueName\":\"search_term_string\"}}],\"inLanguage\":\"pl-PL\"},{\"@type\":\"Organization\",\"@id\":\"https:\/\/www.fmd-hm.com\/pl\/#organization\",\"name\":\"FMD Carbide\",\"url\":\"https:\/\/www.fmd-hm.com\/pl\/\",\"logo\":{\"@type\":\"ImageObject\",\"inLanguage\":\"pl-PL\",\"@id\":\"https:\/\/www.fmd-hm.com\/pl\/#\/schema\/logo\/image\/\",\"url\":\"https:\/\/www.fmd-hm.com\/wp-content\/uploads\/2021\/03\/fmd-carbide-logoc.png\",\"contentUrl\":\"https:\/\/www.fmd-hm.com\/wp-content\/uploads\/2021\/03\/fmd-carbide-logoc.png\",\"width\":326,\"height\":100,\"caption\":\"FMD Carbide\"},\"image\":{\"@id\":\"https:\/\/www.fmd-hm.com\/pl\/#\/schema\/logo\/image\/\"}}]}<\/script>\n<!-- \/ Yoast SEO plugin. -->","yoast_head_json":{"title":"Prefabrykat - Sektor g\u00f3rniczy i publiczny - FMD Carbide","description":"Produkujemy nie tylko klasyczne standardowe produkty w bran\u017cy, ale mo\u017cemy r\u00f3wnie\u017c dostosowa\u0107 wymiary i geometrie do indywidualnych projekt\u00f3w naszych klient\u00f3w.","robots":{"index":"index","follow":"follow","max-snippet":"max-snippet:-1","max-image-preview":"max-image-preview:large","max-video-preview":"max-video-preview:-1"},"canonical":"https:\/\/www.fmd-hm.com\/pl\/prefabrykat\/sektor-gorniczy-i-publiczny\/","og_locale":"pl_PL","og_type":"article","og_title":"Prefabrykat - Sektor g\u00f3rniczy i publiczny - FMD Carbide","og_description":"Produkujemy nie tylko klasyczne standardowe produkty w bran\u017cy, ale mo\u017cemy r\u00f3wnie\u017c dostosowa\u0107 wymiary i geometrie do indywidualnych projekt\u00f3w naszych klient\u00f3w.","og_url":"https:\/\/www.fmd-hm.com\/pl\/prefabrykat\/sektor-gorniczy-i-publiczny\/","og_site_name":"FMD Carbide","article_modified_time":"2021-03-30T10:32:24+00:00","twitter_card":"summary_large_image","twitter_misc":{"Szacowany czas czytania":"3 minuty"},"schema":{"@context":"https:\/\/schema.org","@graph":[{"@type":"WebPage","@id":"https:\/\/www.fmd-hm.com\/pl\/prefabrykat\/sektor-gorniczy-i-publiczny\/","url":"https:\/\/www.fmd-hm.com\/pl\/prefabrykat\/sektor-gorniczy-i-publiczny\/","name":"Prefabrykat - Sektor g\u00f3rniczy i publiczny - FMD Carbide","isPartOf":{"@id":"https:\/\/www.fmd-hm.com\/pl\/#website"},"datePublished":"2019-12-23T11:11:20+00:00","dateModified":"2021-03-30T10:32:24+00:00","description":"Produkujemy nie tylko klasyczne standardowe produkty w bran\u017cy, ale mo\u017cemy r\u00f3wnie\u017c dostosowa\u0107 wymiary i geometrie do indywidualnych projekt\u00f3w naszych klient\u00f3w.","breadcrumb":{"@id":"https:\/\/www.fmd-hm.com\/pl\/prefabrykat\/sektor-gorniczy-i-publiczny\/#breadcrumb"},"inLanguage":"pl-PL","potentialAction":[{"@type":"ReadAction","target":["https:\/\/www.fmd-hm.com\/pl\/prefabrykat\/sektor-gorniczy-i-publiczny\/"]}]},{"@type":"BreadcrumbList","@id":"https:\/\/www.fmd-hm.com\/pl\/prefabrykat\/sektor-gorniczy-i-publiczny\/#breadcrumb","itemListElement":[{"@type":"ListItem","position":1,"name":"Inicio","item":"https:\/\/www.fmd-hm.com\/pl\/"},{"@type":"ListItem","position":2,"name":"Prefabrykat","item":"https:\/\/www.fmd-hm.com\/pl\/prefabrykat\/"},{"@type":"ListItem","position":3,"name":"Corte"}]},{"@type":"WebSite","@id":"https:\/\/www.fmd-hm.com\/pl\/#website","url":"https:\/\/www.fmd-hm.com\/pl\/","name":"FMD Carbide","description":"Fabricaci\u00f3n y sinterizaci\u00f3n de metal duro","publisher":{"@id":"https:\/\/www.fmd-hm.com\/pl\/#organization"},"potentialAction":[{"@type":"SearchAction","target":{"@type":"EntryPoint","urlTemplate":"https:\/\/www.fmd-hm.com\/pl\/?s={search_term_string}"},"query-input":{"@type":"PropertyValueSpecification","valueRequired":true,"valueName":"search_term_string"}}],"inLanguage":"pl-PL"},{"@type":"Organization","@id":"https:\/\/www.fmd-hm.com\/pl\/#organization","name":"FMD Carbide","url":"https:\/\/www.fmd-hm.com\/pl\/","logo":{"@type":"ImageObject","inLanguage":"pl-PL","@id":"https:\/\/www.fmd-hm.com\/pl\/#\/schema\/logo\/image\/","url":"https:\/\/www.fmd-hm.com\/wp-content\/uploads\/2021\/03\/fmd-carbide-logoc.png","contentUrl":"https:\/\/www.fmd-hm.com\/wp-content\/uploads\/2021\/03\/fmd-carbide-logoc.png","width":326,"height":100,"caption":"FMD Carbide"},"image":{"@id":"https:\/\/www.fmd-hm.com\/pl\/#\/schema\/logo\/image\/"}}]}},"_links":{"self":[{"href":"https:\/\/www.fmd-hm.com\/pl\/wp-json\/wp\/v2\/pages\/4766","targetHints":{"allow":["GET"]}}],"collection":[{"href":"https:\/\/www.fmd-hm.com\/pl\/wp-json\/wp\/v2\/pages"}],"about":[{"href":"https:\/\/www.fmd-hm.com\/pl\/wp-json\/wp\/v2\/types\/page"}],"author":[{"embeddable":true,"href":"https:\/\/www.fmd-hm.com\/pl\/wp-json\/wp\/v2\/users\/1"}],"replies":[{"embeddable":true,"href":"https:\/\/www.fmd-hm.com\/pl\/wp-json\/wp\/v2\/comments?post=4766"}],"version-history":[{"count":0,"href":"https:\/\/www.fmd-hm.com\/pl\/wp-json\/wp\/v2\/pages\/4766\/revisions"}],"up":[{"embeddable":true,"href":"https:\/\/www.fmd-hm.com\/pl\/wp-json\/wp\/v2\/pages\/4654"}],"wp:attachment":[{"href":"https:\/\/www.fmd-hm.com\/pl\/wp-json\/wp\/v2\/media?parent=4766"}],"curies":[{"name":"wp","href":"https:\/\/api.w.org\/{rel}","templated":true}]}}