{"id":5113,"date":"2020-10-05T12:37:19","date_gmt":"2020-10-05T10:37:19","guid":{"rendered":"http:\/\/www.fmd-hm.com\/hard-metal-tools\/railroad\/"},"modified":"2021-03-31T10:25:11","modified_gmt":"2021-03-31T08:25:11","slug":"budowa-torow","status":"publish","type":"page","link":"https:\/\/www.fmd-hm.com\/pl\/narzedzia-z-twardego-metalu\/budowa-torow\/","title":{"rendered":"Budowa tor\u00f3w"},"content":{"rendered":"<div class=\"wpb-content-wrapper\"><p>[vc_row full_width=&#8221;stretch_row_content_no_spaces&#8221; gap=&#8221;35&#8243; content_placement=&#8221;middle&#8221; match_height=&#8221;yes&#8221; center_row=&#8221;yes&#8221; bg_overlay=&#8221;yes&#8221; bg_overlay_style=&#8221;overlay-primary&#8221; typo_style=&#8221;light&#8221; css=&#8221;.vc_custom_1574693396916{padding-top: 0px !important;padding-bottom: 0px !important;background-image: url(https:\/\/fmd-hm.com\/wp-content\/uploads\/2019\/10\/fondo2.jpg?id=2229) !important;background-position: center !important;background-repeat: no-repeat !important;background-size: cover !important;}&#8221; el_class=&#8221;anchocompleto fondofijo contenedor&#8221;][vc_column el_class=&#8221;bloques-inicio&#8221; offset=&#8221;vc_col-xs-12&#8243; css=&#8221;.vc_custom_1573742729688{margin-top: 15px !important;}&#8221;][vc_row_inner content_placement=&#8221;top&#8221; gap=&#8221;35&#8243;][vc_column_inner css=&#8221;.vc_custom_1574693578553{padding-top: 40px !important;padding-bottom: 40px !important;}&#8221;][vc_column_text el_class=&#8221;h1 centrar&#8221; css=&#8221;.vc_custom_1616504749544{padding-bottom: 0px !important;}&#8221;]<\/p>\n<h5><a href=\"\/pl\/narzedzia-z-twardego-metalu\/\">Narz\u0119dzia z twardego metalu<\/a><\/h5>\n<h1>Budowa tor\u00f3w<\/h1>\n<p>[\/vc_column_text][vc_single_image image=&#8221;5156&#8243; img_size=&#8221;full&#8221; alignment=&#8221;center&#8221;][\/vc_column_inner][\/vc_row_inner][\/vc_column][\/vc_row][vc_row css=&#8221;.vc_custom_1574696931278{background-color: #f7f7f7 !important;}&#8221;][vc_column][vc_single_image image=&#8221;5157&#8243; img_size=&#8221;full&#8221; alignment=&#8221;center&#8221; onclick=&#8221;custom_link&#8221; link=&#8221;#ferroviario1&#8243;][vc_column_text el_class=&#8221;centrar&#8221;]<\/p>\n<h6>Narz\u0119dzia do podnoszenia<\/h6>\n<p>[\/vc_column_text][\/vc_column][\/vc_row][vc_row el_class=&#8221;contenedor&#8221;][vc_column][vc_row_inner][vc_column_inner][vc_column_text el_class=&#8221;centrar&#8221;]FMD CARBIDE projektuje optymalne rozwi\u0105zania do podnoszenia podk\u0142ad\u00f3w kolejowych. Te narz\u0119dzia do ubijania ulegaj\u0105 znacznemu zu\u017cyciu podczas kontaktu ze ska\u0142ami bazaltowymi, kt\u00f3re s\u0105 ska\u0142\u0105 o wysokiej \u015bcieralno\u015bci. Dlatego twardy metal jest idealnym rozwi\u0105zaniem do wzmocnienia tych du\u017cych narz\u0119dzi w ich obszarze roboczym.[\/vc_column_text][vc_single_image image=&#8221;5115&#8243; img_size=&#8221;full&#8221; alignment=&#8221;center&#8221;][\/vc_column_inner][\/vc_row_inner][vc_row_inner][vc_column_inner][vc_raw_html css=&#8221;.vc_custom_1603266661829{margin-top: 30px !important;}&#8221;]JTNDYSUyMGlkJTNEJTIyZmVycm92aWFyaW8xJTIyJTNFJTNDJTJGYSUzRQ==[\/vc_raw_html][\/vc_column_inner][\/vc_row_inner][\/vc_column][\/vc_row][vc_row css=&#8221;.vc_custom_1574695217872{padding-top: 30px !important;padding-right: 30px !important;padding-bottom: 30px !important;padding-left: 30px !important;}&#8221;][vc_column][vc_row_inner gap=&#8221;35&#8243;][vc_column_inner width=&#8221;1\/4&#8243;][vc_single_image image=&#8221;5157&#8243; img_size=&#8221;full&#8221; alignment=&#8221;right&#8221;][\/vc_column_inner][vc_column_inner width=&#8221;3\/4&#8243;][vc_column_text css=&#8221;.vc_custom_1616504783000{margin-top: 30px !important;}&#8221;]<\/p>\n<h3>Narz\u0119dzia do podnoszenia<\/h3>\n<p>[\/vc_column_text][\/vc_column_inner][\/vc_row_inner][vc_row_inner css=&#8221;.vc_custom_1574695134864{padding-top: 50px !important;}&#8221;][vc_column_inner width=&#8221;1\/5&#8243;][\/vc_column_inner][vc_column_inner width=&#8221;1\/5&#8243;][vc_single_image image=&#8221;5102&#8243; img_size=&#8221;full&#8221; alignment=&#8221;center&#8221; onclick=&#8221;link_image&#8221;][\/vc_column_inner][vc_column_inner width=&#8221;1\/5&#8243;][vc_single_image image=&#8221;5103&#8243; img_size=&#8221;full&#8221; alignment=&#8221;center&#8221; onclick=&#8221;link_image&#8221;][\/vc_column_inner][vc_column_inner width=&#8221;1\/5&#8243;][vc_single_image image=&#8221;5104&#8243; img_size=&#8221;full&#8221; alignment=&#8221;center&#8221; onclick=&#8221;link_image&#8221;][\/vc_column_inner][vc_column_inner width=&#8221;1\/5&#8243;][\/vc_column_inner][\/vc_row_inner][vc_row_inner css=&#8221;.vc_custom_1574695134864{padding-top: 50px !important;}&#8221;][vc_column_inner width=&#8221;1\/4&#8243;][\/vc_column_inner][vc_column_inner width=&#8221;1\/4&#8243;][vc_single_image image=&#8221;5099&#8243; img_size=&#8221;full&#8221; alignment=&#8221;center&#8221; onclick=&#8221;link_image&#8221;][\/vc_column_inner][vc_column_inner width=&#8221;1\/4&#8243;][vc_single_image image=&#8221;5101&#8243; img_size=&#8221;full&#8221; alignment=&#8221;center&#8221; onclick=&#8221;link_image&#8221;][\/vc_column_inner][vc_column_inner width=&#8221;1\/4&#8243;][\/vc_column_inner][\/vc_row_inner][\/vc_column][\/vc_row][vc_row full_width=&#8221;stretch_row_content_no_spaces&#8221; center_row=&#8221;yes&#8221; typo_style=&#8221;light&#8221; css=&#8221;.vc_custom_1573743734136{margin-top: 0px !important;padding-top: 80px !important;background-color: #a5a5a5 !important;background-position: center !important;background-repeat: no-repeat !important;background-size: cover !important;}&#8221; el_class=&#8221;fondofijo&#8221;][vc_column typo_style=&#8221;&#8221;][vc_btn title=&#8221;Kontakt FMD Carbide&#8221; style=&#8221;outline&#8221; shape=&#8221;square&#8221; color=&#8221;default&#8221; size=&#8221;lg&#8221; align=&#8221;center&#8221; link=&#8221;url:%2Fpl%2Fkontakt&#8221;][\/vc_column][\/vc_row]<\/p>\n<\/div>","protected":false},"excerpt":{"rendered":"<p>[vc_row full_width=&#8221;stretch_row_content_no_spaces&#8221; gap=&#8221;35&#8243; content_placement=&#8221;middle&#8221; match_height=&#8221;yes&#8221; center_row=&#8221;yes&#8221; bg_overlay=&#8221;yes&#8221; bg_overlay_style=&#8221;overlay-primary&#8221; typo_style=&#8221;light&#8221; css=&#8221;.vc_custom_1574693396916{padding-top: 0px !important;padding-bottom: 0px !important;background-image: url(https:\/\/fmd-hm.com\/wp-content\/uploads\/2019\/10\/fondo2.jpg?id=2229) !important;background-position: center !important;background-repeat: no-repeat !important;background-size: cover !important;}&#8221; el_class=&#8221;anchocompleto fondofijo contenedor&#8221;][vc_column el_class=&#8221;bloques-inicio&#8221; offset=&#8221;vc_col-xs-12&#8243; css=&#8221;.vc_custom_1573742729688{margin-top: 15px !important;}&#8221;][vc_row_inner&#8230;<\/p>\n","protected":false},"author":1,"featured_media":0,"parent":5036,"menu_order":6,"comment_status":"closed","ping_status":"closed","template":"","meta":{"footnotes":""},"class_list":["post-5113","page","type-page","status-publish","hentry"],"yoast_head":"<!-- This site is optimized with the Yoast SEO plugin v27.0 - https:\/\/yoast.com\/product\/yoast-seo-wordpress\/ -->\n<title>Narz\u0119dzia z twardego metalu - Budowa tor\u00f3w - FMD Carbide<\/title>\n<meta name=\"description\" content=\"FMD CARBIDE projektuje optymalne rozwi\u0105zania do podnoszenia podk\u0142ad\u00f3w kolejowych. Te narz\u0119dzia do ubijania ulegaj\u0105 znacznemu zu\u017cyciu podczas kontaktu ze ska\u0142ami bazaltowymi, kt\u00f3re s\u0105 ska\u0142\u0105 o wysokiej \u015bcieralno\u015bci.\" \/>\n<meta name=\"robots\" content=\"index, follow, max-snippet:-1, max-image-preview:large, max-video-preview:-1\" \/>\n<link rel=\"canonical\" href=\"https:\/\/www.fmd-hm.com\/pl\/narzedzia-z-twardego-metalu\/budowa-torow\/\" \/>\n<meta property=\"og:locale\" content=\"pl_PL\" \/>\n<meta property=\"og:type\" content=\"article\" \/>\n<meta property=\"og:title\" content=\"Narz\u0119dzia z twardego metalu - Budowa tor\u00f3w - FMD Carbide\" \/>\n<meta property=\"og:description\" content=\"FMD CARBIDE projektuje optymalne rozwi\u0105zania do podnoszenia podk\u0142ad\u00f3w kolejowych. Te narz\u0119dzia do ubijania ulegaj\u0105 znacznemu zu\u017cyciu podczas kontaktu ze ska\u0142ami bazaltowymi, kt\u00f3re s\u0105 ska\u0142\u0105 o wysokiej \u015bcieralno\u015bci.\" \/>\n<meta property=\"og:url\" content=\"https:\/\/www.fmd-hm.com\/pl\/narzedzia-z-twardego-metalu\/budowa-torow\/\" \/>\n<meta property=\"og:site_name\" content=\"FMD Carbide\" \/>\n<meta property=\"article:modified_time\" content=\"2021-03-31T08:25:11+00:00\" \/>\n<meta name=\"twitter:card\" content=\"summary_large_image\" \/>\n<meta name=\"twitter:label1\" content=\"Szacowany czas czytania\" \/>\n\t<meta name=\"twitter:data1\" content=\"1 minuta\" \/>\n<script type=\"application\/ld+json\" class=\"yoast-schema-graph\">{\"@context\":\"https:\/\/schema.org\",\"@graph\":[{\"@type\":\"WebPage\",\"@id\":\"https:\/\/www.fmd-hm.com\/pl\/narzedzia-z-twardego-metalu\/budowa-torow\/\",\"url\":\"https:\/\/www.fmd-hm.com\/pl\/narzedzia-z-twardego-metalu\/budowa-torow\/\",\"name\":\"Narz\u0119dzia z twardego metalu - Budowa tor\u00f3w - FMD Carbide\",\"isPartOf\":{\"@id\":\"https:\/\/www.fmd-hm.com\/pl\/#website\"},\"datePublished\":\"2020-10-05T10:37:19+00:00\",\"dateModified\":\"2021-03-31T08:25:11+00:00\",\"description\":\"FMD CARBIDE projektuje optymalne rozwi\u0105zania do podnoszenia podk\u0142ad\u00f3w kolejowych. Te narz\u0119dzia do ubijania ulegaj\u0105 znacznemu zu\u017cyciu podczas kontaktu ze ska\u0142ami bazaltowymi, kt\u00f3re s\u0105 ska\u0142\u0105 o wysokiej \u015bcieralno\u015bci.\",\"breadcrumb\":{\"@id\":\"https:\/\/www.fmd-hm.com\/pl\/narzedzia-z-twardego-metalu\/budowa-torow\/#breadcrumb\"},\"inLanguage\":\"pl-PL\",\"potentialAction\":[{\"@type\":\"ReadAction\",\"target\":[\"https:\/\/www.fmd-hm.com\/pl\/narzedzia-z-twardego-metalu\/budowa-torow\/\"]}]},{\"@type\":\"BreadcrumbList\",\"@id\":\"https:\/\/www.fmd-hm.com\/pl\/narzedzia-z-twardego-metalu\/budowa-torow\/#breadcrumb\",\"itemListElement\":[{\"@type\":\"ListItem\",\"position\":1,\"name\":\"Inicio\",\"item\":\"https:\/\/www.fmd-hm.com\/pl\/\"},{\"@type\":\"ListItem\",\"position\":2,\"name\":\"Narz\u0119dzia\",\"item\":\"https:\/\/www.fmd-hm.com\/pl\/narzedzia-z-twardego-metalu\/\"},{\"@type\":\"ListItem\",\"position\":3,\"name\":\"Corte\"}]},{\"@type\":\"WebSite\",\"@id\":\"https:\/\/www.fmd-hm.com\/pl\/#website\",\"url\":\"https:\/\/www.fmd-hm.com\/pl\/\",\"name\":\"FMD Carbide\",\"description\":\"Fabricaci\u00f3n y sinterizaci\u00f3n de metal duro\",\"publisher\":{\"@id\":\"https:\/\/www.fmd-hm.com\/pl\/#organization\"},\"potentialAction\":[{\"@type\":\"SearchAction\",\"target\":{\"@type\":\"EntryPoint\",\"urlTemplate\":\"https:\/\/www.fmd-hm.com\/pl\/?s={search_term_string}\"},\"query-input\":{\"@type\":\"PropertyValueSpecification\",\"valueRequired\":true,\"valueName\":\"search_term_string\"}}],\"inLanguage\":\"pl-PL\"},{\"@type\":\"Organization\",\"@id\":\"https:\/\/www.fmd-hm.com\/pl\/#organization\",\"name\":\"FMD Carbide\",\"url\":\"https:\/\/www.fmd-hm.com\/pl\/\",\"logo\":{\"@type\":\"ImageObject\",\"inLanguage\":\"pl-PL\",\"@id\":\"https:\/\/www.fmd-hm.com\/pl\/#\/schema\/logo\/image\/\",\"url\":\"https:\/\/www.fmd-hm.com\/wp-content\/uploads\/2021\/03\/fmd-carbide-logoc.png\",\"contentUrl\":\"https:\/\/www.fmd-hm.com\/wp-content\/uploads\/2021\/03\/fmd-carbide-logoc.png\",\"width\":326,\"height\":100,\"caption\":\"FMD Carbide\"},\"image\":{\"@id\":\"https:\/\/www.fmd-hm.com\/pl\/#\/schema\/logo\/image\/\"}}]}<\/script>\n<!-- \/ Yoast SEO plugin. -->","yoast_head_json":{"title":"Narz\u0119dzia z twardego metalu - Budowa tor\u00f3w - FMD Carbide","description":"FMD CARBIDE projektuje optymalne rozwi\u0105zania do podnoszenia podk\u0142ad\u00f3w kolejowych. Te narz\u0119dzia do ubijania ulegaj\u0105 znacznemu zu\u017cyciu podczas kontaktu ze ska\u0142ami bazaltowymi, kt\u00f3re s\u0105 ska\u0142\u0105 o wysokiej \u015bcieralno\u015bci.","robots":{"index":"index","follow":"follow","max-snippet":"max-snippet:-1","max-image-preview":"max-image-preview:large","max-video-preview":"max-video-preview:-1"},"canonical":"https:\/\/www.fmd-hm.com\/pl\/narzedzia-z-twardego-metalu\/budowa-torow\/","og_locale":"pl_PL","og_type":"article","og_title":"Narz\u0119dzia z twardego metalu - Budowa tor\u00f3w - FMD Carbide","og_description":"FMD CARBIDE projektuje optymalne rozwi\u0105zania do podnoszenia podk\u0142ad\u00f3w kolejowych. Te narz\u0119dzia do ubijania ulegaj\u0105 znacznemu zu\u017cyciu podczas kontaktu ze ska\u0142ami bazaltowymi, kt\u00f3re s\u0105 ska\u0142\u0105 o wysokiej \u015bcieralno\u015bci.","og_url":"https:\/\/www.fmd-hm.com\/pl\/narzedzia-z-twardego-metalu\/budowa-torow\/","og_site_name":"FMD Carbide","article_modified_time":"2021-03-31T08:25:11+00:00","twitter_card":"summary_large_image","twitter_misc":{"Szacowany czas czytania":"1 minuta"},"schema":{"@context":"https:\/\/schema.org","@graph":[{"@type":"WebPage","@id":"https:\/\/www.fmd-hm.com\/pl\/narzedzia-z-twardego-metalu\/budowa-torow\/","url":"https:\/\/www.fmd-hm.com\/pl\/narzedzia-z-twardego-metalu\/budowa-torow\/","name":"Narz\u0119dzia z twardego metalu - Budowa tor\u00f3w - FMD Carbide","isPartOf":{"@id":"https:\/\/www.fmd-hm.com\/pl\/#website"},"datePublished":"2020-10-05T10:37:19+00:00","dateModified":"2021-03-31T08:25:11+00:00","description":"FMD CARBIDE projektuje optymalne rozwi\u0105zania do podnoszenia podk\u0142ad\u00f3w kolejowych. Te narz\u0119dzia do ubijania ulegaj\u0105 znacznemu zu\u017cyciu podczas kontaktu ze ska\u0142ami bazaltowymi, kt\u00f3re s\u0105 ska\u0142\u0105 o wysokiej \u015bcieralno\u015bci.","breadcrumb":{"@id":"https:\/\/www.fmd-hm.com\/pl\/narzedzia-z-twardego-metalu\/budowa-torow\/#breadcrumb"},"inLanguage":"pl-PL","potentialAction":[{"@type":"ReadAction","target":["https:\/\/www.fmd-hm.com\/pl\/narzedzia-z-twardego-metalu\/budowa-torow\/"]}]},{"@type":"BreadcrumbList","@id":"https:\/\/www.fmd-hm.com\/pl\/narzedzia-z-twardego-metalu\/budowa-torow\/#breadcrumb","itemListElement":[{"@type":"ListItem","position":1,"name":"Inicio","item":"https:\/\/www.fmd-hm.com\/pl\/"},{"@type":"ListItem","position":2,"name":"Narz\u0119dzia","item":"https:\/\/www.fmd-hm.com\/pl\/narzedzia-z-twardego-metalu\/"},{"@type":"ListItem","position":3,"name":"Corte"}]},{"@type":"WebSite","@id":"https:\/\/www.fmd-hm.com\/pl\/#website","url":"https:\/\/www.fmd-hm.com\/pl\/","name":"FMD Carbide","description":"Fabricaci\u00f3n y sinterizaci\u00f3n de metal duro","publisher":{"@id":"https:\/\/www.fmd-hm.com\/pl\/#organization"},"potentialAction":[{"@type":"SearchAction","target":{"@type":"EntryPoint","urlTemplate":"https:\/\/www.fmd-hm.com\/pl\/?s={search_term_string}"},"query-input":{"@type":"PropertyValueSpecification","valueRequired":true,"valueName":"search_term_string"}}],"inLanguage":"pl-PL"},{"@type":"Organization","@id":"https:\/\/www.fmd-hm.com\/pl\/#organization","name":"FMD Carbide","url":"https:\/\/www.fmd-hm.com\/pl\/","logo":{"@type":"ImageObject","inLanguage":"pl-PL","@id":"https:\/\/www.fmd-hm.com\/pl\/#\/schema\/logo\/image\/","url":"https:\/\/www.fmd-hm.com\/wp-content\/uploads\/2021\/03\/fmd-carbide-logoc.png","contentUrl":"https:\/\/www.fmd-hm.com\/wp-content\/uploads\/2021\/03\/fmd-carbide-logoc.png","width":326,"height":100,"caption":"FMD Carbide"},"image":{"@id":"https:\/\/www.fmd-hm.com\/pl\/#\/schema\/logo\/image\/"}}]}},"_links":{"self":[{"href":"https:\/\/www.fmd-hm.com\/pl\/wp-json\/wp\/v2\/pages\/5113","targetHints":{"allow":["GET"]}}],"collection":[{"href":"https:\/\/www.fmd-hm.com\/pl\/wp-json\/wp\/v2\/pages"}],"about":[{"href":"https:\/\/www.fmd-hm.com\/pl\/wp-json\/wp\/v2\/types\/page"}],"author":[{"embeddable":true,"href":"https:\/\/www.fmd-hm.com\/pl\/wp-json\/wp\/v2\/users\/1"}],"replies":[{"embeddable":true,"href":"https:\/\/www.fmd-hm.com\/pl\/wp-json\/wp\/v2\/comments?post=5113"}],"version-history":[{"count":0,"href":"https:\/\/www.fmd-hm.com\/pl\/wp-json\/wp\/v2\/pages\/5113\/revisions"}],"up":[{"embeddable":true,"href":"https:\/\/www.fmd-hm.com\/pl\/wp-json\/wp\/v2\/pages\/5036"}],"wp:attachment":[{"href":"https:\/\/www.fmd-hm.com\/pl\/wp-json\/wp\/v2\/media?parent=5113"}],"curies":[{"name":"wp","href":"https:\/\/api.w.org\/{rel}","templated":true}]}}