{"id":5223,"date":"2019-11-25T10:59:37","date_gmt":"2019-11-25T09:59:37","guid":{"rendered":"http:\/\/www.fmd-hm.com\/download-certidicates-documentation\/"},"modified":"2024-12-05T12:34:01","modified_gmt":"2024-12-05T11:34:01","slug":"sciagnij-certyfikaty-i-dokumentacja","status":"publish","type":"page","link":"https:\/\/www.fmd-hm.com\/pl\/sciagnij-certyfikaty-i-dokumentacja\/","title":{"rendered":"\u015aci\u0105gnij. Certyfikaty i dokumentacja"},"content":{"rendered":"<div class=\"wpb-content-wrapper\"><p>[vc_row full_width=&#8221;stretch_row_content_no_spaces&#8221; content_placement=&#8221;middle&#8221; match_height=&#8221;yes&#8221; center_row=&#8221;yes&#8221; bg_overlay=&#8221;yes&#8221; bg_overlay_style=&#8221;overlay-primary&#8221; typo_style=&#8221;light&#8221; css=&#8221;.vc_custom_1573744460846{padding-top: 0px !important;padding-bottom: 0px !important;background-image: url(https:\/\/fmd-hm.com\/wp-content\/uploads\/2019\/10\/fondo2.jpg?id=2229) !important;background-position: center !important;background-repeat: no-repeat !important;background-size: cover !important;}&#8221; el_class=&#8221;anchocompleto fondofijo&#8221;][vc_column width=&#8221;1\/3&#8243; el_class=&#8221;bloques-inicio&#8221; offset=&#8221;vc_col-xs-12&#8243; css=&#8221;.vc_custom_1573742729688{margin-top: 15px !important;}&#8221;][vc_column_text css=&#8221;.vc_custom_1617795781676{padding-top: 40px !important;padding-bottom: 40px !important;}&#8221; el_class=&#8221;centrar h1&#8243;]<\/p>\n<h1>Pliki do pobrania \u2013 Polityka jako\u015bci i certyfikaty<\/h1>\n<p>[\/vc_column_text][\/vc_column][vc_column width=&#8221;2\/3&#8243; offset=&#8221;vc_col-xs-12&#8243; css=&#8221;.vc_custom_1573744889322{padding-top: 100px !important;padding-right: 50px !important;padding-bottom: 100px !important;padding-left: 50px !important;background-color: rgba(0,0,0,0.62) !important;*background-color: rgb(0,0,0) !important;}&#8221;]<div class=\"zozo-parallax-header h225px\"><div class=\"parallax-header content-style-default\"><h2 class=\"parallax-title\" style=\"font-size:25px;\">Wysi\u0142ki w\u0142o\u017cone w ci\u0105g\u0142e doskonalenie i zapewnianie jako\u015bci zosta\u0142y docenione na kilku frontach<\/h2><\/div><\/div>[vc_column_text el_class=&#8221;lead blanco&#8221;]W tym sensie od ponad dziesi\u0119ciu lat posiadamy certyfikat jako\u015bci ISO 9002, a po dostosowaniu si\u0119 do normy ISO 9001 uzyskali\u015bmy w 2004 roku certyfikat EKOSCAN Environmental.[\/vc_column_text][\/vc_column][\/vc_row][vc_row el_class=&#8221;contenedor&#8221;][vc_column width=&#8221;1\/2&#8243; offset=&#8221;vc_col-lg-4 vc_col-md-4&#8243; css=&#8221;.vc_custom_1574087616941{padding-right: 20px !important;padding-left: 30px !important;}&#8221;][vc_row_inner][vc_column_inner css=&#8221;.vc_custom_1574087599494{padding-right: 25px !important;padding-bottom: 25px !important;padding-left: 25px !important;background-color: rgba(255,255,255,0.86) !important;*background-color: rgb(255,255,255) !important;}&#8221;][vc_column_text]Obecnie pracujemy w obszarze Spo\u0142ecznej Odpowiedzialno\u015bci Biznesu (CSR), dbaj\u0105c o potrzeby r\u00f3\u017cnych grup interesu zaanga\u017cowanych w nasz\u0105 dzia\u0142alno\u015b\u0107.[\/vc_column_text][\/vc_column_inner][\/vc_row_inner][\/vc_column][vc_column width=&#8221;1\/2&#8243; offset=&#8221;vc_col-lg-6 vc_col-md-6&#8243; css=&#8221;.vc_custom_1574765750824{padding-left: 30px !important;}&#8221;][vc_btn title=&#8221;ISO 9001&#8243; style=&#8221;custom&#8221; custom_background=&#8221;#86212e&#8221; custom_text=&#8221;#ffffff&#8221; shape=&#8221;square&#8221; size=&#8221;lg&#8221; align=&#8221;left&#8221; css=&#8221;.vc_custom_1696259434986{margin-top: 30px !important;}&#8221; link=&#8221;url:%2Fwp-content%2Fuploads%2F2023%2F10%2FFMD-ISO-9001.pdf|title:Iso%209001|target:_blank|&#8221;][vc_btn title=&#8221;ISO 14001 &#8211; 2015&#8243; style=&#8221;custom&#8221; custom_background=&#8221;#86212e&#8221; custom_text=&#8221;#ffffff&#8221; shape=&#8221;square&#8221; size=&#8221;lg&#8221; align=&#8221;left&#8221; css=&#8221;.vc_custom_1696259592315{margin-top: 30px !important;}&#8221; link=&#8221;url:%2Fwp-content%2Fuploads%2F2023%2F10%2FFMD-ISO-14001.pdf|title:Iso%2014001%20-%202015|target:_blank|&#8221;][vc_btn title=&#8221;Quality and Environment Policy &#8211; Pol\u00edtica de calidad y Medio Ambiente&#8221; style=&#8221;custom&#8221; custom_background=&#8221;#86212e&#8221; custom_text=&#8221;#ffffff&#8221; shape=&#8221;square&#8221; size=&#8221;lg&#8221; align=&#8221;left&#8221; css=&#8221;.vc_custom_1696259912561{margin-top: 30px !important;}&#8221; link=&#8221;url:%2Fwp-content%2Fuploads%2F2019%2F11%2FFMD-quality-and-environmental-policy.pdf|title:Quality%20and%20Environment%20Policy%20-%20Pol%C3%ADtica%20de%20calidad%20y%20Medio%20Ambiente|target:_blank|&#8221;][vc_btn title=&#8221;Tabla de Calidades &#8211; Grades Chart&#8221; style=&#8221;custom&#8221; custom_background=&#8221;#86212e&#8221; custom_text=&#8221;#ffffff&#8221; shape=&#8221;square&#8221; size=&#8221;lg&#8221; align=&#8221;left&#8221; css=&#8221;.vc_custom_1696259514709{margin-top: 30px !important;}&#8221; link=&#8221;url:%2Fwp-content%2Fuploads%2F2023%2F10%2FFMD-Carbide-Grades-Chart-2023.pdf|title:Grades%20Chart%20-%20Tabla%20de%20Calidades|target:_blank|&#8221;][vc_btn title=&#8221;Conflict Minerals &#8211; Minerales Conflictivos&#8221; style=&#8221;custom&#8221; custom_background=&#8221;#86212e&#8221; custom_text=&#8221;#ffffff&#8221; shape=&#8221;square&#8221; size=&#8221;lg&#8221; align=&#8221;left&#8221; css=&#8221;.vc_custom_1696259623187{margin-top: 30px !important;}&#8221; link=&#8221;url:%2Fwp-content%2Fuploads%2F2023%2F10%2FFMD-CONFLICT-MINERALS-DUE-DILIGENCE-REPORT.pdf|title:Conflict%20Minerals%20-%20Minerales%20Conflictivos|target:_blank|&#8221;][vc_btn title=&#8221;General Conditions of Purchase &#8211; Condiciones Generales de Compra&#8221; style=&#8221;custom&#8221; custom_background=&#8221;#86212e&#8221; custom_text=&#8221;#ffffff&#8221; shape=&#8221;square&#8221; size=&#8221;lg&#8221; align=&#8221;left&#8221; css=&#8221;.vc_custom_1696260007786{margin-top: 30px !important;}&#8221; link=&#8221;url:%2Fwp-content%2Fuploads%2F2023%2F10%2FFMD-GENERAL-CONDITIONS-OF-PURCHASE.pdf|title:General%20Conditions%20of%20Purchase%20-%20Condiciones%20Generales%20de%20Compra|target:_blank|&#8221;][vc_btn title=&#8221;General Conditions of Sale &#8211; Condiciones Generales de Venta&#8221; style=&#8221;custom&#8221; custom_background=&#8221;#86212e&#8221; custom_text=&#8221;#ffffff&#8221; shape=&#8221;square&#8221; size=&#8221;lg&#8221; align=&#8221;left&#8221; css=&#8221;.vc_custom_1696260066954{margin-top: 30px !important;}&#8221; link=&#8221;url:%2Fwp-content%2Fuploads%2F2023%2F10%2FFMD-GENERAL-CONDITIONS-OF-SALE.pdf|title:General%20Conditions%20of%20Sale%20-%20Condiciones%20Generales%20de%20Venta|target:_blank|&#8221;][vc_btn title=&#8221;Supplier Quality Manual &#8211; Manual de Calidad de Proveedores&#8221; style=&#8221;custom&#8221; custom_background=&#8221;#86212e&#8221; custom_text=&#8221;#ffffff&#8221; shape=&#8221;square&#8221; size=&#8221;lg&#8221; align=&#8221;left&#8221; css=&#8221;.vc_custom_1696260176465{margin-top: 30px !important;}&#8221; link=&#8221;url:%2Fwp-content%2Fuploads%2F2023%2F10%2FFMD-SUPPLIER-QUALITY-MANUAL.pdf|title:Supplier%20Quality%20Manual%20-%20Manual%20de%20Calidad%20de%20Proveedores|target:_blank|&#8221;][vc_btn title=&#8221;Ethical Code of Conduct &#8211; Manual de Codigo Etico&#8221; style=&#8221;custom&#8221; custom_background=&#8221;#86212E&#8221; custom_text=&#8221;#FFFFFF&#8221; shape=&#8221;square&#8221; size=&#8221;lg&#8221; align=&#8221;left&#8221; css=&#8221;&#8221; link=&#8221;url:https%3A%2F%2Fwww.fmd-hm.com%2Fwp-content%2Fuploads%2F2024%2F12%2FFMD-ETHICAL_CODE_OF_CONDUCT.pdf|&#8221;][\/vc_column][\/vc_row][vc_row full_width=&#8221;stretch_row_content_no_spaces&#8221; center_row=&#8221;yes&#8221; typo_style=&#8221;light&#8221; css=&#8221;.vc_custom_1573743734136{margin-top: 0px !important;padding-top: 80px !important;background-color: #a5a5a5 !important;background-position: center !important;background-repeat: no-repeat !important;background-size: cover !important;}&#8221; el_class=&#8221;fondofijo&#8221;][vc_column typo_style=&#8221;&#8221;][vc_btn title=&#8221;Skontaktuj si\u0119 z firm\u0105 FMD Carbide&#8221; style=&#8221;outline&#8221; shape=&#8221;square&#8221; color=&#8221;default&#8221; size=&#8221;lg&#8221; align=&#8221;center&#8221; link=&#8221;url:https%3A%2F%2Fwww.fmd-hm.com%2Fpl%2Fkontakt%2F|title:Contacto|&#8221;][\/vc_column][\/vc_row]<\/p>\n<\/div>","protected":false},"excerpt":{"rendered":"<p>[vc_row full_width=&#8221;stretch_row_content_no_spaces&#8221; content_placement=&#8221;middle&#8221; match_height=&#8221;yes&#8221; center_row=&#8221;yes&#8221; bg_overlay=&#8221;yes&#8221; bg_overlay_style=&#8221;overlay-primary&#8221; typo_style=&#8221;light&#8221; css=&#8221;.vc_custom_1573744460846{padding-top: 0px !important;padding-bottom: 0px !important;background-image: url(https:\/\/fmd-hm.com\/wp-content\/uploads\/2019\/10\/fondo2.jpg?id=2229) !important;background-position: center !important;background-repeat: no-repeat !important;background-size: cover !important;}&#8221; el_class=&#8221;anchocompleto fondofijo&#8221;][vc_column width=&#8221;1\/3&#8243; el_class=&#8221;bloques-inicio&#8221; offset=&#8221;vc_col-xs-12&#8243; css=&#8221;.vc_custom_1573742729688{margin-top: 15px !important;}&#8221;][vc_column_text css=&#8221;.vc_custom_1617795781676{padding-top:&#8230;<\/p>\n","protected":false},"author":1,"featured_media":0,"parent":0,"menu_order":6,"comment_status":"closed","ping_status":"closed","template":"template-fullwidth.php","meta":{"footnotes":""},"class_list":["post-5223","page","type-page","status-publish","hentry"],"yoast_head":"<!-- This site is optimized with the Yoast SEO plugin v27.0 - https:\/\/yoast.com\/product\/yoast-seo-wordpress\/ -->\n<title>\u015aci\u0105gnij. Certyfikaty i dokumentacja - FMD Carbide<\/title>\n<meta name=\"description\" content=\"Posiadamy certyfikat jako\u015bci ISO 9002 od 10 lat. Po uzyskaniu ISO 9001 w 2004 roku uzyskali\u015bmy certyfikat EKOSCAN Environmental. Certyfikat ISO 14001 uzyskali\u015bmy r\u00f3wnie\u017c w 2015 roku.\" \/>\n<meta name=\"robots\" content=\"index, follow, max-snippet:-1, max-image-preview:large, max-video-preview:-1\" \/>\n<link rel=\"canonical\" href=\"https:\/\/www.fmd-hm.com\/pl\/sciagnij-certyfikaty-i-dokumentacja\/\" \/>\n<meta property=\"og:locale\" content=\"pl_PL\" \/>\n<meta property=\"og:type\" content=\"article\" \/>\n<meta property=\"og:title\" content=\"\u015aci\u0105gnij. Certyfikaty i dokumentacja - FMD Carbide\" \/>\n<meta property=\"og:description\" content=\"Posiadamy certyfikat jako\u015bci ISO 9002 od 10 lat. Po uzyskaniu ISO 9001 w 2004 roku uzyskali\u015bmy certyfikat EKOSCAN Environmental. Certyfikat ISO 14001 uzyskali\u015bmy r\u00f3wnie\u017c w 2015 roku.\" \/>\n<meta property=\"og:url\" content=\"https:\/\/www.fmd-hm.com\/pl\/sciagnij-certyfikaty-i-dokumentacja\/\" \/>\n<meta property=\"og:site_name\" content=\"FMD Carbide\" \/>\n<meta property=\"article:modified_time\" content=\"2024-12-05T11:34:01+00:00\" \/>\n<meta name=\"twitter:card\" content=\"summary_large_image\" \/>\n<meta name=\"twitter:label1\" content=\"Szacowany czas czytania\" \/>\n\t<meta name=\"twitter:data1\" content=\"2 minuty\" \/>\n<script type=\"application\/ld+json\" class=\"yoast-schema-graph\">{\"@context\":\"https:\/\/schema.org\",\"@graph\":[{\"@type\":\"WebPage\",\"@id\":\"https:\/\/www.fmd-hm.com\/pl\/sciagnij-certyfikaty-i-dokumentacja\/\",\"url\":\"https:\/\/www.fmd-hm.com\/pl\/sciagnij-certyfikaty-i-dokumentacja\/\",\"name\":\"\u015aci\u0105gnij. Certyfikaty i dokumentacja - FMD Carbide\",\"isPartOf\":{\"@id\":\"https:\/\/www.fmd-hm.com\/pl\/#website\"},\"datePublished\":\"2019-11-25T09:59:37+00:00\",\"dateModified\":\"2024-12-05T11:34:01+00:00\",\"description\":\"Posiadamy certyfikat jako\u015bci ISO 9002 od 10 lat. Po uzyskaniu ISO 9001 w 2004 roku uzyskali\u015bmy certyfikat EKOSCAN Environmental. Certyfikat ISO 14001 uzyskali\u015bmy r\u00f3wnie\u017c w 2015 roku.\",\"breadcrumb\":{\"@id\":\"https:\/\/www.fmd-hm.com\/pl\/sciagnij-certyfikaty-i-dokumentacja\/#breadcrumb\"},\"inLanguage\":\"pl-PL\",\"potentialAction\":[{\"@type\":\"ReadAction\",\"target\":[\"https:\/\/www.fmd-hm.com\/pl\/sciagnij-certyfikaty-i-dokumentacja\/\"]}]},{\"@type\":\"BreadcrumbList\",\"@id\":\"https:\/\/www.fmd-hm.com\/pl\/sciagnij-certyfikaty-i-dokumentacja\/#breadcrumb\",\"itemListElement\":[{\"@type\":\"ListItem\",\"position\":1,\"name\":\"Inicio\",\"item\":\"https:\/\/www.fmd-hm.com\/pl\/\"},{\"@type\":\"ListItem\",\"position\":2,\"name\":\"\u015aci\u0105gnij. Certyfikaty i dokumentacja\"}]},{\"@type\":\"WebSite\",\"@id\":\"https:\/\/www.fmd-hm.com\/pl\/#website\",\"url\":\"https:\/\/www.fmd-hm.com\/pl\/\",\"name\":\"FMD Carbide\",\"description\":\"Fabricaci\u00f3n y sinterizaci\u00f3n de metal duro\",\"publisher\":{\"@id\":\"https:\/\/www.fmd-hm.com\/pl\/#organization\"},\"potentialAction\":[{\"@type\":\"SearchAction\",\"target\":{\"@type\":\"EntryPoint\",\"urlTemplate\":\"https:\/\/www.fmd-hm.com\/pl\/?s={search_term_string}\"},\"query-input\":{\"@type\":\"PropertyValueSpecification\",\"valueRequired\":true,\"valueName\":\"search_term_string\"}}],\"inLanguage\":\"pl-PL\"},{\"@type\":\"Organization\",\"@id\":\"https:\/\/www.fmd-hm.com\/pl\/#organization\",\"name\":\"FMD Carbide\",\"url\":\"https:\/\/www.fmd-hm.com\/pl\/\",\"logo\":{\"@type\":\"ImageObject\",\"inLanguage\":\"pl-PL\",\"@id\":\"https:\/\/www.fmd-hm.com\/pl\/#\/schema\/logo\/image\/\",\"url\":\"https:\/\/www.fmd-hm.com\/wp-content\/uploads\/2021\/03\/fmd-carbide-logoc.png\",\"contentUrl\":\"https:\/\/www.fmd-hm.com\/wp-content\/uploads\/2021\/03\/fmd-carbide-logoc.png\",\"width\":326,\"height\":100,\"caption\":\"FMD Carbide\"},\"image\":{\"@id\":\"https:\/\/www.fmd-hm.com\/pl\/#\/schema\/logo\/image\/\"}}]}<\/script>\n<!-- \/ Yoast SEO plugin. -->","yoast_head_json":{"title":"\u015aci\u0105gnij. Certyfikaty i dokumentacja - FMD Carbide","description":"Posiadamy certyfikat jako\u015bci ISO 9002 od 10 lat. Po uzyskaniu ISO 9001 w 2004 roku uzyskali\u015bmy certyfikat EKOSCAN Environmental. Certyfikat ISO 14001 uzyskali\u015bmy r\u00f3wnie\u017c w 2015 roku.","robots":{"index":"index","follow":"follow","max-snippet":"max-snippet:-1","max-image-preview":"max-image-preview:large","max-video-preview":"max-video-preview:-1"},"canonical":"https:\/\/www.fmd-hm.com\/pl\/sciagnij-certyfikaty-i-dokumentacja\/","og_locale":"pl_PL","og_type":"article","og_title":"\u015aci\u0105gnij. Certyfikaty i dokumentacja - FMD Carbide","og_description":"Posiadamy certyfikat jako\u015bci ISO 9002 od 10 lat. Po uzyskaniu ISO 9001 w 2004 roku uzyskali\u015bmy certyfikat EKOSCAN Environmental. Certyfikat ISO 14001 uzyskali\u015bmy r\u00f3wnie\u017c w 2015 roku.","og_url":"https:\/\/www.fmd-hm.com\/pl\/sciagnij-certyfikaty-i-dokumentacja\/","og_site_name":"FMD Carbide","article_modified_time":"2024-12-05T11:34:01+00:00","twitter_card":"summary_large_image","twitter_misc":{"Szacowany czas czytania":"2 minuty"},"schema":{"@context":"https:\/\/schema.org","@graph":[{"@type":"WebPage","@id":"https:\/\/www.fmd-hm.com\/pl\/sciagnij-certyfikaty-i-dokumentacja\/","url":"https:\/\/www.fmd-hm.com\/pl\/sciagnij-certyfikaty-i-dokumentacja\/","name":"\u015aci\u0105gnij. Certyfikaty i dokumentacja - FMD Carbide","isPartOf":{"@id":"https:\/\/www.fmd-hm.com\/pl\/#website"},"datePublished":"2019-11-25T09:59:37+00:00","dateModified":"2024-12-05T11:34:01+00:00","description":"Posiadamy certyfikat jako\u015bci ISO 9002 od 10 lat. Po uzyskaniu ISO 9001 w 2004 roku uzyskali\u015bmy certyfikat EKOSCAN Environmental. Certyfikat ISO 14001 uzyskali\u015bmy r\u00f3wnie\u017c w 2015 roku.","breadcrumb":{"@id":"https:\/\/www.fmd-hm.com\/pl\/sciagnij-certyfikaty-i-dokumentacja\/#breadcrumb"},"inLanguage":"pl-PL","potentialAction":[{"@type":"ReadAction","target":["https:\/\/www.fmd-hm.com\/pl\/sciagnij-certyfikaty-i-dokumentacja\/"]}]},{"@type":"BreadcrumbList","@id":"https:\/\/www.fmd-hm.com\/pl\/sciagnij-certyfikaty-i-dokumentacja\/#breadcrumb","itemListElement":[{"@type":"ListItem","position":1,"name":"Inicio","item":"https:\/\/www.fmd-hm.com\/pl\/"},{"@type":"ListItem","position":2,"name":"\u015aci\u0105gnij. Certyfikaty i dokumentacja"}]},{"@type":"WebSite","@id":"https:\/\/www.fmd-hm.com\/pl\/#website","url":"https:\/\/www.fmd-hm.com\/pl\/","name":"FMD Carbide","description":"Fabricaci\u00f3n y sinterizaci\u00f3n de metal duro","publisher":{"@id":"https:\/\/www.fmd-hm.com\/pl\/#organization"},"potentialAction":[{"@type":"SearchAction","target":{"@type":"EntryPoint","urlTemplate":"https:\/\/www.fmd-hm.com\/pl\/?s={search_term_string}"},"query-input":{"@type":"PropertyValueSpecification","valueRequired":true,"valueName":"search_term_string"}}],"inLanguage":"pl-PL"},{"@type":"Organization","@id":"https:\/\/www.fmd-hm.com\/pl\/#organization","name":"FMD Carbide","url":"https:\/\/www.fmd-hm.com\/pl\/","logo":{"@type":"ImageObject","inLanguage":"pl-PL","@id":"https:\/\/www.fmd-hm.com\/pl\/#\/schema\/logo\/image\/","url":"https:\/\/www.fmd-hm.com\/wp-content\/uploads\/2021\/03\/fmd-carbide-logoc.png","contentUrl":"https:\/\/www.fmd-hm.com\/wp-content\/uploads\/2021\/03\/fmd-carbide-logoc.png","width":326,"height":100,"caption":"FMD Carbide"},"image":{"@id":"https:\/\/www.fmd-hm.com\/pl\/#\/schema\/logo\/image\/"}}]}},"_links":{"self":[{"href":"https:\/\/www.fmd-hm.com\/pl\/wp-json\/wp\/v2\/pages\/5223","targetHints":{"allow":["GET"]}}],"collection":[{"href":"https:\/\/www.fmd-hm.com\/pl\/wp-json\/wp\/v2\/pages"}],"about":[{"href":"https:\/\/www.fmd-hm.com\/pl\/wp-json\/wp\/v2\/types\/page"}],"author":[{"embeddable":true,"href":"https:\/\/www.fmd-hm.com\/pl\/wp-json\/wp\/v2\/users\/1"}],"replies":[{"embeddable":true,"href":"https:\/\/www.fmd-hm.com\/pl\/wp-json\/wp\/v2\/comments?post=5223"}],"version-history":[{"count":13,"href":"https:\/\/www.fmd-hm.com\/pl\/wp-json\/wp\/v2\/pages\/5223\/revisions"}],"predecessor-version":[{"id":6907,"href":"https:\/\/www.fmd-hm.com\/pl\/wp-json\/wp\/v2\/pages\/5223\/revisions\/6907"}],"wp:attachment":[{"href":"https:\/\/www.fmd-hm.com\/pl\/wp-json\/wp\/v2\/media?parent=5223"}],"curies":[{"name":"wp","href":"https:\/\/api.w.org\/{rel}","templated":true}]}}