{"id":5273,"date":"2016-02-06T11:07:24","date_gmt":"2016-02-06T10:07:24","guid":{"rendered":"http:\/\/www.fmd-hm.com\/inicio\/"},"modified":"2021-04-22T18:21:25","modified_gmt":"2021-04-22T16:21:25","slug":"inicio","status":"publish","type":"page","link":"https:\/\/www.fmd-hm.com\/pl\/","title":{"rendered":"G\u0142\u00f3wna"},"content":{"rendered":"<div class=\"wpb-content-wrapper\"><p>[vc_row center_row=&#8221;yes&#8221; css=&#8221;.vc_custom_1572273704181{background-color: #a5a5a5 !important;}&#8221;][vc_column]<div class=\"zozo-parallax-header\"><div class=\"parallax-header content-style-default\"><h2 class=\"parallax-title\" style=\"color:#ffffff;\">nasz celem jest zaoferowanie ka\u017cdemu klientowi produktu, kt\u00f3rego potrzebuje<\/h2><\/div><\/div>[vc_column_text el_class=&#8221;lead blanco centrar&#8221;]Od pocz\u0105tku naszego istnienia tj. 60 lat temu, nasza dzia\u0142alno\u015b\u0107 skupia\u0142a si\u0119 na produkcji i spiekaniu twardego metalu do wszelkiego rodzaju narz\u0119dzi i cz\u0119\u015bci zamiennych do maszyn.[\/vc_column_text][\/vc_column][\/vc_row][vc_row match_height=&#8221;yes&#8221; center_row=&#8221;yes&#8221; bg_overlay=&#8221;yes&#8221; bg_overlay_style=&#8221;overlay-primary&#8221; typo_style=&#8221;light&#8221; css=&#8221;.vc_custom_1616489627512{padding-bottom: 50px !important;background-image: url(https:\/\/www.fmd-hm.com\/wp-content\/uploads\/2021\/03\/fondo2.jpg?id=4988) !important;background-position: center !important;background-repeat: no-repeat !important;background-size: cover !important;}&#8221; el_class=&#8221;vc-row-default bloques-inicio fondofijo&#8221;][vc_column width=&#8221;1\/2&#8243; el_class=&#8221;bloques-inicio&#8221; offset=&#8221;vc_col-lg-3 vc_col-md-6 vc_col-xs-12&#8243; css=&#8221;.vc_custom_1571927474707{margin-top: 15px !important;}&#8221;]<div class=\"zozo-feature-box feature-box-style dark-transparent-box style-overlay-box style-sep-yes \" id=\"feature-box-1\"><div class=\"grid-item\"><div class=\"grid-box-inner grid-text-center grid-box-image grid-shape-none\"><a href=\"\/pl\/technologia\/\" class=\"overlay-box-link\" title=\"Technologia\" target=\"_self\"><\/a><div class=\"grid-overlay-top\"><div class=\"grid-overlay-info\"><a href=\"\/pl\/technologia\/\" title=\"Technologia\" target=\"_self\"><h3 class=\"grid-title-below grid-title \" style=\"font-size:20px;\">Technologia<\/h3><\/a><\/div><\/div><div class=\"grid-overlay-bottom\"><div class=\"grid-overlay-info\"><a href=\"\/pl\/technologia\/\" title=\"Technologia\" target=\"_self\"><h3 class=\"grid-title-below grid-title \" style=\"font-size:20px;\">Technologia<\/h3><\/a><div class=\"grid-desc\" style=\"font-size:20px;\"><p>Materia\u0142 o wyj\u0105tkowej twardo\u015bci i du\u017cej wytrzyma\u0142o\u015bci<\/p>\n<\/div><\/div><\/div><\/div><\/div><\/div>[\/vc_column][vc_column width=&#8221;1\/2&#8243; offset=&#8221;vc_col-lg-3 vc_col-md-6 vc_col-xs-12&#8243; css=&#8221;.vc_custom_1571927479672{margin-top: 15px !important;}&#8221;]<div class=\"zozo-feature-box feature-box-style dark-transparent-box style-overlay-box style-sep-yes \" id=\"feature-box-2\"><div class=\"grid-item\"><div class=\"grid-box-inner grid-text-center grid-box-image grid-shape-none\"><a href=\"http:\/\/www.fmd-hm.com\/pl\/prefabrykat\/\" class=\"overlay-box-link\" title=\"Prefabrykaty\" target=\"_self\"><\/a><div class=\"grid-overlay-top\"><div class=\"grid-overlay-info\"><a href=\"\/pl\/prefabrykat\/\" title=\"Prefabrykat\" target=\"_self\"><h3 class=\"grid-title-below grid-title \" style=\"font-size:20px;\">Prefabrykaty<\/h3><\/a><\/div><\/div><div class=\"grid-overlay-bottom\"><div class=\"grid-overlay-info\"><a href=\"\/pl\/prefabrykat\/\" title=\"Prefabrykat\" target=\"_self\"><h3 class=\"grid-title-below grid-title \" style=\"font-size:20px;\">Prefabrykaty<\/h3><\/a><div class=\"grid-desc\" style=\"font-size:20px;\"><p>Cz\u0119\u015bci: do ci\u0119cia, do drewna, g\u00f3rnictwa i rob\u00f3t publicznych&#8230;<\/p>\n<\/div><\/div><\/div><\/div><\/div><\/div>[\/vc_column][vc_column width=&#8221;1\/2&#8243; offset=&#8221;vc_col-lg-3 vc_col-md-6 vc_col-xs-12&#8243; css=&#8221;.vc_custom_1571927483657{margin-top: 15px !important;}&#8221;]<div class=\"zozo-feature-box feature-box-style dark-transparent-box style-overlay-box style-sep-yes \" id=\"feature-box-3\"><div class=\"grid-item\"><div class=\"grid-box-inner grid-text-center grid-box-image grid-shape-none\"><a href=\"http:\/\/www.fmd-hm.com\/pl\/narzedzia-z-twardego-metalu\/\" class=\"overlay-box-link\" title=\"Narz\u0119dzia\" target=\"_self\"><\/a><div class=\"grid-overlay-top\"><div class=\"grid-overlay-info\"><a href=\"\/pl\/narzedzia-z-twardego-metalu\/\" title=\"Narz\u0119dzia z twardego metalu\" target=\"_self\"><h3 class=\"grid-title-below grid-title \" style=\"font-size:19px;\">Narz\u0119dzia<\/h3><\/a><\/div><\/div><div class=\"grid-overlay-bottom\"><div class=\"grid-overlay-info\"><a href=\"\/pl\/narzedzia-z-twardego-metalu\/\" title=\"Narz\u0119dzia z twardego metalu\" target=\"_self\"><h3 class=\"grid-title-below grid-title \" style=\"font-size:19px;\">Narz\u0119dzia<\/h3><\/a><div class=\"grid-desc\" style=\"font-size:18px;\"><p>Rozwi\u0105zania zwi\u0119kszaj\u0105ce \u017cywotno\u015b\u0107 dla wszystkich sektor\u00f3w<\/p>\n<\/div><\/div><\/div><\/div><\/div><\/div>[\/vc_column][vc_column width=&#8221;1\/2&#8243; offset=&#8221;vc_col-lg-3 vc_col-md-6 vc_col-xs-12&#8243; css=&#8221;.vc_custom_1571927488425{margin-top: 15px !important;}&#8221;]<div class=\"zozo-feature-box feature-box-style dark-transparent-box style-overlay-box style-sep-yes \" id=\"feature-box-4\"><div class=\"grid-item\"><div class=\"grid-box-inner grid-text-center grid-box-image grid-shape-none\"><a href=\"\/pl\/klasy-weglika\/\" class=\"overlay-box-link\" title=\"Zakresy jako\u015bci\" target=\"_self\"><\/a><div class=\"grid-overlay-top\"><div class=\"grid-overlay-info\"><a href=\"\/pl\/klasy-weglika\/\" title=\"Klasy w\u0119glika\" target=\"_self\"><h3 class=\"grid-title-below grid-title \" style=\"font-size:20px;\">Zakresy Jako\u015bci<\/h3><\/a><\/div><\/div><div class=\"grid-overlay-bottom\"><div class=\"grid-overlay-info\"><a href=\"\/pl\/klasy-weglika\/\" title=\"Klasy w\u0119glika\" target=\"_self\"><h3 class=\"grid-title-below grid-title \" style=\"font-size:20px;\">Zakresy Jako\u015bci<\/h3><\/a><div class=\"grid-desc\" style=\"font-size:20px;\"><p>Szczeg\u00f3\u0142owo analizujemy ka\u017cd\u0105 cz\u0119\u015b\u0107, aby zaleci\u0107 najbardziej odpowiednie rozwi\u0105zanie<\/p>\n<\/div><\/div><\/div><\/div><\/div><\/div>[\/vc_column][\/vc_row][vc_row full_width=&#8221;stretch_row_content_no_spaces&#8221; center_row=&#8221;yes&#8221; bg_overlay=&#8221;yes&#8221; bg_overlay_style=&#8221;overlay-primary&#8221; css=&#8221;.vc_custom_1616491012371{margin-top: 0px !important;padding-top: 0px !important;background-image: url(https:\/\/www.fmd-hm.com\/wp-content\/uploads\/2021\/03\/fondo2.jpg?id=4988) !important;background-position: center !important;background-repeat: no-repeat !important;background-size: cover !important;}&#8221; el_class=&#8221;fondofijo&#8221;][vc_column typo_style=&#8221;&#8221;][vc_btn title=&#8221;Skontaktuj si\u0119 z FMD Carbide&#8221; style=&#8221;outline&#8221; shape=&#8221;square&#8221; color=&#8221;default&#8221; size=&#8221;lg&#8221; align=&#8221;center&#8221; link=&#8221;url:%2Fpl%2Fkontakt%2F|title:Skontaktuj%20si%C4%99%20z%20FMD%20Carbide&#8221;][\/vc_column][\/vc_row]<\/p>\n<\/div>","protected":false},"excerpt":{"rendered":"<p>[vc_row center_row=&#8221;yes&#8221; css=&#8221;.vc_custom_1572273704181{background-color: #a5a5a5 !important;}&#8221;][vc_column][vc_column_text el_class=&#8221;lead blanco centrar&#8221;]Od pocz\u0105tku naszego istnienia tj. 60 lat temu, nasza dzia\u0142alno\u015b\u0107 skupia\u0142a si\u0119 na produkcji i spiekaniu twardego metalu do wszelkiego rodzaju narz\u0119dzi i&#8230;<\/p>\n","protected":false},"author":1,"featured_media":5275,"parent":0,"menu_order":0,"comment_status":"closed","ping_status":"closed","template":"template-fullwidth.php","meta":{"footnotes":""},"class_list":["post-5273","page","type-page","status-publish","has-post-thumbnail","hentry"],"yoast_head":"<!-- This site is optimized with the Yoast SEO plugin v27.0 - https:\/\/yoast.com\/product\/yoast-seo-wordpress\/ -->\n<title>G\u0142\u00f3wna - FMD Carbide<\/title>\n<meta name=\"description\" content=\"Od pocz\u0105tku naszego istnienia tj. 60 lat temu, nasza dzia\u0142alno\u015b\u0107 skupia\u0142a si\u0119 na produkcji i spiekaniu twardego metalu do wszelkiego rodzaju narz\u0119dzi i cz\u0119\u015bci zamiennych do maszyn\" \/>\n<meta name=\"robots\" content=\"index, follow, max-snippet:-1, max-image-preview:large, max-video-preview:-1\" \/>\n<link rel=\"canonical\" href=\"https:\/\/www.fmd-hm.com\/pl\/\" \/>\n<meta property=\"og:locale\" content=\"pl_PL\" \/>\n<meta property=\"og:type\" content=\"article\" \/>\n<meta property=\"og:title\" content=\"G\u0142\u00f3wna - FMD Carbide\" \/>\n<meta property=\"og:description\" content=\"Od pocz\u0105tku naszego istnienia tj. 60 lat temu, nasza dzia\u0142alno\u015b\u0107 skupia\u0142a si\u0119 na produkcji i spiekaniu twardego metalu do wszelkiego rodzaju narz\u0119dzi i cz\u0119\u015bci zamiennych do maszyn\" \/>\n<meta property=\"og:url\" content=\"https:\/\/www.fmd-hm.com\/pl\/\" \/>\n<meta property=\"og:site_name\" content=\"FMD Carbide\" \/>\n<meta property=\"article:modified_time\" content=\"2021-04-22T16:21:25+00:00\" \/>\n<meta property=\"og:image\" content=\"https:\/\/www.fmd-hm.com\/wp-content\/uploads\/2019\/10\/3.jpg\" \/>\n\t<meta property=\"og:image:width\" content=\"1900\" \/>\n\t<meta property=\"og:image:height\" content=\"900\" \/>\n\t<meta property=\"og:image:type\" content=\"image\/jpeg\" \/>\n<meta name=\"twitter:card\" content=\"summary_large_image\" \/>\n<meta name=\"twitter:label1\" content=\"Szacowany czas czytania\" \/>\n\t<meta name=\"twitter:data1\" content=\"1 minuta\" \/>\n<script type=\"application\/ld+json\" class=\"yoast-schema-graph\">{\"@context\":\"https:\/\/schema.org\",\"@graph\":[{\"@type\":\"WebPage\",\"@id\":\"https:\/\/www.fmd-hm.com\/pl\/\",\"url\":\"https:\/\/www.fmd-hm.com\/pl\/\",\"name\":\"G\u0142\u00f3wna - FMD Carbide\",\"isPartOf\":{\"@id\":\"https:\/\/www.fmd-hm.com\/pl\/#website\"},\"primaryImageOfPage\":{\"@id\":\"https:\/\/www.fmd-hm.com\/pl\/#primaryimage\"},\"image\":{\"@id\":\"https:\/\/www.fmd-hm.com\/pl\/#primaryimage\"},\"thumbnailUrl\":\"https:\/\/www.fmd-hm.com\/wp-content\/uploads\/2019\/10\/3.jpg\",\"datePublished\":\"2016-02-06T10:07:24+00:00\",\"dateModified\":\"2021-04-22T16:21:25+00:00\",\"description\":\"Od pocz\u0105tku naszego istnienia tj. 60 lat temu, nasza dzia\u0142alno\u015b\u0107 skupia\u0142a si\u0119 na produkcji i spiekaniu twardego metalu do wszelkiego rodzaju narz\u0119dzi i cz\u0119\u015bci zamiennych do maszyn\",\"breadcrumb\":{\"@id\":\"https:\/\/www.fmd-hm.com\/pl\/#breadcrumb\"},\"inLanguage\":\"pl-PL\",\"potentialAction\":[{\"@type\":\"ReadAction\",\"target\":[\"https:\/\/www.fmd-hm.com\/pl\/\"]}]},{\"@type\":\"ImageObject\",\"inLanguage\":\"pl-PL\",\"@id\":\"https:\/\/www.fmd-hm.com\/pl\/#primaryimage\",\"url\":\"https:\/\/www.fmd-hm.com\/wp-content\/uploads\/2019\/10\/3.jpg\",\"contentUrl\":\"https:\/\/www.fmd-hm.com\/wp-content\/uploads\/2019\/10\/3.jpg\",\"width\":1900,\"height\":900},{\"@type\":\"BreadcrumbList\",\"@id\":\"https:\/\/www.fmd-hm.com\/pl\/#breadcrumb\",\"itemListElement\":[{\"@type\":\"ListItem\",\"position\":1,\"name\":\"Inicio\",\"item\":\"https:\/\/www.fmd-hm.com\/pl\/\"},{\"@type\":\"ListItem\",\"position\":2,\"name\":\"G\u0142\u00f3wna\"}]},{\"@type\":\"WebSite\",\"@id\":\"https:\/\/www.fmd-hm.com\/pl\/#website\",\"url\":\"https:\/\/www.fmd-hm.com\/pl\/\",\"name\":\"FMD Carbide\",\"description\":\"Fabricaci\u00f3n y sinterizaci\u00f3n de metal duro\",\"publisher\":{\"@id\":\"https:\/\/www.fmd-hm.com\/pl\/#organization\"},\"potentialAction\":[{\"@type\":\"SearchAction\",\"target\":{\"@type\":\"EntryPoint\",\"urlTemplate\":\"https:\/\/www.fmd-hm.com\/pl\/?s={search_term_string}\"},\"query-input\":{\"@type\":\"PropertyValueSpecification\",\"valueRequired\":true,\"valueName\":\"search_term_string\"}}],\"inLanguage\":\"pl-PL\"},{\"@type\":\"Organization\",\"@id\":\"https:\/\/www.fmd-hm.com\/pl\/#organization\",\"name\":\"FMD Carbide\",\"url\":\"https:\/\/www.fmd-hm.com\/pl\/\",\"logo\":{\"@type\":\"ImageObject\",\"inLanguage\":\"pl-PL\",\"@id\":\"https:\/\/www.fmd-hm.com\/pl\/#\/schema\/logo\/image\/\",\"url\":\"https:\/\/www.fmd-hm.com\/wp-content\/uploads\/2021\/03\/fmd-carbide-logoc.png\",\"contentUrl\":\"https:\/\/www.fmd-hm.com\/wp-content\/uploads\/2021\/03\/fmd-carbide-logoc.png\",\"width\":326,\"height\":100,\"caption\":\"FMD Carbide\"},\"image\":{\"@id\":\"https:\/\/www.fmd-hm.com\/pl\/#\/schema\/logo\/image\/\"}}]}<\/script>\n<!-- \/ Yoast SEO plugin. -->","yoast_head_json":{"title":"G\u0142\u00f3wna - FMD Carbide","description":"Od pocz\u0105tku naszego istnienia tj. 60 lat temu, nasza dzia\u0142alno\u015b\u0107 skupia\u0142a si\u0119 na produkcji i spiekaniu twardego metalu do wszelkiego rodzaju narz\u0119dzi i cz\u0119\u015bci zamiennych do maszyn","robots":{"index":"index","follow":"follow","max-snippet":"max-snippet:-1","max-image-preview":"max-image-preview:large","max-video-preview":"max-video-preview:-1"},"canonical":"https:\/\/www.fmd-hm.com\/pl\/","og_locale":"pl_PL","og_type":"article","og_title":"G\u0142\u00f3wna - FMD Carbide","og_description":"Od pocz\u0105tku naszego istnienia tj. 60 lat temu, nasza dzia\u0142alno\u015b\u0107 skupia\u0142a si\u0119 na produkcji i spiekaniu twardego metalu do wszelkiego rodzaju narz\u0119dzi i cz\u0119\u015bci zamiennych do maszyn","og_url":"https:\/\/www.fmd-hm.com\/pl\/","og_site_name":"FMD Carbide","article_modified_time":"2021-04-22T16:21:25+00:00","og_image":[{"width":1900,"height":900,"url":"https:\/\/www.fmd-hm.com\/wp-content\/uploads\/2019\/10\/3.jpg","type":"image\/jpeg"}],"twitter_card":"summary_large_image","twitter_misc":{"Szacowany czas czytania":"1 minuta"},"schema":{"@context":"https:\/\/schema.org","@graph":[{"@type":"WebPage","@id":"https:\/\/www.fmd-hm.com\/pl\/","url":"https:\/\/www.fmd-hm.com\/pl\/","name":"G\u0142\u00f3wna - FMD Carbide","isPartOf":{"@id":"https:\/\/www.fmd-hm.com\/pl\/#website"},"primaryImageOfPage":{"@id":"https:\/\/www.fmd-hm.com\/pl\/#primaryimage"},"image":{"@id":"https:\/\/www.fmd-hm.com\/pl\/#primaryimage"},"thumbnailUrl":"https:\/\/www.fmd-hm.com\/wp-content\/uploads\/2019\/10\/3.jpg","datePublished":"2016-02-06T10:07:24+00:00","dateModified":"2021-04-22T16:21:25+00:00","description":"Od pocz\u0105tku naszego istnienia tj. 60 lat temu, nasza dzia\u0142alno\u015b\u0107 skupia\u0142a si\u0119 na produkcji i spiekaniu twardego metalu do wszelkiego rodzaju narz\u0119dzi i cz\u0119\u015bci zamiennych do maszyn","breadcrumb":{"@id":"https:\/\/www.fmd-hm.com\/pl\/#breadcrumb"},"inLanguage":"pl-PL","potentialAction":[{"@type":"ReadAction","target":["https:\/\/www.fmd-hm.com\/pl\/"]}]},{"@type":"ImageObject","inLanguage":"pl-PL","@id":"https:\/\/www.fmd-hm.com\/pl\/#primaryimage","url":"https:\/\/www.fmd-hm.com\/wp-content\/uploads\/2019\/10\/3.jpg","contentUrl":"https:\/\/www.fmd-hm.com\/wp-content\/uploads\/2019\/10\/3.jpg","width":1900,"height":900},{"@type":"BreadcrumbList","@id":"https:\/\/www.fmd-hm.com\/pl\/#breadcrumb","itemListElement":[{"@type":"ListItem","position":1,"name":"Inicio","item":"https:\/\/www.fmd-hm.com\/pl\/"},{"@type":"ListItem","position":2,"name":"G\u0142\u00f3wna"}]},{"@type":"WebSite","@id":"https:\/\/www.fmd-hm.com\/pl\/#website","url":"https:\/\/www.fmd-hm.com\/pl\/","name":"FMD Carbide","description":"Fabricaci\u00f3n y sinterizaci\u00f3n de metal duro","publisher":{"@id":"https:\/\/www.fmd-hm.com\/pl\/#organization"},"potentialAction":[{"@type":"SearchAction","target":{"@type":"EntryPoint","urlTemplate":"https:\/\/www.fmd-hm.com\/pl\/?s={search_term_string}"},"query-input":{"@type":"PropertyValueSpecification","valueRequired":true,"valueName":"search_term_string"}}],"inLanguage":"pl-PL"},{"@type":"Organization","@id":"https:\/\/www.fmd-hm.com\/pl\/#organization","name":"FMD Carbide","url":"https:\/\/www.fmd-hm.com\/pl\/","logo":{"@type":"ImageObject","inLanguage":"pl-PL","@id":"https:\/\/www.fmd-hm.com\/pl\/#\/schema\/logo\/image\/","url":"https:\/\/www.fmd-hm.com\/wp-content\/uploads\/2021\/03\/fmd-carbide-logoc.png","contentUrl":"https:\/\/www.fmd-hm.com\/wp-content\/uploads\/2021\/03\/fmd-carbide-logoc.png","width":326,"height":100,"caption":"FMD Carbide"},"image":{"@id":"https:\/\/www.fmd-hm.com\/pl\/#\/schema\/logo\/image\/"}}]}},"_links":{"self":[{"href":"https:\/\/www.fmd-hm.com\/pl\/wp-json\/wp\/v2\/pages\/5273","targetHints":{"allow":["GET"]}}],"collection":[{"href":"https:\/\/www.fmd-hm.com\/pl\/wp-json\/wp\/v2\/pages"}],"about":[{"href":"https:\/\/www.fmd-hm.com\/pl\/wp-json\/wp\/v2\/types\/page"}],"author":[{"embeddable":true,"href":"https:\/\/www.fmd-hm.com\/pl\/wp-json\/wp\/v2\/users\/1"}],"replies":[{"embeddable":true,"href":"https:\/\/www.fmd-hm.com\/pl\/wp-json\/wp\/v2\/comments?post=5273"}],"version-history":[{"count":0,"href":"https:\/\/www.fmd-hm.com\/pl\/wp-json\/wp\/v2\/pages\/5273\/revisions"}],"wp:featuredmedia":[{"embeddable":true,"href":"https:\/\/www.fmd-hm.com\/pl\/wp-json\/wp\/v2\/media\/5275"}],"wp:attachment":[{"href":"https:\/\/www.fmd-hm.com\/pl\/wp-json\/wp\/v2\/media?parent=5273"}],"curies":[{"name":"wp","href":"https:\/\/api.w.org\/{rel}","templated":true}]}}